{"id":50,"date":"2019-03-22T15:09:14","date_gmt":"2019-03-22T18:09:14","guid":{"rendered":"http:\/\/blog.cancaonova.com\/postopadrepio\/?page_id=50"},"modified":"2024-11-18T12:24:42","modified_gmt":"2024-11-18T15:24:42","slug":"enfermagem","status":"publish","type":"page","link":"https:\/\/blog.cancaonova.com\/centromedicopadrepio\/enfermagem\/","title":{"rendered":"Enfermagem"},"content":{"rendered":"<p><img loading=\"lazy\" decoding=\"async\" class=\"alignnone size-full wp-image-1608\" src=\"http:\/\/blog.cancaonova.com\/centromedicopadrepio\/files\/2024\/11\/enfermagem.png\" alt=\"\" width=\"887\" height=\"633\" srcset=\"https:\/\/blog.cancaonova.com\/centromedicopadrepio\/files\/2024\/11\/enfermagem.png 887w, https:\/\/blog.cancaonova.com\/centromedicopadrepio\/files\/2024\/11\/enfermagem-300x214.png 300w, https:\/\/blog.cancaonova.com\/centromedicopadrepio\/files\/2024\/11\/enfermagem-768x548.png 768w\" sizes=\"(max-width: 887px) 100vw, 887px\" \/><\/p>\n<p>A equipe de enfermagem do Centro M\u00e9dico Padre Pio prioriza o atendimento humanizado, olhando o paciente como um todo, \u00a0seu estado f\u00edsico, ps\u00edquico e espiritual. O paciente chega at\u00e9 enfermagem atrav\u00e9s da triagem ou p\u00f3s consulta. Dentre enumeras fun\u00e7\u00f5es podemos destacar a triagem, verifica\u00e7\u00e3o de sinais vitais, medidas antropom\u00e9tricas, pr\u00e9 e p\u00f3s consulta, instala\u00e7\u00e3o de mapa, realiza\u00e7\u00e3o de eletrocardiograma, assist\u00eancia ao paciente na sala de emerg\u00eancia, sistematiza\u00e7\u00e3o de enfermagem, administra\u00e7\u00e3o de medica\u00e7\u00f5es e um de nossos destaque em atendimento \u00e9 o <a href=\"http:\/\/blog.cancaonova.com\/postopadrepio\/projetos\/\">curativo<\/a>.<\/p>\n<p>&nbsp;<\/p>\n","protected":false},"excerpt":{"rendered":"<p>A equipe de enfermagem do Centro M\u00e9dico Padre Pio prioriza o atendimento humanizado, olhando o paciente como um todo, \u00a0seu estado f\u00edsico, ps\u00edquico e espiritual. O paciente chega at\u00e9 enfermagem atrav\u00e9s da triagem ou p\u00f3s consulta. Dentre enumeras fun\u00e7\u00f5es podemos&#8230;<\/p>\n","protected":false},"author":4724,"featured_media":0,"parent":0,"menu_order":0,"comment_status":"closed","ping_status":"closed","template":"","meta":{"_mi_skip_tracking":false,"_monsterinsights_sitenote_active":false,"_monsterinsights_sitenote_note":"","_monsterinsights_sitenote_category":0,"footnotes":""},"_links":{"self":[{"href":"https:\/\/blog.cancaonova.com\/centromedicopadrepio\/wp-json\/wp\/v2\/pages\/50"}],"collection":[{"href":"https:\/\/blog.cancaonova.com\/centromedicopadrepio\/wp-json\/wp\/v2\/pages"}],"about":[{"href":"https:\/\/blog.cancaonova.com\/centromedicopadrepio\/wp-json\/wp\/v2\/types\/page"}],"author":[{"embeddable":true,"href":"https:\/\/blog.cancaonova.com\/centromedicopadrepio\/wp-json\/wp\/v2\/users\/4724"}],"replies":[{"embeddable":true,"href":"https:\/\/blog.cancaonova.com\/centromedicopadrepio\/wp-json\/wp\/v2\/comments?post=50"}],"version-history":[{"count":23,"href":"https:\/\/blog.cancaonova.com\/centromedicopadrepio\/wp-json\/wp\/v2\/pages\/50\/revisions"}],"predecessor-version":[{"id":1610,"href":"https:\/\/blog.cancaonova.com\/centromedicopadrepio\/wp-json\/wp\/v2\/pages\/50\/revisions\/1610"}],"wp:attachment":[{"href":"https:\/\/blog.cancaonova.com\/centromedicopadrepio\/wp-json\/wp\/v2\/media?parent=50"}],"curies":[{"name":"wp","href":"https:\/\/api.w.org\/{rel}","templated":true}]}}