{"id":52,"date":"2019-03-22T15:15:09","date_gmt":"2019-03-22T18:15:09","guid":{"rendered":"http:\/\/blog.cancaonova.com\/postopadrepio\/?page_id=52"},"modified":"2025-02-17T14:08:41","modified_gmt":"2025-02-17T17:08:41","slug":"centro-de-atencao-saude-sexual","status":"publish","type":"page","link":"https:\/\/blog.cancaonova.com\/centromedicopadrepio\/centro-de-atencao-saude-sexual\/","title":{"rendered":"Centro de Aten\u00e7\u00e3o \u00e0 Sa\u00fade Sexual"},"content":{"rendered":"<p><img loading=\"lazy\" decoding=\"async\" class=\"alignnone size-full wp-image-1617\" src=\"http:\/\/blog.cancaonova.com\/centromedicopadrepio\/files\/2024\/11\/essa-scaled.jpeg\" alt=\"\" width=\"2560\" height=\"1920\" srcset=\"https:\/\/blog.cancaonova.com\/centromedicopadrepio\/files\/2024\/11\/essa-scaled.jpeg 2560w, https:\/\/blog.cancaonova.com\/centromedicopadrepio\/files\/2024\/11\/essa-300x225.jpeg 300w, https:\/\/blog.cancaonova.com\/centromedicopadrepio\/files\/2024\/11\/essa-768x576.jpeg 768w, https:\/\/blog.cancaonova.com\/centromedicopadrepio\/files\/2024\/11\/essa-1536x1152.jpeg 1536w, https:\/\/blog.cancaonova.com\/centromedicopadrepio\/files\/2024\/11\/essa-2048x1536.jpeg 2048w\" sizes=\"(max-width: 2560px) 100vw, 2560px\" \/><\/p>\n<p style=\"text-align: left\"><span style=\"font-weight: 400\">O Centro de Aten\u00e7\u00e3o \u00e0 Sa\u00fade Sexual \u00e9 um centro de paternidade respons\u00e1vel e educa\u00e7\u00e3o sexual. Tem como prop\u00f3sito reeducar as pessoas, em uma redescoberta do valor e do significado da pr\u00f3pria sexualidade, em que haja uma disponibilidade fundamental \u00e0 paternidade e \u00e0 maternidade respons\u00e1vel, com respeito \u00e0s leis naturais. <\/span><\/p>\n<p><b>Hist\u00f3rico<\/b><\/p>\n<p><span style=\"font-weight: 400\">Durante um Congresso Internacional do M\u00e9todo de Ovula\u00e7\u00e3o Billings\u2122realizado no Audit\u00f3rio S\u00e3o Paulo, em Cachoeira Paulista, sede da Comunidade Can\u00e7\u00e3o Nova, ministrado pelas Diretoras da Organiza\u00e7\u00e3o Mundial do M\u00e9todo de Ovula\u00e7\u00e3o Billings \u2122 (WOOMB),as australianas Marian Corkill e Marie Marshell, foi inaugurado, no dia 04 de novembro de 2009 o Centro de Forma\u00e7\u00e3o Fam\u00edlias Novas, no Centro M\u00e9dico Padre Pio, da Funda\u00e7\u00e3o Jo\u00e3o Paulo II.<\/span><\/p>\n<p><span style=\"font-weight: 400\">O Centro de Aten\u00e7\u00e3o \u00e0 Sa\u00fade Sexual est\u00e1 filiado ao Cenplafam, representante oficial nacional da Organiza\u00e7\u00e3o Mundial do M\u00e9todo de Ovula\u00e7\u00e3o Billings (WOOMB). <\/span><\/p>\n<p><b>Servi\u00e7os<\/b><\/p>\n<p><span style=\"font-weight: 400\">Atrav\u00e9s do Ensino do M\u00e9todo de Ovula\u00e7\u00e3o Billings \u2122 oferece:\u00a0<\/span>Servi\u00e7o de atendimento<span style=\"font-weight: 400\"> para pessoas, que querem:<\/span><\/p>\n<ul>\n<li><span style=\"font-weight: 400\">Reconhecer a sua fertilidade<\/span><\/li>\n<li><span style=\"font-weight: 400\">Espa\u00e7ar uma gravidez<\/span><\/li>\n<li><span style=\"font-weight: 400\">Alcan\u00e7ar uma gravidez<\/span><\/li>\n<li><span style=\"font-weight: 400\">Monitorar sa\u00fade reprodutiva.<\/span><\/li>\n<\/ul>\n<p><b>Cursos <\/b><\/p>\n<ul>\n<li><span style=\"font-weight: 400\">Capacita\u00e7\u00e3o de Instrutores do M\u00e9todo de Ovula\u00e7\u00e3o Billings. \u2122<\/span><\/li>\n<li><span style=\"font-weight: 400\">Supervis\u00e3o do Est\u00e1gio desses Instrutores.<\/span><\/li>\n<\/ul>\n<p><b>Programas<\/b><\/p>\n<ol>\n<li><span style=\"font-weight: 400\">a) programa para gestantes, Programa \u201cNova Mam\u00e3e\u201d,<\/span><\/li>\n<li><span style=\"font-weight: 400\">b) programa de Educa\u00e7\u00e3o sexual para crian\u00e7as e adolescentes<\/span><\/li>\n<li><span style=\"font-weight: 400\">c) consultoria de amamenta\u00e7\u00e3o<\/span><\/li>\n<li><span style=\"font-weight: 400\">d) orienta\u00e7\u00e3o familiar<\/span><\/li>\n<\/ol>\n<p><b>Eventos<\/b><\/p>\n<ol>\n<li><span style=\"font-weight: 400\">a) Aprofundamento Anual sobre tem\u00e1tica voltada a Sexualidade.<\/span><\/li>\n<\/ol>\n<p><b>M\u00eddias<\/b><\/p>\n<ul>\n<li><span style=\"font-weight: 400\">blog.cancaonova.com\/saudesexualreprodutiva\/<\/span><\/li>\n<li><span style=\"font-weight: 400\">facebook \u2013 familiasnovascn<\/span><\/li>\n<li>Instagram: @saudesexualcn<\/li>\n<\/ul>\n<p><b>Como ter acesso ao atendimento?<\/b><\/p>\n<p><span style=\"font-weight: 400\">Os interessados poder\u00e3o comparecer\u00a0 no Centro M\u00e9dico Padre Pio ou entrar em contato:<\/span><\/p>\n<p><span style=\"font-weight: 400\">E-mail: &#115;a&#x75;d&#x65;s&#x65;x&#x75;a&#x6c;r&#x65;p&#x72;o&#x64;u&#x74;&#105;&#x76;&#97;&#x40;&#99;&#x61;&#110;c&#x61;o&#x6e;o&#x76;a&#x2e;c&#x6f;m<\/span><\/p>\n<p><span style=\"font-weight: 400\">Telefone: (12) 2122 &#8211; 9675<\/span><\/p>\n<p>WhatsApp: (12) 99135 &#8211; 7599<\/p>\n<p>&nbsp;<\/p>\n","protected":false},"excerpt":{"rendered":"<p>O Centro de Aten\u00e7\u00e3o \u00e0 Sa\u00fade Sexual \u00e9 um centro de paternidade respons\u00e1vel e educa\u00e7\u00e3o sexual. Tem como prop\u00f3sito reeducar as pessoas, em uma redescoberta do valor e do significado da pr\u00f3pria sexualidade, em que haja uma disponibilidade fundamental \u00e0&#8230;<\/p>\n","protected":false},"author":4724,"featured_media":0,"parent":0,"menu_order":0,"comment_status":"closed","ping_status":"closed","template":"","meta":{"_mi_skip_tracking":false,"_monsterinsights_sitenote_active":false,"_monsterinsights_sitenote_note":"","_monsterinsights_sitenote_category":0,"footnotes":""},"_links":{"self":[{"href":"https:\/\/blog.cancaonova.com\/centromedicopadrepio\/wp-json\/wp\/v2\/pages\/52"}],"collection":[{"href":"https:\/\/blog.cancaonova.com\/centromedicopadrepio\/wp-json\/wp\/v2\/pages"}],"about":[{"href":"https:\/\/blog.cancaonova.com\/centromedicopadrepio\/wp-json\/wp\/v2\/types\/page"}],"author":[{"embeddable":true,"href":"https:\/\/blog.cancaonova.com\/centromedicopadrepio\/wp-json\/wp\/v2\/users\/4724"}],"replies":[{"embeddable":true,"href":"https:\/\/blog.cancaonova.com\/centromedicopadrepio\/wp-json\/wp\/v2\/comments?post=52"}],"version-history":[{"count":18,"href":"https:\/\/blog.cancaonova.com\/centromedicopadrepio\/wp-json\/wp\/v2\/pages\/52\/revisions"}],"predecessor-version":[{"id":1655,"href":"https:\/\/blog.cancaonova.com\/centromedicopadrepio\/wp-json\/wp\/v2\/pages\/52\/revisions\/1655"}],"wp:attachment":[{"href":"https:\/\/blog.cancaonova.com\/centromedicopadrepio\/wp-json\/wp\/v2\/media?parent=52"}],"curies":[{"name":"wp","href":"https:\/\/api.w.org\/{rel}","templated":true}]}}