{"id":69,"date":"2019-04-17T15:12:41","date_gmt":"2019-04-17T18:12:41","guid":{"rendered":"http:\/\/blog.cancaonova.com\/postopadrepio\/?page_id=69"},"modified":"2024-11-18T12:10:40","modified_gmt":"2024-11-18T15:10:40","slug":"psicologia","status":"publish","type":"page","link":"https:\/\/blog.cancaonova.com\/centromedicopadrepio\/reabilitacao\/psicologia\/","title":{"rendered":"Psicologia"},"content":{"rendered":"<p><img loading=\"lazy\" decoding=\"async\" class=\"alignnone size-full wp-image-1599\" src=\"http:\/\/blog.cancaonova.com\/centromedicopadrepio\/files\/2024\/11\/Psicologia-atend.png\" alt=\"\" width=\"1021\" height=\"679\" srcset=\"https:\/\/blog.cancaonova.com\/centromedicopadrepio\/files\/2024\/11\/Psicologia-atend.png 1021w, https:\/\/blog.cancaonova.com\/centromedicopadrepio\/files\/2024\/11\/Psicologia-atend-300x200.png 300w, https:\/\/blog.cancaonova.com\/centromedicopadrepio\/files\/2024\/11\/Psicologia-atend-768x511.png 768w, https:\/\/blog.cancaonova.com\/centromedicopadrepio\/files\/2024\/11\/Psicologia-atend-272x182.png 272w\" sizes=\"(max-width: 1021px) 100vw, 1021px\" \/><\/p>\n<p><span style=\"font-weight: 400\">O servi\u00e7o de psicologia do Centro M\u00e9dico Padre Pio tem por finalidade oferecer atendimentos individuais<\/span><span style=\"font-weight: 400\"> e quando necess\u00e1rio \u00e9 realizado em grupo com a equipe multidisciplinar. As<\/span><span style=\"font-weight: 400\"> sess\u00f5es de terapia acontecem semanalmente, exceto em alguns casos mais graves onde se faz necess\u00e1rio o atendimento duas vezes na semana. <\/span><\/p>\n<p><span style=\"font-weight: 400\">O atendimento visa criar um espa\u00e7o terap\u00eautico onde o paciente possa se reencontrar, se autoconhecer, se avaliar, e aprender a dar respostas diferentes e significativas na sua vida, visando assim a sua auto- estima, o seu melhor relacionamento consigo e com o pr\u00f3ximo, lhe proporcionando uma qualidade de vida saud\u00e1vel nos seus \u00e2mbitos sociais,familiares, profissionais e pessoais. <\/span><\/p>\n<p><span style=\"font-weight: 400\">Para realizar a terapia \u00e9 necess\u00e1rio ter o encaminhamento m\u00e9dico para psic\u00f3logo, agendar um hor\u00e1rio de avalia\u00e7\u00e3o com a assistente social, ap\u00f3s avalia\u00e7\u00e3o, o paciente \u00e9 inserido na lista de espera que \u00e9 atualizada conforme a disponibilidade da agenda.\u00a0<\/span><\/p>\n<p><b>Para mais informa\u00e7\u00f5es:<\/b><\/p>\n<p>Os interessados devem comparecer na unidade ou entrar em contato: Telefone (12) 2122-9648<\/p>\n<p>&nbsp;<\/p>\n","protected":false},"excerpt":{"rendered":"<p>O servi\u00e7o de psicologia do Centro M\u00e9dico Padre Pio tem por finalidade oferecer atendimentos individuais e quando necess\u00e1rio \u00e9 realizado em grupo com a equipe multidisciplinar. As sess\u00f5es de terapia acontecem semanalmente, exceto em alguns casos mais graves onde se&#8230;<\/p>\n","protected":false},"author":4724,"featured_media":0,"parent":35,"menu_order":0,"comment_status":"closed","ping_status":"closed","template":"","meta":{"_mi_skip_tracking":false,"_monsterinsights_sitenote_active":false,"_monsterinsights_sitenote_note":"","_monsterinsights_sitenote_category":0,"footnotes":""},"_links":{"self":[{"href":"https:\/\/blog.cancaonova.com\/centromedicopadrepio\/wp-json\/wp\/v2\/pages\/69"}],"collection":[{"href":"https:\/\/blog.cancaonova.com\/centromedicopadrepio\/wp-json\/wp\/v2\/pages"}],"about":[{"href":"https:\/\/blog.cancaonova.com\/centromedicopadrepio\/wp-json\/wp\/v2\/types\/page"}],"author":[{"embeddable":true,"href":"https:\/\/blog.cancaonova.com\/centromedicopadrepio\/wp-json\/wp\/v2\/users\/4724"}],"replies":[{"embeddable":true,"href":"https:\/\/blog.cancaonova.com\/centromedicopadrepio\/wp-json\/wp\/v2\/comments?post=69"}],"version-history":[{"count":10,"href":"https:\/\/blog.cancaonova.com\/centromedicopadrepio\/wp-json\/wp\/v2\/pages\/69\/revisions"}],"predecessor-version":[{"id":1600,"href":"https:\/\/blog.cancaonova.com\/centromedicopadrepio\/wp-json\/wp\/v2\/pages\/69\/revisions\/1600"}],"up":[{"embeddable":true,"href":"https:\/\/blog.cancaonova.com\/centromedicopadrepio\/wp-json\/wp\/v2\/pages\/35"}],"wp:attachment":[{"href":"https:\/\/blog.cancaonova.com\/centromedicopadrepio\/wp-json\/wp\/v2\/media?parent=69"}],"curies":[{"name":"wp","href":"https:\/\/api.w.org\/{rel}","templated":true}]}}