{"id":709,"date":"2020-01-16T12:16:58","date_gmt":"2020-01-16T15:16:58","guid":{"rendered":"http:\/\/blog.cancaonova.com\/postopadrepio\/?page_id=709"},"modified":"2024-11-18T15:29:13","modified_gmt":"2024-11-18T18:29:13","slug":"atendimento-medico","status":"publish","type":"page","link":"https:\/\/blog.cancaonova.com\/centromedicopadrepio\/atendimento-medico\/","title":{"rendered":"Atendimento M\u00e9dico"},"content":{"rendered":"<p><strong>Pronto Atendimento (P.A)<\/strong><\/p>\n<p>O servi\u00e7o de pronto atendimento do Centro M\u00e9dico Padre Pio, atende a popula\u00e7\u00e3o de Cachoeira Paulista, cidades vizinhas, colaboradores, mission\u00e1rios e aos peregrinos. O atendimento ocorre em dois per\u00edodos: manh\u00e3 ou tarde.\u00a0A cada per\u00edodo \u00e9 aberto um n\u00famero de vagas.\u00a0Em caso de exceder o n\u00famero de vagas, o paciente ser\u00e1 orientado a procurar outro servi\u00e7o. Esta capacidade de atendimento \u00e9 definido pelo m\u00e9dico e enfermeiro do turno. A prioridade para o atendimento \u00e9 de acordo com a gravidade dos sintomas.<\/p>\n<p><strong>Retorno no P.A<\/strong> \u2013 Trata-se de um ambulat\u00f3rio voltado para mostrar\u00a0 exames e reavalia\u00e7\u00e3o relacionado ao pronto atendimento prestado.<\/p>\n<p><img loading=\"lazy\" decoding=\"async\" class=\"alignnone size-medium wp-image-1583\" src=\"http:\/\/blog.cancaonova.com\/centromedicopadrepio\/files\/2024\/11\/Atualizacoes-feed-300x300.png\" alt=\"\" width=\"300\" height=\"300\" srcset=\"https:\/\/blog.cancaonova.com\/centromedicopadrepio\/files\/2024\/11\/Atualizacoes-feed-300x300.png 300w, https:\/\/blog.cancaonova.com\/centromedicopadrepio\/files\/2024\/11\/Atualizacoes-feed-150x150.png 150w, https:\/\/blog.cancaonova.com\/centromedicopadrepio\/files\/2024\/11\/Atualizacoes-feed-768x768.png 768w, https:\/\/blog.cancaonova.com\/centromedicopadrepio\/files\/2024\/11\/Atualizacoes-feed-144x144.png 144w, https:\/\/blog.cancaonova.com\/centromedicopadrepio\/files\/2024\/11\/Atualizacoes-feed.png 1080w\" sizes=\"(max-width: 300px) 100vw, 300px\" \/>\u00a0 \u00a0 \u00a0 \u00a0 \u00a0 <img loading=\"lazy\" decoding=\"async\" class=\"alignnone size-medium wp-image-1628\" src=\"http:\/\/blog.cancaonova.com\/centromedicopadrepio\/files\/2024\/11\/Atualizacoes-feed-300x300.jpg\" alt=\"\" width=\"300\" height=\"300\" srcset=\"https:\/\/blog.cancaonova.com\/centromedicopadrepio\/files\/2024\/11\/Atualizacoes-feed-300x300.jpg 300w, https:\/\/blog.cancaonova.com\/centromedicopadrepio\/files\/2024\/11\/Atualizacoes-feed-150x150.jpg 150w, https:\/\/blog.cancaonova.com\/centromedicopadrepio\/files\/2024\/11\/Atualizacoes-feed-768x768.jpg 768w, https:\/\/blog.cancaonova.com\/centromedicopadrepio\/files\/2024\/11\/Atualizacoes-feed-144x144.jpg 144w, https:\/\/blog.cancaonova.com\/centromedicopadrepio\/files\/2024\/11\/Atualizacoes-feed.jpg 1080w\" sizes=\"(max-width: 300px) 100vw, 300px\" \/><\/p>\n<p><img loading=\"lazy\" decoding=\"async\" class=\"alignnone size-full wp-image-1631\" src=\"http:\/\/blog.cancaonova.com\/centromedicopadrepio\/files\/2024\/11\/Servicos-fixos-Clinica-Medica-Cardiologia-Gastroenterologia-Pediatria-Psiquiatria-Medicos-Voluntarios-Atendimentos-uma-vez-no-mes-Geneticista-1.jpg\" alt=\"\" width=\"1080\" height=\"1920\" srcset=\"https:\/\/blog.cancaonova.com\/centromedicopadrepio\/files\/2024\/11\/Servicos-fixos-Clinica-Medica-Cardiologia-Gastroenterologia-Pediatria-Psiquiatria-Medicos-Voluntarios-Atendimentos-uma-vez-no-mes-Geneticista-1.jpg 1080w, https:\/\/blog.cancaonova.com\/centromedicopadrepio\/files\/2024\/11\/Servicos-fixos-Clinica-Medica-Cardiologia-Gastroenterologia-Pediatria-Psiquiatria-Medicos-Voluntarios-Atendimentos-uma-vez-no-mes-Geneticista-1-169x300.jpg 169w, https:\/\/blog.cancaonova.com\/centromedicopadrepio\/files\/2024\/11\/Servicos-fixos-Clinica-Medica-Cardiologia-Gastroenterologia-Pediatria-Psiquiatria-Medicos-Voluntarios-Atendimentos-uma-vez-no-mes-Geneticista-1-768x1365.jpg 768w, https:\/\/blog.cancaonova.com\/centromedicopadrepio\/files\/2024\/11\/Servicos-fixos-Clinica-Medica-Cardiologia-Gastroenterologia-Pediatria-Psiquiatria-Medicos-Voluntarios-Atendimentos-uma-vez-no-mes-Geneticista-1-864x1536.jpg 864w\" sizes=\"(max-width: 1080px) 100vw, 1080px\" \/><\/p>\n<p>&nbsp;<\/p>\n","protected":false},"excerpt":{"rendered":"<p>Pronto Atendimento (P.A) O servi\u00e7o de pronto atendimento do Centro M\u00e9dico Padre Pio, atende a popula\u00e7\u00e3o de Cachoeira Paulista, cidades vizinhas, colaboradores, mission\u00e1rios e aos peregrinos. O atendimento ocorre em dois per\u00edodos: manh\u00e3 ou tarde.\u00a0A cada per\u00edodo \u00e9 aberto um&#8230;<\/p>\n","protected":false},"author":4724,"featured_media":0,"parent":0,"menu_order":0,"comment_status":"closed","ping_status":"closed","template":"","meta":{"_mi_skip_tracking":false,"_monsterinsights_sitenote_active":false,"_monsterinsights_sitenote_note":"","_monsterinsights_sitenote_category":0,"footnotes":""},"_links":{"self":[{"href":"https:\/\/blog.cancaonova.com\/centromedicopadrepio\/wp-json\/wp\/v2\/pages\/709"}],"collection":[{"href":"https:\/\/blog.cancaonova.com\/centromedicopadrepio\/wp-json\/wp\/v2\/pages"}],"about":[{"href":"https:\/\/blog.cancaonova.com\/centromedicopadrepio\/wp-json\/wp\/v2\/types\/page"}],"author":[{"embeddable":true,"href":"https:\/\/blog.cancaonova.com\/centromedicopadrepio\/wp-json\/wp\/v2\/users\/4724"}],"replies":[{"embeddable":true,"href":"https:\/\/blog.cancaonova.com\/centromedicopadrepio\/wp-json\/wp\/v2\/comments?post=709"}],"version-history":[{"count":16,"href":"https:\/\/blog.cancaonova.com\/centromedicopadrepio\/wp-json\/wp\/v2\/pages\/709\/revisions"}],"predecessor-version":[{"id":1632,"href":"https:\/\/blog.cancaonova.com\/centromedicopadrepio\/wp-json\/wp\/v2\/pages\/709\/revisions\/1632"}],"wp:attachment":[{"href":"https:\/\/blog.cancaonova.com\/centromedicopadrepio\/wp-json\/wp\/v2\/media?parent=709"}],"curies":[{"name":"wp","href":"https:\/\/api.w.org\/{rel}","templated":true}]}}