{"id":78,"date":"2019-04-17T15:17:40","date_gmt":"2019-04-17T18:17:40","guid":{"rendered":"http:\/\/blog.cancaonova.com\/postopadrepio\/?page_id=78"},"modified":"2025-01-02T14:24:06","modified_gmt":"2025-01-02T17:24:06","slug":"fisioterapia","status":"publish","type":"page","link":"https:\/\/blog.cancaonova.com\/centromedicopadrepio\/reabilitacao\/fisioterapia\/","title":{"rendered":"Fisioterapia"},"content":{"rendered":"<p><img loading=\"lazy\" decoding=\"async\" class=\"alignnone size-full wp-image-1615\" src=\"http:\/\/blog.cancaonova.com\/centromedicopadrepio\/files\/2024\/11\/WhatsApp-Image-2024-09-26-at-11.24.39-2-scaled.jpeg\" alt=\"\" width=\"2560\" height=\"1706\" srcset=\"https:\/\/blog.cancaonova.com\/centromedicopadrepio\/files\/2024\/11\/WhatsApp-Image-2024-09-26-at-11.24.39-2-scaled.jpeg 2560w, https:\/\/blog.cancaonova.com\/centromedicopadrepio\/files\/2024\/11\/WhatsApp-Image-2024-09-26-at-11.24.39-2-300x200.jpeg 300w, https:\/\/blog.cancaonova.com\/centromedicopadrepio\/files\/2024\/11\/WhatsApp-Image-2024-09-26-at-11.24.39-2-768x512.jpeg 768w, https:\/\/blog.cancaonova.com\/centromedicopadrepio\/files\/2024\/11\/WhatsApp-Image-2024-09-26-at-11.24.39-2-1536x1024.jpeg 1536w, https:\/\/blog.cancaonova.com\/centromedicopadrepio\/files\/2024\/11\/WhatsApp-Image-2024-09-26-at-11.24.39-2-2048x1365.jpeg 2048w, https:\/\/blog.cancaonova.com\/centromedicopadrepio\/files\/2024\/11\/WhatsApp-Image-2024-09-26-at-11.24.39-2-272x182.jpeg 272w\" sizes=\"(max-width: 2560px) 100vw, 2560px\" \/><\/p>\n<p>O servi\u00e7o de fisioterapia do Centro M\u00e9dico Padre Pio, oferece atendimento nas seguintes \u00e1reas:<\/p>\n<ul>\n<li>Neuro Funcional<\/li>\n<li>Pedi\u00e1trica<\/li>\n<li>Respirat\u00f3ria<\/li>\n<li>Traumato- Ortop\u00e9dico-Funcional<\/li>\n<li>Pilates<\/li>\n<\/ul>\n<p>Para o atendimento fisioterap\u00eautico \u00e9 necess\u00e1rio:<\/p>\n<ul>\n<li>Apresenta\u00e7\u00e3o de encaminhamento;<\/li>\n<li>Avalia\u00e7\u00e3o do fisioterapeuta.<\/li>\n<\/ul>\n<p>Ressalta-se que ser\u00e1 s\u00f3 agendado de acordo com a realidade dos hor\u00e1rios dispon\u00edveis na agenda.<\/p>\n<p><b>Para mais informa\u00e7\u00f5es:<\/b><\/p>\n<p>Os interessados dever\u00e3o comparecer na unidade ou entrar em contato: Telefone (12) 2122-9648<\/p>\n<p>Caso n\u00e3o seja um cliente do Centro M\u00e9dico Padre Pio, procure a unidade de sa\u00fade mais pr\u00f3xima do seu bairro.<\/p>\n<h3 style=\"text-align: center\">Hor\u00e1rio de Atendimento ao P\u00fablico<\/h3>\n<p style=\"text-align: center\"><strong>Segunda \u00e0 Sexta:\u00a0<\/strong><br \/>\nDas 08h00 \u00e0s 20h00<\/p>\n","protected":false},"excerpt":{"rendered":"<p>O servi\u00e7o de fisioterapia do Centro M\u00e9dico Padre Pio, oferece atendimento nas seguintes \u00e1reas: Neuro Funcional Pedi\u00e1trica Respirat\u00f3ria Traumato- Ortop\u00e9dico-Funcional Pilates Para o atendimento fisioterap\u00eautico \u00e9 necess\u00e1rio: Apresenta\u00e7\u00e3o de encaminhamento; Avalia\u00e7\u00e3o do fisioterapeuta. Ressalta-se que ser\u00e1 s\u00f3 agendado de acordo&#8230;<\/p>\n","protected":false},"author":4724,"featured_media":0,"parent":35,"menu_order":0,"comment_status":"closed","ping_status":"closed","template":"","meta":{"_mi_skip_tracking":false,"_monsterinsights_sitenote_active":false,"_monsterinsights_sitenote_note":"","_monsterinsights_sitenote_category":0,"footnotes":""},"_links":{"self":[{"href":"https:\/\/blog.cancaonova.com\/centromedicopadrepio\/wp-json\/wp\/v2\/pages\/78"}],"collection":[{"href":"https:\/\/blog.cancaonova.com\/centromedicopadrepio\/wp-json\/wp\/v2\/pages"}],"about":[{"href":"https:\/\/blog.cancaonova.com\/centromedicopadrepio\/wp-json\/wp\/v2\/types\/page"}],"author":[{"embeddable":true,"href":"https:\/\/blog.cancaonova.com\/centromedicopadrepio\/wp-json\/wp\/v2\/users\/4724"}],"replies":[{"embeddable":true,"href":"https:\/\/blog.cancaonova.com\/centromedicopadrepio\/wp-json\/wp\/v2\/comments?post=78"}],"version-history":[{"count":25,"href":"https:\/\/blog.cancaonova.com\/centromedicopadrepio\/wp-json\/wp\/v2\/pages\/78\/revisions"}],"predecessor-version":[{"id":1649,"href":"https:\/\/blog.cancaonova.com\/centromedicopadrepio\/wp-json\/wp\/v2\/pages\/78\/revisions\/1649"}],"up":[{"embeddable":true,"href":"https:\/\/blog.cancaonova.com\/centromedicopadrepio\/wp-json\/wp\/v2\/pages\/35"}],"wp:attachment":[{"href":"https:\/\/blog.cancaonova.com\/centromedicopadrepio\/wp-json\/wp\/v2\/media?parent=78"}],"curies":[{"name":"wp","href":"https:\/\/api.w.org\/{rel}","templated":true}]}}