{"id":940,"date":"2021-01-20T08:33:48","date_gmt":"2021-01-20T11:33:48","guid":{"rendered":"http:\/\/blog.cancaonova.com\/centromedicopadrepio\/?page_id=940"},"modified":"2025-01-02T14:18:57","modified_gmt":"2025-01-02T17:18:57","slug":"ultrassonografia","status":"publish","type":"page","link":"https:\/\/blog.cancaonova.com\/centromedicopadrepio\/ultrassonografia\/","title":{"rendered":"Exames Complementares"},"content":{"rendered":"<p><b>\u00a0 <img loading=\"lazy\" decoding=\"async\" class=\"alignnone size-full wp-image-1524\" src=\"http:\/\/blog.cancaonova.com\/centromedicopadrepio\/files\/2021\/01\/eco.png\" alt=\"\" width=\"189\" height=\"166\" \/>\u00a0 Ecocardiograma<\/b><\/p>\n<p><span style=\"font-weight: 400\">No ano de 2023 o Centro M\u00e9dico passou a realizar tamb\u00e9m a Ecocardiografia. O ecocardiograma <\/span><span style=\"font-weight: 400\">\u00e9 um teste que utiliza ondas sonoras para obter imagens do cora\u00e7\u00e3o<\/span><span style=\"font-weight: 400\">. Ele \u00e9 essencial para analisar a sa\u00fade do m\u00fasculo card\u00edaco, verificando se o cora\u00e7\u00e3o e as v\u00e1lvulas est\u00e3o funcionando adequadamente al\u00e9m de detectar malforma\u00e7\u00f5es card\u00edacas. <\/span><\/p>\n<p><span style=\"font-weight: 400\">Esse exame \u00e9 realizado no Centro M\u00e9dico Padre Pio \u00e0s segundas e sextas, e pode ser agendado na recep\u00e7\u00e3o central do Centro M\u00e9dico Padre Pio. <\/span><\/p>\n<p><span style=\"font-weight: 400\">Para agendamento deste exame \u00e9 necess\u00e1rio:\u00a0<\/span><\/p>\n<ul>\n<li style=\"font-weight: 400\"><span style=\"font-weight: 400\">Pedido m\u00e9dico<\/span><\/li>\n<li style=\"font-weight: 400\"><span style=\"font-weight: 400\">Carteirinha do Centro M\u00e9dico\u00a0<\/span><\/li>\n<li style=\"font-weight: 400\"><span style=\"font-weight: 400\">Documento Pessoal do Paciente\u00a0<\/span><\/li>\n<\/ul>\n<p>&nbsp;<\/p>\n<p><b><img loading=\"lazy\" decoding=\"async\" class=\"alignnone size-full wp-image-1525\" src=\"http:\/\/blog.cancaonova.com\/centromedicopadrepio\/files\/2021\/01\/eletro.png\" alt=\"\" width=\"171\" height=\"159\" \/>\u00a0 \u00a0 Eletrocardiograma ou ECG<\/b><\/p>\n<p><span style=\"font-weight: 400\">\u00c9 o registro gr\u00e1fico da atividade el\u00e9trica do cora\u00e7\u00e3o, realizado em um aparelho chamado eletrocardi\u00f3grafo. O objetivo deste exame \u00e9 analisar o ritmo card\u00edaco do cora\u00e7\u00e3o e das suas cavidades, al\u00e9m de avaliar a integridade ou anormalidades do sistema de condu\u00e7\u00e3o e detectar eventuais sobrecargas das cavidades card\u00edacas e zonas correspondentes \u00e0 aus\u00eancia de atividade el\u00e9trica.<\/span><\/p>\n<p><span style=\"font-weight: 400\">Para agendamento deste exame \u00e9 necess\u00e1rio:\u00a0<\/span><\/p>\n<ul>\n<li style=\"font-weight: 400\"><span style=\"font-weight: 400\">Pedido m\u00e9dico<\/span><\/li>\n<li style=\"font-weight: 400\"><span style=\"font-weight: 400\">Carteirinha do Centro M\u00e9dico\u00a0<\/span><\/li>\n<li style=\"font-weight: 400\"><span style=\"font-weight: 400\">Documento Pessoal do Paciente\u00a0<\/span><\/li>\n<\/ul>\n<p><b>\u00a0<\/b><\/p>\n<p><b><img loading=\"lazy\" decoding=\"async\" class=\"alignnone size-full wp-image-1526\" src=\"http:\/\/blog.cancaonova.com\/centromedicopadrepio\/files\/2021\/01\/holter.png\" alt=\"\" width=\"169\" height=\"154\" \/>\u00a0 \u00a0Holter<\/b><\/p>\n<p><span style=\"font-weight: 400\">O Holter \u00e9 um exame que realiza o <\/span><span style=\"font-weight: 400\">registro gr\u00e1fico da atividade el\u00e9trica do cora\u00e7\u00e3o<\/span><span style=\"font-weight: 400\"> durante, no m\u00ednimo, 24 horas. A proposta por tr\u00e1s desse teste \u00e9 a de que os m\u00e9dicos possam interpretar nos gr\u00e1ficos as varia\u00e7\u00f5es no n\u00famero de batimentos card\u00edacos ao longo do dia. Esse exame \u00e9 sugerido para pacientes com suspeita de arritmia card\u00edaca. A solicita\u00e7\u00e3o de um exame Holter ser\u00e1 feita de acordo com o entendimento de um m\u00e9dico cardiologista. \u00c9 ele que determinar\u00e1 se esse tipo de exame \u00e9 o mais adequado ou n\u00e3o para o paciente.<\/span><\/p>\n<p><span style=\"font-weight: 400\">Desde 2021, no Centro M\u00e9dico Padre Pio, esse exame \u00e9 realizado de segunda a quinta, de acordo com a agenda de disponibilidade do aparelho. O seu agendamento por ser feito na recep\u00e7\u00e3o central do Centro M\u00e9dico Padre Pio.\u00a0<\/span><\/p>\n<p><span style=\"font-weight: 400\">Para agendamento deste exame \u00e9 necess\u00e1rio:\u00a0<\/span><\/p>\n<ul>\n<li style=\"font-weight: 400\"><span style=\"font-weight: 400\">Pedido m\u00e9dico<\/span><\/li>\n<li style=\"font-weight: 400\"><span style=\"font-weight: 400\">Carteirinha do Centro M\u00e9dico\u00a0<\/span><\/li>\n<li style=\"font-weight: 400\"><span style=\"font-weight: 400\">Documento Pessoal do Paciente\u00a0<\/span><\/li>\n<\/ul>\n<p>&nbsp;<\/p>\n<p><b><img loading=\"lazy\" decoding=\"async\" class=\"alignnone size-full wp-image-1527\" src=\"http:\/\/blog.cancaonova.com\/centromedicopadrepio\/files\/2021\/01\/mapa.png\" alt=\"\" width=\"150\" height=\"130\" \/>\u00a0\u00a0\u00a0\u00a0<\/b><b>Mapa<\/b><\/p>\n<p><span style=\"font-weight: 400\">A <\/span><b>Monitoriza\u00e7\u00e3o Ambulatorial da Press\u00e3o Arterial<\/b><span style=\"font-weight: 400\"> (<\/span><b>MAPA<\/b><span style=\"font-weight: 400\">) \u00e9 um exame que permite o registro indireto e intermitente da press\u00e3o arterial durante 24 horas, enquanto o paciente realiza suas atividades habituais e tamb\u00e9m durante o sono. Consiste na instala\u00e7\u00e3o de um aparelho no paciente, cujo objetivo \u00e9 monitorar a press\u00e3o arterial a cada 20 minutos durante 24 horas seguidas.<\/span><\/p>\n<p><span style=\"font-weight: 400\">Esse exame \u00e9 realizado de segunda a quinta de acordo com a agenda de disponibilidade do aparelho. O seu agendamento por ser feito na recep\u00e7\u00e3o central do Centro M\u00e9dico Padre Pio.\u00a0<\/span><\/p>\n<p><span style=\"font-weight: 400\">Para agendamento deste exame \u00e9 necess\u00e1rio:\u00a0<\/span><\/p>\n<ul>\n<li style=\"font-weight: 400\"><span style=\"font-weight: 400\">Pedido m\u00e9dico<\/span><\/li>\n<li style=\"font-weight: 400\"><span style=\"font-weight: 400\">Carteirinha do Centro M\u00e9dico\u00a0<\/span><\/li>\n<li style=\"font-weight: 400\"><span style=\"font-weight: 400\">Documento Pessoal do Paciente\u00a0<\/span><\/li>\n<\/ul>\n<p>&nbsp;<\/p>\n<p><b><img loading=\"lazy\" decoding=\"async\" class=\"alignnone size-full wp-image-1528\" src=\"http:\/\/blog.cancaonova.com\/centromedicopadrepio\/files\/2021\/01\/teste-ergo.png\" alt=\"\" width=\"172\" height=\"148\" \/>\u00a0 \u00a0 Teste Ergom\u00e9trico<\/b><\/p>\n<p><span style=\"font-weight: 400\">Esse exame auxilia na avalia\u00e7\u00e3o cardiovascular, sendo tamb\u00e9m conhecido como teste de esfor\u00e7o. O teste ergom\u00e9trico permite identificar problemas card\u00edacos, analisando como o cora\u00e7\u00e3o do paciente reage ao esfor\u00e7o f\u00edsico. <\/span><\/p>\n<p><span style=\"font-weight: 400\">Esse exame \u00e9 realizado no Centro M\u00e9dico Padre Pio \u00e0s segundas, e pode ser agendado na recep\u00e7\u00e3o central do Centro M\u00e9dico Padre Pio. <\/span><\/p>\n<p><span style=\"font-weight: 400\">Para agendamento deste exame \u00e9 necess\u00e1rio:\u00a0<\/span><\/p>\n<ul>\n<li style=\"font-weight: 400\"><span style=\"font-weight: 400\">Pedido m\u00e9dico<\/span><\/li>\n<li style=\"font-weight: 400\"><span style=\"font-weight: 400\">Carteirinha do Centro M\u00e9dico\u00a0<\/span><\/li>\n<li style=\"font-weight: 400\"><span style=\"font-weight: 400\">Documento Pessoal do Paciente\u00a0<\/span><\/li>\n<\/ul>\n<p><b>\u00a0<\/b><b>\u00a0 <\/b><\/p>\n<p><b><img loading=\"lazy\" decoding=\"async\" class=\"alignnone size-full wp-image-1529\" src=\"http:\/\/blog.cancaonova.com\/centromedicopadrepio\/files\/2021\/01\/ultra.png\" alt=\"\" width=\"178\" height=\"157\" \/><\/b><b>\u00a0 \u00a0 Ultrassonografia<\/b><\/p>\n<p><span style=\"font-weight: 400\">No ano de 2020 o Centro M\u00e9dico Padre Pio passou a contar com o servi\u00e7o de ultrassonografia. A Ultrassonografia ou ecografia \u00e9 uma t\u00e9cnica de exame em diagn\u00f3stico por imagem, que permite ao m\u00e9dico observar certas estruturas do corpo humano. Com diversas aplica\u00e7\u00f5es, a ultrassonografia \u00e9 um dos exames mais solicitados para complementar informa\u00e7\u00f5es de outros exames, auxiliar no diagn\u00f3stico e fornecer orienta\u00e7\u00f5es para procedimentos cir\u00fargicos al\u00e9m de ser utilizado para acompanhar a recupera\u00e7\u00e3o p\u00f3s-cirurgia ou o tratamento medicamentoso de muitas doen\u00e7as. Nosso servi\u00e7o conta com um m\u00e9dico experiente e com capacita\u00e7\u00e3o e forma\u00e7\u00e3o acad\u00eamica para realiza\u00e7\u00e3o destes procedimentos. S\u00e3o mais de 50 tipos de ultrassonografias realizadas em nossa unidade que voc\u00ea pode conferir clicando aqui. <\/span><\/p>\n<p><span style=\"font-weight: 400\">O servi\u00e7o acontece nas ter\u00e7as e quintas de 08 \u00e0s 17 h. <\/span><\/p>\n<p><span style=\"font-weight: 400\">Para agendamento deste exame \u00e9 necess\u00e1rio:\u00a0<\/span><\/p>\n<ul>\n<li style=\"font-weight: 400\"><span style=\"font-weight: 400\">Pedido m\u00e9dico<\/span><\/li>\n<li style=\"font-weight: 400\"><span style=\"font-weight: 400\">Carteirinha do Centro M\u00e9dico\u00a0<\/span><\/li>\n<li style=\"font-weight: 400\"><span style=\"font-weight: 400\">Documento Pessoal do Paciente\u00a0<\/span><\/li>\n<\/ul>\n<p>&nbsp;<\/p>\n","protected":false},"excerpt":{"rendered":"<p>\u00a0 \u00a0 Ecocardiograma No ano de 2023 o Centro M\u00e9dico passou a realizar tamb\u00e9m a Ecocardiografia. O ecocardiograma \u00e9 um teste que utiliza ondas sonoras para obter imagens do cora\u00e7\u00e3o. Ele \u00e9 essencial para analisar a sa\u00fade do m\u00fasculo card\u00edaco,&#8230;<\/p>\n","protected":false},"author":4740,"featured_media":0,"parent":0,"menu_order":0,"comment_status":"closed","ping_status":"closed","template":"","meta":{"_mi_skip_tracking":false,"_monsterinsights_sitenote_active":false,"_monsterinsights_sitenote_note":"","_monsterinsights_sitenote_category":0,"footnotes":""},"_links":{"self":[{"href":"https:\/\/blog.cancaonova.com\/centromedicopadrepio\/wp-json\/wp\/v2\/pages\/940"}],"collection":[{"href":"https:\/\/blog.cancaonova.com\/centromedicopadrepio\/wp-json\/wp\/v2\/pages"}],"about":[{"href":"https:\/\/blog.cancaonova.com\/centromedicopadrepio\/wp-json\/wp\/v2\/types\/page"}],"author":[{"embeddable":true,"href":"https:\/\/blog.cancaonova.com\/centromedicopadrepio\/wp-json\/wp\/v2\/users\/4740"}],"replies":[{"embeddable":true,"href":"https:\/\/blog.cancaonova.com\/centromedicopadrepio\/wp-json\/wp\/v2\/comments?post=940"}],"version-history":[{"count":6,"href":"https:\/\/blog.cancaonova.com\/centromedicopadrepio\/wp-json\/wp\/v2\/pages\/940\/revisions"}],"predecessor-version":[{"id":1647,"href":"https:\/\/blog.cancaonova.com\/centromedicopadrepio\/wp-json\/wp\/v2\/pages\/940\/revisions\/1647"}],"wp:attachment":[{"href":"https:\/\/blog.cancaonova.com\/centromedicopadrepio\/wp-json\/wp\/v2\/media?parent=940"}],"curies":[{"name":"wp","href":"https:\/\/api.w.org\/{rel}","templated":true}]}}