{"id":99,"date":"2019-04-22T11:29:22","date_gmt":"2019-04-22T14:29:22","guid":{"rendered":"http:\/\/blog.cancaonova.com\/postopadrepio\/?page_id=99"},"modified":"2024-11-19T21:12:08","modified_gmt":"2024-11-20T00:12:08","slug":"atendimento-nutricao","status":"publish","type":"page","link":"https:\/\/blog.cancaonova.com\/centromedicopadrepio\/atendimento-nutricao\/","title":{"rendered":"Nutri\u00e7\u00e3o"},"content":{"rendered":"<p><img loading=\"lazy\" decoding=\"async\" class=\"alignnone size-full wp-image-1611\" src=\"http:\/\/blog.cancaonova.com\/centromedicopadrepio\/files\/2024\/11\/nutri.png\" alt=\"\" width=\"1093\" height=\"652\" srcset=\"https:\/\/blog.cancaonova.com\/centromedicopadrepio\/files\/2024\/11\/nutri.png 1093w, https:\/\/blog.cancaonova.com\/centromedicopadrepio\/files\/2024\/11\/nutri-300x179.png 300w, https:\/\/blog.cancaonova.com\/centromedicopadrepio\/files\/2024\/11\/nutri-768x458.png 768w\" sizes=\"(max-width: 1093px) 100vw, 1093px\" \/><\/p>\n<p><span style=\"font-family: Arial, sans-serif\">O Servi\u00e7o de Nutri\u00e7\u00e3o visa atendimentos individuais para ajudar o paciente a manter uma vida saud\u00e1vel no tratamento de doen\u00e7as ou somente uma preven\u00e7\u00e3o de como ter uma alimenta\u00e7\u00e3o balanceada e criativa.<\/span><\/p>\n<p><span style=\"font-family: Arial, sans-serif\">Os atendimentos s\u00e3o feitos mensalmente, e conforme a realidade e necessidade do paciente acontece em intervalos menores.<\/span><\/p>\n<p><span style=\"font-family: Arial, sans-serif\"><b>Atendimento ao P\u00fablico<\/b><\/span><\/p>\n<p><span style=\"font-family: Arial, sans-serif\">Para realizar o agendamento \u00e9 necess\u00e1rio\u00a0 o <span style=\"font-weight: 400\">encaminhamento m\u00e9dico<\/span> e carteira do centro m\u00e9dico. <span style=\"font-family: Arial, sans-serif\">Caso n\u00e3o seja um cliente do Centro M\u00e9dico Pe. Pio, basta procurar a unidade de sa\u00fade mais pr\u00f3xima do seu bairro.<\/span><\/span><\/p>\n<p><span style=\"font-family: Arial, sans-serif\">S\u00f3 ser\u00e1 agendado de acordo com a realidade dos hor\u00e1rios dispon\u00edveis na agenda.<\/span><\/p>\n<p>&nbsp;<\/p>\n","protected":false},"excerpt":{"rendered":"<p>O Servi\u00e7o de Nutri\u00e7\u00e3o visa atendimentos individuais para ajudar o paciente a manter uma vida saud\u00e1vel no tratamento de doen\u00e7as ou somente uma preven\u00e7\u00e3o de como ter uma alimenta\u00e7\u00e3o balanceada e criativa. Os atendimentos s\u00e3o feitos mensalmente, e conforme a&#8230;<\/p>\n","protected":false},"author":4724,"featured_media":0,"parent":0,"menu_order":0,"comment_status":"closed","ping_status":"closed","template":"","meta":{"_mi_skip_tracking":false,"_monsterinsights_sitenote_active":false,"_monsterinsights_sitenote_note":"","_monsterinsights_sitenote_category":0,"footnotes":""},"_links":{"self":[{"href":"https:\/\/blog.cancaonova.com\/centromedicopadrepio\/wp-json\/wp\/v2\/pages\/99"}],"collection":[{"href":"https:\/\/blog.cancaonova.com\/centromedicopadrepio\/wp-json\/wp\/v2\/pages"}],"about":[{"href":"https:\/\/blog.cancaonova.com\/centromedicopadrepio\/wp-json\/wp\/v2\/types\/page"}],"author":[{"embeddable":true,"href":"https:\/\/blog.cancaonova.com\/centromedicopadrepio\/wp-json\/wp\/v2\/users\/4724"}],"replies":[{"embeddable":true,"href":"https:\/\/blog.cancaonova.com\/centromedicopadrepio\/wp-json\/wp\/v2\/comments?post=99"}],"version-history":[{"count":15,"href":"https:\/\/blog.cancaonova.com\/centromedicopadrepio\/wp-json\/wp\/v2\/pages\/99\/revisions"}],"predecessor-version":[{"id":1636,"href":"https:\/\/blog.cancaonova.com\/centromedicopadrepio\/wp-json\/wp\/v2\/pages\/99\/revisions\/1636"}],"wp:attachment":[{"href":"https:\/\/blog.cancaonova.com\/centromedicopadrepio\/wp-json\/wp\/v2\/media?parent=99"}],"curies":[{"name":"wp","href":"https:\/\/api.w.org\/{rel}","templated":true}]}}