{"id":226,"date":"2014-01-13T20:45:10","date_gmt":"2014-01-13T22:45:10","guid":{"rendered":"http:\/\/blog.cancaonova.com\/cleberrodrigues\/?page_id=226"},"modified":"2016-04-29T08:17:11","modified_gmt":"2016-04-29T11:17:11","slug":"quem-sou","status":"publish","type":"page","link":"https:\/\/blog.cancaonova.com\/cleberrodrigues\/quem-sou\/","title":{"rendered":"Quem sou"},"content":{"rendered":"<p><img loading=\"lazy\" decoding=\"async\" class=\"alignleft size-full wp-image-1807\" style=\"margin-right: 10px\" src=\"http:\/\/blog.cancaonova.com\/cleberrodrigues\/files\/2014\/01\/cleberrodrigues-137.jpg\" alt=\"cleberrodrigues-137\" width=\"131\" height=\"137\" \/>Ol\u00e1, seja muito bem vindo(a)! Sou<strong> Cleber dos Santos Rodrigues,\u00a0<\/strong>mission\u00e1rio na Comunidade Can\u00e7\u00e3o Nova, graduado em Comunica\u00e7\u00e3o Social com habilita\u00e7\u00e3o em Publicidade e Propaganda, pelo UNISAL p\u00f3s-graduado especialista em Marketing Organizacional pelo Instituto de Economia da UNICAMP. Caminho rumo ao matrim\u00f4nio com Rosiane Marques que tamb\u00e9m \u00e9 mission\u00e1ria na Can\u00e7\u00e3o Nova. Curto novas tecnologias da informa\u00e7\u00e3o e comunica\u00e7\u00e3o, design, m\u00fasica e programa\u00e7\u00e3o. Sou natural de Americana (SP), feliz e agradecido a Deus por ter sido presenteado &#8211; neste tempo e lugar da hist\u00f3ria &#8211; a viver um processo de convers\u00e3o e caminhada espiritual como disc\u00edpulo de Jesus.<\/p>\n<p><strong>O\u00a0objetivo deste blog <\/strong>\u00e9 testemunhar algumas experi\u00eancias que fa\u00e7o com Deus no meu dia a dia. O conte\u00fado que disponibilizo s\u00e3o essencialmente multim\u00eddia:\u00a0seja por meio da m\u00fasica, de uma imagem, de um texto ou tudo junto (e misturado).<\/p>\n<p>Acredito que vida pode ser simples e que pequenos milagres acontecem o tempo todo: basta colocar a m\u00e3o no pr\u00f3prio cora\u00e7\u00e3o e sentir a pulsa\u00e7\u00e3o. Isso \u00e9 um grande milagre: \u00e9 vida que vence a morte!\u00a0Que Deus nos conceda a gra\u00e7a de sermos fi\u00e9is at\u00e9 o fim. Conto com suas ora\u00e7\u00f5es.<\/p>\n<p><strong>Gostaria muito de fazer parte de suas m\u00eddias sociais. Vamos conversar? Adicione:<\/strong><\/p>\n<p><a href=\"https:\/\/www.facebook.com\/cleberrodriguescn\"><img loading=\"lazy\" decoding=\"async\" class=\"alignnone size-full wp-image-3823\" src=\"http:\/\/blog.cancaonova.com\/cleberrodrigues\/files\/2015\/03\/ico_facebook_over.png\" alt=\"ico_facebook_over\" width=\"45\" height=\"43\" \/><\/a>\u00a0\u00a0<a href=\"http:\/\/www.instagram.com\/cleberrodrigues_\"><img loading=\"lazy\" decoding=\"async\" class=\"alignnone size-full wp-image-3825\" src=\"http:\/\/blog.cancaonova.com\/cleberrodrigues\/files\/2015\/03\/ico_instagram_over.png\" alt=\"ico_instagram_over\" width=\"46\" height=\"43\" \/><\/a>\u00a0\u00a0<a href=\"http:\/\/twitter.com\/cleberrodrigues\"><img loading=\"lazy\" decoding=\"async\" class=\"alignnone size-full wp-image-3827\" src=\"http:\/\/blog.cancaonova.com\/cleberrodrigues\/files\/2015\/03\/ico_twitter_over.png\" alt=\"ico_twitter_over\" width=\"44\" height=\"43\" \/><\/a>\u00a0\u00a0<a href=\"https:\/\/www.mixcloud.com\/cleberdossantosrodrigues\"><img loading=\"lazy\" decoding=\"async\" class=\"alignnone size-full wp-image-3824\" src=\"http:\/\/blog.cancaonova.com\/cleberrodrigues\/files\/2015\/03\/ico_headphone_over.png\" alt=\"ico_headphone_over\" width=\"45\" height=\"43\" \/><\/a><\/p>\n<ul>\n<li><a href=\"http:\/\/fb.com\/cleberrodriguescn\">fb.com\/cleberrodriguescn<\/a><\/li>\n<li><a href=\"http:\/\/instagram.com\/cleberrodrigues_\">instagram.com\/cleberrodrigues_<\/a><\/li>\n<li><a href=\"http:\/\/twitter.com\/cleberrodrigues\">twitter.com\/cleberrodrigues<\/a><\/li>\n<li><a href=\"http:\/\/mixcloud.com\/cleberdossantosrodrigues\">mixcloud.com\/cleberdossantosrodrigues<\/a><\/li>\n<\/ul>\n<p>&nbsp;<\/p>\n<p>PS: <strong>Tenho disponibilidade para ir\u00a0participar no evento de sua par\u00f3quia ou comunidade.<\/strong> Para saber mais, <a href=\"http:\/\/blog.cancaonova.com\/cleberrodrigues\/fale-comigo\/\">escreva para mim<\/a>.<\/p>\n<p><div id=\"fb-root\"><\/div>\r\n<script>(function(d, s, id) {\r\n  var js, fjs = d.getElementsByTagName(s)[0];\r\n  if (d.getElementById(id)) return;\r\n  js = d.createElement(s); js.id = id;\r\n  js.src = \"\/\/connect.facebook.net\/pt_BR\/all.js#xfbml=1\";\r\n  fjs.parentNode.insertBefore(js, fjs);\r\n}(document, 'script', 'facebook-jssdk'));<\/script>\r\n<div class=\"fb-follow\" data-href=\"https:\/\/www.facebook.com\/cleberdossantosrodrigues\" data-colorscheme=\"light\" data-layout=\"standard\" data-show-faces=\"true\"><\/div><br \/>\n<a href=\"https:\/\/twitter.com\/cleberrodrigues\" class=\"twitter-follow-button\" data-dnt=\"true\">Seguir @cleberrodrigues<\/a>\r\n<script>!function(d,s,id){var js,fjs=d.getElementsByTagName(s)[0];if(!d.getElementById(id)){js=d.createElement(s);js.id=id;js.src=\"\/\/platform.twitter.com\/widgets.js\";fjs.parentNode.insertBefore(js,fjs);}}(document,\"script\",\"twitter-wjs\");<\/script><\/p>\n","protected":false},"excerpt":{"rendered":"<p>Ol\u00e1, seja muito bem vindo(a)! Sou Cleber dos Santos Rodrigues,\u00a0mission\u00e1rio na Comunidade Can\u00e7\u00e3o Nova, graduado em Comunica\u00e7\u00e3o Social com habilita\u00e7\u00e3o em Publicidade e Propaganda, pelo UNISAL p\u00f3s-graduado especialista em Marketing Organizacional pelo Instituto de Economia da UNICAMP. Caminho rumo ao&#8230;<\/p>\n","protected":false},"author":4539,"featured_media":0,"parent":0,"menu_order":0,"comment_status":"open","ping_status":"open","template":"","meta":{"_mi_skip_tracking":false,"_monsterinsights_sitenote_active":false,"_monsterinsights_sitenote_note":"","_monsterinsights_sitenote_category":0,"footnotes":""},"_links":{"self":[{"href":"https:\/\/blog.cancaonova.com\/cleberrodrigues\/wp-json\/wp\/v2\/pages\/226"}],"collection":[{"href":"https:\/\/blog.cancaonova.com\/cleberrodrigues\/wp-json\/wp\/v2\/pages"}],"about":[{"href":"https:\/\/blog.cancaonova.com\/cleberrodrigues\/wp-json\/wp\/v2\/types\/page"}],"author":[{"embeddable":true,"href":"https:\/\/blog.cancaonova.com\/cleberrodrigues\/wp-json\/wp\/v2\/users\/4539"}],"replies":[{"embeddable":true,"href":"https:\/\/blog.cancaonova.com\/cleberrodrigues\/wp-json\/wp\/v2\/comments?post=226"}],"version-history":[{"count":8,"href":"https:\/\/blog.cancaonova.com\/cleberrodrigues\/wp-json\/wp\/v2\/pages\/226\/revisions"}],"predecessor-version":[{"id":3918,"href":"https:\/\/blog.cancaonova.com\/cleberrodrigues\/wp-json\/wp\/v2\/pages\/226\/revisions\/3918"}],"wp:attachment":[{"href":"https:\/\/blog.cancaonova.com\/cleberrodrigues\/wp-json\/wp\/v2\/media?parent=226"}],"curies":[{"name":"wp","href":"https:\/\/api.w.org\/{rel}","templated":true}]}}