{"id":30,"date":"2024-09-27T11:04:06","date_gmt":"2024-09-27T14:04:06","guid":{"rendered":"https:\/\/blog.cancaonova.com\/cletocoelho\/?page_id=30"},"modified":"2024-09-27T11:04:44","modified_gmt":"2024-09-27T14:04:44","slug":"quem-somos","status":"publish","type":"page","link":"https:\/\/blog.cancaonova.com\/cletocoelho\/quem-somos\/","title":{"rendered":"Caminho 33"},"content":{"rendered":"<p><b>Caminho 33<\/b><\/p>\n<p><iframe loading=\"lazy\" title=\"Peregrina\u00c3\u00a7\u00c3\u00a3o no Pedal | Caminho da F\u00c3\u00a9 | Prepara\u00c3\u00a7\u00c3\u00a3o  (Parte 01)\" width=\"600\" height=\"338\" src=\"https:\/\/www.youtube.com\/embed\/TqJHhzkzGSk?feature=oembed&amp;rel=0\" frameborder=\"0\" allow=\"accelerometer; autoplay; clipboard-write; encrypted-media; gyroscope; picture-in-picture; web-share\" referrerpolicy=\"strict-origin-when-cross-origin\" allowfullscreen><\/iframe><\/p>\n<p>&nbsp;<\/p>\n<p><b>COMO NASCEU O PROJETO?<\/b><\/p>\n<p>&nbsp;<\/p>\n<p><span style=\"font-weight: 400;\">O projeto nasce dentro de um contexto: Covid 19.<\/span><\/p>\n<p>&nbsp;<\/p>\n<p><span style=\"font-weight: 400;\">Ao acompanhar os notici\u00e1rios que falavam do caos mundial devido ao alastramento do v\u00edrus Covid 19, no meu cora\u00e7\u00e3o brotou o desejo de fazer uma peregrina\u00e7\u00e3o de bike, o Caminho da F\u00e9, de \u00c1guas da Prata\/SP ao Santu\u00e1rio de Aparecida\/SP, aproximadamente 320 km.&nbsp;<\/span><\/p>\n<p>&nbsp;<\/p>\n<p><span style=\"font-weight: 400;\">O objetivo de fazer o Caminho da F\u00e9 de bike foi rezar para cessar a pandemia no mundo inteiro.<\/span><\/p>\n<p><span style=\"font-weight: 400;\">Para conseguir percorrer os 320 km, eu precisava treinar, foi o que fiz. Me preparei durante v\u00e1rios meses pedalando na Serra da Bocaina, um lugar de ch\u00e3o de terra e diversas subidas. E, durante os treinos de bike, surge a inspira\u00e7\u00e3o do Caminho 33 &#8211; Peregrina\u00e7\u00e3o no Pedal. Este projeto nasce dentro do contexto da pandemia.<\/span><\/p>\n<p><span style=\"font-weight: 400;\">Por v\u00e1rias vezes, enquanto eu pedalava pelas diversas rotas na Serra da Bocaina, no meu cora\u00e7\u00e3o brotava essa pergunta: porque n\u00e3o fazer deste lugar, um lugar onde o povo de Deus possa vir peregrinar?<\/span><\/p>\n<p><span style=\"font-weight: 400;\">Aos poucos, fui percebendo que o Caminho 33 \u00e9 projeto de Deus. Pois, em cada percurso que eu pedalava, no meu interior brotavam sentimentos, ideias, pensamentos; e tudo isso se misturava com uma convic\u00e7\u00e3o: \u00e9 plano de Deus. O Caminho 33 \u00e9 um lugar de peregrina\u00e7\u00e3o.<\/span><\/p>\n<p><span style=\"font-weight: 400;\">O Caminho 33 fica pr\u00f3ximo da Can\u00e7\u00e3o Nova em Cachoeira Paulista\/SP, e se constitui de diversas rotas, com os mais variados graus de dificuldade, beleza, dist\u00e2ncia e eleva\u00e7\u00e3o. O ponto de partida e chegada do caminho a ser percorrido \u00e9 o Santu\u00e1rio do Pai das Miseric\u00f3rdias.<\/span><\/p>\n<p><span style=\"font-weight: 400;\">Peregrinar \u00e9 retirar-se para um lugar e fazer um retiro espiritual, \u00e9 reservar um tempo para meditar a vida. Portanto, durante toda a peregrina\u00e7\u00e3o creia: Deus nos d\u00e1 a gra\u00e7a da supera\u00e7\u00e3o a cada dia.<\/span><\/p>\n<p><span style=\"font-weight: 400;\">Al\u00e9m de fortalecer a sa\u00fade espiritual, cada rota proporciona ao peregrino o fortalecimento da sa\u00fade f\u00edsica e da sa\u00fade emocional. E claro, a oportunidade de contemplar a beleza do lugar.<\/span><\/p>\n","protected":false},"excerpt":{"rendered":"<p>Caminho 33 &nbsp; COMO NASCEU O PROJETO? &nbsp; O projeto nasce dentro de um contexto: Covid 19. &nbsp; Ao acompanhar os notici\u00e1rios que falavam do caos mundial devido ao alastramento do v\u00edrus Covid 19, no meu cora\u00e7\u00e3o brotou o desejo&#8230;<\/p>\n","protected":false},"author":4539,"featured_media":31,"parent":0,"menu_order":0,"comment_status":"closed","ping_status":"closed","template":"","meta":{"_mi_skip_tracking":false,"_monsterinsights_sitenote_active":false,"_monsterinsights_sitenote_note":"","_monsterinsights_sitenote_category":0,"footnotes":""},"_links":{"self":[{"href":"https:\/\/blog.cancaonova.com\/cletocoelho\/wp-json\/wp\/v2\/pages\/30"}],"collection":[{"href":"https:\/\/blog.cancaonova.com\/cletocoelho\/wp-json\/wp\/v2\/pages"}],"about":[{"href":"https:\/\/blog.cancaonova.com\/cletocoelho\/wp-json\/wp\/v2\/types\/page"}],"author":[{"embeddable":true,"href":"https:\/\/blog.cancaonova.com\/cletocoelho\/wp-json\/wp\/v2\/users\/4539"}],"replies":[{"embeddable":true,"href":"https:\/\/blog.cancaonova.com\/cletocoelho\/wp-json\/wp\/v2\/comments?post=30"}],"version-history":[{"count":2,"href":"https:\/\/blog.cancaonova.com\/cletocoelho\/wp-json\/wp\/v2\/pages\/30\/revisions"}],"predecessor-version":[{"id":33,"href":"https:\/\/blog.cancaonova.com\/cletocoelho\/wp-json\/wp\/v2\/pages\/30\/revisions\/33"}],"wp:featuredmedia":[{"embeddable":true,"href":"https:\/\/blog.cancaonova.com\/cletocoelho\/wp-json\/wp\/v2\/media\/31"}],"wp:attachment":[{"href":"https:\/\/blog.cancaonova.com\/cletocoelho\/wp-json\/wp\/v2\/media?parent=30"}],"curies":[{"name":"wp","href":"https:\/\/api.w.org\/{rel}","templated":true}]}}