{"id":34,"date":"2024-09-27T11:09:57","date_gmt":"2024-09-27T14:09:57","guid":{"rendered":"https:\/\/blog.cancaonova.com\/cletocoelho\/?page_id=34"},"modified":"2024-09-27T11:12:14","modified_gmt":"2024-09-27T14:12:14","slug":"casamento-fortalecido","status":"publish","type":"page","link":"https:\/\/blog.cancaonova.com\/cletocoelho\/casamento-fortalecido\/","title":{"rendered":"Casamento Fortalecido"},"content":{"rendered":"<p><b>Casamento Fortalecido<\/b><\/p>\n<p><iframe loading=\"lazy\" title=\"E\u00cc\u0081 possi\u00cc\u0081vel ter um casamento fortalecido! - Cleto Coelho e Carla Astuti (28\/01\/2021)\" width=\"600\" height=\"338\" src=\"https:\/\/www.youtube.com\/embed\/R3n5dJAmnFM?feature=oembed&amp;rel=0\" frameborder=\"0\" allow=\"accelerometer; autoplay; clipboard-write; encrypted-media; gyroscope; picture-in-picture; web-share\" referrerpolicy=\"strict-origin-when-cross-origin\" allowfullscreen><\/iframe><\/p>\n<p>&nbsp;<\/p>\n<p>&nbsp;<\/p>\n<p><span style=\"font-weight: 400;\">N\u00f3s lutamos por uma causa: o casamento e a fam\u00edlia.<\/span><\/p>\n<p>&nbsp;<\/p>\n<p><span style=\"font-weight: 400;\">O casamento \u00e9 um grande projeto. Homem e mulher, ao tomarem a decis\u00e3o de se casar, no profundo de seus cora\u00e7\u00f5es, desejam viver uma vida correta um para com o outro. Mesmo vivendo em uma sociedade que, a todo momento, deseja alterar o modelo natural do casamento e da fam\u00edlia, os casais devem estar fortalecidos pela f\u00e9, pelo di\u00e1logo e pela alegria da sexualidade vivida de maneira sadia.<\/span><\/p>\n<p>&nbsp;<\/p>\n<p><span style=\"font-weight: 400;\">Todo casal precisa, de certa forma, restaurar algo que est\u00e1 \u201cquebrado\u201d na vida conjugal, pois eles n\u00e3o s\u00e3o anjos imaculados, mas sim pessoas de carne e de osso, com sentimentos, crises, problemas, ang\u00fastias, etc. Mas tudo isso pode ser enfrentado e resolvido com a f\u00e9 em Deus e com o amor.&nbsp; Portanto, resgatar e proteger o amor um pelo outro \u00e9 fundamental. Por isso a necessidade de buscar sempre o cuidado e a prote\u00e7\u00e3o de Deus.&nbsp;<\/span><\/p>\n<p>&nbsp;<\/p>\n<p><span style=\"font-weight: 400;\">\u00c9 poss\u00edvel ter casamento fortalecido, Com Deus tem jeito!<\/span><\/p>\n","protected":false},"excerpt":{"rendered":"<p>Casamento Fortalecido &nbsp; &nbsp; N\u00f3s lutamos por uma causa: o casamento e a fam\u00edlia. &nbsp; O casamento \u00e9 um grande projeto. Homem e mulher, ao tomarem a decis\u00e3o de se casar, no profundo de seus cora\u00e7\u00f5es, desejam viver uma vida&#8230;<\/p>\n","protected":false},"author":4539,"featured_media":35,"parent":0,"menu_order":0,"comment_status":"closed","ping_status":"closed","template":"","meta":{"_mi_skip_tracking":false,"_monsterinsights_sitenote_active":false,"_monsterinsights_sitenote_note":"","_monsterinsights_sitenote_category":0,"footnotes":""},"_links":{"self":[{"href":"https:\/\/blog.cancaonova.com\/cletocoelho\/wp-json\/wp\/v2\/pages\/34"}],"collection":[{"href":"https:\/\/blog.cancaonova.com\/cletocoelho\/wp-json\/wp\/v2\/pages"}],"about":[{"href":"https:\/\/blog.cancaonova.com\/cletocoelho\/wp-json\/wp\/v2\/types\/page"}],"author":[{"embeddable":true,"href":"https:\/\/blog.cancaonova.com\/cletocoelho\/wp-json\/wp\/v2\/users\/4539"}],"replies":[{"embeddable":true,"href":"https:\/\/blog.cancaonova.com\/cletocoelho\/wp-json\/wp\/v2\/comments?post=34"}],"version-history":[{"count":2,"href":"https:\/\/blog.cancaonova.com\/cletocoelho\/wp-json\/wp\/v2\/pages\/34\/revisions"}],"predecessor-version":[{"id":38,"href":"https:\/\/blog.cancaonova.com\/cletocoelho\/wp-json\/wp\/v2\/pages\/34\/revisions\/38"}],"wp:featuredmedia":[{"embeddable":true,"href":"https:\/\/blog.cancaonova.com\/cletocoelho\/wp-json\/wp\/v2\/media\/35"}],"wp:attachment":[{"href":"https:\/\/blog.cancaonova.com\/cletocoelho\/wp-json\/wp\/v2\/media?parent=34"}],"curies":[{"name":"wp","href":"https:\/\/api.w.org\/{rel}","templated":true}]}}