{"id":37,"date":"2024-09-27T11:16:48","date_gmt":"2024-09-27T14:16:48","guid":{"rendered":"https:\/\/blog.cancaonova.com\/cletocoelho\/?page_id=37"},"modified":"2024-09-27T11:16:48","modified_gmt":"2024-09-27T14:16:48","slug":"com-deus-tem-jeito","status":"publish","type":"page","link":"https:\/\/blog.cancaonova.com\/cletocoelho\/com-deus-tem-jeito\/","title":{"rendered":"Com Deus tem jeito!"},"content":{"rendered":"<p><b>Com Deus tem jeito!<\/b><\/p>\n<p><iframe loading=\"lazy\" title=\"Com Deus, Tem Jeito! - Cleto Coelho (25\/11\/2023)\" width=\"600\" height=\"338\" src=\"https:\/\/www.youtube.com\/embed\/58PHOQnovCQ?feature=oembed&amp;rel=0\" frameborder=\"0\" allow=\"accelerometer; autoplay; clipboard-write; encrypted-media; gyroscope; picture-in-picture; web-share\" referrerpolicy=\"strict-origin-when-cross-origin\" allowfullscreen><\/iframe><\/p>\n<p>&nbsp;<\/p>\n<p><span style=\"font-weight: 400;\">Em um determinado momento da minha hist\u00f3ria, percebi que, aos poucos, estava matando a minha m\u00e3e de desgosto. A forma como eu vivia causava dor em seu cora\u00e7\u00e3o. Minha vida era resumida em: sexo, drogas e baladas. Em meio a dor, minha m\u00e3e deu uma resposta de <\/span><b>f\u00e9, esperan\u00e7a e amor<\/b><span style=\"font-weight: 400;\">. Escutei pessoas falarem para ela: \u201cdesiste do Cleto, ele n\u00e3o tem mais jeito\u201d, mas ela dizia: Com Deus, o Cleto tem jeito!&nbsp;<\/span><\/p>\n<p>&nbsp;<\/p>\n<p><span style=\"font-weight: 400;\">Sempre guardei essa fala da minha m\u00e3e &#8211; ponto inicial da minha convers\u00e3o. Por isso, durante toda minha vida mission\u00e1ria, viajando por diversas cidades do Brasil para dar palestras, sempre depositei no cora\u00e7\u00e3o de cada pessoa uma mensagem de esperan\u00e7a, dizendo: Voc\u00ea tem jeito!<\/span><\/p>\n<p>&nbsp;<\/p>\n<p><span style=\"font-weight: 400;\">Nunca imaginei que a resposta da minha m\u00e3e fosse produzir esperan\u00e7a no cora\u00e7\u00e3o de tanta gente, nem que iria ecoar na vida de homens e mulheres em situa\u00e7\u00e3o de rua. E mais, nunca imaginei que receber\u00edamos cartas de agradecimento e encorajamento do Papa Francisco pela realiza\u00e7\u00e3o desses encontros para pessoas que se encontram em situa\u00e7\u00e3o de rua.<\/span><\/p>\n<p>&nbsp;<\/p>\n<p><span style=\"font-weight: 400;\">Por tudo isso e com o cora\u00e7\u00e3o grato, afirmo: \u201cCom Deus, Tem jeito\u201d \u00e9 mais que uma frase, \u00e9 uma proclama\u00e7\u00e3o de esperan\u00e7a, \u00e9 um projeto de vida irrigado pela B\u00edblia, \u00e9 uma maneira de viver acreditando que n\u00e3o estamos em um \u201cbeco sem sa\u00edda\u201d.<\/span><\/p>\n<p>&nbsp;<\/p>\n<p><span style=\"font-weight: 400;\">\u00c9 a Palavra de Deus que alimenta o nosso cora\u00e7\u00e3o de esperan\u00e7a e nos anima a confiar. \u00c9 a ora\u00e7\u00e3o di\u00e1ria que alimenta a nossa vida para acreditar sempre. Viver proclamando esperan\u00e7a \u00e9 uma maneira de dar um ponto final no desespero. Sustentados pela f\u00e9, olhamos para a situa\u00e7\u00e3o que \u00e9 imposs\u00edvel e gritamos: Tem Jeito!<\/span><\/p>\n<p>&nbsp;<\/p>\n<p><span style=\"font-weight: 400;\">A frase que minha mam\u00e3e dona Mercedes proclamou, \u201cCom Deus tem jeito\u201d, se tornou <\/span><b>um legado<\/b><span style=\"font-weight: 400;\">!<\/span><\/p>\n<p>&nbsp;<\/p>\n","protected":false},"excerpt":{"rendered":"<p>Com Deus tem jeito! &nbsp; Em um determinado momento da minha hist\u00f3ria, percebi que, aos poucos, estava matando a minha m\u00e3e de desgosto. A forma como eu vivia causava dor em seu cora\u00e7\u00e3o. Minha vida era resumida em: sexo, drogas&#8230;<\/p>\n","protected":false},"author":4539,"featured_media":39,"parent":0,"menu_order":0,"comment_status":"closed","ping_status":"closed","template":"","meta":{"_mi_skip_tracking":false,"_monsterinsights_sitenote_active":false,"_monsterinsights_sitenote_note":"","_monsterinsights_sitenote_category":0,"footnotes":""},"_links":{"self":[{"href":"https:\/\/blog.cancaonova.com\/cletocoelho\/wp-json\/wp\/v2\/pages\/37"}],"collection":[{"href":"https:\/\/blog.cancaonova.com\/cletocoelho\/wp-json\/wp\/v2\/pages"}],"about":[{"href":"https:\/\/blog.cancaonova.com\/cletocoelho\/wp-json\/wp\/v2\/types\/page"}],"author":[{"embeddable":true,"href":"https:\/\/blog.cancaonova.com\/cletocoelho\/wp-json\/wp\/v2\/users\/4539"}],"replies":[{"embeddable":true,"href":"https:\/\/blog.cancaonova.com\/cletocoelho\/wp-json\/wp\/v2\/comments?post=37"}],"version-history":[{"count":1,"href":"https:\/\/blog.cancaonova.com\/cletocoelho\/wp-json\/wp\/v2\/pages\/37\/revisions"}],"predecessor-version":[{"id":40,"href":"https:\/\/blog.cancaonova.com\/cletocoelho\/wp-json\/wp\/v2\/pages\/37\/revisions\/40"}],"wp:featuredmedia":[{"embeddable":true,"href":"https:\/\/blog.cancaonova.com\/cletocoelho\/wp-json\/wp\/v2\/media\/39"}],"wp:attachment":[{"href":"https:\/\/blog.cancaonova.com\/cletocoelho\/wp-json\/wp\/v2\/media?parent=37"}],"curies":[{"name":"wp","href":"https:\/\/api.w.org\/{rel}","templated":true}]}}