{"id":101,"date":"2018-02-01T14:10:45","date_gmt":"2018-02-01T16:10:45","guid":{"rendered":"http:\/\/blog.cancaonova.com\/conquista\/missionarios\/"},"modified":"2019-07-25T18:17:33","modified_gmt":"2019-07-25T21:17:33","slug":"missionarios","status":"publish","type":"page","link":"https:\/\/blog.cancaonova.com\/conquista\/missionarios\/","title":{"rendered":"Quem somos"},"content":{"rendered":"<h2 style=\"text-align: center\"><strong>Frente de Miss\u00e3o de Vit\u00f3ria da Conquista<\/strong><\/h2>\n<p><span style=\"font-weight: normal\">H\u00e1 22 anos a miss\u00e3o Can\u00e7\u00e3o Nova chegou, \u00e0 convite do ent\u00e3o bispo, Dom Celso Jos\u00e9, para tamb\u00e9m contribuir com o crescimento espiritual e social do local e regi\u00e3o. A casa foi inaugurada em 15 de agosto de 1997, na festa de Nossa Senhora das Vit\u00f3rias, que \u00e9 a padroeira da Arquidiocese.&nbsp;Naquele ano de inaugura\u00e7\u00e3o haviam 13 mission\u00e1rios. Hoje, pela provid\u00eancia divina, a casa conta com 11 consagrados (&nbsp;N\u00facleo) &nbsp;e 18 ( 2\u00ba Elo),&nbsp;\u00e0 servi\u00e7o da miss\u00e3o. <\/span><\/p>\n<p><span style=\"font-weight: normal\">A miss\u00e3o vive a voca\u00e7\u00e3o da evangeliza\u00e7\u00e3o atrav\u00e9s da&nbsp;<strong><a href=\"http:\/\/radio.cancaonova.com\/vitoria-da-conquista\/\">R\u00e1dio,<\/a><\/strong> do blog e do<strong><a href=\"https:\/\/www.facebook.com\/cnconquista\"> facebook\/cnconquista <\/a>,&nbsp;<\/strong>por meio das prega\u00e7\u00f5es e eventos, al\u00e9m de produtos do Departamento de Audio Visuais &#8211; DAVI\/Loja Can\u00e7\u00e3o Nova, que s\u00e3o produtos que evangelizam.<br \/>\n<\/span><\/p>\n<p><a href=\"http:\/\/blog.cancaonova.com\/conquista\/files\/2008\/06\/532926_584002601727304_217710203980394978_n.jpg\"><img loading=\"lazy\" decoding=\"async\" class=\"aligncenter wp-image-17414\" src=\"http:\/\/blog.cancaonova.com\/conquista\/files\/2008\/06\/532926_584002601727304_217710203980394978_n-300x189.jpg\" alt=\"532926_584002601727304_217710203980394978_n\" width=\"456\" height=\"287\" srcset=\"https:\/\/blog.cancaonova.com\/conquista\/files\/2008\/06\/532926_584002601727304_217710203980394978_n-300x189.jpg 300w, https:\/\/blog.cancaonova.com\/conquista\/files\/2008\/06\/532926_584002601727304_217710203980394978_n.jpg 960w\" sizes=\"(max-width: 456px) 100vw, 456px\" \/><\/a><\/p>\n<h2 style=\"text-align: center\">&nbsp;<\/h2>\n<h2 style=\"text-align: center\"><span style=\"color: #333333\">:: Nossa identidade e miss\u00e3o ::<\/span><\/h2>\n<p style=\"text-align: justify\"><span style=\"color: #000000\"> A <a href=\"http:\/\/comunidade.cancaonova.com\/\"><strong>Can\u00e7\u00e3o Nova <\/strong><\/a>\u00e9 uma Comunidade Cat\u00f3lica , criada por Deus, para a forma\u00e7\u00e3o de homens novos para um mundo novo com base no Evangelho. A Can\u00e7\u00e3o Nova&nbsp; tem como objetivo principal &#8220;a evangeliza\u00e7\u00e3o atrav\u00e9s dos meios de comunica\u00e7\u00e3o&#8221;: <a href=\"http:\/\/www.cancaonova.com\/tvcn.asx\" target=\"_blank\" rel=\"noopener\"><span style=\"text-decoration: underline\"><strong>TV<\/strong><\/span><\/a>, <a href=\"http:\/\/www.cancaonova.com\/portal\/canais\/radio\/\" target=\"_blank\" rel=\"noopener\"><span style=\"text-decoration: underline\"><strong>R\u00e1dio<\/strong><\/span><\/a>, Internet e tamb\u00e9m por meio dos produtos do departamento de audiovisual &#8211; DAVI, nas produ\u00e7\u00f5es e com\u00e9rcio de <a href=\"http:\/\/editora.cancaonova.com\/\" target=\"_blank\" rel=\"noopener\"><span style=\"text-decoration: underline\"><strong>livros<\/strong><\/span><\/a>, <a href=\"http:\/\/www.shop.com.br\/cgi-bin\/loja.pl?loja=154&amp;pedido=46942598&amp;acao=SE&amp;prod_id=&amp;dep=690&amp;secao=&amp;pagina=&amp;passo=&amp;qtd=&amp;formapag=&amp;nome=&amp;email=&amp;cep=&amp;tem=&amp;css=33\" target=\"_blank\" rel=\"noopener\"><span style=\"text-decoration: underline\"><strong>CDs<\/strong><\/span><\/a>, <a href=\"http:\/\/www.shop.com.br\/cgi-bin\/loja.pl?loja=154&amp;pedido=46942598&amp;acao=SE&amp;prod_id=&amp;dep=691&amp;secao=&amp;pagina=&amp;passo=&amp;qtd=&amp;formapag=&amp;nome=&amp;email=&amp;cep=&amp;tem=&amp;css=33\" target=\"_blank\" rel=\"noopener\"><span style=\"text-decoration: underline\"><strong>v\u00eddeos<\/strong><\/span><\/a>, entre outros materiais, os quais s\u00e3o todos destinados \u00e0 evangeliza\u00e7\u00e3o. A Comunidade Can\u00e7\u00e3o Nova possui 25 casas de miss\u00e3o espalhadas por todo o Brasil e o mundo. Esta Obra de Deus se encontra em todas as regi\u00f5es brasileiras e, no exterior, est\u00e1 nos continentes europeu, asi\u00e1tico, africano e norte americano.<\/span><\/p>\n<h3 style=\"text-align: left\"><span style=\"color: #000080\">Membros do N\u00facleo da Comunidade Can\u00e7\u00e3o Nova<\/span><\/h3>\n<p><span style=\"color: #000000\"><strong>Rebecca Maria &#8211;<\/strong>&nbsp;<strong>Membro de Compromisso Juniorato<\/strong><\/span><\/p>\n<p style=\"text-align: left\"><span style=\"color: #000000\"><strong>Marise do Carmo<\/strong> &#8211;&nbsp;<strong>Membro Compromisso Definitivo (para sempre)<\/strong><\/span><\/p>\n<p style=\"text-align: left\"><span style=\"color: #000000\"><strong>Darlene Maria<\/strong> &#8211; <strong>Membro de Compromisso Tempor\u00e1rio<\/strong><\/span><\/p>\n<p style=\"text-align: left\"><span style=\"color: #000000\"><strong>Adilson Marcio<\/strong> &#8211;&nbsp;<strong>Membro Compromisso Definitivo (para sempre)<\/strong><\/span><\/p>\n<p><span style=\"color: #000000\"><strong> Th\u00e1is Oliveira<\/strong> &#8211;&nbsp;<strong>Membro Compromisso Definitivo (para sempre)<\/strong><\/span><\/p>\n<p><span style=\"color: #000000\"><strong> M\u00f4nica Maria<\/strong>&nbsp;&#8211;&nbsp;<strong>Membro Compromisso Definitivo (para sempre)<\/strong><\/span><\/p>\n<p><span style=\"color: #000000\"><strong> Pablo Melo<\/strong>&nbsp;&#8211;&nbsp;<strong>Membro Compromisso Definitivo (para sempre)<\/strong><\/span><\/p>\n<p><span style=\"color: #000000\"><b>C\u00e9lia Melo<\/b> &#8211;&nbsp;<strong>Membro Compromisso Definitivo (para sempre)<\/strong><\/span><\/p>\n<p><span style=\"color: #000000\"><strong> Pe Gilmar Soares<\/strong> &#8211;&nbsp;<strong>Membro Compromisso Definitivo (para sempre)<\/strong><\/span><\/p>\n<p><span style=\"color: #000000\"><strong> Fl\u00e1via Medeiros<\/strong> &#8211;&nbsp;<strong>Membro Compromisso Definitivo (para sempre)<\/strong><\/span><\/p>\n<p><span style=\"color: #000000\"><strong> Gilberto Alves<\/strong> &#8211;&nbsp;<strong>Membro Compromisso Tempor\u00e1rio<\/strong><\/span><\/p>\n<p style=\"text-align: left\">&nbsp;<\/p>\n<p style=\"text-align: left\"><!-- @page { margin: 2cm } P { margin-bottom: 0.21cm } --><\/p>\n<h3 style=\"text-align: left\"><span style=\"color: #000080\">Membros da comunidade&nbsp;Can\u00e7\u00e3o Nova de 2\u00ba Elo<\/span><\/h3>\n<p><span style=\"color: #000000\"><strong>Adairene Macedo e Evandro Macedo &#8211; Membros ( no per\u00edodo do discipulado)<\/strong><\/span><\/p>\n<p style=\"text-align: left\"><span style=\"color: #000000\"><strong>Andreia Silva e Jos\u00e9 Neto&nbsp; &#8211;&nbsp;Membros Compromisso Definitivo (para sempre)<\/strong><\/span><\/p>\n<p style=\"text-align: left\"><span style=\"color: #000000\"><strong>Ailton Pereira e Iolanda Teles &#8211;<\/strong> <strong>Membro Compromisso Definitivo (para sempre)<\/strong><\/span><\/p>\n<p style=\"text-align: left\"><span style=\"color: #000000\"><strong>Ant\u00f4nio Marinho e Vanusa Santos-&nbsp;Membro Compromisso Definitivo (para sempre)<\/strong><\/span><\/p>\n<p style=\"text-align: left\"><span style=\"color: #000000\"><strong>Adailton Silveira e Maria de Lourdes &#8211; Membros de Compromisso Tempor\u00e1rio<\/strong><\/span><\/p>\n<p style=\"text-align: left\"><span style=\"color: #000000\"><strong>Edvanda &nbsp;Couto <\/strong><strong> &#8211; Membros Compromisso Definitivo (para sempre)<\/strong><\/span><\/p>\n<p style=\"text-align: left\"><span style=\"color: #000000\"><strong>Francisca e Jos\u00e9 Carlos<\/strong> &#8211;&nbsp;<strong>Membro Compromisso Definitivo (para sempre)<\/strong><\/span><\/p>\n<p style=\"text-align: left\"><span style=\"color: #000000\"><strong>Francisco e Marcia<\/strong> &#8211; <strong>Membros de Compromisso Tempor\u00e1rio<\/strong><\/span><\/p>\n<p style=\"text-align: left\"><span style=\"color: #000000\"><strong>Sara Santana e Jairo Silva<\/strong> &#8211; <strong>Membros Compromisso Definitivo (para sempre)<\/strong><\/span><\/p>\n<p style=\"text-align: left\"><span style=\"color: #000000\"><strong>Jesu\u00edna Rocha (Tia Z\u00fa) &#8211;&nbsp;Membros Compromisso Definitivo (para sempre)<\/strong><\/span><\/p>\n<p style=\"text-align: left\"><span style=\"color: #000000\"><strong>Solange Oliveira &#8211; Membro de Compromisso Tempor\u00e1rio<\/strong><\/span><\/p>\n<p style=\"text-align: left\"><span style=\"color: #000000\"><strong>Rita de C\u00e1ssia &#8211; Membros de Compromisso Juniorato<\/strong><\/span><\/p>\n<p><span style=\"color: #000000\"><strong> Deizi Martins e Hebert Duarte<\/strong>&nbsp;&#8211;&nbsp;<strong>Membros do Pr\u00e9-Discipulado<\/strong><\/span><\/p>\n","protected":false},"excerpt":{"rendered":"<p>Frente de Miss\u00e3o de Vit\u00f3ria da Conquista H\u00e1 22 anos a miss\u00e3o Can\u00e7\u00e3o Nova chegou, \u00e0 convite do ent\u00e3o bispo, Dom Celso Jos\u00e9, para tamb\u00e9m contribuir com o crescimento espiritual e social do local e regi\u00e3o. A casa foi inaugurada&#8230;<\/p>\n","protected":false},"author":3201,"featured_media":0,"parent":0,"menu_order":0,"comment_status":"closed","ping_status":"open","template":"","meta":{"_mi_skip_tracking":false,"_monsterinsights_sitenote_active":false,"_monsterinsights_sitenote_note":"","_monsterinsights_sitenote_category":0,"footnotes":""},"_links":{"self":[{"href":"https:\/\/blog.cancaonova.com\/conquista\/wp-json\/wp\/v2\/pages\/101"}],"collection":[{"href":"https:\/\/blog.cancaonova.com\/conquista\/wp-json\/wp\/v2\/pages"}],"about":[{"href":"https:\/\/blog.cancaonova.com\/conquista\/wp-json\/wp\/v2\/types\/page"}],"author":[{"embeddable":true,"href":"https:\/\/blog.cancaonova.com\/conquista\/wp-json\/wp\/v2\/users\/3201"}],"replies":[{"embeddable":true,"href":"https:\/\/blog.cancaonova.com\/conquista\/wp-json\/wp\/v2\/comments?post=101"}],"version-history":[{"count":114,"href":"https:\/\/blog.cancaonova.com\/conquista\/wp-json\/wp\/v2\/pages\/101\/revisions"}],"predecessor-version":[{"id":18474,"href":"https:\/\/blog.cancaonova.com\/conquista\/wp-json\/wp\/v2\/pages\/101\/revisions\/18474"}],"wp:attachment":[{"href":"https:\/\/blog.cancaonova.com\/conquista\/wp-json\/wp\/v2\/media?parent=101"}],"curies":[{"name":"wp","href":"https:\/\/api.w.org\/{rel}","templated":true}]}}