{"id":10570,"date":"2010-08-23T09:28:03","date_gmt":"2010-08-23T12:28:03","guid":{"rendered":"http:\/\/blog.cancaonova.com\/conquista\/?page_id=10570"},"modified":"2019-08-05T15:30:45","modified_gmt":"2019-08-05T18:30:45","slug":"fale-conosco","status":"publish","type":"page","link":"https:\/\/blog.cancaonova.com\/conquista\/fale-conosco\/","title":{"rendered":"Fale Conosco"},"content":{"rendered":"<p>&nbsp;<\/p>\n<h2 style=\"text-align: center\"><span style=\"color: #3366ff\"><strong>Nossos Contatos<\/strong><\/span><\/h2>\n<p>&nbsp;<\/p>\n<p><span style=\"color: #000000\">Ol\u00e1! Paz ao cora\u00e7\u00e3o!<\/span><\/p>\n<p><span style=\"color: #000000\">Voc\u00ea \u00e9 muito bem vindo(a) ao blog da miss\u00e3o da Can\u00e7\u00e3o Nova de Vit\u00f3ria da Conquista.<\/span><br \/>\n<span style=\"color: #000000\"> Dispomos nossos meios para que voc\u00ea possa fazer contato conosco no caso de d\u00favidas, sugest\u00f5es ou alguma cr\u00edtica e outras informa\u00e7\u00f5es:<\/span><\/p>\n<h3><span style=\"color: #800000\"><strong>Nossos e-mails<\/strong>:<\/span><\/h3>\n<p><img loading=\"lazy\" decoding=\"async\" class=\"wp-image-17780 alignleft\" src=\"http:\/\/blog.cancaonova.com\/conquista\/files\/2010\/08\/emails-300x300.png\" alt=\"emails\" width=\"157\" height=\"157\" srcset=\"https:\/\/blog.cancaonova.com\/conquista\/files\/2010\/08\/emails-300x300.png 300w, https:\/\/blog.cancaonova.com\/conquista\/files\/2010\/08\/emails-150x150.png 150w, https:\/\/blog.cancaonova.com\/conquista\/files\/2010\/08\/emails.png 512w\" sizes=\"(max-width: 157px) 100vw, 157px\" \/><\/p>\n<ul>\n<li><span style=\"color: #000000\">r&#101;&#x73;po&#x6e;&#x73;a&#118;&#x65;&#x6c;c&#111;&#x6e;qu&#x69;&#x73;t&#97;&#x40;&#x63;a&#110;&#x63;ao&#x6e;&#x6f;va&#x2e;&#x63;o&#109; (Respons\u00e1vel da Miss\u00e3o)<\/span><\/li>\n<li><span style=\"color: #000000\">&#x61;dm&#x63;&#111;n&#x71;&#117;i&#x73;&#116;a&#x40;&#99;a&#x6e;&#x63;a&#x6f;&#x6e;o&#x76;&#x61;.&#x63;&#x6f;m (Administra\u00e7\u00e3o Can\u00e7\u00e3o Nova Conquista)<\/span><\/li>\n<li><span style=\"color: #000000\">p&#x72;o&#109;&#x6f;c&#x61;&#x6f;c&#x6f;n&#113;&#x75;i&#115;&#x74;a&#x40;c&#97;&#x6e;c&#97;&#x6f;n&#x6f;&#x76;a&#x2e;c&#111;&#x6d; (Eventos Can\u00e7\u00e3o Nova de Vit\u00f3ria da Conquista)<\/span><\/li>\n<li><span style=\"color: #000000\">&#x76;oc&#x61;&#99;i&#x6f;&#110;a&#x6c;&#x63;o&#x6e;&#x71;ui&#x73;&#116;a&#x40;&#99;a&#x6e;&#x63;a&#x6f;&#x6e;ov&#x61;.c&#x6f;&#109; (Equipe Vocacional)<\/span><\/li>\n<li><span style=\"color: #000000\">&#x72;a&#x64;i&#x6f;&#100;&#x69;&#x72;e&#x63;a&#x6f;&#99;&#x6f;&#110;q&#x75;i&#x73;&#116;&#x61;&#64;c&#x61;n&#x63;a&#x6f;&#110;o&#x76;a&#x2e;c&#x6f;&#109; (R\u00e1dio Can\u00e7\u00e3o Nova Conquista AM 1210)<\/span><\/li>\n<li><span style=\"color: #000000\">&#x63;l&#x75;b&#x65;c&#x6f;&#110;q&#x75;i&#x73;t&#x61;&#64;&#x63;&#97;n&#x63;a&#x6f;n&#x6f;&#118;&#x61;&#x2e;c&#x6f;m (Clube da Evangeliza\u00e7\u00e3o)<\/span><\/li>\n<li><span style=\"color: #000000\">&#x6c;o&#x6a;&#97;c&#x6f;n&#x71;&#x75;i&#x73;&#116;a&#x40;c&#x61;&#110;c&#x61;&#111;n&#x6f;v&#x61;&#46;c&#x6f;m (Loja Can\u00e7\u00e3o Nova Conquista)<\/span><\/li>\n<\/ul>\n<p>&nbsp;<\/p>\n<h3><span style=\"color: #800000\"><strong>Nossos telefones:<\/strong><\/span><\/h3>\n<h3><img loading=\"lazy\" decoding=\"async\" class=\"wp-image-17781 alignleft\" src=\"http:\/\/blog.cancaonova.com\/conquista\/files\/2010\/08\/telefone.png\" alt=\"telefone\" width=\"66\" height=\"66\" srcset=\"https:\/\/blog.cancaonova.com\/conquista\/files\/2010\/08\/telefone.png 256w, https:\/\/blog.cancaonova.com\/conquista\/files\/2010\/08\/telefone-150x150.png 150w\" sizes=\"(max-width: 66px) 100vw, 66px\" \/><\/h3>\n<ul>\n<li><span style=\"color: #000000\">R\u00e1dio: (77) 32019117 &#8211; Est\u00fadio ao vivo<\/span><\/li>\n<li><span style=\"color: #000000\">R\u00e1dio: (77) 3201-9015 &#8211; Dire\u00e7\u00e3o<\/span><\/li>\n<li><span style=\"color: #000000\">Casa de Evangeliza\u00e7\u00e3o \/ Loja: (77) 3028-6314<\/span><\/li>\n<\/ul>\n<p>&nbsp;<\/p>\n<h3><span style=\"color: #800000\">M\u00eddias Sociais<strong>:<\/strong><\/span><\/h3>\n<p><span style=\"color: #000000\"><strong>Facebook<\/strong><\/span><br \/>\n<span style=\"color: #000000\"> <em>facebook.com\/cnconquista<\/em><\/span><\/p>\n<p><span style=\"color: #000000\"><strong>Instagram<\/strong><\/span><br \/>\n<span style=\"color: #000000\"> <em>@cancaonovaconquista<\/em><\/span><\/p>\n<p><span style=\"color: #000000\"><strong>Twitter<\/strong><\/span><br \/>\n<span style=\"color: #000000\"> <em>@cnconquista<\/em><\/span><\/p>\n<p>&nbsp;<\/p>\n<p><span style=\"color: #800000\"><strong>Endere\u00e7o:<\/strong><\/span><span style=\"color: #800000\"><strong><br \/>\n<\/strong><\/span><span style=\"color: #000000\">Casa de Evangeliza\u00e7\u00e3o<\/span><br \/>\n<span style=\"color: #000000\"> Av. Deputado Ulisses Guimar\u00e3es, 165 \u2013&nbsp;Bairro Fel\u00edcia \u2013 Vit\u00f3ria da Conquista\/BA<\/span><br \/>\n<span style=\"color: #000000\"> (Perto do Hotel Ibis da Juracy Magalh\u00e3es)<\/span><\/p>\n<h3 style=\"text-align: center\"><span style=\"color: #3366ff\"><strong>Esperamos por voc\u00ea!&nbsp;<\/strong><\/span><\/h3>\n<p>&nbsp;<\/p>\n","protected":false},"excerpt":{"rendered":"<p>&nbsp; Nossos Contatos &nbsp; Ol\u00e1! Paz ao cora\u00e7\u00e3o! Voc\u00ea \u00e9 muito bem vindo(a) ao blog da miss\u00e3o da Can\u00e7\u00e3o Nova de Vit\u00f3ria da Conquista. Dispomos nossos meios para que voc\u00ea possa fazer contato conosco no caso de d\u00favidas, sugest\u00f5es ou&#8230;<\/p>\n","protected":false},"author":8,"featured_media":0,"parent":0,"menu_order":0,"comment_status":"closed","ping_status":"open","template":"","meta":{"_mi_skip_tracking":false,"_monsterinsights_sitenote_active":false,"_monsterinsights_sitenote_note":"","_monsterinsights_sitenote_category":0,"footnotes":""},"_links":{"self":[{"href":"https:\/\/blog.cancaonova.com\/conquista\/wp-json\/wp\/v2\/pages\/10570"}],"collection":[{"href":"https:\/\/blog.cancaonova.com\/conquista\/wp-json\/wp\/v2\/pages"}],"about":[{"href":"https:\/\/blog.cancaonova.com\/conquista\/wp-json\/wp\/v2\/types\/page"}],"author":[{"embeddable":true,"href":"https:\/\/blog.cancaonova.com\/conquista\/wp-json\/wp\/v2\/users\/8"}],"replies":[{"embeddable":true,"href":"https:\/\/blog.cancaonova.com\/conquista\/wp-json\/wp\/v2\/comments?post=10570"}],"version-history":[{"count":14,"href":"https:\/\/blog.cancaonova.com\/conquista\/wp-json\/wp\/v2\/pages\/10570\/revisions"}],"predecessor-version":[{"id":18490,"href":"https:\/\/blog.cancaonova.com\/conquista\/wp-json\/wp\/v2\/pages\/10570\/revisions\/18490"}],"wp:attachment":[{"href":"https:\/\/blog.cancaonova.com\/conquista\/wp-json\/wp\/v2\/media?parent=10570"}],"curies":[{"name":"wp","href":"https:\/\/api.w.org\/{rel}","templated":true}]}}