{"id":11161,"date":"2018-03-19T08:00:35","date_gmt":"2018-03-19T11:00:35","guid":{"rendered":"http:\/\/blog.cancaonova.com\/conquista\/?page_id=11161"},"modified":"2021-10-06T11:23:48","modified_gmt":"2021-10-06T14:23:48","slug":"nossas-atividades","status":"publish","type":"page","link":"https:\/\/blog.cancaonova.com\/conquista\/nossas-atividades\/","title":{"rendered":"Nossas Atividades"},"content":{"rendered":"<p style=\"text-align: center\"><strong><a href=\"http:\/\/blog.cancaonova.com\/conquista\/eventos-2\/attachment\/5\/\"><img loading=\"lazy\" decoding=\"async\" class=\"aligncenter wp-image-18425 \" src=\"http:\/\/blog.cancaonova.com\/conquista\/files\/2019\/07\/5.png\" alt=\"\" width=\"677\" height=\"238\" srcset=\"https:\/\/blog.cancaonova.com\/conquista\/files\/2019\/07\/5.png 3000w, https:\/\/blog.cancaonova.com\/conquista\/files\/2019\/07\/5-300x106.png 300w, https:\/\/blog.cancaonova.com\/conquista\/files\/2019\/07\/5-768x270.png 768w\" sizes=\"(max-width: 677px) 100vw, 677px\" \/><\/a><\/strong><\/p>\n<ul>\n<li><span style=\"color: #800000\"><strong>SEGUNDA-FEIRA<\/strong><\/span><\/li>\n<\/ul>\n<p><span style=\"color: #000000\">\u00a0 \u00a0 \u00a0Santa Missa \u2013 17h<\/span><\/p>\n<p><span style=\"color: #ff0000\"> Ter\u00e7o da Miseric\u00f3rdia \u2013 15h<\/span><\/p>\n<p><span style=\"color: #000000\">\u00a0 \u00a0 \u00a0 Grupo de Ora\u00e7\u00e3o S\u00e3o Miguel \u2013 19h30<\/span><\/p>\n<p><span style=\"color: #ff6600\"><em>\u00a0*Confiss\u00e3o: 9h \u00e0s 11h \/ 14h \u00e0s 16h<\/em><\/span><\/p>\n<p>&nbsp;<\/p>\n<ul>\n<li><span style=\"color: #800000\"><strong>TER\u00c7A-FEIRA<\/strong><\/span><\/li>\n<\/ul>\n<p><span style=\"color: #000000\">\u00a0 \u00a0 \u00a0 Santa Missa \u2013 17h<\/span><\/p>\n<p><span style=\"color: #ff0000\">\u00a0 \u00a0 \u00a0 Ter\u00e7o da Miseric\u00f3rdia \u2013 15h<\/span><\/p>\n<p><span style=\"color: #000000\">\u00a0 <span style=\"color: #3366ff\">\u00a0 \u00a0 Dire\u00e7\u00e3o Espiritual (<\/span><\/span><span style=\"color: #000000\"><span style=\"color: #3366ff\"><em>Precisa ser agendado na Casa de Evangeliza\u00e7\u00e3o ou pelo telefone fixo 3028-6314)<\/em><\/span><\/span><\/p>\n<p>&nbsp;<\/p>\n<ul>\n<li><span style=\"color: #800000\"><strong>QUARTA-FEIRA<\/strong><\/span><\/li>\n<\/ul>\n<p><span style=\"color: #000000\">\u00a0 \u00a0 \u00a0 Santa Missa \u2013 17h<\/span><\/p>\n<p><span style=\"color: #ff0000\">\u00a0 Ter\u00e7o da Miseric\u00f3rdia \u2013 15h<\/span><\/p>\n<p><span style=\"color: #ff6600\"><em>\u00a0*Confiss\u00e3o: 9h \u00e0s 11h \/ 14h \u00e0s 16h<\/em><\/span><\/p>\n<p><span style=\"color: #000000\">\u00a0 \u00a0 \u00a0<span style=\"color: #3366ff\"> * Toda<strong> segunda quarta-feira do m\u00eas<\/strong> &#8211; Dia da Beleza na Quarta-feira da Provid\u00eancia &#8211; 9h \u00e0s 16h\u00a0\u00a0<\/span><\/span><\/p>\n<p>&nbsp;<\/p>\n<ul>\n<li><span style=\"color: #800000\"><strong>QUINTA-FEIRA<\/strong><\/span><\/li>\n<\/ul>\n<p><span style=\"color: #000000\">\u00a0 \u00a0 \u00a0 Adora\u00e7\u00e3o ao Sant\u00edssimo Sacramento \u2013 14h \u00e0s 17h<\/span><\/p>\n<p><span style=\"color: #000000\">\u00a0 \u00a0 \u00a0 <span style=\"color: #ff0000\">Ter\u00e7o da Miseric\u00f3rdia \u2013 15h<\/span><\/span><\/p>\n<p><span style=\"color: #000000\">\u00a0 \u00a0 \u00a0 Santa Missa do Clube da Evangeliza\u00e7\u00e3o (Santa Missa seguida de adora\u00e7\u00e3o) &#8211; 17h<\/span><\/p>\n<p><span style=\"color: #ff6600\"><em> Atendimentos: Padre ou com os mission\u00e1rios. (Precisa ser agendado na Casa de Evangeliza\u00e7\u00e3o ou pelo telefone 3028-6314)<\/em><\/span><\/p>\n<p>&nbsp;<\/p>\n<ul>\n<li><span style=\"color: #800000\"><strong>SEXTA-FEIRA<\/strong><\/span><\/li>\n<\/ul>\n<p><span style=\"color: #000000\">\u00a0 \u00a0 \u00a0 Bazar da Can\u00e7\u00e3o Nova \u2013 09h \u00e0s 10h30<\/span><\/p>\n<p><span style=\"color: #ff0000\"> Ter\u00e7o da Miseric\u00f3rdia \u2013 15h<\/span><\/p>\n<p><span style=\"color: #000000\">\u00a0 \u00a0 \u00a0 Santa Missa \u2013 17h<\/span><\/p>\n<p>&nbsp;<\/p>\n<ul>\n<li><span style=\"color: #800000\"><strong>S\u00c1BADO<\/strong><\/span><\/li>\n<\/ul>\n<p><span style=\"color: #000000\">\u00a0 \u00a0 \u00a0 Santa Missa &#8211; 08h\u00a0\u00a0<span style=\"color: #ff6600\"><em>(*Quando tem evento na Casa ou V\u00edgilia, a Missa \u00e9 transferida de hor\u00e1rio)<\/em><\/span><\/span><\/p>\n<p>&nbsp;<\/p>\n<ul>\n<li><span style=\"color: #800000\"><strong>DOMINGO<\/strong><\/span><\/li>\n<\/ul>\n<p>Santa Missa &#8211; 09h\u00a0\u00a0<span style=\"color: #ff6600\"><em>(*Quando tem evento na Casa ou V\u00edgilia, a Missa \u00e9 transferida de hor\u00e1rio)<\/em><\/span><\/p>\n<p>&nbsp;<\/p>\n<p><a href=\"http:\/\/blog.cancaonova.com\/conquista\/nossas-atividades\/quarta-feira-2\/\" rel=\"attachment wp-att-18627\"><img loading=\"lazy\" decoding=\"async\" class=\"aligncenter size-full wp-image-18627\" src=\"http:\/\/blog.cancaonova.com\/conquista\/files\/2018\/03\/quarta-feira-2.png\" alt=\"\" width=\"1080\" height=\"1080\" srcset=\"https:\/\/blog.cancaonova.com\/conquista\/files\/2018\/03\/quarta-feira-2.png 1080w, https:\/\/blog.cancaonova.com\/conquista\/files\/2018\/03\/quarta-feira-2-150x150.png 150w, https:\/\/blog.cancaonova.com\/conquista\/files\/2018\/03\/quarta-feira-2-300x300.png 300w, https:\/\/blog.cancaonova.com\/conquista\/files\/2018\/03\/quarta-feira-2-768x768.png 768w\" sizes=\"(max-width: 1080px) 100vw, 1080px\" \/><\/a><\/p>\n<hr \/>\n<p><span style=\"color: #ff6600\"><strong><em>*OBS: Para confirmar se o dia que voc\u00ea vem para a confiss\u00e3o ter\u00e1 mesmo, \u00e9 bom ligar no telefone, pois \u00e0s vezes tem algum imprevisto.<\/em><\/strong><\/span><\/p>\n<p style=\"text-align: center\"><span style=\"color: #3366ff\"><em><strong>Venha nos visitar e participar das nossas atividades. <\/strong><\/em><\/span><\/p>\n<p style=\"text-align: center\"><span style=\"color: #3366ff\"><em><strong>Voc\u00ea \u00e9 muito bem vindo(a) na Can\u00e7\u00e3o Nova!<\/strong><\/em><\/span><\/p>\n<p style=\"text-align: center\"><span style=\"color: #333333\"><br \/>\n<span style=\"color: #800000\"><strong>Av. Deputado Ulisses Guimar\u00e3es, 165, Bairro Fel\u00edcia ( Perto do Hotel Ibis da Juracy Magalh\u00e3es)<\/strong><\/span><\/span><\/p>\n<p style=\"text-align: center\"><span style=\"color: #800000\"><strong>Informa\u00e7\u00f5es: (77) 3028-6314<\/strong><\/span><\/p>\n","protected":false},"excerpt":{"rendered":"<p>SEGUNDA-FEIRA \u00a0 \u00a0 \u00a0Santa Missa \u2013 17h Ter\u00e7o da Miseric\u00f3rdia \u2013 15h \u00a0 \u00a0 \u00a0 Grupo de Ora\u00e7\u00e3o S\u00e3o Miguel \u2013 19h30 \u00a0*Confiss\u00e3o: 9h \u00e0s 11h \/ 14h \u00e0s 16h &nbsp; TER\u00c7A-FEIRA \u00a0 \u00a0 \u00a0 Santa Missa \u2013 17h \u00a0&#8230;<\/p>\n","protected":false},"author":3201,"featured_media":0,"parent":0,"menu_order":0,"comment_status":"closed","ping_status":"open","template":"","meta":{"_mi_skip_tracking":false,"_monsterinsights_sitenote_active":false,"_monsterinsights_sitenote_note":"","_monsterinsights_sitenote_category":0,"footnotes":""},"_links":{"self":[{"href":"https:\/\/blog.cancaonova.com\/conquista\/wp-json\/wp\/v2\/pages\/11161"}],"collection":[{"href":"https:\/\/blog.cancaonova.com\/conquista\/wp-json\/wp\/v2\/pages"}],"about":[{"href":"https:\/\/blog.cancaonova.com\/conquista\/wp-json\/wp\/v2\/types\/page"}],"author":[{"embeddable":true,"href":"https:\/\/blog.cancaonova.com\/conquista\/wp-json\/wp\/v2\/users\/3201"}],"replies":[{"embeddable":true,"href":"https:\/\/blog.cancaonova.com\/conquista\/wp-json\/wp\/v2\/comments?post=11161"}],"version-history":[{"count":25,"href":"https:\/\/blog.cancaonova.com\/conquista\/wp-json\/wp\/v2\/pages\/11161\/revisions"}],"predecessor-version":[{"id":18628,"href":"https:\/\/blog.cancaonova.com\/conquista\/wp-json\/wp\/v2\/pages\/11161\/revisions\/18628"}],"wp:attachment":[{"href":"https:\/\/blog.cancaonova.com\/conquista\/wp-json\/wp\/v2\/media?parent=11161"}],"curies":[{"name":"wp","href":"https:\/\/api.w.org\/{rel}","templated":true}]}}