{"id":17967,"date":"2016-07-21T16:59:42","date_gmt":"2016-07-21T19:59:42","guid":{"rendered":"http:\/\/blog.cancaonova.com\/conquista\/?page_id=17967"},"modified":"2019-07-04T17:02:21","modified_gmt":"2019-07-04T20:02:21","slug":"radio","status":"publish","type":"page","link":"https:\/\/blog.cancaonova.com\/conquista\/radio\/","title":{"rendered":"R\u00e1dio"},"content":{"rendered":"<p><a href=\"http:\/\/blog.cancaonova.com\/conquista\/radio\/radio-4\/\" rel=\"attachment wp-att-17968\"><img loading=\"lazy\" decoding=\"async\" class=\"size-full wp-image-17968 alignleft\" src=\"http:\/\/blog.cancaonova.com\/conquista\/files\/2016\/07\/radio.png\" alt=\"radio\" width=\"415\" height=\"265\" srcset=\"https:\/\/blog.cancaonova.com\/conquista\/files\/2016\/07\/radio.png 415w, https:\/\/blog.cancaonova.com\/conquista\/files\/2016\/07\/radio-300x192.png 300w\" sizes=\"(max-width: 415px) 100vw, 415px\" \/><\/a><\/p>\n<p>A R\u00e1dio Can\u00e7\u00e3o Nova foi inaugurada aqui em Vit\u00f3ria da Conquista no ano de 1997.&nbsp;&nbsp;Ela pode ser sintonizada na frequ\u00eancia&nbsp;<strong>1210 AM.<br \/>\n<\/strong>Pela internet voc\u00ea&nbsp;pode ouvir a R\u00e1dio no endere\u00e7o&nbsp;<strong><span style=\"color: #0000ff\"><a style=\"color: #0000ff\" href=\"http:\/\/radio.cancaonova.com\/vitoria-da-conquista\/?autoplay=true\" target=\"_blank\" rel=\"noopener\">radio.cancaonova.com<\/a><br \/>\n<\/span><\/strong>Temos ainda o aplicativo para smartphones \u201cR\u00e1dio Can\u00e7\u00e3o Nova\u201d.<br \/>\nSe voc\u00ea possui um smartphone, veja como baixar:<\/p>\n<p>Android:&nbsp;<a href=\"https:\/\/goo.gl\/xhp6mO\" target=\"_blank\" rel=\"noopener\">https:\/\/goo.gl\/xhp6mO<\/a><br \/>\nIOS:&nbsp;<a href=\"https:\/\/goo.gl\/Qococh\" target=\"_blank\" rel=\"noopener\">https:\/\/goo.gl\/Qococh<\/a><\/p>\n<p>Nossos contatos:<\/p>\n<h4><strong>Endere\u00e7o:<\/strong>&nbsp;Av. Deputado Ulisses Guimar\u00e3es, 165 \u2013 Fel\u00edcia \u2013 Vit\u00f3ria da Conquista&nbsp;\u2013 BA<\/h4>\n<h4><strong>E-mail<\/strong>: <a href=\"m&#97;&#x69;&#x6c;to&#x3a;&#x6f;ir&#97;&#x64;&#x69;o&#99;&#x6f;&#x6e;qu&#x69;&#x73;ta&#64;&#x63;&#x61;n&#99;&#x61;&#x6f;no&#x76;&#x61;.c&#111;&#x6d;\"><br \/>\n<\/a><strong>Telefone: <\/strong>(77) 3201-9015<\/h4>\n<h4><strong>Ao Vivo:<\/strong> (77) 3201-9117<\/h4>\n<h4><strong>WhatsApp: <\/strong>(77)&nbsp; 98824-8787<br \/>\n<strong>Frequ\u00eancia:&nbsp;<\/strong>1210 AM<\/h4>\n<p>&nbsp;<\/p>\n<p><strong>Programa\u00e7\u00e3o local da R\u00e1dio Can\u00e7\u00e3o Nova de Vit\u00f3ria da Conquista\/BA:<\/strong><\/p>\n<p>:: Clube do ouvinte ao vivo (segundas, ter\u00e7as, quartas e sextas)<br \/>\nHor\u00e1rio: 09h23 \u00e0s 11h com <a href=\"https:\/\/www.facebook.com\/monicamariacn\"><strong><span style=\"color: #0000ff\">M\u00f4nica Maria<\/span><\/strong><\/a><\/p>\n<p>::&nbsp;Arquidiocese em Destaque (ter\u00e7as, quartas e sextas)<br \/>\nHor\u00e1rio: 13h \u00e0s 13h30 com&nbsp;<a href=\"https:\/\/www.facebook.com\/ailtonpereiramenezes\"><strong>Ailton Menezes<\/strong><\/a><\/p>\n<p>:: No poder da Ora\u00e7\u00e3o ao vivo (segundas)<br \/>\nHor\u00e1rio: 14h00 \u00e0s 15h30 com <a href=\"https:\/\/www.facebook.com\/ailtonpereiramenezes\"><strong>Ailton Menezes<\/strong><\/a><\/p>\n<p>::&nbsp;Territ\u00f3rio Can\u00e7\u00e3o Nova ao vivo (ter\u00e7as, quartas e sextas)<br \/>\nHor\u00e1rio: 13h30 \u00e0s 15h com <a href=\"https:\/\/www.facebook.com\/rebeccamariacn\"><strong><span style=\"color: #0000ff\">Rebecca Maria<\/span><\/strong><\/a><\/p>\n<p>:: Encontro com a Miseric\u00f3rdia ao vivo ( ter\u00e7as, quartas e sextas)<br \/>\nHor\u00e1rio: 15h00 \u00e0s 15h30 com <a href=\"https:\/\/www.facebook.com\/ailtonpereiramenezes\"><strong><span style=\"color: #0000ff\">Ailton Menezes<\/span><\/strong><\/a><\/p>\n<p>::&nbsp;No Cora\u00e7\u00e3o da Igreja (ter\u00e7as, quartas e sextas)<br \/>\nHor\u00e1rio: 15h30 as 16h com <a href=\"https:\/\/www.facebook.com\/PFelipeAquino\/?fref=ts\"><strong><span style=\"color: #0000ff\">Professor Felipe Aquino<\/span><\/strong><\/a><\/p>\n<p>::&nbsp;Ter\u00e7o em fam\u00edlia ao vivo (segunda \u00e0 sexta)<br \/>\nHor\u00e1rio: 18h \u00e0s 19h com a <a href=\"https:\/\/www.facebook.com\/vanda.coutoandrade?fref=ts\"><strong><span style=\"color: #0000ff\">Vanda Andrade<\/span><\/strong><\/a> e&nbsp;<a href=\"https:\/\/www.facebook.com\/elias.andrade.3998?fref=ts\"><strong><span style=\"color: #0000ff\">&nbsp;Elias Andrade<\/span><\/strong><\/a><\/p>\n<p><strong>&nbsp;<\/strong><\/p>\n<p><strong>R\u00e1dio Can\u00e7\u00e3o Nova, espalhando o Amor pelo ar!<br \/>\n<\/strong><\/p>\n","protected":false},"excerpt":{"rendered":"<p>A R\u00e1dio Can\u00e7\u00e3o Nova foi inaugurada aqui em Vit\u00f3ria da Conquista no ano de 1997.&nbsp;&nbsp;Ela pode ser sintonizada na frequ\u00eancia&nbsp;1210 AM. Pela internet voc\u00ea&nbsp;pode ouvir a R\u00e1dio no endere\u00e7o&nbsp;radio.cancaonova.com Temos ainda o aplicativo para smartphones \u201cR\u00e1dio Can\u00e7\u00e3o Nova\u201d. Se voc\u00ea&#8230;<\/p>\n","protected":false},"author":3201,"featured_media":0,"parent":0,"menu_order":0,"comment_status":"closed","ping_status":"closed","template":"","meta":{"_mi_skip_tracking":false,"_monsterinsights_sitenote_active":false,"_monsterinsights_sitenote_note":"","_monsterinsights_sitenote_category":0,"footnotes":""},"_links":{"self":[{"href":"https:\/\/blog.cancaonova.com\/conquista\/wp-json\/wp\/v2\/pages\/17967"}],"collection":[{"href":"https:\/\/blog.cancaonova.com\/conquista\/wp-json\/wp\/v2\/pages"}],"about":[{"href":"https:\/\/blog.cancaonova.com\/conquista\/wp-json\/wp\/v2\/types\/page"}],"author":[{"embeddable":true,"href":"https:\/\/blog.cancaonova.com\/conquista\/wp-json\/wp\/v2\/users\/3201"}],"replies":[{"embeddable":true,"href":"https:\/\/blog.cancaonova.com\/conquista\/wp-json\/wp\/v2\/comments?post=17967"}],"version-history":[{"count":5,"href":"https:\/\/blog.cancaonova.com\/conquista\/wp-json\/wp\/v2\/pages\/17967\/revisions"}],"predecessor-version":[{"id":18446,"href":"https:\/\/blog.cancaonova.com\/conquista\/wp-json\/wp\/v2\/pages\/17967\/revisions\/18446"}],"wp:attachment":[{"href":"https:\/\/blog.cancaonova.com\/conquista\/wp-json\/wp\/v2\/media?parent=17967"}],"curies":[{"name":"wp","href":"https:\/\/api.w.org\/{rel}","templated":true}]}}