{"id":18423,"date":"2019-07-01T16:32:04","date_gmt":"2019-07-01T19:32:04","guid":{"rendered":"http:\/\/blog.cancaonova.com\/conquista\/?page_id=18423"},"modified":"2021-10-11T16:33:32","modified_gmt":"2021-10-11T19:33:32","slug":"eventos-2019","status":"publish","type":"page","link":"https:\/\/blog.cancaonova.com\/conquista\/eventos-2019\/","title":{"rendered":"Eventos"},"content":{"rendered":"<p><a href=\"http:\/\/blog.cancaonova.com\/conquista\/?attachment_id=18424\" rel=\"attachment wp-att-18425\"><img loading=\"lazy\" decoding=\"async\" class=\"aligncenter wp-image-18424 \" src=\"http:\/\/blog.cancaonova.com\/conquista\/files\/2019\/07\/2.png\" alt=\"\" width=\"703\" height=\"247\" srcset=\"https:\/\/blog.cancaonova.com\/conquista\/files\/2019\/07\/2.png 3000w, https:\/\/blog.cancaonova.com\/conquista\/files\/2019\/07\/2-300x106.png 300w, https:\/\/blog.cancaonova.com\/conquista\/files\/2019\/07\/2-768x270.png 768w\" sizes=\"(max-width: 703px) 100vw, 703px\" \/><\/a><\/p>\n<ul>\n<li><span style=\"color: #ff0000\"><strong>JANEIRO<\/strong><\/span><\/li>\n<li><span style=\"color: #ff0000\"><strong>FEVEREIRO<\/strong><\/span><\/li>\n<li><span style=\"color: #ff0000\"><strong>MAR\u00c7O<\/strong><\/span><\/li>\n<li><span style=\"color: #ff0000\"><strong>ABRIL<\/strong><\/span><\/li>\n<li><span style=\"color: #ff0000\"><strong>MAIO<\/strong><\/span><\/li>\n<li><span style=\"color: #ff0000\"><strong>JUNHO<\/strong><\/span><\/li>\n<li><span style=\"color: #ff0000\"><strong>JULHO<\/strong><\/span><\/li>\n<li><span style=\"color: #ff0000\"><strong>AGOSTO<\/strong><\/span><\/li>\n<li><span style=\"color: #ff0000\"><strong>SETEMBRO<\/strong><\/span><\/li>\n<li><span style=\"color: #ff0000\"><strong>OUTUBRO<\/strong><\/span><\/li>\n<li><span style=\"color: #ff0000\"><b>NOVEMBRO<\/b><\/span><\/li>\n<\/ul>\n<p><span style=\"color: #ff0000\">Minha fam\u00edlia est\u00e1 protegida pelo sangue de Jesus!<\/span> N\u00f3s da comunidade Can\u00e7\u00e3o Nova queremos te convidar para rezar conosco no<span style=\"color: #ff0000\"> \u00faltimo Cerco de Jeric\u00f3 de 2021<\/span> em nossa Casa de evangeliza\u00e7\u00e3o. <span style=\"color: #ff0000\">De 01 a 07 de novembro<\/span> nos reuniremos, para juntos, suplicarmos a Deus as gra\u00e7as que tanto precisamos. N\u00f3s da Comunidade Can\u00e7\u00e3o Nova em Vit\u00f3ria da Conquista-Ba estaremos te aguardando em nossa Casa de Evangeliza\u00e7\u00e3o! <span style=\"color: #ff0000\">Nesses dias iniciaremos as 14h com a adora\u00e7\u00e3o ao Sant\u00edssimo e a ora\u00e7\u00e3o do Ros\u00e1rio.<\/span><\/p>\n<p>Programa\u00e7\u00e3o do cerco<br \/>\n<span style=\"color: #ff0000\">\ud83d\udd55 14h &#8211; Adora\u00e7\u00e3o e ora\u00e7\u00e3o do Ros\u00e1rio.<\/span><br \/>\n<span style=\"color: #ff0000\"> \ud83d\udd55 19h00 &#8211; ter\u00e7o do Sangue de Jesus.<\/span><br \/>\n<span style=\"color: #ff0000\"> \ud83d\udd55 19h30 &#8211; Santa Missa<\/span><\/p>\n<ul>\n<li><span style=\"color: #ff0000\"><strong>DEZEMBRO<\/strong><\/span><\/li>\n<\/ul>\n<p>&nbsp;<\/p>\n<h3 style=\"text-align: center\"><span style=\"color: #000080\">Local dos eventos &#8211; Casa de Evangeliza\u00e7\u00e3o<br \/>\n<\/span><span style=\"color: #000080\"> Av. Dep. Ulisses Guimar\u00e3es, 165 &#8211; Fel\u00edcia (Pr\u00f3ximo ao Ibis da Juracy)<\/span><\/h3>\n<p>&nbsp;<\/p>\n<h3 style=\"text-align: center\"><span style=\"color: #800000\"><strong>Sujeito a altera\u00e7\u00f5es!<\/strong><\/span><\/h3>\n","protected":false},"excerpt":{"rendered":"<p>JANEIRO FEVEREIRO MAR\u00c7O ABRIL MAIO JUNHO JULHO AGOSTO SETEMBRO OUTUBRO NOVEMBRO Minha fam\u00edlia est\u00e1 protegida pelo sangue de Jesus! N\u00f3s da comunidade Can\u00e7\u00e3o Nova queremos te convidar para rezar conosco no \u00faltimo Cerco de Jeric\u00f3 de 2021 em nossa Casa&#8230;<\/p>\n","protected":false},"author":3201,"featured_media":0,"parent":0,"menu_order":0,"comment_status":"closed","ping_status":"closed","template":"","meta":{"_mi_skip_tracking":false,"_monsterinsights_sitenote_active":false,"_monsterinsights_sitenote_note":"","_monsterinsights_sitenote_category":0,"footnotes":""},"_links":{"self":[{"href":"https:\/\/blog.cancaonova.com\/conquista\/wp-json\/wp\/v2\/pages\/18423"}],"collection":[{"href":"https:\/\/blog.cancaonova.com\/conquista\/wp-json\/wp\/v2\/pages"}],"about":[{"href":"https:\/\/blog.cancaonova.com\/conquista\/wp-json\/wp\/v2\/types\/page"}],"author":[{"embeddable":true,"href":"https:\/\/blog.cancaonova.com\/conquista\/wp-json\/wp\/v2\/users\/3201"}],"replies":[{"embeddable":true,"href":"https:\/\/blog.cancaonova.com\/conquista\/wp-json\/wp\/v2\/comments?post=18423"}],"version-history":[{"count":12,"href":"https:\/\/blog.cancaonova.com\/conquista\/wp-json\/wp\/v2\/pages\/18423\/revisions"}],"predecessor-version":[{"id":18637,"href":"https:\/\/blog.cancaonova.com\/conquista\/wp-json\/wp\/v2\/pages\/18423\/revisions\/18637"}],"wp:attachment":[{"href":"https:\/\/blog.cancaonova.com\/conquista\/wp-json\/wp\/v2\/media?parent=18423"}],"curies":[{"name":"wp","href":"https:\/\/api.w.org\/{rel}","templated":true}]}}