{"id":41,"date":"2018-03-01T09:39:10","date_gmt":"2018-03-01T12:39:10","guid":{"rendered":"http:\/\/blog.cancaonova.com\/conquista\/eventos\/"},"modified":"2019-06-13T16:52:48","modified_gmt":"2019-06-13T19:52:48","slug":"eventos","status":"publish","type":"page","link":"https:\/\/blog.cancaonova.com\/conquista\/eventos\/","title":{"rendered":"Eventos 2018"},"content":{"rendered":"<p style=\"text-align: center\"><b>&nbsp;<\/b><\/p>\n<p style=\"text-align: left\"><img loading=\"lazy\" decoding=\"async\" class=\" wp-image-17769 alignleft\" src=\"http:\/\/blog.cancaonova.com\/conquista\/files\/2014\/01\/eventos-300x145.png\" alt=\"eventos\" width=\"184\" height=\"89\" srcset=\"https:\/\/blog.cancaonova.com\/conquista\/files\/2014\/01\/eventos-300x145.png 300w, https:\/\/blog.cancaonova.com\/conquista\/files\/2014\/01\/eventos.png 464w\" sizes=\"(max-width: 184px) 100vw, 184px\" \/><\/p>\n<p>&nbsp;<\/p>\n<p>&nbsp;<\/p>\n<p>&nbsp;<\/p>\n<p><b><br \/>\n<\/b><\/p>\n<p><strong><span style=\"font-size: large\"><u>Mar\u00e7o<br \/>\n<\/u><\/span><\/strong><span style=\"font-size: large\">* 17 e 18 de mar\u00e7o &#8211; Inaugura\u00e7\u00e3o da nova Casa de Evangeliza\u00e7\u00e3o da Can\u00e7\u00e3o Nova&nbsp;<br \/>\nPresen\u00e7as:&nbsp;Dom Lu\u00eds Pepeu, Padre Euz\u00e9bio, Emanuel St\u00eanio e J\u00falio Brebal<\/span><\/p>\n<p>&nbsp;<\/p>\n<p><span style=\"font-size: large\"><strong><u>Abril<br \/>\n<\/u><\/strong>* 29 de abril &#8211; Kair\u00f3s<br \/>\nPresen\u00e7a:&nbsp;Leandro Gaviolli<\/span><\/p>\n<p><span style=\"font-size: large\">* 30 de abril &#8211; Noite Oracional com Leandro Gaviolli no Grupo S\u00e3o Miguel Arcanjo<\/span><\/p>\n<p>&nbsp;<\/p>\n<p><strong><span style=\"font-size: large\"><u>Maio<\/u><\/span><\/strong><span style=\"font-size: large\"><br \/>\n* 26 e 27 de maio&nbsp; &#8211; No combate da Ora\u00e7\u00e3o<br \/>\nPresen\u00e7as: Padre Halan<\/span><\/p>\n<p>&nbsp;<\/p>\n<p><span style=\"font-size: large\"><u><strong>Junho<\/strong><br \/>\n<\/u><\/span><span style=\"font-size: large\">* 16 de junho \u2013 Festa Junina<br \/>\nPresen\u00e7a: Z\u00e9 do Campo<\/p>\n<p><\/span><\/p>\n<h3><u>Julho<br \/>\n<\/u>*<strong> 22 de julho &#8211; Feijoada da Fam\u00edlia<\/strong><\/h3>\n<p><strong><span style=\"font-size: large\"><u>Agosto<\/u><\/span><\/strong><br \/>\n<span style=\"font-size: large\">* 17, 18 e 19 Agosto \u2013 Celebra\u00e7\u00e3o dos 21 anos da R\u00e1dio e Miss\u00e3o Can\u00e7\u00e3o Nova Conquista<br \/>\nPresen\u00e7as: Padre Bruno Costa, F\u00e1bio Lira e Juliana de Paula e toda Comunidade Can\u00e7\u00e3o Nova de Vit\u00f3ria da Conquista<\/span><\/p>\n<p>&nbsp;<\/p>\n<p><span style=\"font-size: large\"><u><strong>Setembro<\/strong><br \/>\n<\/u><\/span><span style=\"font-size: large\">* 08 e 09 de setembro \u2013 1\u00ba Encontro da Miseric\u00f3rdia<br \/>\nPresen\u00e7as: Daniela Miranda e Padre U\u00e9lisson<\/span><\/p>\n<p><span style=\"font-size: large\">*&nbsp;10 de setembro &#8211; Noite Oracional com Padre U\u00e9lisson no Grupo S\u00e3o Miguel Arcanjo<\/span><\/p>\n<p>&nbsp;<\/p>\n<p><u style=\"font-size: large\"><strong>Outubro<br \/>\n<\/strong><\/u><span style=\"font-size: large\">* 20 e 21 Outubro \u2013 Encontro de Cura Interior&nbsp;<br \/>\n<\/span><span style=\"font-size: large\">Presen\u00e7as: Ricardo Ida e Ana L\u00facia<br \/>\n* 22 de Outubro &#8211; Noite Oracional com Ana L\u00facia no Grupo S\u00e3o Miguel Arcanjo<\/span><\/p>\n<p>&nbsp;<\/p>\n<p><span style=\"font-size: large\"><u><strong>Novembro<\/strong><br \/>\n<\/u><\/span><span style=\"font-size: large\">* 10 e 11 de Novembro \u2013 Restaura Jequi\u00e9 ( na cidade de Jequi\u00e9 &#8211; BA)<br \/>\nPresen\u00e7as: Padre Vagner Ba\u00eda&nbsp;<\/span><\/p>\n<p><span style=\"font-size: large\"><br \/>\n<u><strong>Dezembro<br \/>\n<\/strong><\/u>* 31 de Dezembro \u2013 Vig\u00edlia de Ano Novo<\/span><\/p>\n<p>&nbsp;<\/p>\n<p>&nbsp;<\/p>\n<p>&nbsp;<\/p>\n<p align=\"center\"><b>Informa\u00e7\u00f5es: (77) 3201-9015<br \/>\n<\/b><b>&#112;r&#111;m&#111;c&#x61;o&#x63;o&#x6e;q&#x75;i&#x73;t&#x61;&#64;&#x63;a&#x6e;c&#x61;o&#x6e;o&#x76;a&#x2e;c&#x6f;m<br \/>\nconquista.cancaonova.com<\/b><\/p>\n<p align=\"center\"><b><strong>Endere\u00e7o (novo): Av. Deputado Ulisses Guimar\u00e3es \u2013&nbsp;165<\/strong><\/b><b><br \/>\n<\/b><b><strong>Bairro Fel\u00edcia (perto do Hotel Ibis da av. Juracy Magalh\u00e3es)<br \/>\n<\/strong><\/b><b><strong>Vit\u00f3ria da Conquista\/BA<br \/>\n<\/strong><\/b>&nbsp;<\/p>\n","protected":false},"excerpt":{"rendered":"<p>&nbsp; &nbsp; &nbsp; &nbsp; Mar\u00e7o * 17 e 18 de mar\u00e7o &#8211; Inaugura\u00e7\u00e3o da nova Casa de Evangeliza\u00e7\u00e3o da Can\u00e7\u00e3o Nova&nbsp; Presen\u00e7as:&nbsp;Dom Lu\u00eds Pepeu, Padre Euz\u00e9bio, Emanuel St\u00eanio e J\u00falio Brebal &nbsp; Abril * 29 de abril &#8211; Kair\u00f3s Presen\u00e7a:&nbsp;Leandro&#8230;<\/p>\n","protected":false},"author":3201,"featured_media":0,"parent":0,"menu_order":0,"comment_status":"closed","ping_status":"closed","template":"","meta":{"_mi_skip_tracking":false,"_monsterinsights_sitenote_active":false,"_monsterinsights_sitenote_note":"","_monsterinsights_sitenote_category":0,"footnotes":""},"_links":{"self":[{"href":"https:\/\/blog.cancaonova.com\/conquista\/wp-json\/wp\/v2\/pages\/41"}],"collection":[{"href":"https:\/\/blog.cancaonova.com\/conquista\/wp-json\/wp\/v2\/pages"}],"about":[{"href":"https:\/\/blog.cancaonova.com\/conquista\/wp-json\/wp\/v2\/types\/page"}],"author":[{"embeddable":true,"href":"https:\/\/blog.cancaonova.com\/conquista\/wp-json\/wp\/v2\/users\/3201"}],"replies":[{"embeddable":true,"href":"https:\/\/blog.cancaonova.com\/conquista\/wp-json\/wp\/v2\/comments?post=41"}],"version-history":[{"count":192,"href":"https:\/\/blog.cancaonova.com\/conquista\/wp-json\/wp\/v2\/pages\/41\/revisions"}],"predecessor-version":[{"id":18381,"href":"https:\/\/blog.cancaonova.com\/conquista\/wp-json\/wp\/v2\/pages\/41\/revisions\/18381"}],"wp:attachment":[{"href":"https:\/\/blog.cancaonova.com\/conquista\/wp-json\/wp\/v2\/media?parent=41"}],"curies":[{"name":"wp","href":"https:\/\/api.w.org\/{rel}","templated":true}]}}