{"id":71,"date":"2016-05-05T13:45:40","date_gmt":"2016-05-05T16:45:40","guid":{"rendered":"http:\/\/blog.cancaonova.com\/conquista\/clube-do-ouvinte\/"},"modified":"2019-08-05T13:57:03","modified_gmt":"2019-08-05T16:57:03","slug":"clube-do-ouvinte","status":"publish","type":"page","link":"https:\/\/blog.cancaonova.com\/conquista\/clube-do-ouvinte\/","title":{"rendered":"Clube da Evangeliza\u00e7\u00e3o"},"content":{"rendered":"<h2 style=\"text-align: center\"><span style=\"color: #000080\"><strong>CLUBE DA EVANGELIZA\u00c7\u00c3O | SUA F\u00c9 TRANSFORMANDO VIDAS<\/strong><\/span><\/h2>\n<p style=\"text-align: center\"><a href=\"http:\/\/blog.cancaonova.com\/conquista\/clube-do-ouvinte\/logo-clube\/\" rel=\"attachment wp-att-18468\"><img loading=\"lazy\" decoding=\"async\" class=\"aligncenter wp-image-18468\" src=\"http:\/\/blog.cancaonova.com\/conquista\/files\/2016\/05\/LOGO-CLUBE.jpeg\" alt=\"\" width=\"280\" height=\"280\" srcset=\"https:\/\/blog.cancaonova.com\/conquista\/files\/2016\/05\/LOGO-CLUBE.jpeg 512w, https:\/\/blog.cancaonova.com\/conquista\/files\/2016\/05\/LOGO-CLUBE-150x150.jpeg 150w, https:\/\/blog.cancaonova.com\/conquista\/files\/2016\/05\/LOGO-CLUBE-300x300.jpeg 300w\" sizes=\"(max-width: 280px) 100vw, 280px\" \/><\/a><\/p>\n<h2 style=\"text-align: center\"><span style=\"color: #000080\"><a name=\"post-1661\"><\/a> <span style=\"color: #800000\"><strong>Seja um s\u00f3cio da Can\u00e7\u00e3o Nova<\/strong><\/span><\/span><\/h2>\n<p style=\"text-align: center\"><!-- --><\/p>\n<h3 style=\"text-align: left\"><span style=\"color: #000080\"><strong>Veja as formas de contribuir com a Can\u00e7\u00e3o Nova<\/strong>:<\/span><\/h3>\n<p style=\"text-align: left\" align=\"center\"><strong>D\u00e9bito Autom\u00e1tico:<\/strong><\/p>\n<p style=\"text-align: left\" align=\"center\">\u00c9 a forma mais r\u00e1pida, f\u00e1cil e segura.<br \/>\nBasta ter uma conta banc\u00e1ria, escolher um dia do m\u00eas para ser debitado e o valor \u00e9 a partir de R$ 20, 00 (valor m\u00ednimo estipulado pelo banco).<br \/>\nObs.: n\u00e3o se esquecer de assinar a carta contrato (quando se associar por telefone) que vai junto com revista e enviar para Can\u00e7\u00e3o Nova.<\/p>\n<p style=\"text-align: left\" align=\"center\"><strong>Boleto:<\/strong><\/p>\n<p style=\"text-align: left\" align=\"center\">Chega todo m\u00eas junto com a revista Can\u00e7\u00e3o Nova pode ser pago em qualquer banco, casa lot\u00e9rica, casa de miss\u00e3o e banco postal (ag\u00eancias dos correios)qualquer valor e em qualquer dia do m\u00eas (deve-se observar o dia do vencimento).<\/p>\n<p style=\"text-align: left\" align=\"center\"><strong>Dep\u00f3sito Banc\u00e1rio e Dep\u00f3sito Identificado:<\/strong><\/p>\n<p style=\"text-align: left\" align=\"center\">Basta ter em m\u00e3os uma de nossas contas banc\u00e1rias e ir at\u00e9 uma ag\u00eancia e fazer o dep\u00f3sito. qualquer valor e dia do m\u00eas. Depois, enviar uma c\u00f3pia do dep\u00f3sito para o clube da Evangeliza\u00e7\u00e3o.<br \/>\nPara fazer dep\u00f3sito identificado o s\u00f3cio precisa ter em m\u00e3os o seu n\u00famero identificador (c\u00f3digo mais d\u00edgito identificador que se encontra no boleto) mas o mesmo s\u00f3 pode ser efetuado nas ag\u00eancias do Banco do Brasil &#8211; Ag 3358-8&nbsp; C\/C 2000-1 e assim n\u00e3o precisar\u00e1 enviar comprovante, pois j\u00e1 estar\u00e1 identificado.<\/p>\n<p style=\"text-align: left\" align=\"center\"><strong>Cart\u00e3o de Cr\u00e9dito:<\/strong><\/p>\n<p style=\"text-align: left\" align=\"center\">Quem ainda n\u00e3o \u00e9 s\u00f3cio ou quem \u00e9 s\u00f3cio por boleto banc\u00e1rio, pode optar por doar mensalmente pelo cart\u00e3o de cr\u00e9dito, uma maneira simples, pr\u00e1tica e segura de ajudar a Can\u00e7\u00e3o Nova. E como funciona? Para quem ainda n\u00e3o conhece essa modalidade, ela \u00e9 semelhante a um sistema de assinatura, onde o valor escolhido chega diretamente na fatura do seu cart\u00e3o.<\/p>\n<p style=\"text-align: left\" align=\"center\"><strong>Casa de Evangeliza\u00e7\u00e3o:<\/strong><\/p>\n<p style=\"text-align: left\" align=\"center\">O s\u00f3cio leva a sua contribui\u00e7\u00e3o de qualquer valor direto ao Clube da Evangeliza\u00e7\u00e3o, em qualquer dia do m\u00eas recebe o seu comprovante de contribui\u00e7\u00e3o.<\/p>\n<p style=\"text-align: left\" align=\"center\"><strong>Obs: N\u00e3o \u00e9 necess\u00e1rio esperar chegar a revista para contribuir.<\/strong><\/p>\n<p style=\"text-align: left\" align=\"center\">Todos os meses, o s\u00f3cio recebe pelo correio, a revista Can\u00e7\u00e3o Nova gratuitamente com o boleto (que no verso tem a etiqueta com endere\u00e7o). Mesmo quem n\u00e3o faz op\u00e7\u00e3o pelo boleto, poder\u00e1 utiliz\u00e1-lo sempre que quiser fazer uma contribui\u00e7\u00e3o extra ou qualquer outra iniciativa.<\/p>\n<p style=\"text-align: center\" align=\"center\"><span style=\"color: #800000\"><em><strong>Sua contribui\u00e7\u00e3o pode fazer milagres na vida de uma pessoa!<\/strong><\/em><\/span><\/p>\n<p align=\"center\"><span style=\"color: #000080\"><strong>Can\u00e7\u00e3o Nova &#8211; Vit\u00f3ria da Conquista <\/strong><\/span><\/p>\n<p align=\"center\"><span style=\"color: #000080\"><strong>Av: Dep. Ulisses Guimar\u00e3es, 165 &#8211; Fel\u00edcia<\/strong><\/span><\/p>\n<p align=\"center\"><span style=\"color: #000080\"><strong>Tel: (77) 3028-6314<\/strong><\/span><\/p>\n<p align=\"center\"><span style=\"color: #000080\"><strong>Email para contato:<\/strong>&nbsp;<a href=\"&#109;a&#x69;l&#x74;o&#x3a;&#99;&#x6c;&#117;b&#x65;s&#x6a;c&#x40;c&#x61;&#110;&#x63;&#97;o&#x6e;o&#x76;a&#x2e;&#99;&#x6f;&#109;\">clubeconquista&#64;canc&#97;&#111;&#110;&#111;&#118;&#97;&#46;&#99;&#x6f;&#x6d;<\/a><\/span><\/p>\n<p align=\"center\">&#8212;&#8212;&#8212;&#8212;&#8212;&#8212;&#8212;&#8212;&#8212;&#8212;&#8212;&#8212;&#8212;&#8212;&#8212;&#8212;&#8212;&#8212;&#8212;&#8212;&#8212;&#8212;&#8212;&#8212;&#8212;&#8212;&#8212;&#8212;&#8212;&#8212;&#8212;&#8212;&#8212;&#8212;&#8212;&#8212;&#8212;&#8212;&#8212;&#8212;&#8212;&#8212;&#8212;&#8212;&#8212;&#8212;&#8212;&#8212;&#8212;&#8212;&#8212;&#8212;&#8212;&#8212;&#8212;&#8212;&#8212;&#8212;&#8211;<\/p>\n<h3 style=\"font-family: Arial,Helvetica,sans-serif;font-size: 18px;color: #0072bc;font-weight: bold;margin-bottom: 25px;text-align: center\">Mensagem de Dom Odilo Scherer e Dom Dem\u00e9trio Valentim para os internautas<\/h3>\n<p align=\"center\"><a href=\"http:\/\/blog.cancaonova.com\/conquista\/files\/2009\/04\/g108321.jpg\"><img loading=\"lazy\" decoding=\"async\" class=\"aligncenter size-full wp-image-3859\" src=\"http:\/\/blog.cancaonova.com\/conquista\/files\/2009\/04\/g108321.jpg\" alt=\"\" width=\"500\" height=\"281\"\/><\/a><\/p>\n<p style=\"text-align: left\">O Cardeal Arcebispo metropolitano de S\u00e3o Paulo, Dom Odilo Pedro Scherer, e o Bispo de Jales (SP), Dom Luiz Dem\u00e9trio Valentini,&nbsp; incentivam amigos e colaboradores&nbsp; a ajudarem a Can\u00e7\u00e3o Nova, afim de que ela&nbsp; anuncie o Evangelho e continue apresentando e divulgando a vida da Igreja e toda a sua beleza.<\/p>\n<p style=\"text-align: left\">&#8220;<strong>O Sistema Can\u00e7\u00e3o Nova de Comunica\u00e7\u00e3o est\u00e1 a servi\u00e7o da evangeliza\u00e7\u00e3o, \u00e9 a comunica\u00e7\u00e3o colocada a servi\u00e7o do Evangelho, da difus\u00e3o da Boa Nova de Jesus Cristo proporcionando a instru\u00e7\u00e3o crist\u00e3, a forma\u00e7\u00e3o da comunidade eclesial, da vida da Igreja e tamb\u00e9m para comunicar as coisas bonitas da nossa Igreja at\u00e9 os lugares mais distantes, para que as pessoas tenham a ocasi\u00e3o de conhec\u00ea-las. Por isso mesmo o Sistema da Can\u00e7\u00e3o Nova de Comunica\u00e7\u00e3o presta um grande servi\u00e7o \u00e0 miss\u00e3o da Igreja, e ela [Can\u00e7\u00e3o Nova] depende para a sua sustenta\u00e7\u00e3o da generosidade e da doa\u00e7\u00e3o de tantas pessoas, de tantos amigos que se tornaram colaboradores dessa obra de evangeliza\u00e7\u00e3o \u00e0 medida que tamb\u00e9m ajudam a sustent\u00e1-la com sua doa\u00e7\u00e3o.<br \/>\n<\/strong><\/p>\n<p style=\"text-align: left\"><span style=\"color: #333333\"><strong>Seja voc\u00ea tamb\u00e9m um amigo da Can\u00e7\u00e3o Nova, um dos colaboradores no trabalho da evangeliza\u00e7\u00e3o!&#8221;, pede Dom Odilo Pedro Scherer.<\/strong><\/span><\/p>\n<blockquote>\n<p style=\"text-align: center\"><strong>&#8220;<\/strong><em>Como \u00e9 bom termos a Can\u00e7\u00e3o Nova aqui em plena Assembleia dos Bispos do Brasil, para divulgar para todos poderem saber o que se passa entre n\u00f3s! Como \u00e9 bom que esse servi\u00e7o continue! Da\u00ed o apelo para quem pode ajudar a Can\u00e7\u00e3o Nova a continuar prestando esse servi\u00e7o precioso. Que todos possam ent\u00e3o se sentir participantes dessa obra evangelizadora levada \u00e0 frente pela Can\u00e7\u00e3o Nova<\/em>&#8220;<strong>,<br \/>\n<\/strong><strong>incentiva Dom Luiz Dem\u00e9trio Valentini. <\/strong><\/p>\n<\/blockquote>\n","protected":false},"excerpt":{"rendered":"<p>CLUBE DA EVANGELIZA\u00c7\u00c3O | SUA F\u00c9 TRANSFORMANDO VIDAS Seja um s\u00f3cio da Can\u00e7\u00e3o Nova Veja as formas de contribuir com a Can\u00e7\u00e3o Nova: D\u00e9bito Autom\u00e1tico: \u00c9 a forma mais r\u00e1pida, f\u00e1cil e segura. Basta ter uma conta banc\u00e1ria, escolher um&#8230;<\/p>\n","protected":false},"author":3201,"featured_media":0,"parent":0,"menu_order":0,"comment_status":"closed","ping_status":"open","template":"","meta":{"_mi_skip_tracking":false,"_monsterinsights_sitenote_active":false,"_monsterinsights_sitenote_note":"","_monsterinsights_sitenote_category":0,"footnotes":""},"_links":{"self":[{"href":"https:\/\/blog.cancaonova.com\/conquista\/wp-json\/wp\/v2\/pages\/71"}],"collection":[{"href":"https:\/\/blog.cancaonova.com\/conquista\/wp-json\/wp\/v2\/pages"}],"about":[{"href":"https:\/\/blog.cancaonova.com\/conquista\/wp-json\/wp\/v2\/types\/page"}],"author":[{"embeddable":true,"href":"https:\/\/blog.cancaonova.com\/conquista\/wp-json\/wp\/v2\/users\/3201"}],"replies":[{"embeddable":true,"href":"https:\/\/blog.cancaonova.com\/conquista\/wp-json\/wp\/v2\/comments?post=71"}],"version-history":[{"count":23,"href":"https:\/\/blog.cancaonova.com\/conquista\/wp-json\/wp\/v2\/pages\/71\/revisions"}],"predecessor-version":[{"id":18486,"href":"https:\/\/blog.cancaonova.com\/conquista\/wp-json\/wp\/v2\/pages\/71\/revisions\/18486"}],"wp:attachment":[{"href":"https:\/\/blog.cancaonova.com\/conquista\/wp-json\/wp\/v2\/media?parent=71"}],"curies":[{"name":"wp","href":"https:\/\/api.w.org\/{rel}","templated":true}]}}