{"id":136,"date":"2023-11-23T21:15:07","date_gmt":"2023-11-24T00:15:07","guid":{"rendered":"http:\/\/blog.cancaonova.com\/cuiaba\/?page_id=136"},"modified":"2024-05-23T17:09:53","modified_gmt":"2024-05-23T20:09:53","slug":"fale-conosco","status":"publish","type":"page","link":"https:\/\/blog.cancaonova.com\/cuiaba\/fale-conosco\/","title":{"rendered":"Fale conosco"},"content":{"rendered":"<h3><span class=\"emoji\"><a href=\"https:\/\/web.archive.org\/web\/20230209062229\/http:\/\/emojipedia.org\/black-telephone\/\" target=\"_blank\" rel=\"noopener\">\u260e\ufe0f<\/a>\u00a0<\/span><strong>Telefone:<\/strong>\u00a0<a href=\"https:\/\/blog.cancaonova.com\/cuiaba\/fale-conosco\/%2B556530469201\"><strong>(65) 3046-9201<\/strong><\/a><\/h3>\n<p><span class=\"emoji\"><a href=\"https:\/\/web.archive.org\/web\/20230209062229\/http:\/\/emojipedia.org\/e-mail-symbol\/\" target=\"_blank\" rel=\"noopener\">\ud83d\udce7<\/a>\u00a0<\/span><strong>Emails: \u00a0<\/strong><\/p>\n<ul>\n<li><em>midiassociais.cuiaba@cancaonova.com<\/em><\/li>\n<\/ul>\n<p><strong>Vocacional<\/strong><\/p>\n<ul>\n<li><em>vocacionalcuiaba@cancaonova.com<\/em><\/li>\n<\/ul>\n<p><a href=\"https:\/\/web.archive.org\/web\/20230209062229\/http:\/\/emojipedia.org\/globe-with-meridians\/\" target=\"_blank\" rel=\"noopener\">\ud83c\udf10<\/a>\u00a0M\u00eddias Sociais<strong>:<\/strong><\/p>\n<ul>\n<li><strong>Facebook:\u00a0<\/strong><a href=\"https:\/\/www.facebook.com\/cancaonovacuiaba\/\" target=\"_blank\" rel=\"noopener\"><em>cancaonovacuiaba<\/em><\/a><\/li>\n<li><strong>Instagram:\u00a0<\/strong><a href=\"https:\/\/www.instagram.com\/cncuiaba\" target=\"_blank\" rel=\"noopener\"><em>@cncuiaba<\/em><\/a><\/li>\n<li><strong>Twitter:\u00a0<\/strong><a href=\"https:\/\/twitter.com\/cncuiaba\" target=\"_blank\" rel=\"noopener\"><em>@cncuiaba<\/em><\/a><\/li>\n<li><strong>YouTube:\u00a0<\/strong><a href=\"http:\/\/youtube.com\/cncuiaba\" target=\"_blank\" rel=\"noopener\">cncuiaba<\/a><\/li>\n<\/ul>\n<h3><span class=\"emoji\">\ud83c\udfe0<\/span><strong>Endere\u00e7o:<\/strong><\/h3>\n<p><strong>Comunidade Can\u00e7\u00e3o Nova \u2013 Cuiab\u00e1<\/strong><br \/>\n<a href=\"https:\/\/goo.gl\/maps\/BMw4647gSjJ2\" target=\"_blank\" rel=\"noopener\"><em><strong>Travessa das Oliveiras (Bairro Cohab Dom Orlando Chaves), n\u00ba 600 \u2013\u00a0CEP: 78118-161<br \/>\nV\u00e1rzea Grande (MT)<\/strong>\ud83d\udccdver como chegar<\/em><\/a><\/p>\n<p>\ud83d\ude8c\u00a0Linha de \u00d4nibus 22 \u2013 Jaime Campos, saindo de Cuiab\u00e1 para V\u00e1rzea Grande.<\/p>\n<p>Esperamos por voc\u00ea!\u00a0<span class=\"emoji\">\ud83d\ude03<\/span><\/p>\n","protected":false},"excerpt":{"rendered":"<p>\u260e\ufe0f\u00a0Telefone:\u00a0(65) 3046-9201 \ud83d\udce7\u00a0Emails: \u00a0 midiassociais.cuiaba@cancaonova.com Vocacional vocacionalcuiaba@cancaonova.com \ud83c\udf10\u00a0M\u00eddias Sociais: Facebook:\u00a0cancaonovacuiaba Instagram:\u00a0@cncuiaba Twitter:\u00a0@cncuiaba YouTube:\u00a0cncuiaba \ud83c\udfe0Endere\u00e7o: Comunidade Can\u00e7\u00e3o Nova \u2013 Cuiab\u00e1 Travessa das Oliveiras (Bairro Cohab Dom Orlando Chaves), n\u00ba 600 \u2013\u00a0CEP: 78118-161 V\u00e1rzea Grande (MT)\ud83d\udccdver como chegar \ud83d\ude8c\u00a0Linha de \u00d4nibus 22&#8230;<\/p>\n","protected":false},"author":4539,"featured_media":0,"parent":0,"menu_order":8,"comment_status":"closed","ping_status":"closed","template":"","meta":{"_mi_skip_tracking":false,"_monsterinsights_sitenote_active":false,"_monsterinsights_sitenote_note":"","_monsterinsights_sitenote_category":0,"footnotes":""},"_links":{"self":[{"href":"https:\/\/blog.cancaonova.com\/cuiaba\/wp-json\/wp\/v2\/pages\/136"}],"collection":[{"href":"https:\/\/blog.cancaonova.com\/cuiaba\/wp-json\/wp\/v2\/pages"}],"about":[{"href":"https:\/\/blog.cancaonova.com\/cuiaba\/wp-json\/wp\/v2\/types\/page"}],"author":[{"embeddable":true,"href":"https:\/\/blog.cancaonova.com\/cuiaba\/wp-json\/wp\/v2\/users\/4539"}],"replies":[{"embeddable":true,"href":"https:\/\/blog.cancaonova.com\/cuiaba\/wp-json\/wp\/v2\/comments?post=136"}],"version-history":[{"count":1,"href":"https:\/\/blog.cancaonova.com\/cuiaba\/wp-json\/wp\/v2\/pages\/136\/revisions"}],"predecessor-version":[{"id":137,"href":"https:\/\/blog.cancaonova.com\/cuiaba\/wp-json\/wp\/v2\/pages\/136\/revisions\/137"}],"wp:attachment":[{"href":"https:\/\/blog.cancaonova.com\/cuiaba\/wp-json\/wp\/v2\/media?parent=136"}],"curies":[{"name":"wp","href":"https:\/\/api.w.org\/{rel}","templated":true}]}}