{"id":2,"date":"2023-10-06T14:42:47","date_gmt":"2023-10-06T17:42:47","guid":{"rendered":"http:\/\/blog.cancaonova.com\/cuiaba\/?page_id=2"},"modified":"2024-05-23T17:09:54","modified_gmt":"2024-05-23T20:09:54","slug":"quem-somos","status":"publish","type":"page","link":"https:\/\/blog.cancaonova.com\/cuiaba\/quem-somos\/","title":{"rendered":"Quem somos"},"content":{"rendered":"<p>A\u00a0<strong>Comunidade Can\u00e7\u00e3o Nova<\/strong>\u00a0\u00e9 uma comunidade carism\u00e1tica cat\u00f3lica, fundada por\u00a0<strong>padre Jonas Abib<\/strong>\u00a0e reconhecida pelo<strong>\u00a0Pontif\u00edcio Conselho para os Leigos<\/strong>\u00a0como associa\u00e7\u00e3o internacional privada de fi\u00e9is, dotada de personalidade jur\u00eddica (cfr. CIC, c\u00e2n. 298-311; 321-329) e tem sua sede na cidade de Cachoeira Paulista \u00a0(SP), Diocese de Lorena, S\u00e3o Paulo \u2013 Brasil.<\/p>\n<p><img loading=\"lazy\" decoding=\"async\" class=\"alignleft\" src=\"https:\/\/web.archive.org\/web\/20230608225526im_\/http:\/\/img.cancaonova.com\/cnimages\/especiais\/uploads\/sites\/11\/2014\/09\/MARCA_CANCAO_NOVA-01-940x450.png\" alt=\"MARCA_CANCAO_NOVA-01-940x450\" width=\"265\" height=\"127\" \/><\/p>\n<p>O termo\u00a0<strong>\u201cCan\u00e7\u00e3o Nova\u201d<\/strong>\u00a0corresponde ao C\u00e2ntico Novo, tema que perpassa toda a hist\u00f3ria da salva\u00e7\u00e3o: \u00e9 o c\u00e2ntico dos remidos, o c\u00e2ntico das mulheres e homens novos para um mundo novo. A Comunidade Can\u00e7\u00e3o Nova assume o compromisso de ser este c\u00e2ntico para a Igreja e para o mundo. A Comunidade Can\u00e7\u00e3o Nova pretende ser na Igreja, a \u201cCasa de Maria\u201d, entendendo tal express\u00e3o no sentido b\u00edblico: da descend\u00eancia de Maria, da ra\u00e7a de Maria, sua M\u00e3e e educadora.<\/p>\n<p><strong>A Comunidade Can\u00e7\u00e3o Nova \u00e9 um corpo associativo de fi\u00e9is crist\u00e3os formado de\u00a0mulheres e homens; jovens e adultos; solteiros, casados e celibat\u00e1rios, sacerdotes e di\u00e1conos,\u00a0que assumem a viv\u00eancia mais radical da consagra\u00e7\u00e3o a Deus feita no Batismo e na Crisma, em fun\u00e7\u00e3o do apostolado, numa vida em comunidade, conforme o estado de cada um.<\/strong>\u00a0Tal viv\u00eancia inspira-se na pr\u00e1tica dos conselhos evang\u00e9licos, adaptada \u00e0 vida secular.<\/p>\n<p>O fundamento da Comunidade Can\u00e7\u00e3o Nova \u00e9 o Evangelho: viver e comunic\u00e1-lo de\u00a0maneira integral, na efic\u00e1cia do Esp\u00edrito Santo, enquanto esperam e apressam a vinda gloriosa do Senhor (cf. 2Pd 3,12), deve ser o empenho de todos os membros.<\/p>\n<p><iframe loading=\"lazy\" title=\"Institucional Comunidade Can\u00c3\u00a7\u00c3\u00a3o Nova \u00e2\u008e\u009c2017\" width=\"600\" height=\"450\" src=\"https:\/\/www.youtube.com\/embed\/SuWCYNXU_Bg?feature=oembed&amp;rel=0\" frameborder=\"0\" allow=\"accelerometer; autoplay; clipboard-write; encrypted-media; gyroscope; picture-in-picture; web-share\" referrerpolicy=\"strict-origin-when-cross-origin\" allowfullscreen><\/iframe><\/p>\n<ul>\n<li><a href=\"https:\/\/web.archive.org\/web\/20230608225526\/https:\/\/drive.google.com\/a\/cancaonova.com\/file\/d\/0B_NggjSSYJ9mYnF1QlBCQ19qUHM\/view?usp=sharing\" target=\"_blank\" rel=\"noopener\">Baixar v\u00eddeo em alta resolu\u00e7\u00e3o<\/a>\u00a0(1,2 GB, mp4)<\/li>\n<\/ul>\n<p>&nbsp;<\/p>\n<p>A pedido de Dom Bonif\u00e1cio Piccinini, ent\u00e3o Arcebispo Metropolitano de\u00a0<b>Cuiab\u00e1<\/b>, no ano de 1992, a Comunidade\u00a0<b>Can\u00e7\u00e3o Nova<\/b>\u00a0iniciou sua miss\u00e3o em Mato Grosso, sendo que os primeiros mission\u00e1rios a desbravar essa terra foram Geraldo e Iracema, Jo\u00e3o Luiz e Fatinha.<\/p>\n<p><img loading=\"lazy\" decoding=\"async\" class=\"aligncenter wp-image-55\" src=\"http:\/\/blog.cancaonova.com\/cuiaba\/files\/2023\/10\/Cuiaba-01.jpg\" alt=\"\" width=\"391\" height=\"313\" \/> <img loading=\"lazy\" decoding=\"async\" class=\"aligncenter wp-image-56\" src=\"http:\/\/blog.cancaonova.com\/cuiaba\/files\/2023\/10\/Cuiaba-02.jpg\" alt=\"\" width=\"493\" height=\"394\" \/><\/p>\n","protected":false},"excerpt":{"rendered":"<p>A\u00a0Comunidade Can\u00e7\u00e3o Nova\u00a0\u00e9 uma comunidade carism\u00e1tica cat\u00f3lica, fundada por\u00a0padre Jonas Abib\u00a0e reconhecida pelo\u00a0Pontif\u00edcio Conselho para os Leigos\u00a0como associa\u00e7\u00e3o internacional privada de fi\u00e9is, dotada de personalidade jur\u00eddica (cfr. CIC, c\u00e2n. 298-311; 321-329) e tem sua sede na cidade de Cachoeira Paulista&#8230;<\/p>\n","protected":false},"author":4539,"featured_media":60,"parent":0,"menu_order":13,"comment_status":"closed","ping_status":"open","template":"","meta":{"_mi_skip_tracking":false,"_monsterinsights_sitenote_active":false,"_monsterinsights_sitenote_note":"","_monsterinsights_sitenote_category":0,"footnotes":""},"_links":{"self":[{"href":"https:\/\/blog.cancaonova.com\/cuiaba\/wp-json\/wp\/v2\/pages\/2"}],"collection":[{"href":"https:\/\/blog.cancaonova.com\/cuiaba\/wp-json\/wp\/v2\/pages"}],"about":[{"href":"https:\/\/blog.cancaonova.com\/cuiaba\/wp-json\/wp\/v2\/types\/page"}],"author":[{"embeddable":true,"href":"https:\/\/blog.cancaonova.com\/cuiaba\/wp-json\/wp\/v2\/users\/4539"}],"replies":[{"embeddable":true,"href":"https:\/\/blog.cancaonova.com\/cuiaba\/wp-json\/wp\/v2\/comments?post=2"}],"version-history":[{"count":7,"href":"https:\/\/blog.cancaonova.com\/cuiaba\/wp-json\/wp\/v2\/pages\/2\/revisions"}],"predecessor-version":[{"id":127,"href":"https:\/\/blog.cancaonova.com\/cuiaba\/wp-json\/wp\/v2\/pages\/2\/revisions\/127"}],"wp:featuredmedia":[{"embeddable":true,"href":"https:\/\/blog.cancaonova.com\/cuiaba\/wp-json\/wp\/v2\/media\/60"}],"wp:attachment":[{"href":"https:\/\/blog.cancaonova.com\/cuiaba\/wp-json\/wp\/v2\/media?parent=2"}],"curies":[{"name":"wp","href":"https:\/\/api.w.org\/{rel}","templated":true}]}}