{"id":26,"date":"2023-10-06T20:50:59","date_gmt":"2023-10-06T23:50:59","guid":{"rendered":"http:\/\/blog.cancaonova.com\/cuiaba\/?page_id=26"},"modified":"2024-05-23T17:09:53","modified_gmt":"2024-05-23T20:09:53","slug":"loja","status":"publish","type":"page","link":"https:\/\/blog.cancaonova.com\/cuiaba\/loja\/","title":{"rendered":"Loja CN"},"content":{"rendered":"<div>\n<div class=\"wDYxhc NFQFxe\" lang=\"pt-BR\" data-attrid=\"kc:\/local:business_availability_modes\" data-md=\"727\">\n<div data-ved=\"2ahUKEwjI8bGd4eKBAxXIILkGHdkZBw8Q8_cGegQINBAA\" data-hveid=\"CDQQAA\">\n<p>A<a href=\"https:\/\/loja.cancaonova.com\/\">&nbsp;Loja Can\u00e7\u00e3o Nova<\/a>&nbsp;Cuiab\u00e1, como \u201cceleiro\u201d de evangeliza\u00e7\u00e3o, disponibiliza diversos produtos: livros, audiobook,&nbsp; palestras, CDs, DVDs, vestu\u00e1rios e etc.<\/p>\n<p>Hor\u00e1rio de atendimento:<\/p>\n<ul>\n<li><strong>Segunda \u00e0 Sexta:&nbsp;<\/strong>08 \u00e0s 17h<\/li>\n<li><strong>Domingo:<\/strong>16 \u00e0s 19h<\/li>\n<\/ul>\n<p>\u25ba Para mais informa\u00e7\u00f5es entre em contato conosco:<\/p>\n<p>\u25baVoc\u00ea conhece a Loja Can\u00e7\u00e3o Nova \u2013 Cuiab\u00e1 ? Venha conhecer! Temos muitas novidades para voc\u00ea e sua fam\u00edlia\u2026<\/p>\n<p><span class=\"aTL8O\">\u25baOp\u00e7\u00f5es de servi\u00e7o:&nbsp;<\/span>Compras na loja&nbsp;\u00b7 Retirada na loja&nbsp;\u00b7 Entrega<\/p>\n<\/div>\n<\/div>\n<\/div>\n<div>&nbsp;<span class=\"w8qArf\">Endere\u00e7o:&nbsp;<\/span><span class=\"LrzXr\">Travessa das Oliveira, R. Seis (Cohab Dom Orlando Chaves), 600 &#8211; Cristo Rei, V\u00e1rzea Grande &#8211; MT, 78118-161<\/span><\/div>\n<div class=\"QsDR1c\">\n<div class=\"wDYxhc\" lang=\"pt-BR\" data-attrid=\"kc:\/location\/location:address\" data-md=\"1002\" data-hveid=\"CEIQAA\" data-ved=\"2ahUKEwjI8bGd4eKBAxXIILkGHdkZBw8QkCl6BAhCEAA\">\n<div class=\"Z1hOCe\">\n<div class=\"zloOqf PZPZlf\" data-dtype=\"d3ifr\" data-local-attribute=\"d3adr\" data-mid=\"\/g\/1yg6ngnh2\" data-ved=\"2ahUKEwjI8bGd4eKBAxXIILkGHdkZBw8QghwoAHoECEIQAQ\">\n<div class=\"GnGVVe\">&nbsp;Hor\u00e1rio de funcionamento:&nbsp; Abre seg. \u00e0s <strong>08:00<\/strong><\/div>\n<\/div>\n<\/div>\n<\/div>\n<\/div>\n<div>\n<div class=\"wDYxhc\" lang=\"pt-BR\" data-attrid=\"kc:\/location\/location:hours\" data-md=\"1005\" data-hveid=\"CDoQAA\" data-ved=\"2ahUKEwjI8bGd4eKBAxXIILkGHdkZBw8QkCl6BAg6EAA\">\n<div class=\"zloOqf PZPZlf\">\n<div class=\"GDRHkb\" data-at=\"8\" data-uid=\"1\"><strong>&nbsp;<\/strong><span class=\"w8qArf\"><strong>Telefone:<\/strong>&nbsp;<\/span><span class=\"LrzXr zdqRlf kno-fv\"><span aria-label=\"Ligar para (65) 3046-9202\">(65) 3046-9202<\/span><\/span><\/div>\n<\/div>\n<\/div>\n<\/div>\n<p>https:\/\/fb.watch\/oMeKk36M0f\/<\/p>\n<div data-at=\"8\" data-uid=\"1\">&nbsp;<\/div>\n<div>\n<div class=\"wDYxhc\" lang=\"pt-BR\" data-attrid=\"kc:\/location\/location:hours\" data-md=\"1005\" data-hveid=\"CDoQAA\" data-ved=\"2ahUKEwjI8bGd4eKBAxXIILkGHdkZBw8QkCl6BAg6EAA\">\n<div class=\"zloOqf PZPZlf\">\n<div data-at=\"8\" data-uid=\"1\"><img loading=\"lazy\" decoding=\"async\" class=\"size-medium wp-image-65 alignleft\" src=\"http:\/\/blog.cancaonova.com\/cuiaba\/files\/2023\/10\/Loja-4-300x225.jpg\" alt=\"\" width=\"300\" height=\"225\" srcset=\"https:\/\/blog.cancaonova.com\/cuiaba\/files\/2023\/10\/Loja-4-300x225.jpg 300w, https:\/\/blog.cancaonova.com\/cuiaba\/files\/2023\/10\/Loja-4-768x576.jpg 768w, https:\/\/blog.cancaonova.com\/cuiaba\/files\/2023\/10\/Loja-4.jpg 1360w\" sizes=\"(max-width: 300px) 100vw, 300px\" \/><img loading=\"lazy\" decoding=\"async\" class=\"size-medium wp-image-66 alignnone\" src=\"http:\/\/blog.cancaonova.com\/cuiaba\/files\/2023\/10\/Loja-5-300x169.jpg\" alt=\"\" width=\"300\" height=\"169\" srcset=\"https:\/\/blog.cancaonova.com\/cuiaba\/files\/2023\/10\/Loja-5-300x169.jpg 300w, https:\/\/blog.cancaonova.com\/cuiaba\/files\/2023\/10\/Loja-5-768x432.jpg 768w, https:\/\/blog.cancaonova.com\/cuiaba\/files\/2023\/10\/Loja-5-384x216.jpg 384w, https:\/\/blog.cancaonova.com\/cuiaba\/files\/2023\/10\/Loja-5-512x288.jpg 512w, https:\/\/blog.cancaonova.com\/cuiaba\/files\/2023\/10\/Loja-5-1024x576.jpg 1024w, https:\/\/blog.cancaonova.com\/cuiaba\/files\/2023\/10\/Loja-5.jpg 1360w\" sizes=\"(max-width: 300px) 100vw, 300px\" \/><img loading=\"lazy\" decoding=\"async\" class=\"size-medium wp-image-67 alignleft\" src=\"http:\/\/blog.cancaonova.com\/cuiaba\/files\/2023\/10\/Loja-Cuiaba-2-300x225.jpg\" alt=\"\" width=\"300\" height=\"225\" srcset=\"https:\/\/blog.cancaonova.com\/cuiaba\/files\/2023\/10\/Loja-Cuiaba-2-300x225.jpg 300w, https:\/\/blog.cancaonova.com\/cuiaba\/files\/2023\/10\/Loja-Cuiaba-2-768x576.jpg 768w, https:\/\/blog.cancaonova.com\/cuiaba\/files\/2023\/10\/Loja-Cuiaba-2.jpg 1360w\" sizes=\"(max-width: 300px) 100vw, 300px\" \/><\/div>\n<p><img loading=\"lazy\" decoding=\"async\" class=\"size-medium wp-image-69 alignnone\" src=\"http:\/\/blog.cancaonova.com\/cuiaba\/files\/2023\/10\/Loja-Cuiaba-300x225.jpg\" alt=\"\" width=\"300\" height=\"225\" srcset=\"https:\/\/blog.cancaonova.com\/cuiaba\/files\/2023\/10\/Loja-Cuiaba-300x225.jpg 300w, https:\/\/blog.cancaonova.com\/cuiaba\/files\/2023\/10\/Loja-Cuiaba-768x576.jpg 768w, https:\/\/blog.cancaonova.com\/cuiaba\/files\/2023\/10\/Loja-Cuiaba.jpg 1360w\" sizes=\"(max-width: 300px) 100vw, 300px\" \/><img loading=\"lazy\" decoding=\"async\" class=\"size-medium wp-image-68 alignnone\" src=\"http:\/\/blog.cancaonova.com\/cuiaba\/files\/2023\/10\/Loja-cuiaba-3-300x225.jpg\" alt=\"\" width=\"300\" height=\"225\" srcset=\"https:\/\/blog.cancaonova.com\/cuiaba\/files\/2023\/10\/Loja-cuiaba-3-300x225.jpg 300w, https:\/\/blog.cancaonova.com\/cuiaba\/files\/2023\/10\/Loja-cuiaba-3-768x576.jpg 768w, https:\/\/blog.cancaonova.com\/cuiaba\/files\/2023\/10\/Loja-cuiaba-3.jpg 1360w\" sizes=\"(max-width: 300px) 100vw, 300px\" \/><\/p>\n<\/div>\n<\/div>\n<\/div>\n","protected":false},"excerpt":{"rendered":"<p>A&nbsp;Loja Can\u00e7\u00e3o Nova&nbsp;Cuiab\u00e1, como \u201cceleiro\u201d de evangeliza\u00e7\u00e3o, disponibiliza diversos produtos: livros, audiobook,&nbsp; palestras, CDs, DVDs, vestu\u00e1rios e etc. Hor\u00e1rio de atendimento: Segunda \u00e0 Sexta:&nbsp;08 \u00e0s 17h Domingo:16 \u00e0s 19h \u25ba Para mais informa\u00e7\u00f5es entre em contato conosco: \u25baVoc\u00ea conhece a&#8230;<\/p>\n","protected":false},"author":4539,"featured_media":0,"parent":0,"menu_order":9,"comment_status":"closed","ping_status":"closed","template":"","meta":{"_mi_skip_tracking":false,"_monsterinsights_sitenote_active":false,"_monsterinsights_sitenote_note":"","_monsterinsights_sitenote_category":0,"footnotes":""},"_links":{"self":[{"href":"https:\/\/blog.cancaonova.com\/cuiaba\/wp-json\/wp\/v2\/pages\/26"}],"collection":[{"href":"https:\/\/blog.cancaonova.com\/cuiaba\/wp-json\/wp\/v2\/pages"}],"about":[{"href":"https:\/\/blog.cancaonova.com\/cuiaba\/wp-json\/wp\/v2\/types\/page"}],"author":[{"embeddable":true,"href":"https:\/\/blog.cancaonova.com\/cuiaba\/wp-json\/wp\/v2\/users\/4539"}],"replies":[{"embeddable":true,"href":"https:\/\/blog.cancaonova.com\/cuiaba\/wp-json\/wp\/v2\/comments?post=26"}],"version-history":[{"count":8,"href":"https:\/\/blog.cancaonova.com\/cuiaba\/wp-json\/wp\/v2\/pages\/26\/revisions"}],"predecessor-version":[{"id":358,"href":"https:\/\/blog.cancaonova.com\/cuiaba\/wp-json\/wp\/v2\/pages\/26\/revisions\/358"}],"wp:attachment":[{"href":"https:\/\/blog.cancaonova.com\/cuiaba\/wp-json\/wp\/v2\/media?parent=26"}],"curies":[{"name":"wp","href":"https:\/\/api.w.org\/{rel}","templated":true}]}}