{"id":29,"date":"2023-10-06T20:52:00","date_gmt":"2023-10-06T23:52:00","guid":{"rendered":"http:\/\/blog.cancaonova.com\/cuiaba\/?page_id=29"},"modified":"2024-05-23T17:09:52","modified_gmt":"2024-05-23T20:09:52","slug":"bazar-cancao-nova","status":"publish","type":"page","link":"https:\/\/blog.cancaonova.com\/cuiaba\/bazar-cancao-nova\/","title":{"rendered":"Bazar CN"},"content":{"rendered":"<p>Saiba as formas de ajudar o Bazar Can\u00e7\u00e3o Nova:<\/p>\n<p><strong>1)<\/strong>\u00a0Voc\u00ea pode falar para as pessoas do bazar, divulgar que ele existe para ajudar nas despesas de evangeliza\u00e7\u00e3o da Can\u00e7\u00e3o Nova aqui em Cuiab\u00e1. O Bazar vive de doa\u00e7\u00f5es de pessoas generosas que doam de seus pertences (na maioria usados), que s\u00e3o revendidos para outras pessoas que n\u00e3o teriam condi\u00e7\u00f5es de comprar em outro lugar.<\/p>\n<p><strong>2)<\/strong>\u00a0O Bazar recebe doa\u00e7\u00f5es de roupas, cal\u00e7ados, utens\u00edlios dom\u00e9sticos, eletrodom\u00e9sticos, m\u00f3veis, bolsas, cintos, bijouterias, artesanatos,\u00a0etc. \u00c9 importante verificar se o produto que se deseja doar tem condi\u00e7\u00f5es de uso ou conserto para que sua doa\u00e7\u00e3o n\u00e3o se transforme em despesa para a Can\u00e7\u00e3o Nova.<\/p>\n<p><strong>3)<\/strong>\u00a0Doa\u00e7\u00f5es pequenas, como pequenas bolsas de roupa ou de cal\u00e7ados, vasilhas\u2026 pedimos que, se for poss\u00edvel voc\u00ea venha trazer em nossa casa de Evangeliza\u00e7\u00e3o. J\u00e1 as doa\u00e7\u00f5es grandes como muitos utens\u00edlios, m\u00f3veis\u2026 voc\u00ea pode nos ligar para agendar a busca : (65) 3046-9201<\/p>\n<p>Desde j\u00e1, agradecemos sua disposi\u00e7\u00e3o em ajudar.<\/p>\n<p>\u25ba Para mais informa\u00e7\u00f5es\u00a0<a href=\"http:\/\/blog.cancaonova.com\/cuiaba\/fale-conosco\/\">entre em contato conosco<\/a><\/p>\n","protected":false},"excerpt":{"rendered":"<p>Saiba as formas de ajudar o Bazar Can\u00e7\u00e3o Nova: 1)\u00a0Voc\u00ea pode falar para as pessoas do bazar, divulgar que ele existe para ajudar nas despesas de evangeliza\u00e7\u00e3o da Can\u00e7\u00e3o Nova aqui em Cuiab\u00e1. O Bazar vive de doa\u00e7\u00f5es de pessoas&#8230;<\/p>\n","protected":false},"author":4539,"featured_media":0,"parent":0,"menu_order":2,"comment_status":"closed","ping_status":"closed","template":"","meta":{"_mi_skip_tracking":false,"_monsterinsights_sitenote_active":false,"_monsterinsights_sitenote_note":"","_monsterinsights_sitenote_category":0,"footnotes":""},"_links":{"self":[{"href":"https:\/\/blog.cancaonova.com\/cuiaba\/wp-json\/wp\/v2\/pages\/29"}],"collection":[{"href":"https:\/\/blog.cancaonova.com\/cuiaba\/wp-json\/wp\/v2\/pages"}],"about":[{"href":"https:\/\/blog.cancaonova.com\/cuiaba\/wp-json\/wp\/v2\/types\/page"}],"author":[{"embeddable":true,"href":"https:\/\/blog.cancaonova.com\/cuiaba\/wp-json\/wp\/v2\/users\/4539"}],"replies":[{"embeddable":true,"href":"https:\/\/blog.cancaonova.com\/cuiaba\/wp-json\/wp\/v2\/comments?post=29"}],"version-history":[{"count":3,"href":"https:\/\/blog.cancaonova.com\/cuiaba\/wp-json\/wp\/v2\/pages\/29\/revisions"}],"predecessor-version":[{"id":265,"href":"https:\/\/blog.cancaonova.com\/cuiaba\/wp-json\/wp\/v2\/pages\/29\/revisions\/265"}],"wp:attachment":[{"href":"https:\/\/blog.cancaonova.com\/cuiaba\/wp-json\/wp\/v2\/media?parent=29"}],"curies":[{"name":"wp","href":"https:\/\/api.w.org\/{rel}","templated":true}]}}