{"id":32,"date":"2023-10-06T20:52:56","date_gmt":"2023-10-06T23:52:56","guid":{"rendered":"http:\/\/blog.cancaonova.com\/cuiaba\/?page_id=32"},"modified":"2024-05-23T17:09:52","modified_gmt":"2024-05-23T20:09:52","slug":"como-chegar","status":"publish","type":"page","link":"https:\/\/blog.cancaonova.com\/cuiaba\/como-chegar\/","title":{"rendered":"Como chegar"},"content":{"rendered":"<hgroup class=\"content-header\">\n<h1 class=\" entry-title \">Como chegar<\/h1>\n<\/hgroup>\n<div id=\"content-post\" class=\"container-content\">\n<article id=\"post-13533\" class=\"post-13533 page type-page status-publish hentry\">\n<div class=\"entry-content\">\n<h3><span class=\"emoji\">\ud83c\udfe0<\/span><strong>Endere\u00e7o:<\/strong><\/h3>\n<p><strong>Comunidade Can\u00e7\u00e3o Nova \u2013 Cuiab\u00e1<\/strong><br \/>\n<a href=\"https:\/\/goo.gl\/maps\/BMw4647gSjJ2\" target=\"_blank\" rel=\"noopener\"><em><strong>Travessa das Oliveiras (Bairro Cohab Dom Orlando Chaves), n\u00ba 600 \u2013\u00a0CEP: 78118-161<br \/>\nV\u00e1rzea Grande (MT)<\/strong>\ud83d\udccdver como chegar<\/em><\/a><\/p>\n<p>\ud83d\ude8c\u00a0Linha de \u00d4nibus 22 \u2013 Jaime Campos, saindo de Cuiab\u00e1 para V\u00e1rzea Grande.<\/p>\n<p>Para mais informa\u00e7\u00f5es, entre em contato:\u00a0<strong>(65) 3046-9201<\/strong><\/p>\n<p>Esperamos por voc\u00ea!<\/p>\n<\/div>\n<\/article>\n<\/div>\n","protected":false},"excerpt":{"rendered":"<p>Como chegar \ud83c\udfe0Endere\u00e7o: Comunidade Can\u00e7\u00e3o Nova \u2013 Cuiab\u00e1 Travessa das Oliveiras (Bairro Cohab Dom Orlando Chaves), n\u00ba 600 \u2013\u00a0CEP: 78118-161 V\u00e1rzea Grande (MT)\ud83d\udccdver como chegar \ud83d\ude8c\u00a0Linha de \u00d4nibus 22 \u2013 Jaime Campos, saindo de Cuiab\u00e1 para V\u00e1rzea Grande. Para mais&#8230;<\/p>\n","protected":false},"author":4539,"featured_media":0,"parent":0,"menu_order":6,"comment_status":"closed","ping_status":"closed","template":"","meta":{"_mi_skip_tracking":false,"_monsterinsights_sitenote_active":false,"_monsterinsights_sitenote_note":"","_monsterinsights_sitenote_category":0,"footnotes":""},"_links":{"self":[{"href":"https:\/\/blog.cancaonova.com\/cuiaba\/wp-json\/wp\/v2\/pages\/32"}],"collection":[{"href":"https:\/\/blog.cancaonova.com\/cuiaba\/wp-json\/wp\/v2\/pages"}],"about":[{"href":"https:\/\/blog.cancaonova.com\/cuiaba\/wp-json\/wp\/v2\/types\/page"}],"author":[{"embeddable":true,"href":"https:\/\/blog.cancaonova.com\/cuiaba\/wp-json\/wp\/v2\/users\/4539"}],"replies":[{"embeddable":true,"href":"https:\/\/blog.cancaonova.com\/cuiaba\/wp-json\/wp\/v2\/comments?post=32"}],"version-history":[{"count":3,"href":"https:\/\/blog.cancaonova.com\/cuiaba\/wp-json\/wp\/v2\/pages\/32\/revisions"}],"predecessor-version":[{"id":132,"href":"https:\/\/blog.cancaonova.com\/cuiaba\/wp-json\/wp\/v2\/pages\/32\/revisions\/132"}],"wp:attachment":[{"href":"https:\/\/blog.cancaonova.com\/cuiaba\/wp-json\/wp\/v2\/media?parent=32"}],"curies":[{"name":"wp","href":"https:\/\/api.w.org\/{rel}","templated":true}]}}