{"id":43,"date":"2023-10-06T21:18:28","date_gmt":"2023-10-07T00:18:28","guid":{"rendered":"http:\/\/blog.cancaonova.com\/cuiaba\/?page_id=43"},"modified":"2025-10-17T10:40:40","modified_gmt":"2025-10-17T13:40:40","slug":"programacao-semanal","status":"publish","type":"page","link":"https:\/\/blog.cancaonova.com\/cuiaba\/programacao-semanal\/","title":{"rendered":"Programa\u00e7\u00e3o Semanal"},"content":{"rendered":"<hgroup class=\"content-header\">\n<h1 class=\" entry-title \">Agenda Semanal Can\u00e7\u00e3o Nova Cuiab\u00e1 \/ V\u00e1rzea Grande<\/h1>\n<\/hgroup>\n<div id=\"content-post\" class=\"container-content\">\n<article id=\"post-13519\" class=\"post-13519 page type-page status-publish has-post-thumbnail hentry\">\n<div class=\"entry-content\">\n<p>Confira a agenda semanal da Frente de Miss\u00e3o da Can\u00e7\u00e3o Nova na Arquidiocese de Cuiab\u00e1, localizada na Ch\u00e1cara Nossa Senhora Auxiliadora &#8211; Rinc\u00e3o do Meu Senhor &#8211; Rua do Imperador, 502, Cohab Dom Orlando Chaves &#8211; Cristo Rei &#8211; V\u00e1rzea Grande\/MT, pr\u00f3ximo \u00e0 UNIVAG.<\/p>\n<p><img loading=\"lazy\" decoding=\"async\" class=\"aligncenter size-full wp-image-1264\" src=\"https:\/\/blog.cancaonova.com\/cuiaba\/files\/2025\/10\/Agenda-Semanal-scaled.jpg\" alt=\"\" width=\"2560\" height=\"1067\" srcset=\"https:\/\/blog.cancaonova.com\/cuiaba\/files\/2025\/10\/Agenda-Semanal-scaled.jpg 2560w, https:\/\/blog.cancaonova.com\/cuiaba\/files\/2025\/10\/Agenda-Semanal-300x125.jpg 300w, https:\/\/blog.cancaonova.com\/cuiaba\/files\/2025\/10\/Agenda-Semanal-768x320.jpg 768w, https:\/\/blog.cancaonova.com\/cuiaba\/files\/2025\/10\/Agenda-Semanal-384x160.jpg 384w, https:\/\/blog.cancaonova.com\/cuiaba\/files\/2025\/10\/Agenda-Semanal-512x213.jpg 512w, https:\/\/blog.cancaonova.com\/cuiaba\/files\/2025\/10\/Agenda-Semanal-1024x427.jpg 1024w, https:\/\/blog.cancaonova.com\/cuiaba\/files\/2025\/10\/Agenda-Semanal-1536x640.jpg 1536w, https:\/\/blog.cancaonova.com\/cuiaba\/files\/2025\/10\/Agenda-Semanal-2048x853.jpg 2048w\" sizes=\"(max-width: 2560px) 100vw, 2560px\" \/><\/p>\n<p><strong>SEGUNDA-FEIRA<\/strong><\/p>\n<ul>\n<li>07:30 \u2013 Santa Missa [Capela da Miseric\u00f3rdia]<\/li>\n<li>18:00 \u2013 Santo Ter\u00e7o [Rinc\u00e3o]<\/li>\n<li>19:00 \u2013 Ora\u00e7\u00e3o Carism\u00e1tica<\/li>\n<li>19:30 \u2013 Santa Missa [Votiva \u00e0 S\u00e3o Bento]<\/li>\n<\/ul>\n<h3><strong>TER\u00c7A-FEIRA<\/strong><\/h3>\n<ul>\n<li>07:30 \u2013 Santa Missa [Capela da Miseric\u00f3rdia]<\/li>\n<\/ul>\n<h3><strong>QUARTA-FEIRA<\/strong><\/h3>\n<ul>\n<li>07:30 \u2013 Santa Missa [Capela da Miseric\u00f3rdia]<\/li>\n<li>12:0h \u2013 Santa Missa [Votiva a S\u00e3o Jos\u00e9]<\/li>\n<\/ul>\n<h3><strong>QUINTA-FEIRA<\/strong><\/h3>\n<ul>\n<li>07:30 \u2013 Santa Missa [Capela da Miseric\u00f3rdia]<\/li>\n<li>16:00 \u2013 Santa Missa [Capela da Miseric\u00f3rdia]<\/li>\n<\/ul>\n<h3><strong>SEXTA-FEIRA<\/strong><\/h3>\n<ul>\n<li>07:30 \u2013 Santa Missa [Capela da Miseric\u00f3rdia]<\/li>\n<li>19:00 \u2013 Grupo de Ora\u00e7\u00e3o (para adultos)<\/li>\n<li>19:00 \u2013 Grupo Jovens Can\u00e7\u00e3o Nova<\/li>\n<\/ul>\n<h3><strong>DOMINGO<\/strong><\/h3>\n<ul>\n<li>17:00 \u2013 Santa Missa<\/li>\n<li>18:30 \u2013 Grupo Jovens Sarados<\/li>\n<\/ul>\n<h3>Confiss\u00f5es<\/h3>\n<p>Domingo: Durante a Missa das 17h<br \/>\nSegunda-feira: Durante a Missa das 19h<br \/>\nTer\u00e7a-feira: das 9h \u00e0s 11h e das 14h \u00e0s 16h<br \/>\nQuarta-feira: das 14h \u00e0s 15h30<\/p>\n<h3><strong>Dire\u00e7\u00e3o Espirutal<\/strong><\/h3>\n<p>Quinta-feira: das 9h \u00e0s 11h e das 14h \u00e0s 16h<\/p>\n<h3>Grupos de Ora\u00e7\u00e3o<\/h3>\n<p>Domingo: <a href=\"https:\/\/www.instagram.com\/js.cuiaba\">Jovens Sarados<\/a> \u00e0s 19h [Est\u00fadio CN]<br \/>\nSegunda-feira: Sentinelas \u00e0s 19h &#8211; para crian\u00e7as de 7 a 15 anos [Audit\u00f3rio &#8211; em cima do bazar]<br \/>\nSexta-feira: Grupo de Ora\u00e7\u00e3o Pai das Miseric\u00f3rdias \u00e0s 19h [Capela da Miseric\u00f3rdia]<br \/>\n<a href=\"https:\/\/www.instagram.com\/jovenscncuiaba\">Jovens CN Fontes<\/a> \u00e0s 19h30 [Est\u00fadio CN]<\/p>\n<h2><strong>De Segunda \u00e0 Sexta-feira tem Adora\u00e7\u00e3o ao Sant\u00edssimo Sacramento das 8:00 \u00e0s 12:00 na Capela da Miseric\u00f3rdia.<\/strong><\/h2>\n<p><strong>*Agenda sujeita a altera\u00e7\u00f5es!<\/strong><\/p>\n<p>&nbsp;<\/p>\n<p><strong>Veja tamb\u00e9m:<\/strong><\/p>\n<p><a href=\"https:\/\/blog.cancaonova.com\/cuiaba\/como-chegar\/\" target=\"_blank\" rel=\"noopener\">Saiba como chegar<\/a><br \/>\nPara mais informa\u00e7\u00f5es entre em contato<a href=\"https:\/\/web.archive.org\/web\/20230209060715\/http:\/\/blog.cancaonova.com\/curitiba\/como-chegar\/\" target=\"_blank\" rel=\"noopener\"><br \/>\n<\/a><\/p>\n<div class=\"at-above-post-page addthis_tool\">\u00a0<span class=\"emoji\"><a href=\"https:\/\/web.archive.org\/web\/20230209060715\/http:\/\/emojipedia.org\/black-telephone\/\" target=\"_blank\" rel=\"noopener\">\u260e\ufe0f<\/a>\u00a0<\/span>Telefone:\u00a0(65) 3046-9201<\/div>\n<div>Informa\u00e7\u00f5es pelo <strong>whatsapp: (65) 99916-9185<\/strong><\/div>\n<\/div>\n<\/article>\n<\/div>\n","protected":false},"excerpt":{"rendered":"<p>Agenda Semanal Can\u00e7\u00e3o Nova Cuiab\u00e1 \/ V\u00e1rzea Grande Confira a agenda semanal da Frente de Miss\u00e3o da Can\u00e7\u00e3o Nova na Arquidiocese de Cuiab\u00e1, localizada na Ch\u00e1cara Nossa Senhora Auxiliadora &#8211; Rinc\u00e3o do Meu Senhor &#8211; Rua do Imperador, 502, Cohab&#8230;<\/p>\n","protected":false},"author":4539,"featured_media":0,"parent":0,"menu_order":12,"comment_status":"closed","ping_status":"closed","template":"","meta":{"_mi_skip_tracking":false,"_monsterinsights_sitenote_active":false,"_monsterinsights_sitenote_note":"","_monsterinsights_sitenote_category":0,"footnotes":""},"_links":{"self":[{"href":"https:\/\/blog.cancaonova.com\/cuiaba\/wp-json\/wp\/v2\/pages\/43"}],"collection":[{"href":"https:\/\/blog.cancaonova.com\/cuiaba\/wp-json\/wp\/v2\/pages"}],"about":[{"href":"https:\/\/blog.cancaonova.com\/cuiaba\/wp-json\/wp\/v2\/types\/page"}],"author":[{"embeddable":true,"href":"https:\/\/blog.cancaonova.com\/cuiaba\/wp-json\/wp\/v2\/users\/4539"}],"replies":[{"embeddable":true,"href":"https:\/\/blog.cancaonova.com\/cuiaba\/wp-json\/wp\/v2\/comments?post=43"}],"version-history":[{"count":9,"href":"https:\/\/blog.cancaonova.com\/cuiaba\/wp-json\/wp\/v2\/pages\/43\/revisions"}],"predecessor-version":[{"id":1265,"href":"https:\/\/blog.cancaonova.com\/cuiaba\/wp-json\/wp\/v2\/pages\/43\/revisions\/1265"}],"wp:attachment":[{"href":"https:\/\/blog.cancaonova.com\/cuiaba\/wp-json\/wp\/v2\/media?parent=43"}],"curies":[{"name":"wp","href":"https:\/\/api.w.org\/{rel}","templated":true}]}}