{"id":50,"date":"2023-10-06T21:26:49","date_gmt":"2023-10-07T00:26:49","guid":{"rendered":"http:\/\/blog.cancaonova.com\/cuiaba\/?page_id=50"},"modified":"2024-11-22T10:03:45","modified_gmt":"2024-11-22T13:03:45","slug":"vocacional","status":"publish","type":"page","link":"https:\/\/blog.cancaonova.com\/cuiaba\/vocacional\/","title":{"rendered":"Vocacional"},"content":{"rendered":"<p>Se voc\u00ea deseja descobrir a sua voca\u00e7\u00e3o e quer conhecer melhor o Carisma Can\u00e7\u00e3o Nova, entre em contato pelo email <strong>vocacionalcuiaba@cancaonova.com<\/strong> e fale com Ana Cristina.<\/p>\n","protected":false},"excerpt":{"rendered":"<p>Se voc\u00ea deseja descobrir a sua voca\u00e7\u00e3o e quer conhecer melhor o Carisma Can\u00e7\u00e3o Nova, entre em contato pelo email vocacionalcuiaba@cancaonova.com e fale com Ana Cristina.<\/p>\n","protected":false},"author":4539,"featured_media":0,"parent":0,"menu_order":17,"comment_status":"closed","ping_status":"closed","template":"","meta":{"_mi_skip_tracking":false,"_monsterinsights_sitenote_active":false,"_monsterinsights_sitenote_note":"","_monsterinsights_sitenote_category":0,"footnotes":""},"_links":{"self":[{"href":"https:\/\/blog.cancaonova.com\/cuiaba\/wp-json\/wp\/v2\/pages\/50"}],"collection":[{"href":"https:\/\/blog.cancaonova.com\/cuiaba\/wp-json\/wp\/v2\/pages"}],"about":[{"href":"https:\/\/blog.cancaonova.com\/cuiaba\/wp-json\/wp\/v2\/types\/page"}],"author":[{"embeddable":true,"href":"https:\/\/blog.cancaonova.com\/cuiaba\/wp-json\/wp\/v2\/users\/4539"}],"replies":[{"embeddable":true,"href":"https:\/\/blog.cancaonova.com\/cuiaba\/wp-json\/wp\/v2\/comments?post=50"}],"version-history":[{"count":3,"href":"https:\/\/blog.cancaonova.com\/cuiaba\/wp-json\/wp\/v2\/pages\/50\/revisions"}],"predecessor-version":[{"id":965,"href":"https:\/\/blog.cancaonova.com\/cuiaba\/wp-json\/wp\/v2\/pages\/50\/revisions\/965"}],"wp:attachment":[{"href":"https:\/\/blog.cancaonova.com\/cuiaba\/wp-json\/wp\/v2\/media?parent=50"}],"curies":[{"name":"wp","href":"https:\/\/api.w.org\/{rel}","templated":true}]}}