{"id":672,"date":"2024-03-27T10:15:25","date_gmt":"2024-03-27T13:15:25","guid":{"rendered":"http:\/\/blog.cancaonova.com\/cuiaba\/?page_id=672"},"modified":"2024-11-13T14:40:14","modified_gmt":"2024-11-13T17:40:14","slug":"videos-misao","status":"publish","type":"page","link":"https:\/\/blog.cancaonova.com\/cuiaba\/videos-misao\/","title":{"rendered":"V\u00eddeos Miss\u00e3o"},"content":{"rendered":"<div id=\"pl-672\"  class=\"panel-layout\" ><div id=\"pg-672-0\"  class=\"panel-grid panel-no-style\" ><div id=\"pgc-672-0-0\"  class=\"panel-grid-cell\" ><div id=\"panel-672-0-0-0\" class=\"so-panel widget widget_media_video panel-first-child\" data-index=\"0\" ><div style=\"width:100%;\" class=\"wp-video\"><!--[if lt IE 9]><script>document.createElement('video');<\/script><![endif]-->\n<video class=\"wp-video-shortcode\" id=\"video-672-1\" preload=\"metadata\" controls=\"controls\"><source type=\"video\/youtube\" src=\"https:\/\/www.youtube.com\/watch?v=vgs6TDJixEU&#038;t=181s&#038;_=1\" \/><a href=\"https:\/\/www.youtube.com\/watch?v=vgs6TDJixEU&#038;t=181s\">https:\/\/www.youtube.com\/watch?v=vgs6TDJixEU&#038;t=181s<\/a><\/video><\/div><\/div><!-- View Destaque Grande Slider  -->\n<section class=\"pw-destaque-lg-slider embed_video\">\n        <div class=\"carousel-container\">\n                <div id=\"myCarousel-widget-postswidget-c61-\" class=\"carousel slide \" data-interval=\"10000\" data-ride=\"carousel\" data-bs-items=\"2\">\n            <!-- Carousel indicators -->\n                                            <ol class=\"carousel-indicators\">\n                                            <li data-target=\"#myCarousel-widget-postswidget-c61-\" class=\"grayscale\" id=\"lista-0\" data-slide-to=\"0\">\n                            <a href=\"javascript:void(0)\">\n                                                                    <img decoding=\"async\" src=\"https:\/\/blog.cancaonova.com\/cuiaba\/files\/2026\/01\/WhatsApp-Image-2026-01-17-at-10.59.02-150x150.jpeg\">\n                                                                                                \n                                 \n                            <\/a>\n                        <\/li>\n                                                                    <li data-target=\"#myCarousel-widget-postswidget-c61-\" class=\"grayscale\" id=\"lista-1\" data-slide-to=\"1\">\n                            <a href=\"javascript:void(0)\">\n                                                                    <img decoding=\"async\" src=\"https:\/\/blog.cancaonova.com\/cuiaba\/files\/2025\/12\/capa-agenda-pagina-2026-150x150.jpg\">\n                                                                                                \n                                 \n                            <\/a>\n                        <\/li>\n                                                                    <li data-target=\"#myCarousel-widget-postswidget-c61-\" class=\"grayscale\" id=\"lista-2\" data-slide-to=\"2\">\n                            <a href=\"javascript:void(0)\">\n                                                                    <img decoding=\"async\" src=\"https:\/\/blog.cancaonova.com\/cuiaba\/files\/2026\/03\/WhatsApp-Image-2026-03-13-at-12.45.13-150x150.jpeg\">\n                                                                                                \n                                 \n                            <\/a>\n                        <\/li>\n                                                                    <li data-target=\"#myCarousel-widget-postswidget-c61-\" class=\"grayscale\" id=\"lista-3\" data-slide-to=\"3\">\n                            <a href=\"javascript:void(0)\">\n                                                                    <img decoding=\"async\" src=\"https:\/\/blog.cancaonova.com\/cuiaba\/files\/2026\/01\/f2ef8c62-ba18-4369-85e3-782065e530ec-150x150.jpg\">\n                                                                                                \n                                 \n                            <\/a>\n                        <\/li>\n                                                                    <li data-target=\"#myCarousel-widget-postswidget-c61-\" class=\"grayscale\" id=\"lista-4\" data-slide-to=\"4\">\n                            <a href=\"javascript:void(0)\">\n                                                                    <img decoding=\"async\" src=\"https:\/\/blog.cancaonova.com\/cuiaba\/files\/2026\/01\/WhatsApp-Image-2026-01-20-at-09.29.29-1-150x150.jpeg\">\n                                                                                                \n                                 \n                            <\/a>\n                        <\/li>\n                                                            <\/ol>\n\n            \n            <!-- Carousel items -->\n                                            <div class=\"carousel-inner\">\n                                                    <div id=\"image-0\" class=\"\">\n                                <a href=\"https:\/\/blog.cancaonova.com\/cuiaba\/2026\/03\/24\/semanasanta2026\/\" \n                                    target='_self' \n                                    data-target=\"popupModal-1333\"\n                                    >\n                                                                                                                                                                                        <div class=\"carousel-caption\">\n                                        <div>\n                                                                                                                                    <h3>Semana Santa no Rinc\u00e3o do Meu Senhor - Can\u00e7\u00e3o Nova em V\u00e1zera Grande\/MT<\/h3>\n                                                                                                                                <\/div>\n                                    <\/div>\n                                <\/a>\n                            <\/div>\n                                                                            <div id=\"image-1\" class=\"item\">\n                                <a href=\"https:\/\/blog.cancaonova.com\/cuiaba\/2026\/03\/23\/agenda2026\/\" \n                                    target='_self' \n                                    data-target=\"popupModal-1283\"\n                                    >\n                                                                                                                                                                                        <div class=\"carousel-caption\">\n                                        <div>\n                                                                                                                                    <h3>Agenda de Eventos 2026 na Can\u00e7\u00e3o Nova - Rinc\u00e3o do Meu Senhor em V\u00e1rzea Grande\/MT<\/h3>\n                                                                                                                                <\/div>\n                                    <\/div>\n                                <\/a>\n                            <\/div>\n                                                                            <div id=\"image-2\" class=\"item\">\n                                <a href=\"https:\/\/blog.cancaonova.com\/cuiaba\/2026\/01\/20\/cerco-jerico-2026\/\" \n                                    target='_self' \n                                    data-target=\"popupModal-1345\"\n                                    >\n                                                                                                                                                                                        <div class=\"carousel-caption\">\n                                        <div>\n                                                                                                                                    <h3>\"Quebrando as muralhas\" \u00e9 tema do Cerco de Jeric\u00f3 2026 no Rinc\u00e3o<\/h3>\n                                                                                                                                <\/div>\n                                    <\/div>\n                                <\/a>\n                            <\/div>\n                                                                            <div id=\"image-3\" class=\"item\">\n                                <a href=\"https:\/\/blog.cancaonova.com\/cuiaba\/2026\/03\/24\/mulheres2026\/\" \n                                    target='_self' \n                                    data-target=\"popupModal-1358\"\n                                    >\n                                                                                                                                                                                        <div class=\"carousel-caption\">\n                                        <div>\n                                                                                                                                    <h3>\u201cESS\u00caNCIA\u201d evento para mulheres no Rinc\u00e3o<\/h3>\n                                                                                                                                <\/div>\n                                    <\/div>\n                                <\/a>\n                            <\/div>\n                                                                            <div id=\"image-4\" class=\"item\">\n                                <a href=\"https:\/\/blog.cancaonova.com\/cuiaba\/2026\/03\/25\/festamisericordia2026\/\" \n                                    target='_self' \n                                    data-target=\"popupModal-1376\"\n                                    >\n                                                                                                                                                                                        <div class=\"carousel-caption\">\n                                        <div>\n                                                                                                                                    <h3>Festa da Miseric\u00f3rdia de 2026 na Can\u00e7\u00e3o Nova em V\u00e1rzea Grande<\/h3>\n                                                                                                                                <\/div>\n                                    <\/div>\n                                <\/a>\n                            <\/div>\n                                                                <\/div>\n            \n            <!-- Controls -->\n                        <!-- End Controls -->\n        <\/div>\n    <\/div>\n    \n    <!-- vejamais -->\n            <div class=\"link_veja_mais\"><a href='https:\/\/blog.cancaonova.com\/cuiaba\/'>Veja mais<\/a><\/div>\n        <!-- vejamais -->\n\n    <div id=\"popupModal\" class=\"modal fade\" tabindex=\"-1\" role=\"dialog\">\n    <\/div> \n<\/section>\n<\/div><\/div><\/div>","protected":false},"excerpt":{"rendered":"<p>https:\/\/www.youtube.com\/watch?v=vgs6TDJixEU&#038;t=181s Semana Santa no Rinc\u00e3o do Meu Senhor &#8211; Can\u00e7\u00e3o Nova em V\u00e1zera Grande\/MT Agenda de Eventos 2026 na Can\u00e7\u00e3o Nova &#8211; Rinc\u00e3o do Meu Senhor em V\u00e1rzea Grande\/MT &#8220;Quebrando as muralhas&#8221; \u00e9 tema do Cerco de Jeric\u00f3 2026 no&#8230;<\/p>\n","protected":false},"author":4539,"featured_media":0,"parent":0,"menu_order":15,"comment_status":"closed","ping_status":"closed","template":"","meta":{"_mi_skip_tracking":false,"_monsterinsights_sitenote_active":false,"_monsterinsights_sitenote_note":"","_monsterinsights_sitenote_category":0,"footnotes":""},"_links":{"self":[{"href":"https:\/\/blog.cancaonova.com\/cuiaba\/wp-json\/wp\/v2\/pages\/672"}],"collection":[{"href":"https:\/\/blog.cancaonova.com\/cuiaba\/wp-json\/wp\/v2\/pages"}],"about":[{"href":"https:\/\/blog.cancaonova.com\/cuiaba\/wp-json\/wp\/v2\/types\/page"}],"author":[{"embeddable":true,"href":"https:\/\/blog.cancaonova.com\/cuiaba\/wp-json\/wp\/v2\/users\/4539"}],"replies":[{"embeddable":true,"href":"https:\/\/blog.cancaonova.com\/cuiaba\/wp-json\/wp\/v2\/comments?post=672"}],"version-history":[{"count":11,"href":"https:\/\/blog.cancaonova.com\/cuiaba\/wp-json\/wp\/v2\/pages\/672\/revisions"}],"predecessor-version":[{"id":937,"href":"https:\/\/blog.cancaonova.com\/cuiaba\/wp-json\/wp\/v2\/pages\/672\/revisions\/937"}],"wp:attachment":[{"href":"https:\/\/blog.cancaonova.com\/cuiaba\/wp-json\/wp\/v2\/media?parent=672"}],"curies":[{"name":"wp","href":"https:\/\/api.w.org\/{rel}","templated":true}]}}