{"id":973,"date":"2024-11-25T08:53:26","date_gmt":"2024-11-25T11:53:26","guid":{"rendered":"https:\/\/blog.cancaonova.com\/cuiaba\/?page_id=973"},"modified":"2026-03-25T19:24:07","modified_gmt":"2026-03-25T22:24:07","slug":"agenda-de-eventos-2026","status":"publish","type":"page","link":"https:\/\/blog.cancaonova.com\/cuiaba\/agenda-de-eventos-2026\/","title":{"rendered":"Agenda eventos 2026"},"content":{"rendered":"<hgroup class=\"content-header\">\n<h1 class=\" entry-title \">Agenda de eventos 2026 no Rinc\u00e3o do Meu Senhor<\/h1>\n<\/hgroup>\n<div class=\"entry-meta\">\n<div class=\"date-posts\">\n<p style=\"text-align: right\"><span style=\"font-weight: 400\">Rua do Imperador, 502, Cristo Rei, V\u00e1rzea Grande MT<\/span><span style=\"font-weight: 400\"><br \/>\n<\/span><span style=\"font-weight: 400\">cuiaba.cancaonova.com | no insta <\/span><a href=\"https:\/\/www.instagram.com\/cancaonovacuiaba\"><span style=\"font-weight: 400\">@cancaonovacuiaba<\/span><span style=\"font-weight: 400\"><br \/>\n<\/span><\/a><a href=\"https:\/\/www.facebook.com\/cancaonovacuiaba\"><span style=\"font-weight: 400\">facebook.com\/cancaonovacuiaba<\/span><\/a><span style=\"font-weight: 400\"> | Whatsapp 65 99916-9185<\/span><\/p>\n<p><span style=\"font-weight: 400\">A Comunidade Can\u00e7\u00e3o Nova se programou com uma s\u00e9rie de eventos em 2026, na esperan\u00e7a de que <em>\u201co cora\u00e7\u00e3o do homem faz planos, mas a resposta certa vem dos l\u00e1bios do SENHOR.<\/em>\u201d conforme Prov\u00e9rbios 16, 1.<\/span><\/p>\n<p><span style=\"font-weight: 400\">O bom \u00eaxito desta programa\u00e7\u00e3o est\u00e1 consagrado ao Senhor Jesus, que \u00e9 o dono desta comunidade evangelizadora.<\/span><\/p>\n<p><span style=\"font-weight: 400\">Seguem datas para voc\u00ea se programar e participar das atividades que acontecer\u00e3o no Rinc\u00e3o do Meu Senhor.<\/span><\/p>\n<p>&nbsp;<\/p>\n<h1>Janeiro<\/h1>\n<p>1\u00ba de janeiro, quinta-feira<\/p>\n<p><strong><a href=\"https:\/\/blog.cancaonova.com\/cuiaba\/2025\/09\/18\/anonovo2026\/\">Ceia de Ano Novo e 1\u00aa Missa de 2026<\/a><\/strong><\/p>\n<p>Programa\u00e7\u00e3o detalhada no <a href=\"https:\/\/blog.cancaonova.com\/cuiaba\/2025\/09\/18\/anonovo2026\/\">cuiaba.cancaonova.com<\/a><\/p>\n<p>&nbsp;<\/p>\n<p>16 a 18 de janeiro, sexta-feira \u00e0 domingo<\/p>\n<p><strong><a href=\"https:\/\/blog.cancaonova.com\/cuiaba\/2025\/12\/02\/retirojovenscn2026\/\">Retiro Jovens Can\u00e7\u00e3o Nova &#8211; \u201cRevela-nos a Tua Vontade\u201d<\/a><\/strong><\/p>\n<p>Informa\u00e7\u00f5es pelo instagram <a href=\"https:\/\/www.instagram.com\/jovenscncuiaba\">@jovenscncuiaba<\/a><\/p>\n<p>Inscri\u00e7\u00f5es no <a href=\"https:\/\/blog.cancaonova.com\/cuiaba\/2025\/12\/02\/retirojovenscn2026\/\">cuiaba.cancaonova.com<\/a><\/p>\n<hr \/>\n<h2><\/h2>\n<h1>Fevereiro<\/h1>\n<p>2 de fevereiro, segunda-feira<\/p>\n<p><strong>Missa de Renova\u00e7\u00e3o do Compromisso dos Mission\u00e1rios da Can\u00e7\u00e3o Nova \u00e0s 19h<\/strong><\/p>\n<p>&nbsp;<\/p>\n<p>14 a 17 de fevereiro, s\u00e1bado \u00e0 ter\u00e7a-feira<\/p>\n<p><strong>Presen\u00e7a da Can\u00e7\u00e3o Nova no Vinde e Vede<\/strong><\/p>\n<p>Informa\u00e7\u00f5es pelo instagram <a href=\"https:\/\/www.instagram.com\/vindeevedecuiaba\">@vindeevedecuiaba<\/a><\/p>\n<p>&nbsp;<\/p>\n<p>18 de fevereiro, quarta-feira<\/p>\n<p><strong>Missa de Quarta-feira de Cinzas: 7h30 e 12h<\/strong><\/p>\n<hr \/>\n<h2><\/h2>\n<h1>Mar\u00e7o<\/h1>\n<p>7 de mar\u00e7o, s\u00e1bado<\/p>\n<p><strong>4\u00aa Noite Italiana<\/strong><\/p>\n<p>&nbsp;<\/p>\n<p>15 de mar\u00e7o, domingo<\/p>\n<p><strong>Encerramento do Acampamento Juvenil<\/strong><\/p>\n<p>Informa\u00e7\u00f5es pelo instagram <a href=\"https:\/\/www.instagram.com\/acampamento_arquidiocese\/\">@acampamento_arquidiocese<\/a><\/p>\n<p>&nbsp;<\/p>\n<p>16 a 22 de mar\u00e7o, segunda-feira \u00e0 domingo<\/p>\n<p><strong>Cerco de Jeric\u00f3: Ter\u00e7o Mariano e Missa todas as noites<\/strong><\/p>\n<p>Abertura com Mois\u00e9s Rocha <a href=\"https:\/\/www.instagram.com\/moisesrocha.oficial\/\">@moisesrocha.oficial<\/a><\/p>\n<p>&nbsp;<\/p>\n<p>22 de mar\u00e7o, domingo<\/p>\n<p><strong>Tarde de Louvor: anivers\u00e1rio da Can\u00e7\u00e3o Nova no MT<\/strong><\/p>\n<p>Presen\u00e7as dos mission\u00e1rios M\u00e1rcio Mendes <a href=\"https:\/\/www.instagram.com\/marcio.mendescn\">@marcio.mendescn<\/a> e\u00a0Salette Ferreira <a href=\"https:\/\/www.instagram.com\/saletteferreiracn\/\">@saletteferreiracn<\/a><\/p>\n<p>&nbsp;<\/p>\n<p>29 de mar\u00e7o<\/p>\n<p><strong>Missa de Domingo de Ramos \u00e0s 17h<\/strong><\/p>\n<hr \/>\n<h2><\/h2>\n<h1>Abril<\/h1>\n<p>2 de abril, quinta-feira Santa<\/p>\n<p><strong>Missa de Lava-p\u00e9s \u00e0s 19h<\/strong><\/p>\n<p>&nbsp;<\/p>\n<p>3 de abril, sexta-feira da Paix\u00e3o<\/p>\n<p><strong>Fun\u00e7\u00f5es da Paix\u00e3o \u00e0s 15h<\/strong><\/p>\n<p>&nbsp;<\/p>\n<p>4 de abril, s\u00e1bado de Aleluia<\/p>\n<p><strong>Vig\u00edlia Pascal \u00e0s 19h<\/strong><\/p>\n<p>&nbsp;<\/p>\n<p>5 de abril, domingo de P\u00e1scoa<\/p>\n<p><strong>Missa da Ressurrei\u00e7\u00e3o \u00e0s 17h<\/strong><\/p>\n<p>&nbsp;<\/p>\n<p>12 de abril, domingo<\/p>\n<p><strong>Festa da Miseric\u00f3rdia<\/strong><\/p>\n<p>&nbsp;<\/p>\n<p>13 de abril, segunda-feira<\/p>\n<p><strong>Visita da Imagem de Nossa Senhora da Guia na Can\u00e7\u00e3o Nova<\/strong><\/p>\n<p>Informa\u00e7\u00f5es pelo instagram <a href=\"https:\/\/www.instagram.com\/paroquiansdaguiavg\/\">@paroquiansdaguiavg<\/a><\/p>\n<p>&nbsp;<\/p>\n<p>18 e 19 de abril<span style=\"font-weight: 400\">, s\u00e1bado \u00e0 domingo<\/span><\/p>\n<p><strong>EEF RCC MT &#8211; Encontro Estadual de Forma\u00e7\u00e3o da Renova\u00e7\u00e3o Carism\u00e1tica Cat\u00f3lica do Mato Grosso<\/strong><\/p>\n<p>Informa\u00e7\u00f5es pelo whatsapp (65) 99248-6273 \u2013 <a href=\"https:\/\/www.rccmt.com.br\/\">rccmt.com.br<\/a><\/p>\n<p>&nbsp;<\/p>\n<p>20 de abril, segunda-feira<\/p>\n<p><strong>In\u00edcio das 7 Semanas de Ora\u00e7\u00e3o pelas Fam\u00edlias<\/strong><\/p>\n<p>Ter\u00e7o Mariano, Missa e Adora\u00e7\u00e3o ao Sant\u00edssimo<\/p>\n<p>De 20 de abril at\u00e9 1 de junho \u2013 todas as segundas-feiras \u00e0s 19h<\/p>\n<hr \/>\n<h2><\/h2>\n<h1>Maio<\/h1>\n<p><span style=\"font-weight: 400\">1 a 3 de maio, sexta-feira \u00e0 domingo<\/span><\/p>\n<p><strong>45\u00ba Maranath\u00e1 &#8211; Retiro de Jovens coordenado pelo JS &#8211; Jovens Sarados<\/strong><\/p>\n<p><span style=\"font-weight: 400\">Informa\u00e7\u00f5es pelo instagram <\/span><a href=\"https:\/\/www.instagram.com\/js.cuiaba\"><span style=\"font-weight: 400\">@js.cuiaba<\/span><\/a><\/p>\n<p>&nbsp;<\/p>\n<p><span style=\"font-weight: 400\">13 e 14 de maio, quarta e quinta-feira \u00e0 noite<\/span><\/p>\n<p><strong>Aprofundamento para Mulheres<\/strong><\/p>\n<p><span style=\"font-weight: 400\">Presen\u00e7a: Dijanira Silva \u2013 CN SP <\/span><a href=\"https:\/\/www.instagram.com\/dijaniracn\"><span style=\"font-weight: 400\">@dijaniracn<\/span><\/a><\/p>\n<p>&nbsp;<\/p>\n<p><span style=\"font-weight: 400\">16 e 17 de maio, s\u00e1bado e domingo<\/span><\/p>\n<p><strong>Experi\u00eancia de Ora\u00e7\u00e3o para Volunt\u00e1rios da Can\u00e7\u00e3o Nova<\/strong><\/p>\n<p>&nbsp;<\/p>\n<p><span style=\"font-weight: 400\">23 e 24 de maio, s\u00e1bado e domingo<\/span><\/p>\n<p><strong>Encontro de Pentecostes &#8211; RCC Cuiab\u00e1<\/strong><\/p>\n<p><span style=\"font-weight: 400\">Informa\u00e7\u00f5es pelo whatsapp 65 98406-8060 \u2013 <\/span><a href=\"https:\/\/www.instagram.com\/rcccba\/\"><span style=\"font-weight: 400\">@rcccba<\/span><\/a><\/p>\n<p>&nbsp;<\/p>\n<p><span style=\"font-weight: 400\">30 de maio, s\u00e1bado<\/span><\/p>\n<p><strong>Encontro de Ministros Extraordin\u00e1rios da Sagrada Comunh\u00e3o<\/strong><\/p>\n<p><span style=\"font-weight: 400\">Presen\u00e7a: padre <\/span><a href=\"https:\/\/homilia.cancaonova.com\/pb\/author\/donizete\/\"><span style=\"font-weight: 400\">Donizete Heleno<\/span><\/a><span style=\"font-weight: 400\"> da CN<\/span><\/p>\n<p>&nbsp;<\/p>\n<p><span style=\"font-weight: 400\">31 de maio, domingo<\/span><\/p>\n<p><strong>Noite Luminosa Mariana<\/strong><\/p>\n<p><span style=\"font-weight: 400\">Presen\u00e7a: padre <\/span><a href=\"https:\/\/homilia.cancaonova.com\/pb\/author\/donizete\/\"><span style=\"font-weight: 400\">Donizete Heleno<\/span><\/a><span style=\"font-weight: 400\"> da CN<\/span><\/p>\n<hr \/>\n<h2><\/h2>\n<h1><strong>Junho<\/strong><\/h1>\n<p><span style=\"font-weight: 400\">1 de junho, segunda-feira<\/span><\/p>\n<p><strong>Encerramento das 7 Semanas de Ora\u00e7\u00e3o pelas Fam\u00edlias<\/strong><\/p>\n<p><span style=\"font-weight: 400\">Presen\u00e7a: padre <\/span><a href=\"https:\/\/homilia.cancaonova.com\/pb\/author\/donizete\/\"><span style=\"font-weight: 400\">Donizete Heleno<\/span><\/a><span style=\"font-weight: 400\"> da CN<\/span><\/p>\n<p>&nbsp;<\/p>\n<p><span style=\"font-weight: 400\">6 de junho, s\u00e1bado<\/span><\/p>\n<p><strong>Arrai\u00e1 CN<\/strong><\/p>\n<p>&nbsp;<\/p>\n<p><span style=\"font-weight: 400\">27 de junho, s\u00e1bado<\/span><\/p>\n<p><strong>7\u00ba Encontro Estadual \u201cM\u00e3es que Oram pelos Filhos\u201d do Mato Grosso<\/strong><\/p>\n<p><span style=\"font-weight: 400\">Informa\u00e7\u00f5es pelo instagram <\/span><a href=\"https:\/\/www.instagram.com\/maesqueorampelosfilhosmt\"><span style=\"font-weight: 400\">@maesqueorampelosfilhosmt<\/span><\/a><\/p>\n<hr \/>\n<h2><\/h2>\n<h1><strong>Julho<\/strong><\/h1>\n<p><span style=\"font-weight: 400\">5 de julho, domingo<\/span><\/p>\n<p><strong>Kair\u00f3s de Cura e Liberta\u00e7\u00e3o<\/strong><\/p>\n<p><span style=\"font-weight: 400\">Presen\u00e7as de Padre Cleberson Evangelista <a href=\"https:\/\/www.instagram.com\/padreclebersonevangelista\/\">@padreclebersonevangelista<\/a><\/span><span style=\"font-weight: 400\"> e\u00a0<\/span><span style=\"font-weight: 400\">Danilo Gesualdo &#8211; mission\u00e1rio da Can\u00e7\u00e3o Nova @<\/span><a href=\"https:\/\/www.instagram.com\/danilo_gesualdo\/\"><span style=\"font-weight: 400\">danilo_gesualdo<\/span><\/a><\/p>\n<p>&nbsp;<\/p>\n<p><span style=\"font-weight: 400\">11 de julho, s\u00e1bado<\/span><\/p>\n<p><strong>Encontro Regional do ECC &#8211; Encontro de Casais com Cristo\u00a0<\/strong><\/p>\n<p><span style=\"font-weight: 400\">Informa\u00e7\u00f5es com a Coordena\u00e7\u00e3o Arquidiocesana do ECC &#8211; Marcelo Festany whats 65 9972-6245<\/span><\/p>\n<p>&nbsp;<\/p>\n<p><span style=\"font-weight: 400\">17 a 19 de julho, sexta-feira \u00e0 s\u00e1bado<\/span><\/p>\n<p><strong>Retiro Jovens Can\u00e7\u00e3o nova<\/strong><\/p>\n<p><span style=\"font-weight: 400\">Informa\u00e7\u00f5es pelo instagram @<\/span><a href=\"https:\/\/www.instagram.com\/jovenscncuiaba\"><span style=\"font-weight: 400\">jovenscncuiaba<\/span><\/a><\/p>\n<p>&nbsp;<\/p>\n<p><span style=\"font-weight: 400\">26 de julho, domingo<\/span><\/p>\n<p><strong>Encerramento do Acampamento FAC<\/strong><\/p>\n<p><span style=\"font-weight: 400\">Informa\u00e7\u00f5es pelo instagram @<\/span><a href=\"https:\/\/www.instagram.com\/acampamento_arquidiocese\/\">acampamento_arquidiocese<\/a><\/p>\n<hr \/>\n<h2><\/h2>\n<h1><strong>Agosto<\/strong><\/h1>\n<p><span style=\"font-weight: 400\">15 de agosto, s\u00e1bado<\/span><\/p>\n<p><strong>10\u00ba Encontro Arquidiocesano de Catequistas<\/strong><\/p>\n<p><span style=\"font-weight: 400\">Informa\u00e7\u00f5es com a Coordena\u00e7\u00e3o da Catequese &#8211; Marli &#8211; pelo whatsapp 65 8117-9064<\/span><\/p>\n<p>&nbsp;<\/p>\n<p><span style=\"font-weight: 400\">21 a 23 de agosto, sexta-feira \u00e0 domingo<\/span><\/p>\n<p><strong>PHN ALVEJADOS<\/strong><\/p>\n<p>Presen\u00e7as: Pitter di Laura <a href=\"https:\/\/www.instagram.com\/pittercn\/\">@pittercn<\/a>, Padre Paulo Ricardo <a href=\"https:\/\/www.instagram.com\/pepauloricardo\">@pepauloricardo<\/a>, padre Tony Moreira @<a href=\"https:\/\/www.instagram.com\/padretony.moreira\/\">padretony.moreira<\/a>, Deivid Trombetta @<a href=\"https:\/\/www.instagram.com\/deividtrombettaa\/\">deividtrombetta<\/a>, Minst\u00e9rio Dogma @<a href=\"https:\/\/www.instagram.com\/dogma.ministerio\/\">dogma.ministerio<\/a>,\u00a0Banda Gaudium @<a href=\"https:\/\/www.instagram.com\/bandagaudium\/\">bandagaudium<\/a>, Comunidade Shalom Cuiab\u00e1 @<a href=\"https:\/\/www.instagram.com\/shalomcuiaba\/\">shalomcuiaba<\/a>, Thy Lima @<a href=\"https:\/\/www.instagram.com\/thylimaoficial\/\">thylimaoficial<\/a>, Jovens Can\u00e7\u00e3o Nova @<a href=\"https:\/\/www.instagram.com\/jovenscncuiaba\">jovenscncuiaba<\/a>, Jovens Sarados @<a href=\"https:\/\/www.instagram.com\/jovenscncuiaba\">js.cuiaba<\/a>, Arq Jovem @<a href=\"https:\/\/www.instagram.com\/arqjovem\/\">arqjovem<\/a> e muita gente boa por a\u00ed<\/p>\n<p>&nbsp;<\/p>\n<p><span style=\"font-weight: 400\">28 de agosto, sexta-feira<\/span><\/p>\n<p><strong>P\u00f3s PHN no Grupo de Jovens CN<\/strong><\/p>\n<p><span style=\"font-weight: 400\">Informa\u00e7\u00f5es pelo instagram @<\/span><a href=\"https:\/\/www.instagram.com\/jovenscncuiaba\"><span style=\"font-weight: 400\">jovenscncuiaba<\/span><\/a><span style=\"font-weight: 400\">\u00a0<\/span><\/p>\n<p>&nbsp;<\/p>\n<p><span style=\"font-weight: 400\">30 de agosto, domingo<\/span><\/p>\n<p><strong>P\u00f3s PHN no JS<\/strong><\/p>\n<p><span style=\"font-weight: 400\">Informa\u00e7\u00f5es pelo instagram @<\/span><a href=\"https:\/\/www.instagram.com\/jovenscncuiaba\"><span style=\"font-weight: 400\">js.cuiaba<\/span><\/a><span style=\"font-weight: 400\">\u00a0<\/span><\/p>\n<hr \/>\n<h2><\/h2>\n<h1><strong>Setembro<\/strong><\/h1>\n<p><span style=\"font-weight: 400\">12 de setembro, s\u00e1bado<\/span><\/p>\n<p><strong>4\u00aa Festa das Na\u00e7\u00f5es<\/strong><\/p>\n<p>&nbsp;<\/p>\n<p><span style=\"font-weight: 400\">20 de setembro, domingo<\/span><\/p>\n<p><strong>Aviva Jovem<\/strong><\/p>\n<p><span style=\"font-weight: 400\">Informa\u00e7\u00f5es pelos instagrans @<\/span><a href=\"https:\/\/www.instagram.com\/jovenscncuiaba\"><span style=\"font-weight: 400\">js.cuiaba<\/span><\/a><span style=\"font-weight: 400\"> e <\/span><span style=\"font-weight: 400\">@<\/span><a href=\"https:\/\/www.instagram.com\/jovenscncuiaba\"><span style=\"font-weight: 400\">jovenscncuiaba<\/span><\/a><span style=\"font-weight: 400\">\u00a0<\/span><\/p>\n<p>&nbsp;<\/p>\n<p><span style=\"font-weight: 400\">26 de setembro, domingo<\/span><\/p>\n<p><strong>Encontro Homens que REZAM &#8211; Encontro do Ter\u00e7o dos Homens<\/strong><\/p>\n<p><span style=\"font-weight: 400\">Informa\u00e7\u00f5es pelo instagram <\/span><span style=\"font-weight: 400\">@<\/span><a href=\"https:\/\/www.instagram.com\/Tercodoshomenscuiaba\"><span style=\"font-weight: 400\">tercodoshomenscuiaba<\/span><\/a><\/p>\n<hr \/>\n<h2><\/h2>\n<h1><strong>Outubro<\/strong><\/h1>\n<p><span style=\"font-weight: 400\">10 de outubro, s\u00e1bado<\/span><\/p>\n<p><strong>5\u00aa Festa das Rosas<\/strong><\/p>\n<p><span style=\"font-weight: 400\">Informa\u00e7\u00f5es pelo instagram <\/span><a href=\"https:\/\/www.instagram.com\/carmelo_cuiaba\"><span style=\"font-weight: 400\">@carmelo_cuiaba<\/span><\/a><\/p>\n<p>&nbsp;<\/p>\n<p><span style=\"font-weight: 400\">18 de outubro, domingo<\/span><\/p>\n<p><strong>DNJ &#8211; Dia Nacional da Juventude<\/strong><\/p>\n<p><span style=\"font-weight: 400\">Informa\u00e7\u00f5es pelo instagram <\/span><span style=\"font-weight: 400\">@<\/span><a href=\"https:\/\/www.instagram.com\/arqjovem\/\"><span style=\"font-weight: 400\">arqjovem<\/span><\/a><span style=\"font-weight: 400\">\u00a0<\/span><\/p>\n<p>&nbsp;<\/p>\n<p><span style=\"font-weight: 400\">25 de outubro, domingo<\/span><\/p>\n<p><strong>Encerramento do Acampamento Mirim<\/strong><\/p>\n<p><span style=\"font-weight: 400\">Informa\u00e7\u00f5es pelo instagram @<\/span><a href=\"https:\/\/www.instagram.com\/acampamento_arquidiocese\/\">acampamento_arquidiocese<\/a><\/p>\n<p>&nbsp;<\/p>\n<p><span style=\"font-weight: 400\">30 de outubro a 1\u00ba de novembro, sexta-feira \u00e0 domingo<\/span><\/p>\n<p><strong>46\u00ba Maranath\u00e1 &#8211; Retiro de Jovens coordenado pelo JS &#8211; Jovens Sarados<\/strong><\/p>\n<p><span style=\"font-weight: 400\">Informa\u00e7\u00f5es pelo instagram <\/span><a href=\"https:\/\/www.instagram.com\/js.cuiaba\"><span style=\"font-weight: 400\">@js.cuiaba<\/span><\/a><\/p>\n<hr \/>\n<p>&nbsp;<\/p>\n<h1><strong>Novembro<\/strong><\/h1>\n<p><strong>Aprofundamento de Cura e Liberta\u00e7\u00e3o com M\u00e1rcio Mendes<\/strong><\/p>\n<p><span style=\"font-weight: 400\">(data a definir)<\/span><\/p>\n<p>&nbsp;<\/p>\n<p><span style=\"font-weight: 400\">28 de novembro, s\u00e1bado<\/span><\/p>\n<p><strong>2\u00ba Encontro de Liturgia da Arquidiocese<\/strong><\/p>\n<hr \/>\n<p>&nbsp;<\/p>\n<h1><strong>Dezembro<\/strong><\/h1>\n<p><span style=\"font-weight: 400\">6 de dezembro, domingo<\/span><\/p>\n<p><strong>Confraterniza\u00e7\u00e3o de Natal do MSM Movimento Sacerdotal Mariano da Arquidiocese de Cuiab\u00e1<\/strong><\/p>\n<p>&nbsp;<\/p>\n<p><span style=\"font-weight: 400\">12 de dezembro, s\u00e1bado<\/span><\/p>\n<p><strong>Noite Oracional \u201cAGUENTA FIRME\u201d<\/strong><\/p>\n<p>&nbsp;<\/p>\n<p><span style=\"font-weight: 400\">31 de dezembro, quinta-feira<\/span><\/p>\n<p><strong>Vig\u00edlia de Ano Novo<\/strong><\/p>\n<hr \/>\n<p>&nbsp;<\/p>\n<h3 style=\"text-align: center\"><b>Outras informa\u00e7\u00f5es pelo<br \/>\n<\/b><b>whatsapp 65 99916-9185 ou pelo email<br \/>\n<\/b><b>eventoscuiaba@cancaonova.com<\/b><\/h3>\n<p style=\"text-align: center\"><em><span style=\"font-weight: 400\">A Comunidade Can\u00e7\u00e3o Nova conta com a sua ora\u00e7\u00e3o e intercess\u00e3o para que,<br \/>\npor meio dessas atividades, cada vez mais homens e mulheres<br \/>\nse encontrem com Jesus na efic\u00e1cia do Esp\u00edrito Santo.<br \/>\nAm\u00e9m.<\/span><\/em><\/p>\n<\/div>\n<\/div>\n","protected":false},"excerpt":{"rendered":"<p>Agenda de eventos 2026 no Rinc\u00e3o do Meu Senhor Rua do Imperador, 502, Cristo Rei, V\u00e1rzea Grande MT cuiaba.cancaonova.com | no insta @cancaonovacuiaba facebook.com\/cancaonovacuiaba | Whatsapp 65 99916-9185 A Comunidade Can\u00e7\u00e3o Nova se programou com uma s\u00e9rie de eventos em&#8230;<\/p>\n","protected":false},"author":4539,"featured_media":1284,"parent":0,"menu_order":0,"comment_status":"closed","ping_status":"closed","template":"","meta":{"_mi_skip_tracking":false,"_monsterinsights_sitenote_active":false,"_monsterinsights_sitenote_note":"","_monsterinsights_sitenote_category":0,"footnotes":""},"_links":{"self":[{"href":"https:\/\/blog.cancaonova.com\/cuiaba\/wp-json\/wp\/v2\/pages\/973"}],"collection":[{"href":"https:\/\/blog.cancaonova.com\/cuiaba\/wp-json\/wp\/v2\/pages"}],"about":[{"href":"https:\/\/blog.cancaonova.com\/cuiaba\/wp-json\/wp\/v2\/types\/page"}],"author":[{"embeddable":true,"href":"https:\/\/blog.cancaonova.com\/cuiaba\/wp-json\/wp\/v2\/users\/4539"}],"replies":[{"embeddable":true,"href":"https:\/\/blog.cancaonova.com\/cuiaba\/wp-json\/wp\/v2\/comments?post=973"}],"version-history":[{"count":7,"href":"https:\/\/blog.cancaonova.com\/cuiaba\/wp-json\/wp\/v2\/pages\/973\/revisions"}],"predecessor-version":[{"id":1385,"href":"https:\/\/blog.cancaonova.com\/cuiaba\/wp-json\/wp\/v2\/pages\/973\/revisions\/1385"}],"wp:featuredmedia":[{"embeddable":true,"href":"https:\/\/blog.cancaonova.com\/cuiaba\/wp-json\/wp\/v2\/media\/1284"}],"wp:attachment":[{"href":"https:\/\/blog.cancaonova.com\/cuiaba\/wp-json\/wp\/v2\/media?parent=973"}],"curies":[{"name":"wp","href":"https:\/\/api.w.org\/{rel}","templated":true}]}}