{"id":13821,"date":"2014-06-13T12:26:48","date_gmt":"2014-06-13T14:26:48","guid":{"rendered":"http:\/\/blog.cancaonova.com\/curitiba\/?page_id=13821"},"modified":"2018-02-19T14:48:14","modified_gmt":"2018-02-19T16:48:14","slug":"programacao","status":"publish","type":"page","link":"https:\/\/blog.cancaonova.com\/curitiba\/programacao\/","title":{"rendered":"Programa\u00e7\u00e3o"},"content":{"rendered":"<p style=\"text-align: right\" align=\"JUSTIFY\"><strong>Contatos da R\u00e1dio Can\u00e7\u00e3o Nova em Curitiba<\/strong><\/p>\n<p style=\"text-align: right\" align=\"JUSTIFY\">WhatsApp \/ SMS: (41) 99882-1370<br \/>\nTelefone: (41) 99031-1370<br \/>\nEmail: radiocuritiba@cancaonova.com<br \/>\nTwitter: <a href=\"https:\/\/twitter.com\/radiocncuritiba\" target=\"_blank\" rel=\"noopener\">@radiocncuritiba<br \/>\n<\/a>Facebook:&nbsp;<a href=\"https:\/\/www.facebook.com\/am1370ctba\" target=\"_blank\" rel=\"noopener\">am1370ctba<\/a> &#8211; Radio CN Curitiba<\/p>\n<p style=\"text-align: right\" align=\"JUSTIFY\">&#8211; &#8211; &#8211; &#8211; &#8211; &#8211; &#8211; &#8211; &#8211; &#8211; &#8211;<\/p>\n<p style=\"text-align: right\" align=\"JUSTIFY\">Para ouvir a R\u00e1dio CN Curitiba&nbsp;via internet acesse&nbsp;<a href=\"http:\/\/radio.cancaonova.com\/curitiba\/?autoplay=true\" target=\"_blank\" rel=\"noopener\">radio.cancaonova.com\/curitiba<\/a><\/p>\n<p align=\"center\"><span style=\"font-family: Georgia, serif\"><b>Segunda-feira<\/b><\/span><\/p>\n<p><span style=\"font-family: Georgia, serif\">00h00 \u2013 Madrugada Amiga<\/span><\/p>\n<p><span style=\"font-family: Georgia, serif\">05h00 \u2013 Violas do Brasil<\/span><\/p>\n<p><span style=\"font-family: Georgia, serif\">06h00 \u2013 Santo Ter\u00e7o<\/span><\/p>\n<p><span style=\"font-family: Georgia, serif\">06h30 \u2013 Retiro Popular (Oficio da Imaculada)<\/span><\/p>\n<p><span style=\"font-family: Georgia, serif\">07h00 \u2013 Santa Missa<\/span><\/p>\n<p><span style=\"font-family: Georgia, serif\">07h50 \u2013 Tempo e temperatura<\/span><\/p>\n<p><span style=\"font-family: Georgia, serif\">08h00 \u2013 Sorrindo pra vida<\/span><\/p>\n<p><span style=\"font-family: Georgia, serif\">09h15 \u2013 Di\u00e1rio Espiritual<\/span><\/p>\n<p><span style=\"font-family: Georgia, serif\">09h30 \u2013 Clube do Ouvinte<\/span><\/p>\n<p><span style=\"font-family: Georgia, serif\">10h30 \u2013 Boletim Jornalismo<\/span><\/p>\n<p><span style=\"font-family: Georgia, serif\">11h00 \u2013 O Amor Vencer\u00e1<\/span><\/p>\n<p><span style=\"font-family: Georgia, serif\">12h00 &#8211; Mais Sa\u00fade<\/span><\/p>\n<p><span style=\"font-family: Georgia, serif\">13h00 \u2013 Jornalismo<\/span><\/p>\n<p><span style=\"font-family: Georgia, serif\">13h30 \u2013 Conex\u00e3o CN<\/span><\/p>\n<p><span style=\"font-family: Georgia, serif\">15h00 &#8211; Encontro com a Miseric\u00f3rdia <\/span><\/p>\n<p><span style=\"font-family: Georgia, serif\">15h30 \u2013 Missa pelas Fam\u00edlias<\/span><\/p>\n<p><span style=\"font-family: Georgia, serif\">16:30 \u2013 Tarde Especial<\/span><\/p>\n<p><span style=\"font-family: Georgia, serif\">18h00 \u2013 Santo Ter\u00e7o<\/span><\/p>\n<p><span style=\"font-family: Georgia, serif\">18h30 \u2013 Jornal CN<\/span><\/p>\n<p><span style=\"font-family: Georgia, serif\">19h00 \u2013 A Voz do Brasil<\/span><\/p>\n<p><span style=\"font-family: Georgia, serif\">20h00 \u2013 Momento de F\u00e9 \u2013 Padre Marcelo Rossi<\/span><\/p>\n<p><span style=\"font-family: Georgia, serif\">21h00 \u2013 A Boa do dia<\/span><\/p>\n<p><span style=\"font-family: Georgia, serif\">22h00 \u2013 Nossa Miss\u00e3o \u2013 Especial 40 anos<\/span><\/p>\n<p><span style=\"font-family: Georgia, serif\">23h00 \u2013 Ter\u00e7o em Familia<\/span><\/p>\n<p align=\"center\"><span style=\"font-family: Georgia, serif\"><b>Ter\u00e7a-feira<\/b><\/span><\/p>\n<p><span style=\"font-family: Georgia, serif\">00h00 \u2013 Madrugada Amiga<\/span><\/p>\n<p><span style=\"font-family: Georgia, serif\">05h00 \u2013 Violas do Brasil<\/span><\/p>\n<p><span style=\"font-family: Georgia, serif\">06h00 \u2013 Santo Ter\u00e7o<\/span><\/p>\n<p><span style=\"font-family: Georgia, serif\">06h30 \u2013 Retiro Popular (Oficio da Imaculada)<\/span><\/p>\n<p><span style=\"font-family: Georgia, serif\">07h00 \u2013 Santa Missa<\/span><\/p>\n<p><span style=\"font-family: Georgia, serif\">07h50 \u2013 Tempo e temperatura<\/span><\/p>\n<p><span style=\"font-family: Georgia, serif\">08h00 \u2013 Sorrindo pra vida<\/span><\/p>\n<p>09h15 \u2013 Di\u00e1rio Espiritual<\/p>\n<p><span style=\"font-family: Georgia, serif\">09h30 \u2013 Clube do Ouvinte<\/span><\/p>\n<p><span style=\"font-family: Georgia, serif\">10h30 \u2013 Boletim Jornalismo<\/span><\/p>\n<p><span style=\"font-family: Georgia, serif\">11h00 \u2013 O Amor Vencer\u00e1<\/span><\/p>\n<p><span style=\"font-family: Georgia, serif\">12h00 &#8211; Mais Sa\u00fade<\/span><\/p>\n<p><span style=\"font-family: Georgia, serif\">13h00 \u2013 Jornalismo<\/span><\/p>\n<p><span style=\"font-family: Georgia, serif\">13h30 \u2013 Conex\u00e3o<\/span><\/p>\n<p><span style=\"font-family: Georgia, serif\">15h00 \u2013 Encontro com a Miseric\u00f3rdia<\/span><\/p>\n<p><span style=\"font-family: Georgia, serif\">16h00 \u2013 As mais tocadas do dia<\/span><\/p>\n<p><span style=\"font-family: Georgia, serif\">16h30 \u2013 Tarde Especial<\/span><\/p>\n<p><span style=\"font-family: Georgia, serif\">18h00 \u2013 Santo Ter\u00e7o<\/span><\/p>\n<p><span style=\"font-family: Georgia, serif\">18h30 \u2013 Jornal CN<\/span><\/p>\n<p><span style=\"font-family: Georgia, serif\">19h00 \u2013 A Voz do Brasil<\/span><\/p>\n<p><span style=\"font-family: Georgia, serif\">20h00 \u2013 Grupo de Ora\u00e7\u00e3o CN Curitiba (ao vivo)<\/span><\/p>\n<p><span style=\"font-family: Georgia, serif\">21h30 \u2013 Mensagens e Can\u00e7\u00f5es<\/span><\/p>\n<p><span style=\"font-family: Georgia, serif\">22h00 \u2013 Momento de F\u00e9 \u2013 Pe Marcelo Rossi <\/span><\/p>\n<p><span style=\"font-family: Georgia, serif\">23h00 \u2013 Ter\u00e7o em Familia<\/span><\/p>\n<p align=\"center\"><span style=\"font-family: Georgia, serif\"><b>Quarta-feira<\/b><\/span><\/p>\n<p><span style=\"font-family: Georgia, serif\">00h00 \u2013 Madrugada Amiga<\/span><\/p>\n<p><span style=\"font-family: Georgia, serif\">05h00 \u2013 Violas do Brasil<\/span><\/p>\n<p><span style=\"font-family: Georgia, serif\">06h00 \u2013 Santo Ter\u00e7o<\/span><\/p>\n<p><span style=\"font-family: Georgia, serif\">06h30 \u2013 Retiro Popular (Oficio da Imaculada)<\/span><\/p>\n<p><span style=\"font-family: Georgia, serif\">07h00 \u2013 Santa Missa<\/span><\/p>\n<p><span style=\"font-family: Georgia, serif\">07h50 \u2013 Tempo e temperatura<\/span><\/p>\n<p><span style=\"font-family: Georgia, serif\">08h00 \u2013 Sorrindo pra vida<\/span><\/p>\n<p>09h15 \u2013 Di\u00e1rio Espiritual<\/p>\n<p><span style=\"font-family: Georgia, serif\">09h30 \u2013 Clube do Ouvinte<\/span><\/p>\n<p><span style=\"font-family: Georgia, serif\">10h30 \u2013 Boletim Jornalismo<\/span><\/p>\n<p><span style=\"font-family: Georgia, serif\">11h00 \u2013 O Amor Vencer\u00e1<\/span><\/p>\n<p><span style=\"font-family: Georgia, serif\">12h00 &#8211; Mais Sa\u00fade<\/span><\/p>\n<p><span style=\"font-family: Georgia, serif\">13h00 \u2013 Jornalismo<\/span><\/p>\n<p><span style=\"font-family: Georgia, serif\">13h30 \u2013 Conex\u00e3o CN<\/span><\/p>\n<p><span style=\"font-family: Georgia, serif\">15h00 \u2013 Encontro com a Miseric\u00f3rdia<\/span><\/p>\n<p><span style=\"font-family: Georgia, serif\">16h00 \u2013 Tarde Especial<\/span><\/p>\n<p><span style=\"font-family: Georgia, serif\">18h00 \u2013 Santo Ter\u00e7o<\/span><\/p>\n<p><span style=\"font-family: Georgia, serif\">18h30 \u2013 Jornal CN<\/span><\/p>\n<p><span style=\"font-family: Georgia, serif\">19h00 \u2013 A Voz do Brasil<\/span><\/p>\n<p><span style=\"font-family: Georgia, serif\">20h00 \u2013 Missa do Clube da Evangeliza\u00e7\u00e3o<\/span><\/p>\n<p><span style=\"font-family: Georgia, serif\">22h00 \u2013 Dai-nos a ben\u00e7\u00e3o<\/span><\/p>\n<p><span style=\"font-family: Georgia, serif\">23h00 \u2013 Ter\u00e7o em Familia<\/span><\/p>\n<p align=\"center\"><span style=\"font-family: Georgia, serif\"><b>Quinta-feira<\/b><\/span><\/p>\n<p><span style=\"font-family: Georgia, serif\">00h00 \u2013 Madrugada Amiga<\/span><\/p>\n<p><span style=\"font-family: Georgia, serif\">05h00 \u2013 Violas do Brasil<\/span><\/p>\n<p><span style=\"font-family: Georgia, serif\">06h00 \u2013 Santo Ter\u00e7o<\/span><\/p>\n<p><span style=\"font-family: Georgia, serif\">06h30 \u2013 Retiro Popular (Oficio da Imaculada)<\/span><\/p>\n<p><span style=\"font-family: Georgia, serif\">07h00 \u2013 Santa Missa<\/span><\/p>\n<p><span style=\"font-family: Georgia, serif\">07h50 \u2013 Tempo e temperatura<\/span><\/p>\n<p><span style=\"font-family: Georgia, serif\">08h00 \u2013 Sorrindo pra vida<\/span><\/p>\n<p>09h15 \u2013 Di\u00e1rio Espiritual<\/p>\n<p><span style=\"font-family: Georgia, serif\">09h30 \u2013 Quinta-feira Especial de Adora\u00e7\u00e3o<\/span><\/p>\n<p><span style=\"font-family: Georgia, serif\">12h00 \u2013 Pai das Misericordias<\/span><\/p>\n<p><span style=\"font-family: Georgia, serif\">13h00 \u2013 Momento de F\u00e9 \u2013 Pe Marcelo Rossi <\/span><\/p>\n<p><span style=\"font-family: Georgia, serif\">14h00 \u2013 Quinta-feira Especial de Adora\u00e7\u00e3o \u2013 CN Curitiba<\/span><\/p>\n<p><span style=\"font-family: Georgia, serif\">15h30 \u2013 Porta a porta <\/span><\/p>\n<p><span style=\"font-family: Georgia, serif\">16h00 \u2013 Santa Missa \u2013 CN Curitiba<\/span><\/p>\n<p><span style=\"font-family: Georgia, serif\">17h00 \u2013 Mensagens e Can\u00e7\u00f5es<\/span><\/p>\n<p>18h00 \u2013 Santo Ter\u00e7o<\/p>\n<p><span style=\"font-family: Georgia, serif\">18h30 \u2013 Jornal CN<\/span><\/p>\n<p><span style=\"font-family: Georgia, serif\">19h00 \u2013 A Voz do Brasil<\/span><\/p>\n<p><span style=\"font-family: Georgia, serif\">20h00 \u2013 Pastoral da Sobriedade<\/span><\/p>\n<p><span style=\"font-family: Georgia, serif\">21h00 \u2013 Boa Noite meu Deus<\/span><\/p>\n<p><span style=\"font-family: Georgia, serif\">22h00 \u2013 Dai-nos a ben\u00e7\u00e3o<\/span><\/p>\n<p><span style=\"font-family: Georgia, serif\">23h00 \u2013 Ter\u00e7o em Familia<\/span><\/p>\n<p align=\"center\"><span style=\"font-family: Georgia, serif\"><b>Sexta-feira<\/b><\/span><\/p>\n<p><span style=\"font-family: Georgia, serif\">00h00 \u2013 Madrugada Amiga<\/span><\/p>\n<p><span style=\"font-family: Georgia, serif\">05h00 \u2013 Violas do Brasil<\/span><\/p>\n<p><span style=\"font-family: Georgia, serif\">06h00 \u2013 Santo Ter\u00e7o<\/span><\/p>\n<p><span style=\"font-family: Georgia, serif\">06h30 \u2013 Retiro Popular (Oficio da Imaculada)<\/span><\/p>\n<p><span style=\"font-family: Georgia, serif\">07h00 \u2013 Santa Missa<\/span><\/p>\n<p><span style=\"font-family: Georgia, serif\">07h50 \u2013 Tempo e temperatura<\/span><\/p>\n<p><span style=\"font-family: Georgia, serif\">08h00 \u2013 Sorrindo pra vida<\/span><\/p>\n<p>09h15 \u2013 Di\u00e1rio Espiritual<\/p>\n<p><span style=\"font-family: Georgia, serif\">09h30 \u2013 Clube do Ouvinte<\/span><\/p>\n<p><span style=\"font-family: Georgia, serif\">10h30 \u2013 Boletim Jornalismo<\/span><\/p>\n<p><span style=\"font-family: Georgia, serif\">11h00 \u2013 O Amor Vencer\u00e1<\/span><\/p>\n<p><span style=\"font-family: Georgia, serif\">12h00 &#8211; Mais Sa\u00fade<\/span><\/p>\n<p><span style=\"font-family: Georgia, serif\">13h00 \u2013 Jornalismo<\/span><\/p>\n<p><span style=\"font-family: Georgia, serif\">13h30 \u2013 Conex\u00e3o CN<\/span><\/p>\n<p><span style=\"font-family: Georgia, serif\">15h00 \u2013 Encontro com a Miseric\u00f3rdia<\/span><\/p>\n<p><span style=\"font-family: Georgia, serif\">16h00 \u2013 Tarde Especial<\/span><\/p>\n<p><span style=\"font-family: Georgia, serif\">18h00 \u2013 Santo Ter\u00e7o<\/span><\/p>\n<p><span style=\"font-family: Georgia, serif\">18h30 \u2013 Jornal CN<\/span><\/p>\n<p><span style=\"font-family: Georgia, serif\">19h00 \u2013 A Voz do Brasil<\/span><\/p>\n<p><span style=\"font-family: Georgia, serif\">20h00 \u2013 Santa Missa \u2013 Santu\u00e1rio do Pai das Miseric\u00f3rdias <\/span><\/p>\n<p><span style=\"font-family: Georgia, serif\">22h00 \u2013 Dai-nos a ben\u00e7\u00e3o (CN Curitiba)<\/span><\/p>\n<p><span style=\"font-family: Georgia, serif\">23h00 \u2013 Ter\u00e7o em Familia <\/span><\/p>\n<p><strong><span style=\"color: #000000\"><span style=\"font-family: Georgia, serif\">Contato: <\/span><\/span><\/strong><span style=\"color: #000000\"><span style=\"font-family: Georgia, serif\"><b>amctba<\/b><\/span><\/span><strong><span style=\"color: #000000\"><span style=\"font-family: Georgia, serif\"><b>@can<\/b><\/span><\/span><\/strong><strong><span style=\"color: #000000\"><span style=\"font-family: Georgia, serif\">caonova.com<\/span><\/span><\/strong><\/p>\n<p>&nbsp;<\/p>\n","protected":false},"excerpt":{"rendered":"<p>Contatos da R\u00e1dio Can\u00e7\u00e3o Nova em Curitiba WhatsApp \/ SMS: (41) 99882-1370 Telefone: (41) 99031-1370 Email: radiocuritiba@cancaonova.com Twitter: @radiocncuritiba Facebook:&nbsp;am1370ctba &#8211; Radio CN Curitiba &#8211; &#8211; &#8211; &#8211; &#8211; &#8211; &#8211; &#8211; &#8211; &#8211; &#8211; Para ouvir a R\u00e1dio CN&#8230;<\/p>\n","protected":false},"author":3161,"featured_media":0,"parent":0,"menu_order":0,"comment_status":"open","ping_status":"open","template":"","meta":{"_mi_skip_tracking":false,"_monsterinsights_sitenote_active":false,"_monsterinsights_sitenote_note":"","_monsterinsights_sitenote_category":0,"footnotes":""},"_links":{"self":[{"href":"https:\/\/blog.cancaonova.com\/curitiba\/wp-json\/wp\/v2\/pages\/13821"}],"collection":[{"href":"https:\/\/blog.cancaonova.com\/curitiba\/wp-json\/wp\/v2\/pages"}],"about":[{"href":"https:\/\/blog.cancaonova.com\/curitiba\/wp-json\/wp\/v2\/types\/page"}],"author":[{"embeddable":true,"href":"https:\/\/blog.cancaonova.com\/curitiba\/wp-json\/wp\/v2\/users\/3161"}],"replies":[{"embeddable":true,"href":"https:\/\/blog.cancaonova.com\/curitiba\/wp-json\/wp\/v2\/comments?post=13821"}],"version-history":[{"count":10,"href":"https:\/\/blog.cancaonova.com\/curitiba\/wp-json\/wp\/v2\/pages\/13821\/revisions"}],"predecessor-version":[{"id":16869,"href":"https:\/\/blog.cancaonova.com\/curitiba\/wp-json\/wp\/v2\/pages\/13821\/revisions\/16869"}],"wp:attachment":[{"href":"https:\/\/blog.cancaonova.com\/curitiba\/wp-json\/wp\/v2\/media?parent=13821"}],"curies":[{"name":"wp","href":"https:\/\/api.w.org\/{rel}","templated":true}]}}