{"id":13824,"date":"2014-06-13T12:27:02","date_gmt":"2014-06-13T14:27:02","guid":{"rendered":"http:\/\/blog.cancaonova.com\/curitiba\/?page_id=13824"},"modified":"2018-02-19T14:46:41","modified_gmt":"2018-02-19T16:46:41","slug":"programas-locais","status":"publish","type":"page","link":"https:\/\/blog.cancaonova.com\/curitiba\/programas-locais\/","title":{"rendered":"Programas Locais"},"content":{"rendered":"<h3 class=\"western\" style=\"text-align: center\">Programas da R\u00e1dio Can\u00e7\u00e3o Nova que s\u00e3o feitos em Curitiba:<\/h3>\n<p><b>Boa Noite Meu Deus (Quintas 21h as 22h) AO VIVO<\/b><br \/>\nLocu\u00e7\u00e3o: Padre Carlos<\/p>\n<p><b>Clube do Ouvinte (seg, ter, qua e sex as 9h30 as 11h) AO VIVO<\/b><br \/>\nLocu\u00e7\u00e3o: Cl\u00e1udia Brito<\/p>\n<p><b>Conex\u00e3o Can\u00e7\u00e3o Nova (seg \u00e0 qua \u00e0s 13h30 as 15h) AO VIVO<\/b><br \/>\nLocutor: Orlando Junior<\/p>\n<p><b>Conex\u00e3o Can\u00e7\u00e3o Nova &#8211; <\/b><b>ENTREVISTA<\/b><b> (sexta \u00e0s 13h30 as 15h) AO VIVO<\/b><br \/>\nLocutor: Mauric\u00e9ia Fagundes<\/p>\n<p><b>Dai-nos a Ben\u00e7\u00e3o (sexta \u00e0s 22h \u00e0s 23h) AO VIVO<\/b><br \/>\nLocutor: Padre Gevanildo Torres<\/p>\n<p><b>Di\u00e1rio Espiritual (Seg. a sexta ap\u00f3s o sorrindo) GRAVADO<\/b><br \/>\nLocu\u00e7\u00e3o e Produ\u00e7\u00e3o: Jarles Pereira<\/p>\n<p><b>Em Beth\u00e2nia (S\u00e1bados 7h as 8h) AO VIVO<\/b><br \/>\nLocu\u00e7\u00e3o: Comunidade Beth\u00e2nia<\/p>\n<p><b>Encontro com a Miseric\u00f3rdia (Segunda 15h \u00e1s 16h) AO VIVO<\/b><br \/>\nLocu\u00e7\u00e3o: Rosane Hor\u00e1rio<\/p>\n<p><b>Encontro com a Miseric\u00f3rdia (ter, qua e sex. 15h \u00e1s 16h) AO VIVO<\/b><br \/>\nLocu\u00e7\u00e3o: Pe. Gevanildo<\/p>\n<p><b>Especial Can\u00e7\u00e3o Nova (3\u00aa quarta do m\u00eas as 9h30 as 11h) AO VIVO<\/b><br \/>\nLocu\u00e7\u00e3o: Fabiana S\u00e1<\/p>\n<p><b>Jornalismo CN \u2013 Edi\u00e7\u00e3o Local (2\u00aa, 3\u00aa, 4\u00aa e 6\u00aa feira 13h00 \u00e0s 13h30) GRAVADO<\/b><\/p>\n<p>Locu\u00e7\u00e3o e produ\u00e7\u00e3o: Fabiana S\u00e1<\/p>\n<p>&nbsp;<\/p>\n<p><b>Igreja e Atualidade (Domingo \u00e0s 19h \u00e0s 20h) GRAVADO<\/b><br \/>\nLocu\u00e7\u00e3o e Produ\u00e7\u00e3o: Fabiana S\u00e1<\/p>\n<p><b>Mensagens e Can\u00e7\u00f5es (Quintas 17h as 18h) AO VIVO<\/b><br \/>\nLocu\u00e7\u00e3o: Silas Oliveira e V\u00e2nia Regina<\/p>\n<p><b>Mensagens e Can\u00e7\u00f5es (<\/b><b>S\u00e1bado e Domingo<\/b><b>) <\/b><b>GRAVADO<\/b><br \/>\nLocu\u00e7\u00e3o: Cristiane Viana<\/p>\n<p><b>Pastoral da Sobriedade (Quintas 20h as 21h) AO VIVO<\/b><br \/>\nLocu\u00e7\u00e3o: Pastoral da Sobriedade<\/p>\n<p><b>Nossa miss\u00e3o (S\u00e1bado \u00e0s 19h as 19h30) GRAVADO<\/b><br \/>\nPalestras da Can\u00e7\u00e3o Nova Curitiba<\/p>\n<p><b>Renova\u00e7\u00e3o em A\u00e7\u00e3o (Domingo 20h as 21h) AO VIVO<\/b><br \/>\nLocu\u00e7\u00e3o: RCC Curitiba<\/p>\n<p><b>Santo do Dia (Di\u00e1rio dentro do Clube) GRAVADO<\/b><br \/>\nLocu\u00e7\u00e3o: Dom Pedro Fedalto<\/p>\n<p><b>Santa Missa Transmitida de Mandirituba (Domingo 7h30 as 8h30) AO VIVO<\/b><br \/>\nLocu\u00e7\u00e3o: Sacerdote celebrante Local<\/p>\n<p><b>Santa Missa Transmitida de Largo da Ordem (Domingo 18h00 as 19h00) AO VIVO<\/b><br \/>\nLocu\u00e7\u00e3o: Sacerdote celebrante do Largo da Ordem<\/p>\n<p><b>Ter\u00e7o Mariano (Seg a sexta 18h as 18h30) AO VIVO<\/b><br \/>\nLocu\u00e7\u00e3o: Pastorais e Movimentos Par\u00f3quias e Com. Alian\u00e7a<\/p>\n<p align=\"right\">&nbsp;<\/p>\n<p style=\"text-align: left\" align=\"right\"><span style=\"color: #000000\"><span style=\"font-family: Arial, sans-serif\"><span style=\"font-size: medium\"><strong>Contatos da R\u00e1dio Can\u00e7\u00e3o Nova em Curitiba<br \/>\n<\/strong><\/span><\/span><\/span><span style=\"color: #000000\"><span style=\"font-family: Arial, sans-serif\"><span style=\"font-size: medium\">WhatsApp \/ SMS: (41) 9882-1370<br \/>\nTelefone: (41) <\/span><\/span><\/span><span style=\"color: #000000\"><span style=\"font-family: Arial, sans-serif\"><span style=\"font-size: medium\">3<\/span><\/span><\/span><span style=\"color: #000000\"><span style=\"font-family: Arial, sans-serif\"><span style=\"font-size: medium\">0<\/span><\/span><\/span><span style=\"color: #000000\"><span style=\"font-family: Arial, sans-serif\"><span style=\"font-size: medium\">9<\/span><\/span><\/span><span style=\"color: #000000\"><span style=\"font-family: Arial, sans-serif\"><span style=\"font-size: medium\">1-1370<br \/>\nEmail: radiocuritiba@cancaonova.com<br \/>\nTwitter: <a href=\"https:\/\/twitter.com\/radiocncuritiba\" target=\"_blank\" rel=\"noopener\">@radiocncuritiba<br \/>\n<\/a>Facebook:&nbsp;<a href=\"https:\/\/www.facebook.com\/am1370ctba\" target=\"_blank\" rel=\"noopener\">am1370ctba<\/a> &#8211; Radio CN Curitiba<\/span><\/span><\/span><\/p>\n<p style=\"text-align: left\" align=\"right\"><span style=\"color: #000000\"><span style=\"font-family: Arial, sans-serif\"><span style=\"font-size: medium\">&#8211; &#8211; &#8211; &#8211; &#8211; &#8211; &#8211; &#8211; &#8211; &#8211; &#8211;<\/span><\/span><\/span><\/p>\n<p style=\"text-align: left\" align=\"center\"><span style=\"color: #000000\"><span style=\"font-family: Arial, sans-serif\"><span style=\"font-size: medium\"><b>Para ouvir a R\u00e1dio CN Curitiba via internet acesse <a href=\"http:\/\/radio.cancaonova.com\/curitiba\/?autoplay=true\" target=\"_blank\" rel=\"noopener\">radio.cancaonova.com\/curitiba<\/a><\/b><\/span><\/span><\/span><\/p>\n<p class=\"western\" style=\"text-align: left\" align=\"LEFT\">&nbsp;<\/p>\n","protected":false},"excerpt":{"rendered":"<p>Programas da R\u00e1dio Can\u00e7\u00e3o Nova que s\u00e3o feitos em Curitiba: Boa Noite Meu Deus (Quintas 21h as 22h) AO VIVO Locu\u00e7\u00e3o: Padre Carlos Clube do Ouvinte (seg, ter, qua e sex as 9h30 as 11h) AO VIVO Locu\u00e7\u00e3o: Cl\u00e1udia Brito&#8230;<\/p>\n","protected":false},"author":3161,"featured_media":0,"parent":0,"menu_order":0,"comment_status":"open","ping_status":"open","template":"","meta":{"_mi_skip_tracking":false,"_monsterinsights_sitenote_active":false,"_monsterinsights_sitenote_note":"","_monsterinsights_sitenote_category":0,"footnotes":""},"_links":{"self":[{"href":"https:\/\/blog.cancaonova.com\/curitiba\/wp-json\/wp\/v2\/pages\/13824"}],"collection":[{"href":"https:\/\/blog.cancaonova.com\/curitiba\/wp-json\/wp\/v2\/pages"}],"about":[{"href":"https:\/\/blog.cancaonova.com\/curitiba\/wp-json\/wp\/v2\/types\/page"}],"author":[{"embeddable":true,"href":"https:\/\/blog.cancaonova.com\/curitiba\/wp-json\/wp\/v2\/users\/3161"}],"replies":[{"embeddable":true,"href":"https:\/\/blog.cancaonova.com\/curitiba\/wp-json\/wp\/v2\/comments?post=13824"}],"version-history":[{"count":10,"href":"https:\/\/blog.cancaonova.com\/curitiba\/wp-json\/wp\/v2\/pages\/13824\/revisions"}],"predecessor-version":[{"id":16867,"href":"https:\/\/blog.cancaonova.com\/curitiba\/wp-json\/wp\/v2\/pages\/13824\/revisions\/16867"}],"wp:attachment":[{"href":"https:\/\/blog.cancaonova.com\/curitiba\/wp-json\/wp\/v2\/media?parent=13824"}],"curies":[{"name":"wp","href":"https:\/\/api.w.org\/{rel}","templated":true}]}}