{"id":141,"date":"2008-04-23T12:57:43","date_gmt":"2008-04-23T15:57:43","guid":{"rendered":"http:\/\/blog.cancaonova.com\/curitiba\/radio-cancao-nova-nossa-am-1370\/"},"modified":"2017-01-13T15:11:42","modified_gmt":"2017-01-13T17:11:42","slug":"radio-cancao-nova-curitiba-am-1370","status":"publish","type":"page","link":"https:\/\/blog.cancaonova.com\/curitiba\/radio-cancao-nova-curitiba-am-1370\/","title":{"rendered":"R\u00e1dio AM 1370"},"content":{"rendered":"<p>A <strong>R\u00e1dio Can\u00e7\u00e3o Nova Nossa Senhora da Luz<\/strong> foi o meio concreto que Deus usou para que a <strong>Comunidade Can\u00e7\u00e3o Nova<\/strong> se instalasse\u00a0em <strong>Curitiba (PR)<\/strong>, com suas atividades de evangeliza\u00e7\u00e3o. No dia 10 de agosto de 2004 a Can\u00e7\u00e3o Nova adquire ent\u00e3o a R\u00e1dio Independ\u00eancia do Paran\u00e1.<\/p>\n<p><a href=\"http:\/\/img.cancaonova.com\/cnimages\/canais\/uploads\/sites\/9\/2015\/09\/logo-Radio-Curitiba-PR.jpg\" target=\"_blank\"><img loading=\"lazy\" decoding=\"async\" class=\"aligncenter wp-image-1744 size-medium\" src=\"http:\/\/img.cancaonova.com\/cnimages\/canais\/uploads\/sites\/9\/2015\/09\/logo-Radio-Curitiba-PR-300x268.jpg\" sizes=\"(max-width: 300px) 100vw, 300px\" srcset=\"http:\/\/img.cancaonova.com\/cnimages\/canais\/uploads\/sites\/9\/2015\/09\/logo-Radio-Curitiba-PR-300x268.jpg 300w, http:\/\/img.cancaonova.com\/cnimages\/canais\/uploads\/sites\/9\/2015\/09\/logo-Radio-Curitiba-PR.jpg 1558w\" alt=\"logo Radio Curitiba-PR\" width=\"300\" height=\"268\" \/><\/a><\/p>\n<p align=\"JUSTIFY\">A primeira transmiss\u00e3o foi a ora\u00e7\u00e3o do Santo Ter\u00e7o. Depois, entraram outros programas, inclusive, com a participa\u00e7\u00e3o da Igreja local. No pr\u00f3prio pr\u00e9dio da r\u00e1dio aconteciam Missas e Grupos de ora\u00e7\u00e3o. Como a miss\u00e3o estava crescendo muito, logo ela precisou locar um espa\u00e7o maior para seus eventos.<\/p>\n<p align=\"JUSTIFY\">A\u00a0R\u00e1dio Can\u00e7\u00e3o Nova Nossa Senhora da Luz (AM 1370) \u00e9 um dos meios que a Comunidade Can\u00e7\u00e3o Nova evangeliza e tem o objetivo de evangelizar comunicando Jesus e a vida nova que Ele veio trazer.<\/p>\n<p>&nbsp;<\/p>\n<p style=\"text-align: center;\"><span style=\"color: #000000;\"><strong><span style=\"font-family: Arial, sans-serif;\"><span style=\"font-size: medium;\">Baixe o aplicativo &#8220;R\u00e1dio Can\u00e7\u00e3o Nova&#8221;<\/span><\/span><\/strong><\/span><\/p>\n<p style=\"text-align: center;\"><a href=\"https:\/\/itunes.apple.com\/br\/app\/radio-cancao-nova\/id998361007?mt=8\" target=\"_blank\"><img decoding=\"async\" src=\"http:\/\/www.cancaonova.com\/wp-content\/themes\/cancaonova_theme\/images\/app-store.png\" \/><\/a>\u00a0<a href=\"https:\/\/play.google.com\/store\/apps\/details?id=com.cancaonova.radios\" target=\"_blank\"><img decoding=\"async\" src=\"http:\/\/www.cancaonova.com\/wp-content\/themes\/cancaonova_theme\/images\/google-play.png\" \/><\/a><\/p>\n<p align=\"JUSTIFY\"><strong>Veja tamb\u00e9m:<\/strong><\/p>\n<p align=\"JUSTIFY\">\u25ba\u00a0<a href=\"http:\/\/radio.cancaonova.com\/curitiba\/?autoplay=true\" target=\"_blank\">Ou\u00e7a agora a R\u00e1dio Can\u00e7\u00e3o Nova Curitiba<\/a><\/p>\n<p align=\"JUSTIFY\">\u25ba <a href=\"http:\/\/blog.cancaonova.com\/curitiba\/projeto-neemias-reconstrucao-da-radio-cn-curitiba\/\">Conhe\u00e7a\u00a0o Projeto Neemias<\/a><\/p>\n","protected":false},"excerpt":{"rendered":"<p>A R\u00e1dio Can\u00e7\u00e3o Nova Nossa Senhora da Luz foi o meio concreto que Deus usou para que a Comunidade Can\u00e7\u00e3o Nova se instalasse\u00a0em Curitiba (PR), com suas atividades de evangeliza\u00e7\u00e3o. No dia 10 de agosto de 2004 a Can\u00e7\u00e3o Nova&#8230;<\/p>\n","protected":false},"author":3161,"featured_media":0,"parent":0,"menu_order":0,"comment_status":"open","ping_status":"open","template":"","meta":{"_mi_skip_tracking":false,"_monsterinsights_sitenote_active":false,"_monsterinsights_sitenote_note":"","_monsterinsights_sitenote_category":0,"footnotes":""},"_links":{"self":[{"href":"https:\/\/blog.cancaonova.com\/curitiba\/wp-json\/wp\/v2\/pages\/141"}],"collection":[{"href":"https:\/\/blog.cancaonova.com\/curitiba\/wp-json\/wp\/v2\/pages"}],"about":[{"href":"https:\/\/blog.cancaonova.com\/curitiba\/wp-json\/wp\/v2\/types\/page"}],"author":[{"embeddable":true,"href":"https:\/\/blog.cancaonova.com\/curitiba\/wp-json\/wp\/v2\/users\/3161"}],"replies":[{"embeddable":true,"href":"https:\/\/blog.cancaonova.com\/curitiba\/wp-json\/wp\/v2\/comments?post=141"}],"version-history":[{"count":66,"href":"https:\/\/blog.cancaonova.com\/curitiba\/wp-json\/wp\/v2\/pages\/141\/revisions"}],"predecessor-version":[{"id":16239,"href":"https:\/\/blog.cancaonova.com\/curitiba\/wp-json\/wp\/v2\/pages\/141\/revisions\/16239"}],"wp:attachment":[{"href":"https:\/\/blog.cancaonova.com\/curitiba\/wp-json\/wp\/v2\/media?parent=141"}],"curies":[{"name":"wp","href":"https:\/\/api.w.org\/{rel}","templated":true}]}}