{"id":16184,"date":"2017-01-13T11:25:39","date_gmt":"2017-01-13T13:25:39","guid":{"rendered":"http:\/\/blog.cancaonova.com\/curitiba\/?page_id=16184"},"modified":"2022-03-29T17:02:35","modified_gmt":"2022-03-29T19:02:35","slug":"agenda2022","status":"publish","type":"page","link":"https:\/\/blog.cancaonova.com\/curitiba\/eventos\/agenda2022\/","title":{"rendered":"Agenda 2022 - Can\u00e7\u00e3o Nova Curitiba"},"content":{"rendered":"<p align=\"justify\"><img loading=\"lazy\" decoding=\"async\" class=\"aligncenter size-full wp-image-18254\" src=\"http:\/\/blog.cancaonova.com\/curitiba\/files\/2017\/01\/2022.png\" alt=\"\" width=\"1746\" height=\"662\" srcset=\"https:\/\/blog.cancaonova.com\/curitiba\/files\/2017\/01\/2022.png 1746w, https:\/\/blog.cancaonova.com\/curitiba\/files\/2017\/01\/2022-300x114.png 300w, https:\/\/blog.cancaonova.com\/curitiba\/files\/2017\/01\/2022-768x291.png 768w\" sizes=\"(max-width: 1746px) 100vw, 1746px\" \/><\/p>\n<h2 style=\"text-align: center\" align=\"justify\"><strong>\u00a0Agenda 2022 &#8211; Can\u00e7\u00e3o Nova Curitiba<\/strong><br \/>\n<strong>1\u00ba Semestre<\/strong><\/h2>\n<p align=\"justify\"><strong><b>JANEIRO\/2022<\/b><\/strong><\/p>\n<p align=\"left\">15\/01 \u2013\u00a0Noite de Adora\u00e7\u00e3o \u201c2022 aos p\u00e9s de Jesus.\u201d<br \/>\nAbertura do ano para os eventos e acolhida dos novos mission\u00e1rios da CN para 2022<\/p>\n<p align=\"left\">30\/01 &#8211; Kair\u00f3s Can\u00e7\u00e3o Nova<br \/>\nPresen\u00e7a: Fabio Lira e Pe M\u00e1rcio Leandro<\/p>\n<p align=\"left\"><strong><b>FEVEREIRO\/2022<\/b><\/strong><\/p>\n<p align=\"left\">12 e 13\/02 &#8211; ENCONTRO PARA FAM\u00cdLIAS<br \/>\nPresen\u00e7a: Casais Adoradores &#8211; Paulo e Lilia Rodrigues<br \/>\nPe Renato Redeson<\/p>\n<p align=\"left\">26\/02 \u00e0 01\/03 &#8211; CARNAVAL<br \/>\nGABAON da RCC<\/p>\n<p align=\"left\"><strong><b>MAR\u00c7O\/2022<\/b><\/strong><\/p>\n<p align=\"left\">07 \u00e0 13\/03 &#8211; CERCO DE JERICO<br \/>\nPresen\u00e7a: Pe Edmilson Lopes e\u00a0Pe M\u00e1rcio Leandro<\/p>\n<p align=\"left\">30\/03 &#8211; Kair\u00f3s para Ministros de M\u00fasica<br \/>\nPresen\u00e7a: Andr\u00e9 Flor\u00eancio e Juliana Moraes<\/p>\n<p align=\"left\"><strong><b>ABRIL\/2022<\/b><\/strong><\/p>\n<p align=\"left\">05\/04 &#8211; Feir\u00e3o da Provid\u00eancia e Sald\u00e3o do Bazar<\/p>\n<p align=\"left\">24\/04 &#8211; Festa da Divina Miseric\u00f3rdia<br \/>\nPresen\u00e7a: Emanuel St\u00eanio, Gabriele Sanchotene e Pe M\u00e1rcio Leandro<\/p>\n<p align=\"left\"><strong><b>MAIO\/2022<\/b><\/strong><\/p>\n<p align=\"left\">28 e 29\/05 &#8211; ENCONTRO MARIANO<br \/>\nPresen\u00e7a: Irm\u00e3 Z\u00e9lia e Pe M\u00e1rcio Leandro<\/p>\n<p align=\"left\"><strong><b>JUNHO\/2022<\/b><\/strong><\/p>\n<p align=\"left\">07\/06 &#8211; Feir\u00e3o da Provid\u00eancia e Sald\u00e3o do Bazar<\/p>\n<p align=\"left\">20 \u00e0 26\/06 &#8211; CERCO DE JERICO<br \/>\nPresen\u00e7a: Pe Halan Gustavo e Pe M\u00e1rcio Leandro<\/p>\n<p align=\"left\"><strong>JULHO<\/strong><\/p>\n<p align=\"left\">03\/07 &#8211; KAIR\u00d3S COMUNIDADE BETH\u00c2NIA<\/p>\n<p align=\"left\">16 e 17\/07 &#8211; APROFUNDAMENTO PARA CASAIS<br \/>\nPresen\u00e7a: Rubens e T\u00e2nia Sabino<\/p>\n<p align=\"left\"><strong>AGOSTO<br \/>\n<\/strong><br \/>\n06 e 07\/08 &#8211; CELEBRA CURITIBA<br \/>\nPresen\u00e7as: Pe Edmilson Lopes e Thiago Tom\u00e9<\/p>\n<p>15 a 21\/08 &#8211; CERCO DE JERIC\u00d3<br \/>\nPresen\u00e7as: Pe Bruno Costa, Pe Serginho e Pe M\u00e1rcio Leandro<\/p>\n<p>28\/08 &#8211; PR\u00d3-VOCA\u00c7\u00c3O<br \/>\nPresen\u00e7a: Comunidade Can\u00e7\u00e3o Nova<\/p>\n<p><strong>SETEMBRO<br \/>\n<\/strong><br \/>\n03 e 04\/09 &#8211; MARANATH\u00c1<br \/>\nPresen\u00e7as: Tiago Marcon e Pe Diego Soares<\/p>\n<p>06\/09 &#8211; Feir\u00e3o da Provid\u00eancia e Sald\u00e3o do Bazar<\/p>\n<p>18\/09 &#8211; RETIRO ESPIRITUAL &#8220;DERRUBANDO MURALHAS&#8221; com Pe Cleberson Evangelista<\/p>\n<p>24 e 25\/09 &#8211; ENCONTRO DE CURA E LIBERTA\u00c7\u00c3O<br \/>\nPresen\u00e7as: Rogerinha Moreira e Antonieta Sales<\/p>\n<p>26 a 29\/09 &#8211; TR\u00cdDUO DOS ARCANJOS<br \/>\nPresen\u00e7as: Pe Serginho, Pe Renato Redeson e Pe M\u00e1rcio Leandro<\/p>\n<p align=\"left\"><strong>OUTUBRO<\/strong><\/p>\n<p>08 e 09\/10 &#8211; ENCONTRO PARA MULHERES<br \/>\nPresen\u00e7as: Dijanira Silva e Pe Serginho<\/p>\n<p>16\/10 &#8211; CEN\u00c1CULO COM MARIA &#8211; RCC<\/p>\n<p>22 e 23\/10 &#8211; ENCONTRO DE CURA INTERIOR<br \/>\nPresen\u00e7as: Comunidade Nova Alian\u00e7a &#8211; An\u00e1polis\/GO<\/p>\n<p>31\/10 a 06\/11 &#8211; CERCO DE JERIC\u00d3<br \/>\nPresen\u00e7as: Pe Elenildo e Pe M\u00e1rcio Leandro<\/p>\n<p><strong>NOVEMBRO<\/strong><\/p>\n<p>26 e 27\/11 &#8211; COMBATENTES NA F\u00c9<br \/>\nPresen\u00e7as: Frei Josu\u00e9 e Irm\u00e3 Z\u00e9lia<\/p>\n<p align=\"left\"><strong>DEZEMBRO<\/strong><\/p>\n<p>06\/12 &#8211; Feir\u00e3o da Provid\u00eancia e Sald\u00e3o do Bazar<\/p>\n<p>17 e 18\/12 &#8211; HOSANA CURITIBA<br \/>\nPresen\u00e7as: M\u00e1rcio Mendes, Ironi Spuldaro e Emanuel St\u00eanio<\/p>\n<p align=\"left\"><strong><em>Agenda sujeita a altera\u00e7\u00f5es sem aviso pr\u00e9vio.<\/em><\/strong><\/p>\n<p style=\"text-align: center\" align=\"justify\">\u00a0 \u00a0 \u25ba Para outras informa\u00e7\u00f5es:<u><\/u><\/p>\n<p align=\"center\"><strong><b>eventoscuritiba@cancaonova.com<br \/>\n<\/b><\/strong><strong><b>(41) 3091 \u2013 1370<\/b><\/strong><\/p>\n","protected":false},"excerpt":{"rendered":"<p>\u00a0Agenda 2022 &#8211; Can\u00e7\u00e3o Nova Curitiba 1\u00ba Semestre JANEIRO\/2022 15\/01 \u2013\u00a0Noite de Adora\u00e7\u00e3o \u201c2022 aos p\u00e9s de Jesus.\u201d Abertura do ano para os eventos e acolhida dos novos mission\u00e1rios da CN para 2022 30\/01 &#8211; Kair\u00f3s Can\u00e7\u00e3o Nova Presen\u00e7a: Fabio&#8230;<\/p>\n","protected":false},"author":4645,"featured_media":18018,"parent":13294,"menu_order":0,"comment_status":"closed","ping_status":"closed","template":"","meta":{"_mi_skip_tracking":false,"_monsterinsights_sitenote_active":false,"_monsterinsights_sitenote_note":"","_monsterinsights_sitenote_category":0,"footnotes":""},"_links":{"self":[{"href":"https:\/\/blog.cancaonova.com\/curitiba\/wp-json\/wp\/v2\/pages\/16184"}],"collection":[{"href":"https:\/\/blog.cancaonova.com\/curitiba\/wp-json\/wp\/v2\/pages"}],"about":[{"href":"https:\/\/blog.cancaonova.com\/curitiba\/wp-json\/wp\/v2\/types\/page"}],"author":[{"embeddable":true,"href":"https:\/\/blog.cancaonova.com\/curitiba\/wp-json\/wp\/v2\/users\/4645"}],"replies":[{"embeddable":true,"href":"https:\/\/blog.cancaonova.com\/curitiba\/wp-json\/wp\/v2\/comments?post=16184"}],"version-history":[{"count":47,"href":"https:\/\/blog.cancaonova.com\/curitiba\/wp-json\/wp\/v2\/pages\/16184\/revisions"}],"predecessor-version":[{"id":18352,"href":"https:\/\/blog.cancaonova.com\/curitiba\/wp-json\/wp\/v2\/pages\/16184\/revisions\/18352"}],"up":[{"embeddable":true,"href":"https:\/\/blog.cancaonova.com\/curitiba\/wp-json\/wp\/v2\/pages\/13294"}],"wp:featuredmedia":[{"embeddable":true,"href":"https:\/\/blog.cancaonova.com\/curitiba\/wp-json\/wp\/v2\/media\/18018"}],"wp:attachment":[{"href":"https:\/\/blog.cancaonova.com\/curitiba\/wp-json\/wp\/v2\/media?parent=16184"}],"curies":[{"name":"wp","href":"https:\/\/api.w.org\/{rel}","templated":true}]}}