{"id":16193,"date":"2017-01-13T11:34:22","date_gmt":"2017-01-13T13:34:22","guid":{"rendered":"http:\/\/blog.cancaonova.com\/curitiba\/?page_id=16193"},"modified":"2018-06-12T15:32:28","modified_gmt":"2018-06-12T17:32:28","slug":"tv-cancao-nova","status":"publish","type":"page","link":"https:\/\/blog.cancaonova.com\/curitiba\/tv-cancao-nova\/","title":{"rendered":"TV Can\u00e7\u00e3o Nova"},"content":{"rendered":"<p style=\"text-align: center\"><em><strong>Temos TV Can\u00e7\u00e3o Nova em Curitiba, saiba como sintonizar em sua casa!!!<\/strong><\/em><\/p>\n<p><img loading=\"lazy\" decoding=\"async\" class=\"aligncenter  wp-image-16995\" src=\"http:\/\/blog.cancaonova.com\/curitiba\/files\/2018\/03\/PP1673-CAPA-TWITTER-1500X500.png\" alt=\"TV Can\u00e7\u00e3o Nova\" width=\"823\" height=\"239\"><\/p>\n<p style=\"text-align: center\">Se voc\u00ea assiste ao canal na TV aberta em Curitiba ou nas cidades da regi\u00e3o metropolitana, \u00e9 necess\u00e1rio realizar a busca autom\u00e1tica de canais e sintonizar o n\u00famero 51.1 para continuar assistindo \u00e0 programa\u00e7\u00e3o normalmente.<\/p>\n<p style=\"text-align: center\">Este procedimento n\u00e3o \u00e9 necess\u00e1rio para quem assiste TV por assinatura ou parab\u00f3lica.<\/p>\n<p><img loading=\"lazy\" decoding=\"async\" class=\"aligncenter size-full wp-image-16996\" src=\"http:\/\/blog.cancaonova.com\/curitiba\/files\/2018\/03\/PP1673-CARD-900X900.png\" alt=\"TV Can\u00e7\u00e3o Nova\" width=\"900\" height=\"900\" srcset=\"https:\/\/blog.cancaonova.com\/curitiba\/files\/2018\/03\/PP1673-CARD-900X900.png 900w, https:\/\/blog.cancaonova.com\/curitiba\/files\/2018\/03\/PP1673-CARD-900X900-150x150.png 150w, https:\/\/blog.cancaonova.com\/curitiba\/files\/2018\/03\/PP1673-CARD-900X900-300x300.png 300w, https:\/\/blog.cancaonova.com\/curitiba\/files\/2018\/03\/PP1673-CARD-900X900-768x768.png 768w\" sizes=\"(max-width: 900px) 100vw, 900px\" \/><\/p>\n<p>&nbsp;<\/p>\n<p style=\"text-align: center\">Fique ligado para n\u00e3o ficar sem ver TV.<\/p>\n<p style=\"text-align: center\"><em><strong>Em caso de d\u00favida, envie email para tvcuritiba@cancaonova.com<\/strong><\/em><br \/>\n<em><strong>ou WhatsApp para 41 99882-1370<\/strong><\/em><\/p>\n<p>&nbsp;<\/p>\n<p><a href=\"http:\/\/tv.cancaonova.com\/programacao\/\" target=\"_blank\" rel=\"noopener\">\u25ba ver programa\u00e7\u00e3o<\/a><\/p>\n","protected":false},"excerpt":{"rendered":"<p>Temos TV Can\u00e7\u00e3o Nova em Curitiba, saiba como sintonizar em sua casa!!! Se voc\u00ea assiste ao canal na TV aberta em Curitiba ou nas cidades da regi\u00e3o metropolitana, \u00e9 necess\u00e1rio realizar a busca autom\u00e1tica de canais e sintonizar o n\u00famero&#8230;<\/p>\n","protected":false},"author":4645,"featured_media":0,"parent":0,"menu_order":0,"comment_status":"closed","ping_status":"closed","template":"","meta":{"_mi_skip_tracking":false,"_monsterinsights_sitenote_active":false,"_monsterinsights_sitenote_note":"","_monsterinsights_sitenote_category":0,"footnotes":""},"_links":{"self":[{"href":"https:\/\/blog.cancaonova.com\/curitiba\/wp-json\/wp\/v2\/pages\/16193"}],"collection":[{"href":"https:\/\/blog.cancaonova.com\/curitiba\/wp-json\/wp\/v2\/pages"}],"about":[{"href":"https:\/\/blog.cancaonova.com\/curitiba\/wp-json\/wp\/v2\/types\/page"}],"author":[{"embeddable":true,"href":"https:\/\/blog.cancaonova.com\/curitiba\/wp-json\/wp\/v2\/users\/4645"}],"replies":[{"embeddable":true,"href":"https:\/\/blog.cancaonova.com\/curitiba\/wp-json\/wp\/v2\/comments?post=16193"}],"version-history":[{"count":3,"href":"https:\/\/blog.cancaonova.com\/curitiba\/wp-json\/wp\/v2\/pages\/16193\/revisions"}],"predecessor-version":[{"id":17248,"href":"https:\/\/blog.cancaonova.com\/curitiba\/wp-json\/wp\/v2\/pages\/16193\/revisions\/17248"}],"wp:attachment":[{"href":"https:\/\/blog.cancaonova.com\/curitiba\/wp-json\/wp\/v2\/media?parent=16193"}],"curies":[{"name":"wp","href":"https:\/\/api.w.org\/{rel}","templated":true}]}}