{"id":16197,"date":"2017-01-13T11:37:49","date_gmt":"2017-01-13T13:37:49","guid":{"rendered":"http:\/\/blog.cancaonova.com\/curitiba\/?page_id=16197"},"modified":"2022-05-12T11:46:29","modified_gmt":"2022-05-12T13:46:29","slug":"loja-cancao-nova","status":"publish","type":"page","link":"https:\/\/blog.cancaonova.com\/curitiba\/loja-cancao-nova\/","title":{"rendered":"Loja Can\u00e7\u00e3o Nova"},"content":{"rendered":"<p>A Loja Can\u00e7\u00e3o Nova em Curitiba (PR) teve inicio no dia 09 de mar\u00e7o de 2010, sendo a inaugura\u00e7\u00e3o oficial em maio do mesmo ano com a presen\u00e7a do mission\u00e1rio M\u00e1rcio Mendes, da Comunidade Can\u00e7\u00e3o Nova. Como celeiro de evangeliza\u00e7\u00e3o, disponibiliza aos seus clientes v\u00e1rios conte\u00fados em livros, palestras, livros para ouvir, CDs, DVDs, vestu\u00e1rios e acess\u00f3rios, adulto e infantil que contribuem para a concretiza\u00e7\u00e3o da miss\u00e3o da Can\u00e7\u00e3o Nova.<\/p>\n<p>A <strong>Loja Can\u00e7\u00e3o Nova <\/strong>tem sido tamb\u00e9m fonte de v\u00e1rias voca\u00e7\u00f5es por onde j\u00e1 passaram v\u00e1rios colaboradores que hoje s\u00e3o mission\u00e1rios na comunidade. Ela \u00e9 canal da gra\u00e7a de Deus, trazendo para perto de voc\u00ea produtos que transformam vidas.<\/p>\n<p>Edilene<br \/>\nCoordenadora Loja Can\u00e7\u00e3o Nova &#8211; Curitiba<\/p>\n<p><strong>Hor\u00e1rio de atendimento:<\/strong><\/p>\n<ul>\n<li>Segunda a sexta-feira: 09h as 18h30<\/li>\n<li>S\u00e1bado e domingo: aberto somente quando tiver encontros<\/li>\n<\/ul>\n<p><strong>Os hor\u00e1rios da Loja CN de Curitiba est\u00e3o sujeitos a altera\u00e7\u00e3o (com ou sem aviso pr\u00e9vio), por conta de:<\/strong><\/p>\n<ul>\n<li>Feriados ou datas facultativas;<\/li>\n<li>Eventos realizados na Can\u00e7\u00e3o Nova com hor\u00e1rios espec\u00edficos;<\/li>\n<li>Por decretos governamentais em vista da pandemia do Coronavirus, iniciada em 2020.<\/li>\n<\/ul>\n<p><strong>Envie um whatsapp para informa\u00e7\u00f5es sobre hor\u00e1rios e produtos: (41) 99591-5461<\/strong><\/p>\n<p>Av. Mal Floriano Peixoto, 4809 \u2013 Hauer \u2013 Curitiba\/PR<br \/>\nE-mail: davicuritiba@cancaonova.com<br \/>\nTelefone:(41) 3091-1370<\/p>\n","protected":false},"excerpt":{"rendered":"<p>A Loja Can\u00e7\u00e3o Nova em Curitiba (PR) teve inicio no dia 09 de mar\u00e7o de 2010, sendo a inaugura\u00e7\u00e3o oficial em maio do mesmo ano com a presen\u00e7a do mission\u00e1rio M\u00e1rcio Mendes, da Comunidade Can\u00e7\u00e3o Nova. Como celeiro de evangeliza\u00e7\u00e3o,&#8230;<\/p>\n","protected":false},"author":4645,"featured_media":0,"parent":0,"menu_order":0,"comment_status":"closed","ping_status":"closed","template":"","meta":{"_mi_skip_tracking":false,"_monsterinsights_sitenote_active":false,"_monsterinsights_sitenote_note":"","_monsterinsights_sitenote_category":0,"footnotes":""},"_links":{"self":[{"href":"https:\/\/blog.cancaonova.com\/curitiba\/wp-json\/wp\/v2\/pages\/16197"}],"collection":[{"href":"https:\/\/blog.cancaonova.com\/curitiba\/wp-json\/wp\/v2\/pages"}],"about":[{"href":"https:\/\/blog.cancaonova.com\/curitiba\/wp-json\/wp\/v2\/types\/page"}],"author":[{"embeddable":true,"href":"https:\/\/blog.cancaonova.com\/curitiba\/wp-json\/wp\/v2\/users\/4645"}],"replies":[{"embeddable":true,"href":"https:\/\/blog.cancaonova.com\/curitiba\/wp-json\/wp\/v2\/comments?post=16197"}],"version-history":[{"count":9,"href":"https:\/\/blog.cancaonova.com\/curitiba\/wp-json\/wp\/v2\/pages\/16197\/revisions"}],"predecessor-version":[{"id":18381,"href":"https:\/\/blog.cancaonova.com\/curitiba\/wp-json\/wp\/v2\/pages\/16197\/revisions\/18381"}],"wp:attachment":[{"href":"https:\/\/blog.cancaonova.com\/curitiba\/wp-json\/wp\/v2\/media?parent=16197"}],"curies":[{"name":"wp","href":"https:\/\/api.w.org\/{rel}","templated":true}]}}