{"id":16200,"date":"2017-01-13T11:49:22","date_gmt":"2017-01-13T13:49:22","guid":{"rendered":"http:\/\/blog.cancaonova.com\/curitiba\/?page_id=16200"},"modified":"2017-01-13T11:49:22","modified_gmt":"2017-01-13T13:49:22","slug":"como-chegar","status":"publish","type":"page","link":"https:\/\/blog.cancaonova.com\/curitiba\/como-chegar\/","title":{"rendered":"Como chegar"},"content":{"rendered":"<p>Saiba como chegar \u00e0 <strong>Comunidade Can\u00e7\u00e3o Nova<\/strong>, em Curitiba (PR).<\/p>\n<p><iframe loading=\"lazy\" style=\"border: 0;\" src=\"https:\/\/www.google.com\/maps\/embed?pb=!1m23!1m12!1m3!1d1801.01842082577!2d-49.253416272331464!3d-25.470445234506084!2m3!1f0!2f0!3f0!3m2!1i1024!2i768!4f13.1!4m8!3e6!4m0!4m5!1s0x94dce4db1f26c489%3A0xec8748f6660bbc53!2sAv.+Mal.+Floriano+Peixoto%2C+4809+-+Hauer%2C+Curitiba+-+PR!3m2!1d-25.4704876!2d-49.252189099999995!5e0!3m2!1spt-BR!2sbr!4v1484315276691\" width=\"600\" height=\"450\" frameborder=\"0\" allowfullscreen=\"allowfullscreen\"><\/iframe><\/p>\n<p>Para mais informa\u00e7\u00f5es, entre em contato: <strong>(41)\u00a03091-1370<\/strong><\/p>\n<p>Esperamos por voc\u00ea!<\/p>\n","protected":false},"excerpt":{"rendered":"<p>Saiba como chegar \u00e0 Comunidade Can\u00e7\u00e3o Nova, em Curitiba (PR). Para mais informa\u00e7\u00f5es, entre em contato: (41)\u00a03091-1370 Esperamos por voc\u00ea!<\/p>\n","protected":false},"author":4645,"featured_media":0,"parent":0,"menu_order":0,"comment_status":"closed","ping_status":"closed","template":"","meta":{"_mi_skip_tracking":false,"_monsterinsights_sitenote_active":false,"_monsterinsights_sitenote_note":"","_monsterinsights_sitenote_category":0,"footnotes":""},"_links":{"self":[{"href":"https:\/\/blog.cancaonova.com\/curitiba\/wp-json\/wp\/v2\/pages\/16200"}],"collection":[{"href":"https:\/\/blog.cancaonova.com\/curitiba\/wp-json\/wp\/v2\/pages"}],"about":[{"href":"https:\/\/blog.cancaonova.com\/curitiba\/wp-json\/wp\/v2\/types\/page"}],"author":[{"embeddable":true,"href":"https:\/\/blog.cancaonova.com\/curitiba\/wp-json\/wp\/v2\/users\/4645"}],"replies":[{"embeddable":true,"href":"https:\/\/blog.cancaonova.com\/curitiba\/wp-json\/wp\/v2\/comments?post=16200"}],"version-history":[{"count":1,"href":"https:\/\/blog.cancaonova.com\/curitiba\/wp-json\/wp\/v2\/pages\/16200\/revisions"}],"predecessor-version":[{"id":16202,"href":"https:\/\/blog.cancaonova.com\/curitiba\/wp-json\/wp\/v2\/pages\/16200\/revisions\/16202"}],"wp:attachment":[{"href":"https:\/\/blog.cancaonova.com\/curitiba\/wp-json\/wp\/v2\/media?parent=16200"}],"curies":[{"name":"wp","href":"https:\/\/api.w.org\/{rel}","templated":true}]}}