{"id":16203,"date":"2017-01-13T11:58:14","date_gmt":"2017-01-13T13:58:14","guid":{"rendered":"http:\/\/blog.cancaonova.com\/curitiba\/?page_id=16203"},"modified":"2017-01-20T15:17:59","modified_gmt":"2017-01-20T17:17:59","slug":"fale-conosco","status":"publish","type":"page","link":"https:\/\/blog.cancaonova.com\/curitiba\/fale-conosco\/","title":{"rendered":"Fale conosco"},"content":{"rendered":"<p style=\"text-align: center\">Para mais informa\u00e7\u00f5es, entre em contato conosco:<\/p>\n<h3 style=\"text-align: center\"><img loading=\"lazy\" decoding=\"async\" class=\"wp-image-16256\" src=\"http:\/\/blog.cancaonova.com\/curitiba\/files\/2017\/01\/whatsapp-logo.png\" alt=\"whatsapp-logo\" width=\"23\" height=\"23\" srcset=\"https:\/\/blog.cancaonova.com\/curitiba\/files\/2017\/01\/whatsapp-logo.png 512w, https:\/\/blog.cancaonova.com\/curitiba\/files\/2017\/01\/whatsapp-logo-150x150.png 150w, https:\/\/blog.cancaonova.com\/curitiba\/files\/2017\/01\/whatsapp-logo-300x300.png 300w\" sizes=\"(max-width: 23px) 100vw, 23px\" \/>\u00a0<strong>\u00a0WhatsApp: (41) 99882-1370<\/strong><\/h3>\n<h3 style=\"text-align: center\"><span class=\"emoji\"><a href=\"http:\/\/emojipedia.org\/black-telephone\/\">\u260e\ufe0f<\/a>\u00a0<\/span><strong>Telefone: (41)\u00a03091-1370\u00a0<\/strong><\/h3>\n<p style=\"text-align: center\"><span class=\"emoji\"><a href=\"http:\/\/emojipedia.org\/e-mail-symbol\/\">\ud83d\udce7<\/a>\u00a0<\/span><strong>Emails: \u00a0 <\/strong><\/p>\n<p style=\"text-align: center\"><strong>Respons\u00e1vel de Miss\u00e3o<\/strong><\/p>\n<p style=\"text-align: center\"><em>curitiba@cancaonova.com<\/em><\/p>\n<p style=\"text-align: center\"><strong>Administra\u00e7\u00e3o Curitiba<\/strong><br \/>\n<em>admcuritiba@cancaonova.com<\/em><\/p>\n<p style=\"text-align: center\"><strong>Clube da Evangeliza\u00e7\u00e3o<\/strong><br \/>\n<em>clubecuritiba@cancaonova.com<\/em><\/p>\n<p style=\"text-align: center\"><strong>Equipe Vocacional<\/strong><br \/>\n<em>vocacionalcuritiba@cancaonova.com<\/em><\/p>\n<p style=\"text-align: center\"><strong>Eventos Can\u00e7\u00e3o Nova Curitiba<\/strong><br \/>\n<em>promocaocuritiba2@cancaonova.com<\/em><\/p>\n<p style=\"text-align: center\"><strong>Financeiro Curitiba<\/strong><br \/>\n<em>financeirocuritiba@cancaonova.com<\/em><\/p>\n<p style=\"text-align: center\"><strong>Loja Can\u00e7\u00e3o Nova Curitiba<\/strong><br \/>\n<em>davicuritiba@cancaonova.com<\/em><\/p>\n<p style=\"text-align: center\"><strong>R\u00e1dio Can\u00e7\u00e3o Nova Nossa Senhora da Luz AM1370<\/strong><br \/>\n<em>radiocuritiba@cancaonova.com<\/em><\/p>\n<h3 style=\"text-align: center\"><span class=\"emoji\"><a href=\"http:\/\/emojipedia.org\/globe-with-meridians\/\">\ud83c\udf10<\/a>\u00a0<\/span>M\u00eddias Sociais<strong>:<\/strong><\/h3>\n<p style=\"text-align: center\"><strong>Facebook<\/strong><br \/>\n<em>facebook.com\/cancaonovacuritiba<\/em><\/p>\n<p style=\"text-align: center\"><strong>Instagram<\/strong><br \/>\n<em>@cancaonovacuritiba<\/em><\/p>\n<p style=\"text-align: center\"><strong>Twitter<\/strong><br \/>\n<em>@cncuritiba<\/em><\/p>\n<h3 style=\"text-align: center\"><span class=\"emoji\"><a href=\"http:\/\/emojipedia.org\/house-building\/\">\ud83c\udfe0<\/a><\/span><strong>Endere\u00e7o:<\/strong><\/h3>\n<p style=\"text-align: center\"><strong>Comunidade Can\u00e7\u00e3o Nova &#8211; Curitiba<\/strong><br \/>\nAv. Marechal Floriano Peixoto, 4809 &#8211;\u00a0Vila Hauer &#8211;\u00a0CEP:\u00a081.610-000 &#8211;\u00a0Curitiba\u00a0(PR)<\/p>\n<p style=\"text-align: center\">Esperamos por voc\u00ea!\u00a0<a href=\"http:\/\/emojipedia.org\/people\/\"><span class=\"emoji\">\ud83d\ude03<\/span><\/a><\/p>\n","protected":false},"excerpt":{"rendered":"<p>Para mais informa\u00e7\u00f5es, entre em contato conosco: \u00a0\u00a0WhatsApp: (41) 99882-1370 \u260e\ufe0f\u00a0Telefone: (41)\u00a03091-1370\u00a0 \ud83d\udce7\u00a0Emails: \u00a0 Respons\u00e1vel de Miss\u00e3o curitiba@cancaonova.com Administra\u00e7\u00e3o Curitiba admcuritiba@cancaonova.com Clube da Evangeliza\u00e7\u00e3o clubecuritiba@cancaonova.com Equipe Vocacional vocacionalcuritiba@cancaonova.com Eventos Can\u00e7\u00e3o Nova Curitiba promocaocuritiba2@cancaonova.com Financeiro Curitiba financeirocuritiba@cancaonova.com Loja Can\u00e7\u00e3o Nova Curitiba&#8230;<\/p>\n","protected":false},"author":4645,"featured_media":0,"parent":0,"menu_order":0,"comment_status":"closed","ping_status":"closed","template":"","meta":{"_mi_skip_tracking":false,"_monsterinsights_sitenote_active":false,"_monsterinsights_sitenote_note":"","_monsterinsights_sitenote_category":0,"footnotes":""},"_links":{"self":[{"href":"https:\/\/blog.cancaonova.com\/curitiba\/wp-json\/wp\/v2\/pages\/16203"}],"collection":[{"href":"https:\/\/blog.cancaonova.com\/curitiba\/wp-json\/wp\/v2\/pages"}],"about":[{"href":"https:\/\/blog.cancaonova.com\/curitiba\/wp-json\/wp\/v2\/types\/page"}],"author":[{"embeddable":true,"href":"https:\/\/blog.cancaonova.com\/curitiba\/wp-json\/wp\/v2\/users\/4645"}],"replies":[{"embeddable":true,"href":"https:\/\/blog.cancaonova.com\/curitiba\/wp-json\/wp\/v2\/comments?post=16203"}],"version-history":[{"count":9,"href":"https:\/\/blog.cancaonova.com\/curitiba\/wp-json\/wp\/v2\/pages\/16203\/revisions"}],"predecessor-version":[{"id":16260,"href":"https:\/\/blog.cancaonova.com\/curitiba\/wp-json\/wp\/v2\/pages\/16203\/revisions\/16260"}],"wp:attachment":[{"href":"https:\/\/blog.cancaonova.com\/curitiba\/wp-json\/wp\/v2\/media?parent=16203"}],"curies":[{"name":"wp","href":"https:\/\/api.w.org\/{rel}","templated":true}]}}