{"id":16212,"date":"2017-01-13T12:16:57","date_gmt":"2017-01-13T14:16:57","guid":{"rendered":"http:\/\/blog.cancaonova.com\/curitiba\/?page_id=16212"},"modified":"2017-01-13T12:16:57","modified_gmt":"2017-01-13T14:16:57","slug":"perfil-de-curitiba","status":"publish","type":"page","link":"https:\/\/blog.cancaonova.com\/curitiba\/quem-somos\/perfil-de-curitiba\/","title":{"rendered":"Perfil de Curitiba"},"content":{"rendered":"<p>Curitiba \u00e9 a capital do Paran\u00e1, um dos tr\u00eas Estados que comp\u00f5em a Regi\u00e3o Sul do Brasil. Sua funda\u00e7\u00e3o oficial data de 29 de mar\u00e7o de 1693, quando foi criada a C\u00e2mara.<\/p>\n<p>No s\u00e9culo XVII, sua principal atividade econ\u00f4mica era a minera\u00e7\u00e3o, aliada \u00e0 agricultura de subsist\u00eancia.O ciclo seguinte, que perdurou pelos s\u00e9culos XVIII e XIX, foi o da atividade tropeira, derivada da pecu\u00e1ria. Tropeiros eram condutores de gado que circulavam entre Viam\u00e3o, no Rio Grande do Sul, e a Feira de Sorocaba, em S\u00e3o Paulo, conduzindo gado cujo destino final eram as Minas Gerais. O longo caminho e as intemp\u00e9ries faziam com que os tropeiros fizessem invernadas, \u00e0 espera do fim dos invernos rigorosos, em fazendas como as localizadas nos &#8220;campos de Curitiba&#8221;. Aos tropeiros se devem costumes como o fogo de ch\u00e3o para assar a carne e contar &#8220;causos&#8221;, a fala escandida &#8211; o sotaque leitE quentE -, o chimarr\u00e3o (erva-mate com \u00e1gua quente, na cuia, porque os \u00edndios a utilizavam na forma de terer\u00ea, com \u00e1gua fria), o uso de ponchos de l\u00e3, a abertura de caminhos e a forma\u00e7\u00e3o de povoados.<\/p>\n<p>No final do s\u00e9culo XIX, com o ciclo da erva-mate e da madeira em expans\u00e3o, dois acontecimentos foram bem marcantes: a chegada em massa de imigrantes europeus e a constru\u00e7\u00e3o da Estrada de Ferro Paranagu\u00e1-Curitiba, ligando o Litoral ao Primeiro Planalto paranaense.<\/p>\n<p>Os imigrantes &#8211; europeus e de outros continentes -, ao longo do s\u00e9culo XX, deram nova conota\u00e7\u00e3o ao cotidiano de Curitiba. Seus modos de ser e de fazer se incorporaram de tal maneira \u00e0 cidade que hoje s\u00e3o bem curitibanas festas c\u00edvicas e religiosas de diversas etnias, dan\u00e7a, m\u00fasica, culin\u00e1ria, express\u00f5es e a mem\u00f3ria dos antepassados. Esta \u00e9 representada nos diversos memoriais da imigra\u00e7\u00e3o, em espa\u00e7os p\u00fablicos como parques e bosques municipais.<\/p>\n<p>A &#8220;m\u00edtica imigrante do trabalho&#8221; (observa\u00e7\u00e3o do poeta Paulo Leminski, falecido no s\u00e9culo passado) aliada a gest\u00f5es municipais sem quebra de continuidade, acabou criando uma Curitiba planejada &#8211; e premiada internacionalmente, em gest\u00e3o urbana, meio ambiente e transporte coletivo.<\/p>\n<p>A capital do Estado do Paran\u00e1, formada num altiplano 934 metros acima do n\u00edvel do mar, carente de marcos de paisagem oferecidos pela natureza, acabou criando suas principais refer\u00eancias pela ci\u00eancia e pela m\u00e3o humana.<\/p>\n<p>No s\u00e9culo XX, no cen\u00e1rio da cidade planejada, a ind\u00fastria se agregou com for\u00e7a ao perfil econ\u00f4mico antes embasado nas atividades comerciais e do setor de servi\u00e7os. A cidade enfrentou, especialmente nos anos 1970, a urbaniza\u00e7\u00e3o acelerada, em grande parte provocada pelas migra\u00e7\u00f5es do campo, oriundas da substitui\u00e7\u00e3o da m\u00e3o-de-obra agr\u00edcola pelas m\u00e1quinas.<\/p>\n<p>Curitiba enfrenta agora o desafio de grande metr\u00f3pole, onde a quest\u00e3o urbana \u00e9 repensada sob o enfoque humanista de que a cidade \u00e9 primordialmente de quem nela vive. Seu povo, um admir\u00e1vel cadinho que reuniu estrangeiros de todas as partes do mundo e brasileiros de todos os recantos, ensina no dia-a-dia a arte do encontro e da conviv\u00eancia. Curitiba renasce a cada dia com a esperan\u00e7a e o trabalho nas veias, como nas alvoradas de seus pioneiros.<\/p>\n<p>&nbsp;<\/p>\n<p><strong>DADOS DA CIDADE DE CURITIBA<\/strong><\/p>\n<table border=\"0\" cellspacing=\"0\" cellpadding=\"0\">\n<tbody>\n<tr>\n<td>Altitude:<\/td>\n<td>945 m<\/td>\n<\/tr>\n<tr>\n<td>\u00c1rea:<\/td>\n<td>434,967 km\u00b2<\/td>\n<\/tr>\n<tr>\n<td>\u00c1rea verde por habitante:<\/td>\n<td>51 m\u00b2<\/td>\n<\/tr>\n<tr>\n<td>Bairros:<\/td>\n<td>75<\/td>\n<\/tr>\n<tr>\n<td>Clima:<\/td>\n<td>Subtropical<\/td>\n<\/tr>\n<tr>\n<td>Extens\u00e3o Norte-Sul:<\/td>\n<td>35 Km<\/td>\n<\/tr>\n<tr>\n<td>Extens\u00e3o Leste-Oeste:<\/td>\n<td>20 Km<\/td>\n<\/tr>\n<tr>\n<td>Fuso Hor\u00e1rio:<\/td>\n<td>Bras\u00edlia (UTC-3)<\/td>\n<\/tr>\n<tr>\n<td>Gent\u00edlico:<\/td>\n<td>curitibano<\/td>\n<\/tr>\n<tr>\n<td>Latitude:<\/td>\n<td>25\u00ba25&#8217;48&#8221; Sul<\/td>\n<\/tr>\n<tr>\n<td>Longitude:<\/td>\n<td>49\u00ba16&#8217;15&#8221; Oeste<\/td>\n<\/tr>\n<tr>\n<td>Pluviosidade:<\/td>\n<td>1500 mm\/ano<\/td>\n<\/tr>\n<tr>\n<td>Popula\u00e7\u00e3o:<\/td>\n<td>1.851.215 habitantes (IBGE\/2009)<\/td>\n<\/tr>\n<tr>\n<td>Relevo:<\/td>\n<td>Levemente ondulado<\/td>\n<\/tr>\n<tr>\n<td>Temperatura m\u00e9dia no ver\u00e3o:<\/td>\n<td>21 \u00baC<\/td>\n<\/tr>\n<tr>\n<td>Temperatura m\u00e9dia no inverno:<\/td>\n<td>13 \u00baC<\/td>\n<\/tr>\n<\/tbody>\n<\/table>\n<p>&nbsp;<\/p>\n<p><strong>DIST\u00c2NCIAS DE CURITIBA<\/strong><\/p>\n<table border=\"0\" cellspacing=\"0\" cellpadding=\"0\">\n<tbody>\n<tr>\n<td>Aracaju<\/td>\n<td>2595 Km<\/td>\n<\/tr>\n<tr>\n<td>Bel\u00e9m<\/td>\n<td>3193 Km<\/td>\n<\/tr>\n<tr>\n<td>Belo Horizonte<\/td>\n<td>1004 Km<\/td>\n<\/tr>\n<tr>\n<td>Boa Vista<\/td>\n<td>4821 Km<\/td>\n<\/tr>\n<tr>\n<td>Bras\u00edlia<\/td>\n<td>1399\u00a0Km<\/td>\n<\/tr>\n<tr>\n<td>Campo Grande<\/td>\n<td>1006 Km<\/td>\n<\/tr>\n<tr>\n<td>Cuiab\u00e1<\/td>\n<td>1718 Km<\/td>\n<\/tr>\n<tr>\n<td>Florian\u00f3polis<\/td>\n<td>310\u00a0Km<\/td>\n<\/tr>\n<tr>\n<td>Fortaleza<\/td>\n<td>3541 Km<\/td>\n<\/tr>\n<tr>\n<td>Goi\u00e2nia<\/td>\n<td>1210 Km<\/td>\n<\/tr>\n<tr>\n<td>Jo\u00e3o Pessoa<\/td>\n<td>3205\u00a0Km<\/td>\n<\/tr>\n<tr>\n<td>Macei\u00f3<\/td>\n<td>2871 Km<\/td>\n<\/tr>\n<tr>\n<td>Macap\u00e1<\/td>\n<td>4013 Km<\/td>\n<\/tr>\n<tr>\n<td>Manaus<\/td>\n<td>4036 Km<\/td>\n<\/tr>\n<tr>\n<td>Natal<\/td>\n<td>3365 Km<\/td>\n<\/tr>\n<tr>\n<td>Palmas<\/td>\n<td>2076 Km<\/td>\n<\/tr>\n<tr>\n<td>Porto Alegre<\/td>\n<td>716 Km<\/td>\n<\/tr>\n<tr>\n<td>Porto Velho<\/td>\n<td>3135\u00a0Km<\/td>\n<\/tr>\n<tr>\n<td>Recife<\/td>\n<td>3078 Km<\/td>\n<\/tr>\n<tr>\n<td>Rio Branco<\/td>\n<td>3669\u00a0Km<\/td>\n<\/tr>\n<tr>\n<td>Rio de Janeiro<\/td>\n<td>852\u00a0Km<\/td>\n<\/tr>\n<tr>\n<td>Salvador<\/td>\n<td>2385 Km<\/td>\n<\/tr>\n<tr>\n<td>S\u00e3o Lu\u00eds<\/td>\n<td>3301 Km<\/td>\n<\/tr>\n<tr>\n<td>S\u00e3o Paulo<\/td>\n<td>408 Km<\/td>\n<\/tr>\n<tr>\n<td>Teresina<\/td>\n<td>3143 Km<\/td>\n<\/tr>\n<tr>\n<td>Vit\u00f3ria<\/td>\n<td>1359 Km<\/td>\n<\/tr>\n<\/tbody>\n<\/table>\n<p>Fonte: <a href=\"http:\/\/www.curitiba.pr.gov.br\/conteudo\/perfil-da-cidade-de-curitiba\/174\" target=\"_blank\">Prefeitura Municipal de Curitiba<\/a><\/p>\n","protected":false},"excerpt":{"rendered":"<p>Curitiba \u00e9 a capital do Paran\u00e1, um dos tr\u00eas Estados que comp\u00f5em a Regi\u00e3o Sul do Brasil. Sua funda\u00e7\u00e3o oficial data de 29 de mar\u00e7o de 1693, quando foi criada a C\u00e2mara. No s\u00e9culo XVII, sua principal atividade econ\u00f4mica era&#8230;<\/p>\n","protected":false},"author":4645,"featured_media":0,"parent":16189,"menu_order":0,"comment_status":"closed","ping_status":"closed","template":"","meta":{"_mi_skip_tracking":false,"_monsterinsights_sitenote_active":false,"_monsterinsights_sitenote_note":"","_monsterinsights_sitenote_category":0,"footnotes":""},"_links":{"self":[{"href":"https:\/\/blog.cancaonova.com\/curitiba\/wp-json\/wp\/v2\/pages\/16212"}],"collection":[{"href":"https:\/\/blog.cancaonova.com\/curitiba\/wp-json\/wp\/v2\/pages"}],"about":[{"href":"https:\/\/blog.cancaonova.com\/curitiba\/wp-json\/wp\/v2\/types\/page"}],"author":[{"embeddable":true,"href":"https:\/\/blog.cancaonova.com\/curitiba\/wp-json\/wp\/v2\/users\/4645"}],"replies":[{"embeddable":true,"href":"https:\/\/blog.cancaonova.com\/curitiba\/wp-json\/wp\/v2\/comments?post=16212"}],"version-history":[{"count":1,"href":"https:\/\/blog.cancaonova.com\/curitiba\/wp-json\/wp\/v2\/pages\/16212\/revisions"}],"predecessor-version":[{"id":16213,"href":"https:\/\/blog.cancaonova.com\/curitiba\/wp-json\/wp\/v2\/pages\/16212\/revisions\/16213"}],"up":[{"embeddable":true,"href":"https:\/\/blog.cancaonova.com\/curitiba\/wp-json\/wp\/v2\/pages\/16189"}],"wp:attachment":[{"href":"https:\/\/blog.cancaonova.com\/curitiba\/wp-json\/wp\/v2\/media?parent=16212"}],"curies":[{"name":"wp","href":"https:\/\/api.w.org\/{rel}","templated":true}]}}