{"id":16224,"date":"2017-01-13T13:48:37","date_gmt":"2017-01-13T15:48:37","guid":{"rendered":"http:\/\/blog.cancaonova.com\/curitiba\/?page_id=16224"},"modified":"2022-04-18T16:21:20","modified_gmt":"2022-04-18T18:21:20","slug":"programacao-semanal","status":"publish","type":"page","link":"https:\/\/blog.cancaonova.com\/curitiba\/programacao-semanal\/","title":{"rendered":"Programa\u00e7\u00e3o Semanal 2022"},"content":{"rendered":"<p>Confira abaixo a nossa programa\u00e7\u00e3o semanal.<\/p>\n<h3><strong>SEGUNDA-FEIRA\u00a0<\/strong><\/h3>\n<ul>\n<li>12h &#8211; Santa Missa<\/li>\n<\/ul>\n<h3><strong>TER\u00c7A-FEIRA\u00a0<\/strong><\/h3>\n<ul>\n<li>9h \u00e0s 11h &#8211; Confiss\u00e3o<\/li>\n<li>19h30 &#8211; Santa Missa votiva a S\u00e3o Miguel Arcanjo<\/li>\n<\/ul>\n<h3><strong>QUARTA-FEIRA<\/strong><\/h3>\n<ul>\n<li>9h \u00e0s 11h &#8211; Confiss\u00e3o<\/li>\n<li>12h &#8211; Santa Missa votiva a S\u00e3o Jos\u00e9<\/li>\n<li>20h &#8211; Grupo de Casais Sede Fecundos (toda 2\u00aa quarta do m\u00eas)<\/li>\n<\/ul>\n<h3><strong>QUINTA-FEIRA<\/strong><\/h3>\n<ul>\n<li>9h \u00e0s 11h &#8211; Confiss\u00e3o<\/li>\n<li>15h Ter\u00e7o da Miseric\u00f3rdia<br \/>\n15h20 Partilha da Palavra<br \/>\n15h40 Adora\u00e7\u00e3o ao Sant\u00edssimo<\/li>\n<li>16h &#8211; Santa Missa<\/li>\n<\/ul>\n<ul>\n<li>19:30h &#8211; Grupo de Ora\u00e7\u00e3o Sede Santos<\/li>\n<\/ul>\n<h3><strong>SEXTA-FEIRA<\/strong><\/h3>\n<ul>\n<li>9h \u00e0s 11h &#8211; Confiss\u00e3o<\/li>\n<li>12h &#8211; Santa Missa<\/li>\n<li>20h &#8211; Grupo de Jovens Shekinah<\/li>\n<\/ul>\n<p><img loading=\"lazy\" decoding=\"async\" class=\"aligncenter size-full wp-image-18369\" src=\"http:\/\/blog.cancaonova.com\/curitiba\/files\/2017\/01\/Design-sem-nome-8.png\" alt=\"\" width=\"1080\" height=\"1920\" srcset=\"https:\/\/blog.cancaonova.com\/curitiba\/files\/2017\/01\/Design-sem-nome-8.png 1080w, https:\/\/blog.cancaonova.com\/curitiba\/files\/2017\/01\/Design-sem-nome-8-169x300.png 169w, https:\/\/blog.cancaonova.com\/curitiba\/files\/2017\/01\/Design-sem-nome-8-768x1365.png 768w\" sizes=\"(max-width: 1080px) 100vw, 1080px\" \/><\/p>\n<p>&nbsp;<\/p>\n<p><span style=\"color: #ff0000\"><strong>Agenda sujeita a altera\u00e7\u00f5es!<\/strong><\/span><\/p>\n<p><strong>Veja tamb\u00e9m:<\/strong><br \/>\n\u25ba <a href=\"http:\/\/blog.cancaonova.com\/curitiba\/como-chegar\/\">Saiba como chegar<\/a><\/p>\n<p>&nbsp;<\/p>\n","protected":false},"excerpt":{"rendered":"<p>Confira abaixo a nossa programa\u00e7\u00e3o semanal. SEGUNDA-FEIRA\u00a0 12h &#8211; Santa Missa TER\u00c7A-FEIRA\u00a0 9h \u00e0s 11h &#8211; Confiss\u00e3o 19h30 &#8211; Santa Missa votiva a S\u00e3o Miguel Arcanjo QUARTA-FEIRA 9h \u00e0s 11h &#8211; Confiss\u00e3o 12h &#8211; Santa Missa votiva a S\u00e3o Jos\u00e9&#8230;<\/p>\n","protected":false},"author":4645,"featured_media":0,"parent":0,"menu_order":0,"comment_status":"closed","ping_status":"closed","template":"","meta":{"_mi_skip_tracking":false,"_monsterinsights_sitenote_active":false,"_monsterinsights_sitenote_note":"","_monsterinsights_sitenote_category":0,"footnotes":""},"_links":{"self":[{"href":"https:\/\/blog.cancaonova.com\/curitiba\/wp-json\/wp\/v2\/pages\/16224"}],"collection":[{"href":"https:\/\/blog.cancaonova.com\/curitiba\/wp-json\/wp\/v2\/pages"}],"about":[{"href":"https:\/\/blog.cancaonova.com\/curitiba\/wp-json\/wp\/v2\/types\/page"}],"author":[{"embeddable":true,"href":"https:\/\/blog.cancaonova.com\/curitiba\/wp-json\/wp\/v2\/users\/4645"}],"replies":[{"embeddable":true,"href":"https:\/\/blog.cancaonova.com\/curitiba\/wp-json\/wp\/v2\/comments?post=16224"}],"version-history":[{"count":28,"href":"https:\/\/blog.cancaonova.com\/curitiba\/wp-json\/wp\/v2\/pages\/16224\/revisions"}],"predecessor-version":[{"id":18370,"href":"https:\/\/blog.cancaonova.com\/curitiba\/wp-json\/wp\/v2\/pages\/16224\/revisions\/18370"}],"wp:attachment":[{"href":"https:\/\/blog.cancaonova.com\/curitiba\/wp-json\/wp\/v2\/media?parent=16224"}],"curies":[{"name":"wp","href":"https:\/\/api.w.org\/{rel}","templated":true}]}}