{"id":16770,"date":"2017-12-14T14:44:09","date_gmt":"2017-12-14T16:44:09","guid":{"rendered":"http:\/\/blog.cancaonova.com\/curitiba\/?page_id=16770"},"modified":"2022-01-10T11:29:37","modified_gmt":"2022-01-10T13:29:37","slug":"cancao-nova-em-missao","status":"publish","type":"page","link":"https:\/\/blog.cancaonova.com\/curitiba\/eventos\/cancao-nova-em-missao\/","title":{"rendered":"Can\u00e7\u00e3o Nova em Miss\u00e3o"},"content":{"rendered":"<div id=\"attachment_17809\" style=\"width: 772px\" class=\"wp-caption aligncenter\"><img loading=\"lazy\" decoding=\"async\" aria-describedby=\"caption-attachment-17809\" class=\"wp-image-17809 \" src=\"http:\/\/blog.cancaonova.com\/curitiba\/files\/2017\/12\/Cn-em-miss\u00e3o.png\" alt=\"\" width=\"762\" height=\"324\" srcset=\"https:\/\/blog.cancaonova.com\/curitiba\/files\/2017\/12\/Cn-em-miss\u00e3o.png 899w, https:\/\/blog.cancaonova.com\/curitiba\/files\/2017\/12\/Cn-em-miss\u00e3o-300x127.png 300w, https:\/\/blog.cancaonova.com\/curitiba\/files\/2017\/12\/Cn-em-miss\u00e3o-768x326.png 768w\" sizes=\"(max-width: 762px) 100vw, 762px\" \/><p id=\"caption-attachment-17809\" class=\"wp-caption-text\">\u201cIde por todo o mundo e pregai o evangelho a toda criatura\u201d(Marcos 16,15)<\/p><\/div>\n<p><b>CAN\u00c7\u00c3O NOVA EM MISS\u00c3O<\/b><\/p>\n<p>O objetivo do \u201c<b>Can\u00e7\u00e3o Nova em Miss\u00e3o\u201d<\/b>\u00a0\u00e9 promover o encontro pessoal com Jesus, atrav\u00e9s da efus\u00e3o do Esp\u00edrito Santo, comunicando Jesus e a vida nova que Ele nos trouxe. Para que isso aconte\u00e7a voc\u00ea poder\u00e1 fazer o convite para os mission\u00e1rios visitarem seu Grupo de ora\u00e7\u00e3o, Retiros, Aprofundamentos e Kair\u00f3s.<\/p>\n<p>FA\u00c7A UM PEDIDO DE MISS\u00c3O<\/p>\n<p>Email:\u00a0<a href=\"mailto:eventoscuritiba@cancaonova.com\">eventoscuritiba@cancaonova.com<\/a><br \/>\nTelefone:\u00a0(41) 3091-1370<\/p>\n<p><i>\u201cOs crist\u00e3os sempre tiveram consci\u00eancia que Cristo os empenham numa miss\u00e3o que dever\u00e1 durar at\u00e9 o fim dos tempos: anunciar Jesus como Senhor e Salvador e propor a todos os povos a convers\u00e3o ao Evangelho, recebendo o Batismo e ingressando na Igreja de Cristo\u201d<\/i><\/p>\n<p><b>Tome Nota!<\/b><\/p>\n<p>Can\u00e7\u00e3o Nova em Miss\u00e3o<br \/>\n<i>\u201cIde por todo mundo e pregai o evangelho a toda criatura\u201d (Mc 16,15)<\/i><\/p>\n<p><b>Informa\u00e7\u00f5es:<\/b><\/p>\n<p>Telefone (41) 3091-1370<\/p>\n","protected":false},"excerpt":{"rendered":"<p>CAN\u00c7\u00c3O NOVA EM MISS\u00c3O O objetivo do \u201cCan\u00e7\u00e3o Nova em Miss\u00e3o\u201d\u00a0\u00e9 promover o encontro pessoal com Jesus, atrav\u00e9s da efus\u00e3o do Esp\u00edrito Santo, comunicando Jesus e a vida nova que Ele nos trouxe. Para que isso aconte\u00e7a voc\u00ea poder\u00e1 fazer&#8230;<\/p>\n","protected":false},"author":3161,"featured_media":17809,"parent":13294,"menu_order":0,"comment_status":"closed","ping_status":"closed","template":"","meta":{"_mi_skip_tracking":false,"_monsterinsights_sitenote_active":false,"_monsterinsights_sitenote_note":"","_monsterinsights_sitenote_category":0,"footnotes":""},"_links":{"self":[{"href":"https:\/\/blog.cancaonova.com\/curitiba\/wp-json\/wp\/v2\/pages\/16770"}],"collection":[{"href":"https:\/\/blog.cancaonova.com\/curitiba\/wp-json\/wp\/v2\/pages"}],"about":[{"href":"https:\/\/blog.cancaonova.com\/curitiba\/wp-json\/wp\/v2\/types\/page"}],"author":[{"embeddable":true,"href":"https:\/\/blog.cancaonova.com\/curitiba\/wp-json\/wp\/v2\/users\/3161"}],"replies":[{"embeddable":true,"href":"https:\/\/blog.cancaonova.com\/curitiba\/wp-json\/wp\/v2\/comments?post=16770"}],"version-history":[{"count":9,"href":"https:\/\/blog.cancaonova.com\/curitiba\/wp-json\/wp\/v2\/pages\/16770\/revisions"}],"predecessor-version":[{"id":18253,"href":"https:\/\/blog.cancaonova.com\/curitiba\/wp-json\/wp\/v2\/pages\/16770\/revisions\/18253"}],"up":[{"embeddable":true,"href":"https:\/\/blog.cancaonova.com\/curitiba\/wp-json\/wp\/v2\/pages\/13294"}],"wp:featuredmedia":[{"embeddable":true,"href":"https:\/\/blog.cancaonova.com\/curitiba\/wp-json\/wp\/v2\/media\/17809"}],"wp:attachment":[{"href":"https:\/\/blog.cancaonova.com\/curitiba\/wp-json\/wp\/v2\/media?parent=16770"}],"curies":[{"name":"wp","href":"https:\/\/api.w.org\/{rel}","templated":true}]}}