{"id":25,"date":"2009-11-24T14:08:36","date_gmt":"2009-11-24T16:08:36","guid":{"rendered":"http:\/\/localhost:8888\/ti\/?page_id=2"},"modified":"2010-03-11T14:57:41","modified_gmt":"2010-03-11T16:57:41","slug":"sobre","status":"publish","type":"page","link":"https:\/\/blog.cancaonova.com\/desenvolvimentoti\/sobre\/","title":{"rendered":"Sobre"},"content":{"rendered":"<p>O Setor de Desenvolvimento \u00e9 vinculado ao Departamento de TI (Tecnologia da Informa\u00e7\u00e3o) da Can\u00e7\u00e3o Nova.<\/p>\n<p>Nosso setor \u00e9 composto pelas equipes de Programa\u00e7\u00e3o, N\u00facleo de Design e Game.<\/p>\n<p>Somos respons\u00e1veis pelo desenvolvimento e manuten\u00e7\u00e3o de servi\u00e7os web que a Can\u00e7\u00e3o Nova oferece, como por exemplo: Gente de F\u00e9, Blog, Podcast, WebTVCN, Mobile, Portal Can\u00e7\u00e3o Nova e muitos outros.<\/p>\n<p>A iniciativa do blog \u00e9 de criarmos uma comunica\u00e7\u00e3o entre nossa equipe e voc\u00eas.<\/p>\n<p>Estaremos disponibilizando neste espa\u00e7o conte\u00fados sobre nosso dia-a-dia, trabalhos desenvolvidos e assuntos relacionados a tecnologia e internet.<\/p>\n<p>Espero contar sempre com a sua visita.<\/p>\n<p>Deus te aben\u00e7oe!<\/p>\n","protected":false},"excerpt":{"rendered":"<p>O Setor de Desenvolvimento \u00e9 vinculado ao Departamento de TI (Tecnologia da Informa\u00e7\u00e3o) da Can\u00e7\u00e3o Nova. Nosso setor \u00e9 composto pelas equipes de Programa\u00e7\u00e3o, N\u00facleo de Design e Game. Somos respons\u00e1veis pelo desenvolvimento e manuten\u00e7\u00e3o de servi\u00e7os web que a&#8230;<\/p>\n","protected":false},"author":3141,"featured_media":0,"parent":0,"menu_order":0,"comment_status":"open","ping_status":"open","template":"","meta":{"_mi_skip_tracking":false,"_monsterinsights_sitenote_active":false,"_monsterinsights_sitenote_note":"","_monsterinsights_sitenote_category":0,"footnotes":""},"_links":{"self":[{"href":"https:\/\/blog.cancaonova.com\/desenvolvimentoti\/wp-json\/wp\/v2\/pages\/25"}],"collection":[{"href":"https:\/\/blog.cancaonova.com\/desenvolvimentoti\/wp-json\/wp\/v2\/pages"}],"about":[{"href":"https:\/\/blog.cancaonova.com\/desenvolvimentoti\/wp-json\/wp\/v2\/types\/page"}],"author":[{"embeddable":true,"href":"https:\/\/blog.cancaonova.com\/desenvolvimentoti\/wp-json\/wp\/v2\/users\/3141"}],"replies":[{"embeddable":true,"href":"https:\/\/blog.cancaonova.com\/desenvolvimentoti\/wp-json\/wp\/v2\/comments?post=25"}],"version-history":[{"count":3,"href":"https:\/\/blog.cancaonova.com\/desenvolvimentoti\/wp-json\/wp\/v2\/pages\/25\/revisions"}],"predecessor-version":[{"id":130,"href":"https:\/\/blog.cancaonova.com\/desenvolvimentoti\/wp-json\/wp\/v2\/pages\/25\/revisions\/130"}],"wp:attachment":[{"href":"https:\/\/blog.cancaonova.com\/desenvolvimentoti\/wp-json\/wp\/v2\/media?parent=25"}],"curies":[{"name":"wp","href":"https:\/\/api.w.org\/{rel}","templated":true}]}}