{"id":11,"date":"2012-01-17T09:36:48","date_gmt":"2012-01-17T12:36:48","guid":{"rendered":"http:\/\/blog.cancaonova.com\/diarioespiritual\/"},"modified":"2019-10-17T09:55:30","modified_gmt":"2019-10-17T12:55:30","slug":"fale-com-o-autor","status":"publish","type":"page","link":"https:\/\/blog.cancaonova.com\/diarioespiritual\/fale-com-o-autor\/","title":{"rendered":"Eu te ajudo a fazer"},"content":{"rendered":"<p style=\"text-align: center;\"><strong>Eu te ajudo a fazer<\/strong><\/p>\n<p style=\"text-align: center;\">Partilhas, d\u00favidas referentes ao conte\u00fado deste blog, sugest\u00f5es, pedidos de ora\u00e7\u00e3o. Utilize este canal.<\/p>\n<p style=\"text-align: center;\">N\u00e3o tenha medo ou vergonha de perguntar, vamos aprender juntos!<\/p>\n<p style=\"text-align: center;\">Assim que poss\u00edvel retornarei o seu contato.<\/p>\n<p style=\"text-align: center;\">Deus te aben\u00e7oe<\/p>\n<p style=\"text-align: center;\"><div role=\"form\" class=\"wpcf7\" id=\"wpcf7-f1213-o1\" lang=\"en-US\" dir=\"ltr\">\n<div class=\"screen-reader-response\"><\/div>\n<form action=\"\/diarioespiritual\/wp-json\/wp\/v2\/pages\/11#wpcf7-f1213-o1\" method=\"post\" class=\"wpcf7-form\" novalidate=\"novalidate\">\n<div style=\"display: none;\">\n<input type=\"hidden\" name=\"_wpcf7\" value=\"1213\" \/>\n<input type=\"hidden\" name=\"_wpcf7_version\" value=\"4.7\" \/>\n<input type=\"hidden\" name=\"_wpcf7_locale\" value=\"en_US\" \/>\n<input type=\"hidden\" name=\"_wpcf7_unit_tag\" value=\"wpcf7-f1213-o1\" \/>\n<input type=\"hidden\" name=\"_wpnonce\" value=\"803927e7f3\" \/>\n<\/div>\n<div class=\"name-container\">\n    <label for=\"nome\"><span class=\"required-field\">*<\/span>Nome<\/label><br \/>\n    <span class=\"wpcf7-form-control-wrap your-name\"><input type=\"text\" name=\"your-name\" value=\"\" size=\"40\" class=\"wpcf7-form-control wpcf7-text wpcf7-validates-as-required name\" aria-required=\"true\" aria-invalid=\"false\" placeholder=\"Nome(obrigat\u00f3rio)\" \/><\/span>\n<\/div>\n<div class=\"email-container\">\n    <label for=\"E-mail\"><span class=\"required-field\">*<\/span>E-mail<\/label><br \/>\n    <span class=\"wpcf7-form-control-wrap your-email\"><input type=\"email\" name=\"your-email\" value=\"\" size=\"40\" class=\"wpcf7-form-control wpcf7-text wpcf7-email wpcf7-validates-as-required wpcf7-validates-as-email email\" aria-required=\"true\" aria-invalid=\"false\" placeholder=\"Email ex:email@dominio.com (obrigat\u00f3rio)\" \/><\/span>\n<\/div>\n<div class=\"subject-container\">\n    <label for=\"Assunto\"><span class=\"required-field\">*<\/span>Assunto<\/label><br \/>\n    <span class=\"wpcf7-form-control-wrap your-subject\"><input type=\"text\" name=\"your-subject\" value=\"\" size=\"40\" class=\"wpcf7-form-control wpcf7-text wpcf7-validates-as-required subject\" id=\"Assunto\" aria-required=\"true\" aria-invalid=\"false\" placeholder=\"Assunto\" \/><\/span>\n<\/div>\n<div class=\"message-container\">\n    <label for=\"Mensagem\"><span class=\"required-field\">*<\/span>Mensagem<\/label><br \/>\n    <span class=\"wpcf7-form-control-wrap your-message\"><textarea name=\"your-message\" cols=\"40\" rows=\"10\" class=\"wpcf7-form-control wpcf7-textarea wpcf7-validates-as-required message\" aria-required=\"true\" aria-invalid=\"false\" placeholder=\"Escreva a sua mensagem neste espa\u00e7o\"><\/textarea><\/span>\n<\/div>\n<div class=\"send-container\"><input type=\"submit\" value=\"Enviar\" class=\"wpcf7-form-control wpcf7-submit send\" id=\"enviar\" \/><\/div>\n<div class=\"wpcf7-response-output wpcf7-display-none\"><\/div><\/form><\/div><\/p>\n","protected":false},"excerpt":{"rendered":"<p>Eu te ajudo a fazer Partilhas, d\u00favidas referentes ao conte\u00fado deste blog, sugest\u00f5es, pedidos de ora\u00e7\u00e3o. Utilize este canal. N\u00e3o tenha medo ou vergonha de perguntar, vamos aprender juntos! Assim que poss\u00edvel retornarei o seu contato. Deus te aben\u00e7oe<\/p>\n","protected":false},"author":4577,"featured_media":0,"parent":0,"menu_order":7,"comment_status":"closed","ping_status":"open","template":"templates\/precisa-de-ajuda.php","meta":{"_mi_skip_tracking":false,"_monsterinsights_sitenote_active":false,"_monsterinsights_sitenote_note":"","_monsterinsights_sitenote_category":0,"footnotes":""},"_links":{"self":[{"href":"https:\/\/blog.cancaonova.com\/diarioespiritual\/wp-json\/wp\/v2\/pages\/11"}],"collection":[{"href":"https:\/\/blog.cancaonova.com\/diarioespiritual\/wp-json\/wp\/v2\/pages"}],"about":[{"href":"https:\/\/blog.cancaonova.com\/diarioespiritual\/wp-json\/wp\/v2\/types\/page"}],"author":[{"embeddable":true,"href":"https:\/\/blog.cancaonova.com\/diarioespiritual\/wp-json\/wp\/v2\/users\/4577"}],"replies":[{"embeddable":true,"href":"https:\/\/blog.cancaonova.com\/diarioespiritual\/wp-json\/wp\/v2\/comments?post=11"}],"version-history":[{"count":11,"href":"https:\/\/blog.cancaonova.com\/diarioespiritual\/wp-json\/wp\/v2\/pages\/11\/revisions"}],"predecessor-version":[{"id":2124,"href":"https:\/\/blog.cancaonova.com\/diarioespiritual\/wp-json\/wp\/v2\/pages\/11\/revisions\/2124"}],"wp:attachment":[{"href":"https:\/\/blog.cancaonova.com\/diarioespiritual\/wp-json\/wp\/v2\/media?parent=11"}],"curies":[{"name":"wp","href":"https:\/\/api.w.org\/{rel}","templated":true}]}}