{"id":16,"date":"2012-02-13T12:49:56","date_gmt":"2012-02-13T15:49:56","guid":{"rendered":"http:\/\/blog.cancaonova.com\/diarioespiritual\/"},"modified":"2018-07-17T09:42:56","modified_gmt":"2018-07-17T12:42:56","slug":"navegue-assim","status":"publish","type":"page","link":"https:\/\/blog.cancaonova.com\/diarioespiritual\/apresentacao\/navegue-assim\/","title":{"rendered":"Navegue assim"},"content":{"rendered":"<p><strong>Ensina o internauta a navegar no blog e entender como funciona<\/strong><\/p>\n<p>Acesse a p\u00e1gina \u201cApresenta\u00e7\u00e3o\u201d, para conhecer a miss\u00e3o deste blog e como voc\u00ea pode fazer parte dele.<\/p>\n<p>Depois acesse a p\u00e1gina \u201cComo fazer\u201d.<\/p>\n<p>Agora conhe\u00e7a as \u201cRegras de ouro\u201d.<\/p>\n<p>Pronto! Voc\u00ea j\u00e1 pode come\u00e7ar o seu di\u00e1rio espiritual corretamente. V\u00e1 a p\u00e1gina <strong>Plano de&nbsp; leitura<\/strong> e procure por 1\u00aa Carta de S\u00e3o Jo\u00e3o. L\u00e1 voc\u00ea encontrar\u00e1 os links dos estudos j\u00e1 postados na ordem. Acompanhe diariamente fazendo tamb\u00e9m o seu di\u00e1rio espiritual.<\/p>\n<p>Se tiver d\u00favidas, voc\u00ea pode ouvir novamente as instru\u00e7\u00f5es contidas na p\u00e1gina \u201cComo Fazer\u201d.<\/p>\n<p>Parab\u00e9ns! Vamos juntos crescer no conhecimento da palavra de Deus atrav\u00e9s da intimidade di\u00e1ria com o di\u00e1rio espiritual.<\/p>\n<p>Um bom estudo para voc\u00ea!<\/p>\n","protected":false},"excerpt":{"rendered":"<p>Ensina o internauta a navegar no blog e entender como funciona Acesse a p\u00e1gina \u201cApresenta\u00e7\u00e3o\u201d, para conhecer a miss\u00e3o deste blog e como voc\u00ea pode fazer parte dele. Depois acesse a p\u00e1gina \u201cComo fazer\u201d. Agora conhe\u00e7a as \u201cRegras de ouro\u201d&#8230;.<\/p>\n","protected":false},"author":4577,"featured_media":0,"parent":46,"menu_order":1,"comment_status":"open","ping_status":"open","template":"","meta":{"_mi_skip_tracking":false,"_monsterinsights_sitenote_active":false,"_monsterinsights_sitenote_note":"","_monsterinsights_sitenote_category":0,"footnotes":""},"_links":{"self":[{"href":"https:\/\/blog.cancaonova.com\/diarioespiritual\/wp-json\/wp\/v2\/pages\/16"}],"collection":[{"href":"https:\/\/blog.cancaonova.com\/diarioespiritual\/wp-json\/wp\/v2\/pages"}],"about":[{"href":"https:\/\/blog.cancaonova.com\/diarioespiritual\/wp-json\/wp\/v2\/types\/page"}],"author":[{"embeddable":true,"href":"https:\/\/blog.cancaonova.com\/diarioespiritual\/wp-json\/wp\/v2\/users\/4577"}],"replies":[{"embeddable":true,"href":"https:\/\/blog.cancaonova.com\/diarioespiritual\/wp-json\/wp\/v2\/comments?post=16"}],"version-history":[{"count":8,"href":"https:\/\/blog.cancaonova.com\/diarioespiritual\/wp-json\/wp\/v2\/pages\/16\/revisions"}],"predecessor-version":[{"id":3786,"href":"https:\/\/blog.cancaonova.com\/diarioespiritual\/wp-json\/wp\/v2\/pages\/16\/revisions\/3786"}],"up":[{"embeddable":true,"href":"https:\/\/blog.cancaonova.com\/diarioespiritual\/wp-json\/wp\/v2\/pages\/46"}],"wp:attachment":[{"href":"https:\/\/blog.cancaonova.com\/diarioespiritual\/wp-json\/wp\/v2\/media?parent=16"}],"curies":[{"name":"wp","href":"https:\/\/api.w.org\/{rel}","templated":true}]}}