{"id":2,"date":"2012-01-03T11:33:06","date_gmt":"2012-01-03T13:33:06","guid":{"rendered":"http:\/\/blog.cancaonova.com\/diarioespiritual\/?page_id=2"},"modified":"2022-06-13T15:09:54","modified_gmt":"2022-06-13T18:09:54","slug":"sobre","status":"publish","type":"page","link":"https:\/\/blog.cancaonova.com\/diarioespiritual\/sobre\/","title":{"rendered":"Sobre"},"content":{"rendered":"<p>Jarles Pereira.<\/p>\n<p><a href=\"http:\/\/blog.cancaonova.com\/diarioespiritual\/files\/2012\/01\/Jarles-cn.jpg\"><img loading=\"lazy\" decoding=\"async\" class=\"alignleft size-medium wp-image-50\" src=\"http:\/\/blog.cancaonova.com\/diarioespiritual\/files\/2012\/01\/Jarles-cn-225x300.jpg\" alt=\"\" width=\"93\" height=\"124\" \/><\/a><\/p>\n<p>Nasci em S\u00e3o Gon\u00e7alo &#8211; RJ, morei desde a inf\u00e2ncia at\u00e9 os 22 anos em Niter\u00f3i. Entrei na Comunidade em Janeiro de 2000. Em 2001\u00a0 morei na miss\u00e3o de Aracaju &#8211; SE at\u00e9 outubro. De outubro de 2001 a Janeiro de 2013\u00a0morei na miss\u00e3o em Cuiab\u00e1 \u2013 MT. De fevereiro de 2013 a Janeiro de 2016 morei na miss\u00e3o de Curitiba &#8211; PR. Atualmente na miss\u00e3o de Cachoeira Paulista &#8211; SP<\/p>\n<p>Casado, pai, ministro de m\u00fasica, compositor, pregador.<\/p>\n<p>&nbsp;<\/p>\n<p>Entre em um dos meus grupos e recebe sempre notifica\u00e7\u00f5es de novos v\u00eddeos ou novidades a respeito do Di\u00e1rio Espiritual:\u00a0https:\/\/contate.me\/diarioespiritual<\/p>\n<p>&nbsp;<\/p>\n<p><strong>Onde estou?<\/strong><\/p>\n<p><a href=\"https:\/\/bityli.com\/XV7Fl\" target=\"_blank\" rel=\"noopener\">Youtube: Di\u00e1rio Espiritual Can\u00e7\u00e3o Nova<\/a><\/p>\n<p><a href=\"http:\/\/www.facebook.com\/jarlescn\">www.facebook.com\/jarlescn<\/a><\/p>\n<p><a href=\"http:\/\/www.twitter.com\/jarlescn\">www.twitter.com\/jarlescn<\/a><\/p>\n<p><a href=\"http:\/\/www.jarles.wordpress.com\/\">www.Jarles.wordpress.com<\/a><\/p>\n","protected":false},"excerpt":{"rendered":"<p>Jarles Pereira. Nasci em S\u00e3o Gon\u00e7alo &#8211; RJ, morei desde a inf\u00e2ncia at\u00e9 os 22 anos em Niter\u00f3i. Entrei na Comunidade em Janeiro de 2000. Em 2001\u00a0 morei na miss\u00e3o de Aracaju &#8211; SE at\u00e9 outubro. De outubro de 2001&#8230;<\/p>\n","protected":false},"author":4577,"featured_media":0,"parent":0,"menu_order":6,"comment_status":"closed","ping_status":"closed","template":"","meta":{"_mi_skip_tracking":false,"_monsterinsights_sitenote_active":false,"_monsterinsights_sitenote_note":"","_monsterinsights_sitenote_category":0,"footnotes":""},"_links":{"self":[{"href":"https:\/\/blog.cancaonova.com\/diarioespiritual\/wp-json\/wp\/v2\/pages\/2"}],"collection":[{"href":"https:\/\/blog.cancaonova.com\/diarioespiritual\/wp-json\/wp\/v2\/pages"}],"about":[{"href":"https:\/\/blog.cancaonova.com\/diarioespiritual\/wp-json\/wp\/v2\/types\/page"}],"author":[{"embeddable":true,"href":"https:\/\/blog.cancaonova.com\/diarioespiritual\/wp-json\/wp\/v2\/users\/4577"}],"replies":[{"embeddable":true,"href":"https:\/\/blog.cancaonova.com\/diarioespiritual\/wp-json\/wp\/v2\/comments?post=2"}],"version-history":[{"count":7,"href":"https:\/\/blog.cancaonova.com\/diarioespiritual\/wp-json\/wp\/v2\/pages\/2\/revisions"}],"predecessor-version":[{"id":5149,"href":"https:\/\/blog.cancaonova.com\/diarioespiritual\/wp-json\/wp\/v2\/pages\/2\/revisions\/5149"}],"wp:attachment":[{"href":"https:\/\/blog.cancaonova.com\/diarioespiritual\/wp-json\/wp\/v2\/media?parent=2"}],"curies":[{"name":"wp","href":"https:\/\/api.w.org\/{rel}","templated":true}]}}