{"id":4348,"date":"2020-12-04T10:25:54","date_gmt":"2020-12-04T13:25:54","guid":{"rendered":"https:\/\/blog.cancaonova.com\/diarioespiritual\/?page_id=4348"},"modified":"2022-06-13T15:42:27","modified_gmt":"2022-06-13T18:42:27","slug":"aprofundamento","status":"publish","type":"page","link":"https:\/\/blog.cancaonova.com\/diarioespiritual\/aprofundamento\/","title":{"rendered":"Aprofundamento"},"content":{"rendered":"<p><span style=\"font-weight: 400\">Bem vindo ao Di\u00e1rio Espiritual e a p\u00e1gina aprofundamento! A paz de Jesus esteja com voc\u00ea!<\/span><\/p>\n<h3><span style=\"font-weight: 400\">Acredito que se voc\u00ea procurou esta p\u00e1gina, seja por convite, curiosidade ou vontade de se aprofundar, \u00e9 porque voc\u00ea de alguma forma est\u00e1 precisando. Por isso, desde j\u00e1, quero encoraj\u00e1-lo a perseverar neste bom prop\u00f3sito e coloco \u00e0 sua disposi\u00e7\u00e3o meu contato para qualquer ajuda neste sentido. Aqui ningu\u00e9m caminha sozinho!<\/span><\/h3>\n<p>Entre em um dos meus grupos e recebe sempre notifica\u00e7\u00f5es de novos v\u00eddeos ou novidades a respeito do Di\u00e1rio Espiritual:\u00a0https:\/\/contate.me\/diarioespiritual<\/p>\n<p><span style=\"font-weight: 400\">A seu tempo, promoverei aprofundamentos que ficar\u00e3o listados nesta p\u00e1gina para voc\u00ea, e deixarei o mais f\u00e1cil poss\u00edvel para seu acesso. Ser\u00e3o Tempos fortes, S\u00e9ries e Ora\u00e7\u00f5es.<\/span><\/p>\n<p><a href=\"https:\/\/blog.cancaonova.com\/diarioespiritual\/?p=4645&amp;preview=true\" target=\"_blank\" rel=\"noopener\"><img loading=\"lazy\" decoding=\"async\" class=\"aligncenter wp-image-4663 size-medium\" src=\"https:\/\/blog.cancaonova.com\/diarioespiritual\/files\/2020\/12\/S\u00c9RIES_TEMPOS-FORTES-300x169.jpg\" alt=\"\" width=\"300\" height=\"169\" srcset=\"https:\/\/blog.cancaonova.com\/diarioespiritual\/files\/2020\/12\/S\u00c9RIES_TEMPOS-FORTES-300x169.jpg 300w, https:\/\/blog.cancaonova.com\/diarioespiritual\/files\/2020\/12\/S\u00c9RIES_TEMPOS-FORTES-768x432.jpg 768w, https:\/\/blog.cancaonova.com\/diarioespiritual\/files\/2020\/12\/S\u00c9RIES_TEMPOS-FORTES-384x216.jpg 384w, https:\/\/blog.cancaonova.com\/diarioespiritual\/files\/2020\/12\/S\u00c9RIES_TEMPOS-FORTES-512x288.jpg 512w, https:\/\/blog.cancaonova.com\/diarioespiritual\/files\/2020\/12\/S\u00c9RIES_TEMPOS-FORTES-1024x576.jpg 1024w, https:\/\/blog.cancaonova.com\/diarioespiritual\/files\/2020\/12\/S\u00c9RIES_TEMPOS-FORTES-1536x864.jpg 1536w, https:\/\/blog.cancaonova.com\/diarioespiritual\/files\/2020\/12\/S\u00c9RIES_TEMPOS-FORTES.jpg 1920w\" sizes=\"(max-width: 300px) 100vw, 300px\" \/><\/a><\/p>\n<p style=\"text-align: center\"><span style=\"font-weight: 400\">Retiros programados e Visitas de Deus.<\/span><\/p>\n<p><a href=\"https:\/\/blog.cancaonova.com\/diarioespiritual\/?p=5087&amp;preview=true\" target=\"_blank\" rel=\"noopener\"><img loading=\"lazy\" decoding=\"async\" class=\"aligncenter size-medium wp-image-4664\" src=\"https:\/\/blog.cancaonova.com\/diarioespiritual\/files\/2020\/12\/S\u00c9RIES_S\u00c9RIES-300x169.jpg\" alt=\"\" width=\"300\" height=\"169\" srcset=\"https:\/\/blog.cancaonova.com\/diarioespiritual\/files\/2020\/12\/S\u00c9RIES_S\u00c9RIES-300x169.jpg 300w, https:\/\/blog.cancaonova.com\/diarioespiritual\/files\/2020\/12\/S\u00c9RIES_S\u00c9RIES-768x432.jpg 768w, https:\/\/blog.cancaonova.com\/diarioespiritual\/files\/2020\/12\/S\u00c9RIES_S\u00c9RIES-384x216.jpg 384w, https:\/\/blog.cancaonova.com\/diarioespiritual\/files\/2020\/12\/S\u00c9RIES_S\u00c9RIES-512x288.jpg 512w, https:\/\/blog.cancaonova.com\/diarioespiritual\/files\/2020\/12\/S\u00c9RIES_S\u00c9RIES-1024x576.jpg 1024w, https:\/\/blog.cancaonova.com\/diarioespiritual\/files\/2020\/12\/S\u00c9RIES_S\u00c9RIES-1536x864.jpg 1536w, https:\/\/blog.cancaonova.com\/diarioespiritual\/files\/2020\/12\/S\u00c9RIES_S\u00c9RIES.jpg 1920w\" sizes=\"(max-width: 300px) 100vw, 300px\" \/><\/a><\/p>\n<p style=\"text-align: center\"><span style=\"font-weight: 400\">V\u00eddeos ou \u00e1udios com forma\u00e7\u00f5es espec\u00edficas.<\/span><\/p>\n<p><a href=\"https:\/\/blog.cancaonova.com\/diarioespiritual\/files\/2020\/12\/S\u00c9RIES_ORA\u00c7\u00d5ES.jpg\"><img loading=\"lazy\" decoding=\"async\" class=\"aligncenter size-medium wp-image-4665\" src=\"https:\/\/blog.cancaonova.com\/diarioespiritual\/files\/2020\/12\/S\u00c9RIES_ORA\u00c7\u00d5ES-300x169.jpg\" alt=\"\" width=\"300\" height=\"169\" srcset=\"https:\/\/blog.cancaonova.com\/diarioespiritual\/files\/2020\/12\/S\u00c9RIES_ORA\u00c7\u00d5ES-300x169.jpg 300w, https:\/\/blog.cancaonova.com\/diarioespiritual\/files\/2020\/12\/S\u00c9RIES_ORA\u00c7\u00d5ES-768x432.jpg 768w, https:\/\/blog.cancaonova.com\/diarioespiritual\/files\/2020\/12\/S\u00c9RIES_ORA\u00c7\u00d5ES-384x216.jpg 384w, https:\/\/blog.cancaonova.com\/diarioespiritual\/files\/2020\/12\/S\u00c9RIES_ORA\u00c7\u00d5ES-512x288.jpg 512w, https:\/\/blog.cancaonova.com\/diarioespiritual\/files\/2020\/12\/S\u00c9RIES_ORA\u00c7\u00d5ES-1024x576.jpg 1024w, https:\/\/blog.cancaonova.com\/diarioespiritual\/files\/2020\/12\/S\u00c9RIES_ORA\u00c7\u00d5ES-1536x864.jpg 1536w, https:\/\/blog.cancaonova.com\/diarioespiritual\/files\/2020\/12\/S\u00c9RIES_ORA\u00c7\u00d5ES.jpg 1920w\" sizes=\"(max-width: 300px) 100vw, 300px\" \/><\/a><\/p>\n<p style=\"text-align: center\"><span style=\"font-weight: 400\">Oracional.<\/span><\/p>\n<p>&nbsp;<\/p>\n","protected":false},"excerpt":{"rendered":"<p>Bem vindo ao Di\u00e1rio Espiritual e a p\u00e1gina aprofundamento! A paz de Jesus esteja com voc\u00ea! Acredito que se voc\u00ea procurou esta p\u00e1gina, seja por convite, curiosidade ou vontade de se aprofundar, \u00e9 porque voc\u00ea de alguma forma est\u00e1 precisando&#8230;.<\/p>\n","protected":false},"author":4577,"featured_media":0,"parent":0,"menu_order":5,"comment_status":"closed","ping_status":"closed","template":"","meta":{"_mi_skip_tracking":false,"_monsterinsights_sitenote_active":false,"_monsterinsights_sitenote_note":"","_monsterinsights_sitenote_category":0,"footnotes":""},"_links":{"self":[{"href":"https:\/\/blog.cancaonova.com\/diarioespiritual\/wp-json\/wp\/v2\/pages\/4348"}],"collection":[{"href":"https:\/\/blog.cancaonova.com\/diarioespiritual\/wp-json\/wp\/v2\/pages"}],"about":[{"href":"https:\/\/blog.cancaonova.com\/diarioespiritual\/wp-json\/wp\/v2\/types\/page"}],"author":[{"embeddable":true,"href":"https:\/\/blog.cancaonova.com\/diarioespiritual\/wp-json\/wp\/v2\/users\/4577"}],"replies":[{"embeddable":true,"href":"https:\/\/blog.cancaonova.com\/diarioespiritual\/wp-json\/wp\/v2\/comments?post=4348"}],"version-history":[{"count":23,"href":"https:\/\/blog.cancaonova.com\/diarioespiritual\/wp-json\/wp\/v2\/pages\/4348\/revisions"}],"predecessor-version":[{"id":5150,"href":"https:\/\/blog.cancaonova.com\/diarioespiritual\/wp-json\/wp\/v2\/pages\/4348\/revisions\/5150"}],"wp:attachment":[{"href":"https:\/\/blog.cancaonova.com\/diarioespiritual\/wp-json\/wp\/v2\/media?parent=4348"}],"curies":[{"name":"wp","href":"https:\/\/api.w.org\/{rel}","templated":true}]}}