{"id":4526,"date":"2021-03-11T08:40:40","date_gmt":"2021-03-11T11:40:40","guid":{"rendered":"https:\/\/blog.cancaonova.com\/diarioespiritual\/?page_id=4526"},"modified":"2021-03-18T11:03:39","modified_gmt":"2021-03-18T14:03:39","slug":"testemunhos","status":"publish","type":"page","link":"https:\/\/blog.cancaonova.com\/diarioespiritual\/testemunhos\/","title":{"rendered":"Testemunhos"},"content":{"rendered":"<h3 style=\"text-align: center\">&#8220;Sabemos que tudo contribui para o bem daqueles que amam a Deus, daqueles que s\u00e3o chamados segundo o seu designio.&#8221; Rm 8, 28<\/h3>\n<p style=\"text-align: center\">Reservei esta p\u00e1gina para voc\u00ea que tem feito experi\u00eancia com o Di\u00e1rio Espiritual dar seu testemunho do que Deus tem realizado na sua vida!<\/p>\n<h3 style=\"text-align: center\">Escreva para: diarioespiritual@cancaonova.com e conte seu testemunho!<\/h3>\n<p style=\"text-align: center\">===============================================================================<\/p>\n<p style=\"text-align: center\">Meu nome \u00e9 Carlos Roberto (britto), sou casado com Elisabete, uma filha chamada Nathalia, moro em Botucatu sp. Perten\u00e7o a par\u00f3quia da Catedral de Santana. Pra mim o di\u00e1rio Espiritual tem sido meu alimento di\u00e1rio, nestes tempos dif\u00edceis que estamos passando, com esta pandemia.<\/p>\n<div id=\"m_-1851131983155813599yMail_cursorElementTracker_1615400268104\" style=\"text-align: center\">Acredito que foi o Esp\u00edrito Santo que colocou no cora\u00e7\u00e3o do Jarles para fazer essas lives di\u00e1rias, que come\u00e7ou juntamente com esta pandemia, e agrade\u00e7o ele por ter feito a vontade de Deus.<\/div>\n<div id=\"m_-1851131983155813599yMail_cursorElementTracker_1615400438310\" style=\"text-align: center\">Estou participando desde o come\u00e7o ,pois tem sido para mim um per\u00edodo de muito &#8220;crescimento espiritual&#8221;.<\/div>\n<div id=\"m_-1851131983155813599yMail_cursorElementTracker_1615400646267\" style=\"text-align: center\">Deus aben\u00e7oe a todos!<\/div>\n<div style=\"text-align: center\">\n<div id=\"attachment_4527\" style=\"width: 160px\" class=\"wp-caption aligncenter\"><a href=\"https:\/\/blog.cancaonova.com\/diarioespiritual\/files\/2021\/03\/FB_IMG_1615398623896.jpg\"><img loading=\"lazy\" decoding=\"async\" aria-describedby=\"caption-attachment-4527\" class=\"size-thumbnail wp-image-4527\" src=\"https:\/\/blog.cancaonova.com\/diarioespiritual\/files\/2021\/03\/FB_IMG_1615398623896-150x150.jpg\" alt=\"\" width=\"150\" height=\"150\" srcset=\"https:\/\/blog.cancaonova.com\/diarioespiritual\/files\/2021\/03\/FB_IMG_1615398623896-150x150.jpg 150w, https:\/\/blog.cancaonova.com\/diarioespiritual\/files\/2021\/03\/FB_IMG_1615398623896-300x300.jpg 300w, https:\/\/blog.cancaonova.com\/diarioespiritual\/files\/2021\/03\/FB_IMG_1615398623896.jpg 553w\" sizes=\"(max-width: 150px) 100vw, 150px\" \/><\/a><p id=\"caption-attachment-4527\" class=\"wp-caption-text\">Arquivo pessoal Carlos Britto<\/p><\/div>\n<\/div>\n<p style=\"text-align: center\">===============================================================================<\/p>\n<div style=\"text-align: center\">\n<div dir=\"auto\"><\/div>\n<div dir=\"auto\"><\/div>\n<div dir=\"auto\">A Paz de Jesus e o amor de Maria estejam com voc\u00ea e fam\u00edlia. Muito obrigada por cada ensinamento est\u00e1 sendo uma ben\u00e7\u00e3o de Deus. Que Deus aben\u00e7oe a sua vida e a cada dia derrame o Esp\u00edrito Santo em voc\u00ea.<\/div>\n<\/div>\n<div style=\"text-align: center\">Juliana Domingos<\/div>\n<div style=\"text-align: center\">===============================================================================<\/div>\n<div style=\"text-align: center\">\u00a0Primeiramente quero agradecer por esse lindo trabalho que vc est\u00e1 fazendo, nos ensinando a fazer o estudo b\u00edblico. Que Deus continue te aben\u00e7oando!!<br \/>\nA semana inteira fui fiel ao estudo b\u00edblico, s\u00f3 no fim de semana que n\u00e3o acompanhei a live ao vivo, mas fiz por ela depois&#8230;Est\u00e1 sendo maravilhoso estudar a b\u00edblia todo dia, e o livro que estamos estudando, fala muito sobre permanecer em Deus, amar meus irm\u00e3os, perdoar meus irm\u00e3os&#8230;E isso tem atingindo em cheio meio cora\u00e7\u00e3o, sou uma pessoa de poucos amigos, guardo m\u00e1goas, dificuldade de pedir perd\u00e3o e perdoar&#8230;mas tenho pedido a Deus sempre na adora\u00e7\u00e3o a gra\u00e7a de perdoar, de amar ao pr\u00f3ximo. E sei que n\u00e3o irei conseguir de imediato, que vai levar tempo ou uma vida inteira, mas aprendi que somente pela gra\u00e7a de Deus irei conseguir perdoar.<br \/>\nMuito obrigado&#8230;<\/div>\n<div style=\"text-align: center\"><\/div>\n<div style=\"text-align: center\">Maria Teixeira mesquita<\/div>\n<div style=\"text-align: center\">===============================================================================<\/div>\n<div style=\"text-align: center\">\u00a0Boa tarde meu nome \u00e9 Edilaine sou de ub\u00e1 MG, estou come\u00e7ando agora minha caminhada na f\u00e9, as vezes fico perdida, muitas vezes n\u00e3o sei como rezar, pedir agradecer. E fico com vontade de ler a b\u00edblia estou fazendo o di\u00e1rio espiritual estou gostando muito. Mas quando estou triste angustiada n\u00e3o sei procurar na b\u00edblia palavras de conforto. E queria ler os salmos mas n\u00e3o sei.<br \/>\nMe desculpa sou muito leiga.<br \/>\nObrigada<\/div>\n<div><\/div>\n<div style=\"text-align: center\">Edilaine de Miranda<\/div>\n<div style=\"text-align: center\">===============================================================================<\/div>\n<div><\/div>\n<div>\n<div dir=\"auto\" style=\"text-align: center\">Meu nome \u00e9 Fab\u00edola Kehl, tenho 20 anos sou de Nova Prata do Rio Grande do Sul. Antes dessa gra\u00e7a que Deus me concedeu eu tinha dores di\u00e1rias nos joelhos, tinha dias que eu acordava de manh\u00e3 j\u00e1 com esta dor e ela persistia durante todo o dia, era uma dor que incomodava muito. Depois que conheci o Di\u00e1rio Espiritual (estudo b\u00edblico), comecei a fazer o estudo, junto com a minha m\u00e3e, todos os dias. Ocorreu em uma manh\u00e3 durante a live no Instagram da Can\u00e7\u00e3o Nova, no final da palavra rezamos uma Ave Maria e pedi para Deus tira essas dores que eu sentia, no momento eu senti um calor, uma queima\u00e7\u00e3o na regi\u00e3o dos joelhos, e eu n\u00e3o tinha percebido que Deus havia me tocado. Depois de alguns dias reparei que d\u00eas dessa manh\u00e3 eu n\u00e3o havia mais sentido essas dores nos joelhos, depois que percebi que Deus havia me dado essa gra\u00e7a agradeci muito a ele!!<\/div>\n<div dir=\"auto\" style=\"text-align: center\">Depois que eu e minha m\u00e3e come\u00e7amos a fazer o estudo b\u00edblico todos os dias, nossa f\u00e9 aumentou muito, hoje realizamos o estudo e rezamos o Ter\u00e7o da Miseric\u00f3rdia todos os dias!!<\/div>\n<\/div>\n<div dir=\"auto\">\n<div dir=\"auto\" style=\"text-align: center\">Obrigada Senhor pela tua Gra\u00e7a!!\u00a0<img decoding=\"async\" class=\"CToWUd\" src=\"https:\/\/mail.google.com\/mail\/e\/1f64f\" alt=\"\ud83d\ude4f\" \/><img decoding=\"async\" class=\"CToWUd\" src=\"https:\/\/mail.google.com\/mail\/e\/2764\" alt=\"\u2764\" \/>\ufe0f<img decoding=\"async\" class=\"CToWUd\" src=\"https:\/\/mail.google.com\/mail\/e\/1f64f\" alt=\"\ud83d\ude4f\" \/><\/div>\n<div dir=\"auto\"><\/div>\n<div dir=\"auto\" style=\"text-align: center\">Obrigada Jarles Pereira, voc\u00ea faz um trabalho lindo com o Di\u00e1rio Espiritual, fa\u00e7o todos os dias junto na live do Instagram da Can\u00e7\u00e3o Nova!<\/div>\n<\/div>\n<div dir=\"auto\">\n<div id=\"attachment_4559\" style=\"width: 160px\" class=\"wp-caption aligncenter\"><a href=\"https:\/\/blog.cancaonova.com\/diarioespiritual\/files\/2021\/03\/Fab\u00edola-Kehl.jpg\"><img loading=\"lazy\" decoding=\"async\" aria-describedby=\"caption-attachment-4559\" class=\"size-thumbnail wp-image-4559\" src=\"https:\/\/blog.cancaonova.com\/diarioespiritual\/files\/2021\/03\/Fab\u00edola-Kehl-150x150.jpg\" alt=\"\" width=\"150\" height=\"150\" \/><\/a><p id=\"caption-attachment-4559\" class=\"wp-caption-text\">Arquivo pessoal\u00a0Fab\u00edola Kehl<\/p><\/div>\n<\/div>\n","protected":false},"excerpt":{"rendered":"<p>&#8220;Sabemos que tudo contribui para o bem daqueles que amam a Deus, daqueles que s\u00e3o chamados segundo o seu designio.&#8221; Rm 8, 28 Reservei esta p\u00e1gina para voc\u00ea que tem feito experi\u00eancia com o Di\u00e1rio Espiritual dar seu testemunho do&#8230;<\/p>\n","protected":false},"author":4577,"featured_media":0,"parent":0,"menu_order":6,"comment_status":"closed","ping_status":"closed","template":"","meta":{"_mi_skip_tracking":false,"_monsterinsights_sitenote_active":false,"_monsterinsights_sitenote_note":"","_monsterinsights_sitenote_category":0,"footnotes":""},"_links":{"self":[{"href":"https:\/\/blog.cancaonova.com\/diarioespiritual\/wp-json\/wp\/v2\/pages\/4526"}],"collection":[{"href":"https:\/\/blog.cancaonova.com\/diarioespiritual\/wp-json\/wp\/v2\/pages"}],"about":[{"href":"https:\/\/blog.cancaonova.com\/diarioespiritual\/wp-json\/wp\/v2\/types\/page"}],"author":[{"embeddable":true,"href":"https:\/\/blog.cancaonova.com\/diarioespiritual\/wp-json\/wp\/v2\/users\/4577"}],"replies":[{"embeddable":true,"href":"https:\/\/blog.cancaonova.com\/diarioespiritual\/wp-json\/wp\/v2\/comments?post=4526"}],"version-history":[{"count":9,"href":"https:\/\/blog.cancaonova.com\/diarioespiritual\/wp-json\/wp\/v2\/pages\/4526\/revisions"}],"predecessor-version":[{"id":4561,"href":"https:\/\/blog.cancaonova.com\/diarioespiritual\/wp-json\/wp\/v2\/pages\/4526\/revisions\/4561"}],"wp:attachment":[{"href":"https:\/\/blog.cancaonova.com\/diarioespiritual\/wp-json\/wp\/v2\/media?parent=4526"}],"curies":[{"name":"wp","href":"https:\/\/api.w.org\/{rel}","templated":true}]}}