{"id":63,"date":"2012-02-13T13:12:40","date_gmt":"2012-02-13T16:12:40","guid":{"rendered":"http:\/\/blog.cancaonova.com\/diarioespiritual\/"},"modified":"2018-07-17T10:08:02","modified_gmt":"2018-07-17T13:08:02","slug":"plano-de-leitura","status":"publish","type":"page","link":"https:\/\/blog.cancaonova.com\/diarioespiritual\/plano-de-leitura\/","title":{"rendered":"Plano de Leitura"},"content":{"rendered":"<h2><strong>Rela\u00e7\u00e3o dos livros na ordem de leitura proposta por Monsenhor Jonas Abib.<\/strong><\/h2>\n<h1><span style=\"text-decoration: underline;\">Novo Testamento<\/span><\/h1>\n<h2><span style=\"color: #800000;\"><strong>1\u00aa Carta de S\u00e3o Jo\u00e3o<\/strong><\/span><\/h2>\n<p><a href=\"http:\/\/blog.cancaonova.com\/diarioespiritual\/2012\/02\/22\/deus-e-luz\/\" target=\"_self\">1 Deus \u00e9 Luz<\/a><\/p>\n<p><a href=\"http:\/\/blog.cancaonova.com\/diarioespiritual\/2012\/02\/23\/jesus-o-defensor\/\" target=\"_self\">2 Jesus o defensor<\/a><\/p>\n<p><a href=\"http:\/\/blog.cancaonova.com\/diarioespiritual\/2012\/02\/24\/fazer-a-vontade-de-deus\/\" target=\"_self\">3 Fazer a vontade de Deus<\/a><\/p>\n<p><a href=\"http:\/\/blog.cancaonova.com\/diarioespiritual\/2012\/02\/25\/os-cristaos-e-o-anticristo\/\" target=\"_self\">4 Os crist\u00e3os e o anticristo<\/a><\/p>\n<p><a href=\"http:\/\/blog.cancaonova.com\/diarioespiritual\/2012\/02\/26\/somos-filhos-de-deus\/\" target=\"_self\">5 Somos filhos de Deus<\/a><\/p>\n<p><a href=\"http:\/\/blog.cancaonova.com\/diarioespiritual\/2012\/02\/27\/amor-mutuo\/\" target=\"_self\">6 Amor mutuo<\/a><\/p>\n<p><a href=\"http:\/\/blog.cancaonova.com\/diarioespiritual\/2012\/02\/28\/amor-de-verdade\/\" target=\"_self\">7 Amor de verdade<\/a><\/p>\n<p><a href=\"http:\/\/blog.cancaonova.com\/diarioespiritual\/2012\/02\/29\/jesus-cristo-e-maior-que-tudo\/\" target=\"_self\">8 Jesus Cristo \u00e9 maior que tudo<\/a><\/p>\n<p><a href=\"http:\/\/blog.cancaonova.com\/diarioespiritual\/2012\/03\/01\/o-amor-vem-de-deus\/\" target=\"_self\">9 O Amor Vem de Deus<\/a><\/p>\n<p><a href=\"http:\/\/blog.cancaonova.com\/diarioespiritual\/2012\/03\/02\/deus-e-amor\/\" target=\"_self\">10 Deus \u00e9 amor<\/a><\/p>\n<p><a href=\"http:\/\/blog.cancaonova.com\/diarioespiritual\/2012\/03\/03\/a-fe-vence-o-mundo\/\" target=\"_self\">11 A f\u00e9 vence o mundo<\/a><\/p>\n<p><a href=\"http:\/\/blog.cancaonova.com\/diarioespiritual\/2012\/03\/04\/o-coracao-aberto-de-jesus\/\" target=\"_self\">12 O Cora\u00e7\u00e3o aberto de Jesus<\/a><\/p>\n<p><a href=\"http:\/\/blog.cancaonova.com\/diarioespiritual\/2012\/03\/05\/orar-pelos-pecadores\/\" target=\"_self\">13 Orar pelos pecadores<\/a><\/p>\n<h2><span style=\"color: #800000;\"><strong>1\u00aa Carta de S\u00e3o Jo\u00e3o 2\u00aa Vez<\/strong><\/span><\/h2>\n<p><a href=\"http:\/\/blog.cancaonova.com\/diarioespiritual\/2012\/03\/06\/o-perdao-de-deus\/\" target=\"_self\">14 O Perd\u00e3o de Deus<\/a><\/p>\n<p><a href=\"http:\/\/blog.cancaonova.com\/diarioespiritual\/2012\/03\/07\/o-amor-entre-os-filhos-de-deus\/\" target=\"_self\">15 O amor entre os filhos de Deus<\/a><\/p>\n<p><a href=\"http:\/\/blog.cancaonova.com\/diarioespiritual\/2012\/03\/08\/jesus-cristo-e-maior-que-tudo-2\/\" target=\"_self\">16 Jesus Cristo \u00e9 maior que tudo<\/a><\/p>\n<p><a href=\"http:\/\/blog.cancaonova.com\/diarioespiritual\/2012\/03\/12\/a-vitoria-da-fe\/\" target=\"_self\">17 A vit\u00f3ria da f\u00e9<\/a><\/p>\n<h2><strong><span style=\"color: #800000;\">Evangelho de S\u00e3o Jo\u00e3o<\/span><\/strong><\/h2>\n<p><a href=\"http:\/\/blog.cancaonova.com\/diarioespiritual\/2012\/03\/13\/jesus-palavra-de-deus\/\" target=\"_self\">18 Jesus, Palavra de Deus<\/a><\/p>\n<p><a href=\"http:\/\/blog.cancaonova.com\/diarioespiritual\/2012\/03\/14\/o-testemunho-de-joao\/\" target=\"_self\">19O testemunho de Jo\u00e3o<\/a><\/p>\n<p><a href=\"http:\/\/blog.cancaonova.com\/diarioespiritual\/2012\/03\/16\/o-cordeiro-de-deus\/\" target=\"_self\">20 O cordeiro de Deus<\/a><\/p>\n<p><a href=\"http:\/\/blog.cancaonova.com\/diarioespiritual\/2012\/03\/16\/os-primeiros-discipulos\/\" target=\"_self\">21Os primeiros disc\u00edpulos<\/a><\/p>\n<p><a href=\"http:\/\/blog.cancaonova.com\/diarioespiritual\/2012\/03\/17\/vocacao-de-felipe-e-natanael\/\" target=\"_self\">22 Voca\u00e7\u00e3o de Felipe e Natanael<\/a><\/p>\n<p><a href=\"http:\/\/blog.cancaonova.com\/diarioespiritual\/2012\/03\/18\/as-bodas-de-cana\/\" target=\"_self\">23 As bodas de can\u00e1<\/a><\/p>\n<p><a href=\"http:\/\/blog.cancaonova.com\/diarioespiritual\/2012\/03\/19\/jesus-e-os-vendilhoes-do-templo\/\" target=\"_self\">24 Jesus e os vendilh\u00f5es do templo<\/a><\/p>\n<p><a href=\"http:\/\/blog.cancaonova.com\/diarioespiritual\/2012\/03\/20\/jesus-e-nicodemos\/\" target=\"_self\">25 Jesus e Nicodemos<\/a><\/p>\n<p><a href=\"http:\/\/blog.cancaonova.com\/diarioespiritual\/2012\/03\/21\/finalidade-da-missao-de-jesus\/\" target=\"_self\">26 Finalidade da miss\u00e3o de Jesus<\/a><\/p>\n<p><a href=\"http:\/\/blog.cancaonova.com\/diarioespiritual\/2012\/03\/22\/convem-que-ele-cresca-e-eu-diminua\/\" target=\"_self\">27 Conv\u00e9m que ele cres\u00e7a e eu diminua<\/a><\/p>\n<p><a href=\"http:\/\/blog.cancaonova.com\/diarioespiritual\/2012\/03\/23\/aquele-que-vem-do-alto\/\" target=\"_self\">28 Aquele que vem do alto<\/a><\/p>\n<p><a href=\"http:\/\/blog.cancaonova.com\/diarioespiritual\/2012\/03\/24\/a-samaritana\/\" target=\"_self\">29 A Samaritana<\/a><\/p>\n<p><a href=\"http:\/\/blog.cancaonova.com\/diarioespiritual\/2012\/03\/26\/o-alimento-de-jesus\/\" target=\"_self\">30 O alimento de Jesus<\/a><\/p>\n<p><a href=\"http:\/\/blog.cancaonova.com\/diarioespiritual\/2012\/03\/28\/o-filho-do-funcionario-real\/\" target=\"_self\">31 O filho do funcion\u00e1rio real<\/a><\/p>\n<p><a href=\"http:\/\/blog.cancaonova.com\/diarioespiritual\/2012\/03\/29\/o-enfermo-de-bezata\/\" target=\"_self\">32 O Enfermo de Bezata<\/a><\/p>\n<p><a href=\"http:\/\/blog.cancaonova.com\/diarioespiritual\/2012\/03\/30\/jesus-tem-poder-de-julgar\/\" target=\"_self\">33 Jesus tem poder de julgar<\/a><\/p>\n<p><a href=\"http:\/\/blog.cancaonova.com\/diarioespiritual\/2012\/03\/31\/o-testemunho-do-pai\/\" target=\"_self\">34 O testemunho do Pai<\/a><\/p>\n<p><a href=\"http:\/\/blog.cancaonova.com\/diarioespiritual\/2012\/04\/02\/o-sinal-do-pao\/\" target=\"_self\">35 O sinal do p\u00e3o<\/a><\/p>\n<p><a href=\"http:\/\/blog.cancaonova.com\/diarioespiritual\/2012\/04\/03\/andando-sobre-as-aguas\/\" target=\"_self\">36 Andando sobre a \u00e1gua<\/a><\/p>\n<p><a href=\"http:\/\/blog.cancaonova.com\/diarioespiritual\/2012\/04\/04\/o-pao-de-deus\/\" target=\"_self\">37 O P\u00e3o de Deus<\/a><\/p>\n<p><a href=\"http:\/\/blog.cancaonova.com\/diarioespiritual\/2012\/04\/09\/o-verdadeiro-pao-do-ceu\/\" target=\"_self\">38 O verdadeiro p\u00e3o do c\u00e9u<\/a><\/p>\n<p><a href=\"http:\/\/blog.cancaonova.com\/diarioespiritual\/2012\/04\/10\/ensinados-por-deus\/\" target=\"_self\">39 Ensinados por Deus<\/a><\/p>\n<p><a href=\"http:\/\/blog.cancaonova.com\/diarioespiritual\/2012\/04\/11\/o-dom-da-vida-de-jesus\/\" target=\"_self\">40 O dom da vida de Jesus<\/a><\/p>\n<p><a href=\"http:\/\/blog.cancaonova.com\/diarioespiritual\/2012\/04\/12\/palavras-de-vida-eterna\/\" target=\"_self\">41 Palavras de vida eterna<\/a><\/p>\n<p><a href=\"http:\/\/blog.cancaonova.com\/diarioespiritual\/2012\/04\/13\/jesus-e-a-festa-das-tendas\/\" target=\"_self\">42 Jesus e a festa das Tendas<\/a><\/p>\n<p><a href=\"http:\/\/blog.cancaonova.com\/diarioespiritual\/2012\/04\/14\/o-ensinamento-de-jesus\/\" target=\"_self\">43 O ensinamento de Jesus<\/a><\/p>\n<p><a href=\"http:\/\/blog.cancaonova.com\/diarioespiritual\/2012\/04\/15\/quem-tiver-sede-venha-a-mim-e-beba\/\" target=\"_blank\" rel=\"noopener\">44 Quem tiver sede venha a mim e beba<\/a><\/p>\n<p><a href=\"http:\/\/blog.cancaonova.com\/diarioespiritual\/2012\/04\/16\/a-mulher-adultera\/\" target=\"_blank\" rel=\"noopener\">45 A mulher Adultera<\/a><\/p>\n<p><a href=\"http:\/\/blog.cancaonova.com\/diarioespiritual\/2012\/04\/17\/jesus-luz-do-mundo\/\" target=\"_blank\" rel=\"noopener\">46 Jesus, Luz do mundo<\/a><\/p>\n<p><a href=\"http:\/\/blog.cancaonova.com\/diarioespiritual\/2012\/04\/18\/origem-e-destino-de-jesus\/\" target=\"_blank\" rel=\"noopener\">47 Origem e destino de Jesus<\/a><\/p>\n<p><a href=\"http:\/\/blog.cancaonova.com\/diarioespiritual\/2012\/04\/20\/a-verdade-liberta\/\" target=\"_blank\" rel=\"noopener\">48 A verdade liberta<\/a><\/p>\n<p><a href=\"http:\/\/blog.cancaonova.com\/diarioespiritual\/2012\/04\/24\/os-verdadeiros-filhos-de-abraao\/\" target=\"_blank\" rel=\"noopener\">49 Os verdadeiros filhos de Abra\u00e3o<\/a><\/p>\n<p><a href=\"http:\/\/blog.cancaonova.com\/diarioespiritual\/2012\/04\/25\/o-cego-de-nascenca\/\" target=\"_blank\" rel=\"noopener\">50 O cego de nascen\u00e7a<\/a><\/p>\n<p><a href=\"http:\/\/blog.cancaonova.com\/diarioespiritual\/2012\/04\/26\/a-fe-do-cego\/\" target=\"_blank\" rel=\"noopener\">51 A f\u00e9 do cego<\/a><\/p>\n<p><a href=\"http:\/\/blog.cancaonova.com\/diarioespiritual\/2012\/04\/27\/a-parabola-do-pastor-e-do-rebanho\/\" target=\"_blank\" rel=\"noopener\">52 A par\u00e1bola do pastor e do rebanho<\/a><\/p>\n<p><a href=\"http:\/\/blog.cancaonova.com\/diarioespiritual\/2012\/04\/30\/jesus-a-porta\/\" target=\"_blank\" rel=\"noopener\">53 Jesus a porta<\/a><\/p>\n<p><a href=\"http:\/\/blog.cancaonova.com\/diarioespiritual\/2012\/05\/01\/jesus-o-pastor-que-da-a-vida-pelas-ovelhas\/\" target=\"_blank\" rel=\"noopener\">54 Jesus, o pastor que d\u00e1 a vida pelas ovelhas<\/a><\/p>\n<p><a href=\"http:\/\/blog.cancaonova.com\/diarioespiritual\/2012\/05\/02\/eu-e-o-pai-somos-um\/\" target=\"_blank\" rel=\"noopener\">55 Eu e o Pai somos um<\/a><\/p>\n<p><a href=\"http:\/\/blog.cancaonova.com\/diarioespiritual\/2012\/05\/03\/a-morte-de-lazaro\/\" target=\"_blank\" rel=\"noopener\">56 A morte de L\u00e1zaro<\/a><\/p>\n<p><a href=\"http:\/\/blog.cancaonova.com\/diarioespiritual\/2012\/05\/04\/jesus-e-marta\/\" target=\"_blank\" rel=\"noopener\">57 Jesus e Marta<\/a><\/p>\n<p><a href=\"http:\/\/blog.cancaonova.com\/diarioespiritual\/2012\/05\/05\/jesus-e-maria\/\" target=\"_blank\" rel=\"noopener\">58 Jesus e Maria<\/a><\/p>\n<p><a href=\"http:\/\/blog.cancaonova.com\/diarioespiritual\/2012\/05\/06\/o-reerguimento-de-lazaro\/\" target=\"_blank\" rel=\"noopener\">59 O reerguimento de l\u00e1zaro<\/a><\/p>\n<p><a href=\"http:\/\/blog.cancaonova.com\/diarioespiritual\/2012\/05\/07\/o-plano-para-matar-jesus\/\" target=\"_blank\" rel=\"noopener\">60 O Plano para matar Jesus<\/a><\/p>\n<p><a href=\"http:\/\/blog.cancaonova.com\/diarioespiritual\/2012\/05\/08\/uncao-de-betania\/\" target=\"_blank\" rel=\"noopener\">61 Un\u00e7\u00e3o de Beth\u00e2nia<\/a><\/p>\n<p><a href=\"http:\/\/blog.cancaonova.com\/diarioespiritual\/2012\/05\/09\/entrada-messianica-em-jerusalem\/\" target=\"_blank\" rel=\"noopener\">62 Entrada messi\u00e2nica em Jerusal\u00e9m<\/a><\/p>\n<p><a href=\"http:\/\/blog.cancaonova.com\/diarioespiritual\/2012\/05\/14\/os-gregos-querendo-ver-jesus\/\" target=\"_blank\" rel=\"noopener\">63 Os gregos querendo ver Jesus<\/a><\/p>\n<p><a href=\"http:\/\/blog.cancaonova.com\/diarioespiritual\/2012\/05\/16\/incredulidade\/\" target=\"_blank\" rel=\"noopener\">64 Incredulidade<\/a><\/p>\n<p><a href=\"http:\/\/blog.cancaonova.com\/diarioespiritual\/2012\/05\/17\/o-lava-pes\/\" target=\"_blank\" rel=\"noopener\">65 O Lava p\u00e9s<\/a><\/p>\n<p><a href=\"http:\/\/blog.cancaonova.com\/diarioespiritual\/2012\/05\/18\/anuncio-da-traicao\/\" target=\"_blank\" rel=\"noopener\">66 Anuncio da Trai\u00e7\u00e3o<\/a><\/p>\n<p><a href=\"http:\/\/blog.cancaonova.com\/diarioespiritual\/2012\/05\/21\/o-mandamento-novo\/\" target=\"_blank\" rel=\"noopener\">67 O mandamento novo<\/a><\/p>\n<p><a href=\"http:\/\/blog.cancaonova.com\/diarioespiritual\/2012\/05\/22\/a-negacao-de-pedro\/\" target=\"_blank\" rel=\"noopener\">68 A nega\u00e7\u00e3o de Pedro<\/a><\/p>\n<p><a href=\"http:\/\/blog.cancaonova.com\/diarioespiritual\/2012\/05\/23\/jesus-o-caminho\/\" target=\"_blank\" rel=\"noopener\">69 Jesus o caminho<\/a><\/p>\n<p><a href=\"http:\/\/blog.cancaonova.com\/diarioespiritual\/2012\/06\/23\/a-vida-dos-que-creem\/\" target=\"_blank\" rel=\"noopener\">70 A vida dos que creem<\/a><\/p>\n<p><a href=\"http:\/\/blog.cancaonova.com\/diarioespiritual\/2012\/06\/24\/jesus-a-videira-verdadeira\/\" target=\"_blank\" rel=\"noopener\">71 Jesus a verdadeira videira<\/a><\/p>\n<p><a href=\"http:\/\/blog.cancaonova.com\/diarioespiritual\/2012\/06\/25\/permanecer-no-amor\/\" target=\"_blank\" rel=\"noopener\">72 Permanecer no amor<\/a><\/p>\n<p><a href=\"http:\/\/blog.cancaonova.com\/diarioespiritual\/2012\/06\/26\/odio-do-mundo\/\" target=\"_blank\" rel=\"noopener\">73 \u00d3dio do mundo<\/a><\/p>\n<p><a href=\"http:\/\/blog.cancaonova.com\/diarioespiritual\/2012\/06\/27\/o-paraclito-ou-defensor\/\" target=\"_blank\" rel=\"noopener\">74 O Par\u00e1clito, ou Defensor<\/a><\/p>\n<p><a href=\"http:\/\/blog.cancaonova.com\/diarioespiritual\/2012\/06\/28\/ausencia-e-presenca-de-jesus\/\" target=\"_blank\" rel=\"noopener\">75 Aus\u00eancia e presen\u00e7a de Jesus<\/a><\/p>\n<p><a href=\"http:\/\/blog.cancaonova.com\/diarioespiritual\/2012\/06\/29\/jesus-venceu-o-mundo\/\" target=\"_blank\" rel=\"noopener\">76 Jesus venceu o mundo<\/a><\/p>\n<p><a href=\"http:\/\/blog.cancaonova.com\/diarioespiritual\/2012\/06\/30\/a-oracao-de-jesus\/\" target=\"_blank\" rel=\"noopener\">77 A ora\u00e7\u00e3o de Jesus<\/a><\/p>\n<p><a href=\"http:\/\/blog.cancaonova.com\/diarioespiritual\/2012\/07\/01\/traicao-e-prisao\/\" target=\"_blank\" rel=\"noopener\">78 Trai\u00e7\u00e3o e pris\u00e3o<\/a><\/p>\n<p><a href=\"http:\/\/blog.cancaonova.com\/diarioespiritual\/2012\/07\/02\/interrogatorio-de-anas-e-negacao-de-pedro\/\" target=\"_blank\" rel=\"noopener\">79 Interrogat\u00f3rio de an\u00e1s e nega\u00e7\u00e3o de Pedro<\/a><\/p>\n<p><a href=\"http:\/\/blog.cancaonova.com\/diarioespiritual\/2012\/07\/03\/que-e-a-verdade\/\" target=\"_blank\" rel=\"noopener\">80 Que \u00e9 a verdade?<\/a><\/p>\n<p><a href=\"http:\/\/blog.cancaonova.com\/diarioespiritual\/2012\/07\/04\/flagelacao-e-condenacao-de-jesus\/\" target=\"_blank\" rel=\"noopener\">81 Flagela\u00e7\u00e3o e condena\u00e7\u00e3o de Jesus<\/a><\/p>\n<p><a href=\"http:\/\/blog.cancaonova.com\/diarioespiritual\/2012\/07\/05\/a-crucifixao\/\" target=\"_blank\" rel=\"noopener\">82 A crucifix\u00e3o<\/a><\/p>\n<p><a href=\"http:\/\/blog.cancaonova.com\/diarioespiritual\/2012\/07\/17\/o-sorteio-das-vestes\/\" target=\"_blank\" rel=\"noopener\">83 O sorteio das vestes<\/a><\/p>\n<p><a href=\"http:\/\/blog.cancaonova.com\/diarioespiritual\/2012\/07\/18\/a-mae-e-o-discipulo-ao-pe-da-cruz\/\" target=\"_blank\" rel=\"noopener\">84 A m\u00e3e e o disc\u00edpulo ao p\u00e9 da cruz<\/a><\/p>\n<p><a href=\"http:\/\/blog.cancaonova.com\/diarioespiritual\/2012\/07\/19\/a-morte-de-jesus\/\" target=\"_blank\" rel=\"noopener\">85 A morte de Jesus<\/a><\/p>\n<p><a href=\"http:\/\/blog.cancaonova.com\/diarioespiritual\/2012\/07\/20\/o-lado-aberto\/\" target=\"_blank\" rel=\"noopener\">86 O Lado aberto<\/a><\/p>\n<p><a href=\"http:\/\/blog.cancaonova.com\/diarioespiritual\/2012\/07\/21\/a-sepultura\/\" target=\"_blank\" rel=\"noopener\">87 A sepultura<\/a><\/p>\n<p><a href=\"http:\/\/blog.cancaonova.com\/diarioespiritual\/2012\/07\/22\/o-sepulcro-vazio\/\" target=\"_blank\" rel=\"noopener\">88 O sepulcro vazio<\/a><\/p>\n<p><a href=\"http:\/\/blog.cancaonova.com\/diarioespiritual\/2012\/07\/23\/548\/\" target=\"_blank\" rel=\"noopener\">89 Apari\u00e7\u00e3o a Maria Madalena<\/a><\/p>\n<p><a href=\"http:\/\/blog.cancaonova.com\/diarioespiritual\/2012\/07\/24\/aparicao-aos-discipulos\/\" target=\"_blank\" rel=\"noopener\">90 Apari\u00e7\u00e3o aos disc\u00edpulos<\/a><\/p>\n<p><a href=\"http:\/\/blog.cancaonova.com\/diarioespiritual\/2012\/07\/28\/aparicao-aos-onze-e-a-tome\/\" target=\"_blank\" rel=\"noopener\">91 Apari\u00e7\u00e3o aos onze e a Tom\u00e9<\/a><\/p>\n<p><a href=\"http:\/\/blog.cancaonova.com\/diarioespiritual\/2012\/07\/30\/aparicao-junto-ao-lago\/\" target=\"_blank\" rel=\"noopener\">92 Apari\u00e7\u00e3o junto ao lago<\/a><\/p>\n<p><a href=\"http:\/\/blog.cancaonova.com\/diarioespiritual\/2012\/07\/31\/o-pastoreio-de-pedro\/\" target=\"_blank\" rel=\"noopener\">93 O pastoreio de Pedro<\/a><\/p>\n<h2><strong>Evangelho de S\u00e3o Marcos.<\/strong><\/h2>\n<p>G\u00e1latas.<\/p>\n<p>Ef\u00e9sios.<\/p>\n<p>Filipenses.<\/p>\n<p>Colossenses.<\/p>\n<p>1\u00aa e 2\u00aa Tessalonicenses.<\/p>\n<p>1\u00aa e 2\u00aa Tim\u00f3teo.<\/p>\n<p>Tito.<\/p>\n<p>Fil\u00eamon.<\/p>\n<p>Evangelho de s\u00e3o Lucas.<\/p>\n<p>Atos dos Ap\u00f3stolos.<\/p>\n<p>Romanos.<\/p>\n<p>Evangelho de S\u00e3o Mateus.<\/p>\n<p>1\u00aa e 2\u00aa Cor\u00edntios.<\/p>\n<p>Hebreus.<\/p>\n<p>Tiago.<\/p>\n<p>1\u00aa e 2\u00aa Cartas de S\u00e3o Pedro.<\/p>\n<p>2\u00aa e 3\u00aa Cartas de S\u00e3o Jo\u00e3o.<\/p>\n<p>Carta de S\u00e3o Judas.<\/p>\n<p>Apocalipse.<\/p>\n<p>1\u00aa Carta de S\u00e3o Jo\u00e3o 3\u00aa vez.<\/p>\n<p>Evangelho de S\u00e3o Jo\u00e3o 2\u00aa vez.<\/p>\n<p><span style=\"text-decoration: underline;\">Antigo Testamento<\/span><\/p>\n<p>G\u00eanesis.<\/p>\n<p>\u00caxodo.<\/p>\n<p>N\u00fameros.<\/p>\n<p>Josu\u00e9.<\/p>\n<p>Ju\u00edzes.<\/p>\n<p>1\u00aa Samuel.<\/p>\n<p>2\u00aa Samuel.<\/p>\n<p>1\u00aa Reis.<\/p>\n<p>2\u00aa Reis.<\/p>\n<p>Am\u00f3s.<\/p>\n<p>Os\u00e9ias.<\/p>\n<p>Isa\u00edas (1-39).<\/p>\n<p>Miqu\u00e9ias.<\/p>\n<p>Naum.<\/p>\n<p>Sofonias.<\/p>\n<p>Habacuc.<\/p>\n<p>Jeremias.<\/p>\n<p>Lamenta\u00e7\u00f5es.<\/p>\n<p>Ezequiel.<\/p>\n<p>Abdias.<\/p>\n<p>Isa\u00edas (40-55).<\/p>\n<p>1\u00aa Cr\u00f4nicas.<\/p>\n<p>2\u00aa cr\u00f4nicas.<\/p>\n<p>Esdras.<\/p>\n<p>Neemias.<\/p>\n<p>Ageu.<\/p>\n<p>Zacarias.<\/p>\n<p>Isa\u00edas (56-66).<\/p>\n<p>Malaquias.<\/p>\n<p>Joel.<\/p>\n<p>Jonas.<\/p>\n<p>Rute.<\/p>\n<p>Tobias.<\/p>\n<p>Judite.<\/p>\n<p>Ester.<\/p>\n<p>Eclesi\u00e1stico.<\/p>\n<p>C\u00e2ntico dos c\u00e2nticos.<\/p>\n<p>J\u00f3.<\/p>\n<p>Eclesiastes.<\/p>\n<p>1\u00aa Macabeus.<\/p>\n<p>2\u00aa Macabeus.<\/p>\n<p>Baruc.<\/p>\n<p>Daniel.<\/p>\n<p>Sabedoria.<\/p>\n<p>Lev\u00edtico.<\/p>\n<p>Deuteron\u00f4mio.<\/p>\n","protected":false},"excerpt":{"rendered":"<p>Rela\u00e7\u00e3o dos livros na ordem de leitura proposta por Monsenhor Jonas Abib. Novo Testamento 1\u00aa Carta de S\u00e3o Jo\u00e3o 1 Deus \u00e9 Luz 2 Jesus o defensor 3 Fazer a vontade de Deus 4 Os crist\u00e3os e o anticristo 5&#8230;<\/p>\n","protected":false},"author":4577,"featured_media":0,"parent":0,"menu_order":6,"comment_status":"closed","ping_status":"open","template":"","meta":{"_mi_skip_tracking":false,"_monsterinsights_sitenote_active":false,"_monsterinsights_sitenote_note":"","_monsterinsights_sitenote_category":0,"footnotes":""},"_links":{"self":[{"href":"https:\/\/blog.cancaonova.com\/diarioespiritual\/wp-json\/wp\/v2\/pages\/63"}],"collection":[{"href":"https:\/\/blog.cancaonova.com\/diarioespiritual\/wp-json\/wp\/v2\/pages"}],"about":[{"href":"https:\/\/blog.cancaonova.com\/diarioespiritual\/wp-json\/wp\/v2\/types\/page"}],"author":[{"embeddable":true,"href":"https:\/\/blog.cancaonova.com\/diarioespiritual\/wp-json\/wp\/v2\/users\/4577"}],"replies":[{"embeddable":true,"href":"https:\/\/blog.cancaonova.com\/diarioespiritual\/wp-json\/wp\/v2\/comments?post=63"}],"version-history":[{"count":12,"href":"https:\/\/blog.cancaonova.com\/diarioespiritual\/wp-json\/wp\/v2\/pages\/63\/revisions"}],"predecessor-version":[{"id":3789,"href":"https:\/\/blog.cancaonova.com\/diarioespiritual\/wp-json\/wp\/v2\/pages\/63\/revisions\/3789"}],"wp:attachment":[{"href":"https:\/\/blog.cancaonova.com\/diarioespiritual\/wp-json\/wp\/v2\/media?parent=63"}],"curies":[{"name":"wp","href":"https:\/\/api.w.org\/{rel}","templated":true}]}}