{"id":41,"date":"2008-02-01T17:05:43","date_gmt":"2008-02-01T19:05:43","guid":{"rendered":"http:\/\/blog.cancaonova.com\/drnasser\/jose-augusto-nasser\/"},"modified":"2008-12-21T11:10:36","modified_gmt":"2008-12-21T13:10:36","slug":"jose-augusto-nasser","status":"publish","type":"page","link":"https:\/\/blog.cancaonova.com\/drnasser\/jose-augusto-nasser\/","title":{"rendered":"Jos\u00e9 Augusto Nasser MD e PhD"},"content":{"rendered":"<p><a title=\"luizfernandoenasser2.jpg\" href=\"http:\/\/blog.cancaonova.com\/drnasser\/files\/2008\/02\/luizfernandoenasser2.jpg\"><\/a><a title=\"nasserperfilmdphd.jpg\" href=\"http:\/\/blog.cancaonova.com\/drnasser\/files\/2008\/02\/nasserperfilmdphd.jpg\"><img decoding=\"async\" src=\"http:\/\/blog.cancaonova.com\/drnasser\/files\/2008\/02\/nasserperfilmdphd.jpg\" alt=\"nasserperfilmdphd.jpg\" \/><\/a>\u00a0<\/p>\n<p>Quem sou eu?<\/p>\n<p>Brasileiro, filho de m\u00e3e s\u00edrio-greco-libanesa e pai brasileiro. Natural de Campo Grande, MS, 44 anos, m\u00e9dico, especializado em Cirurgia Neurol\u00f3gica e Neurologia.<\/p>\n<p>Fiz praticamente toda a minha forma\u00e7\u00e3o do Ensino B\u00e1sico e M\u00e9dio no Col\u00e9gio Estadual Prof. Jos\u00e9 Marques de Oliveira em Pouso Alegre, MG. Paralelamente estudei m\u00fasica chegando at\u00e9 o segundo grau da \u00e9poca no Conservat\u00f3rio de M\u00fasica JK na mesma cidade. Cursei\u00a0o terceiro ano do segundo grau em Itajub\u00e1 no Curso CaroObjetivo, Col\u00e9gio 19 de mar\u00e7o. Vim para o Rio de Janeiro para a Universidade Federal Fluminense onde obtive a gradua\u00e7\u00e3o em 1998, sendo premiado com o Estetosc\u00f3pio de Ouro pelo primeiro lugar da minha turma. Fiz P\u00f3s em Neurologia pela UFF e Resid\u00eancia M\u00e9dica em Neurocirurgia pela Secretaria Municipal de Sa\u00fade do Rio de Janeiro. Em Nova Iorque, Estados Unidos realizei meu Fellowship em Neurocirurgia e Tumores Cerebrais ( Biologia Molecular), participando da cria\u00e7\u00e3o do Brain Tumor Lab of College of Physicians and Surgeons of Columbia University, onde fa\u00e7o parte como Assistent Professor desde 1994. De volta ao Brasil conclui meu Mestrado em Neurocirurgia e depois Doutorado em Ci\u00eancias pela Escola Paulista de Medicina, Universidade Federal de S\u00e3o Paulo. Sou membro internacional da Cleveland Clinic. Membro da Sociedade Brasileira de Neurocirurgia e Especialista pela mesma. Sou membro dos Congressos Americanos de Neurocirurgia, Congress of Neurologica Surgeons e American Association of Neurological Surgeons. Sou fundador do ABCUR ( latino americano de Funcional e Estereotaxia ). Editor dos Arquivos Brasileiros de Neuropsiquiatria. Autor de mais de 200 artigos apresentados em congressos nacionais e internacionais e em revistas m\u00e9dicas nacionais e estrangeiras. Em 1997 entre todos os jovens m\u00e9dicos brasileiros pesquisadores ganhei o pr\u00eamio Jovem Pesquisador patrocinado pelo Unibanco, com a presen\u00e7a das maiores autoridades em pesquisa do Brasil.<\/p>\n<p>Resido no Rio de Janeiro onde sou diretor da Neurocl\u00ednica na Av. Ataulfo de Paiva, 135\/914 Leblon, 22440032. Rio de Janeiro, RJ. Tels: 22492710 e 22945329. Trabalho no INTO no Servi\u00e7o de Reconstru\u00e7\u00e3o Cr\u00e2nioFacial e Neuromodula\u00e7\u00e3o.<\/p>\n<p>Toda a minha vida acad\u00eamica est\u00e1 detalhada no <a href=\"http:\/\/lattes.cnpq.br\/\">http:\/\/lattes.cnpq.br\/<\/a> digite o meu nome inteiro Jos\u00e9 Augusto Nasser dos Santos e est\u00e1 tudo l\u00e1.<\/p>\n<p>Sou especializado em Neurocirurgia minimamente invasiva tanto de coluna como de c\u00e9rebro. Sou m\u00e9dico especialista em Dor, Neuromodula\u00e7\u00e3o, Cirurgia da Doen\u00e7a de Parkinson e Movimentos Involunt\u00e1rios, Cirurgia de Epilepsia, Cirurgia Psiqui\u00e1trica, Cirurgia das Doen\u00e7as da Coluna Vertebral, Tumores Cerebrais e da Coluna Vertebral, Doen\u00e7as Vasculares Cerebrais ( Aneurisma Cerebral, Angioma Cerebral, AVC e vasculites), dirijo um estudo internacional baseado em New Castle chamado NStich II, para avaliar se vale a pena ou n\u00e3o operar pacientes com hemorragias cerebrais por hipertens\u00e3o arterial.<\/p>\n<p><a title=\"luizfernandoenasser2.jpg\" href=\"http:\/\/blog.cancaonova.com\/drnasser\/files\/2008\/02\/luizfernandoenasser2.jpg\"><img decoding=\"async\" src=\"http:\/\/blog.cancaonova.com\/drnasser\/files\/2008\/02\/luizfernandoenasser2.jpg\" alt=\"luizfernandoenasser2.jpg\" \/><\/a><\/p>\n","protected":false},"excerpt":{"rendered":"<p>\u00a0 Quem sou eu? Brasileiro, filho de m\u00e3e s\u00edrio-greco-libanesa e pai brasileiro. Natural de Campo Grande, MS, 44 anos, m\u00e9dico, especializado em Cirurgia Neurol\u00f3gica e Neurologia. Fiz praticamente toda a minha forma\u00e7\u00e3o do Ensino B\u00e1sico e M\u00e9dio no Col\u00e9gio Estadual&#8230;<\/p>\n","protected":false},"author":2501,"featured_media":0,"parent":0,"menu_order":5,"comment_status":"open","ping_status":"open","template":"","meta":{"_mi_skip_tracking":false,"_monsterinsights_sitenote_active":false,"_monsterinsights_sitenote_note":"","_monsterinsights_sitenote_category":0,"footnotes":""},"_links":{"self":[{"href":"https:\/\/blog.cancaonova.com\/drnasser\/wp-json\/wp\/v2\/pages\/41"}],"collection":[{"href":"https:\/\/blog.cancaonova.com\/drnasser\/wp-json\/wp\/v2\/pages"}],"about":[{"href":"https:\/\/blog.cancaonova.com\/drnasser\/wp-json\/wp\/v2\/types\/page"}],"author":[{"embeddable":true,"href":"https:\/\/blog.cancaonova.com\/drnasser\/wp-json\/wp\/v2\/users\/2501"}],"replies":[{"embeddable":true,"href":"https:\/\/blog.cancaonova.com\/drnasser\/wp-json\/wp\/v2\/comments?post=41"}],"version-history":[{"count":1,"href":"https:\/\/blog.cancaonova.com\/drnasser\/wp-json\/wp\/v2\/pages\/41\/revisions"}],"predecessor-version":[{"id":494,"href":"https:\/\/blog.cancaonova.com\/drnasser\/wp-json\/wp\/v2\/pages\/41\/revisions\/494"}],"wp:attachment":[{"href":"https:\/\/blog.cancaonova.com\/drnasser\/wp-json\/wp\/v2\/media?parent=41"}],"curies":[{"name":"wp","href":"https:\/\/api.w.org\/{rel}","templated":true}]}}