{"id":478,"date":"2008-12-04T20:08:39","date_gmt":"2008-12-04T22:08:39","guid":{"rendered":"http:\/\/blog.cancaonova.com\/drnasser\/?page_id=478"},"modified":"2008-12-21T11:06:46","modified_gmt":"2008-12-21T13:06:46","slug":"livro-dr-nasser-semeando-dons-colhendo-vocacoes","status":"publish","type":"page","link":"https:\/\/blog.cancaonova.com\/drnasser\/livro-dr-nasser-semeando-dons-colhendo-vocacoes\/","title":{"rendered":"Livro Dr Nasser Semeando Dons Colhendo Voca\u00e7\u00f5es"},"content":{"rendered":"<p>Amigos, estaremos lan\u00e7ando junto ao DAVI da Can\u00e7\u00e3o Nova o novo livro de minha autoria. Semeando Dons Colhendo Voca\u00e7\u00f5es. Trata-se de um livro feito para todas as idades, por\u00e9m com um realce maior aos jovens. Com uma linguagem bastante f\u00e1cil fui trabalhando os 9 passos para o DOM.<\/p>\n<p>Venha conosco fazer este caminho vocacional e descobrir dentro de voc\u00eb, Qual \u00e9 o seu DOM? Voc\u00ea nasceu para&#8230; Ao encontrar esta resposta voc\u00ea estar\u00e1 encontrando o seu tesouro&#8230;&#8230; Presente bom de Natal!<\/p>\n<p style=\"text-align: center\"><a href=\"http:\/\/blog.cancaonova.com\/drnasser\/files\/2008\/12\/semeando_dons_embreve.jpg\"><img loading=\"lazy\" decoding=\"async\" class=\"aligncenter size-medium wp-image-479\" src=\"http:\/\/blog.cancaonova.com\/drnasser\/files\/2008\/12\/semeando_dons_embreve-218x300.jpg\" alt=\"\" width=\"218\" height=\"300\" \/><\/a><\/p>\n","protected":false},"excerpt":{"rendered":"<p>Amigos, estaremos lan\u00e7ando junto ao DAVI da Can\u00e7\u00e3o Nova o novo livro de minha autoria. Semeando Dons Colhendo Voca\u00e7\u00f5es. Trata-se de um livro feito para todas as idades, por\u00e9m com um realce maior aos jovens. Com uma linguagem bastante f\u00e1cil&#8230;<\/p>\n","protected":false},"author":2501,"featured_media":0,"parent":0,"menu_order":1,"comment_status":"open","ping_status":"open","template":"","meta":{"_mi_skip_tracking":false,"_monsterinsights_sitenote_active":false,"_monsterinsights_sitenote_note":"","_monsterinsights_sitenote_category":0,"footnotes":""},"_links":{"self":[{"href":"https:\/\/blog.cancaonova.com\/drnasser\/wp-json\/wp\/v2\/pages\/478"}],"collection":[{"href":"https:\/\/blog.cancaonova.com\/drnasser\/wp-json\/wp\/v2\/pages"}],"about":[{"href":"https:\/\/blog.cancaonova.com\/drnasser\/wp-json\/wp\/v2\/types\/page"}],"author":[{"embeddable":true,"href":"https:\/\/blog.cancaonova.com\/drnasser\/wp-json\/wp\/v2\/users\/2501"}],"replies":[{"embeddable":true,"href":"https:\/\/blog.cancaonova.com\/drnasser\/wp-json\/wp\/v2\/comments?post=478"}],"version-history":[{"count":5,"href":"https:\/\/blog.cancaonova.com\/drnasser\/wp-json\/wp\/v2\/pages\/478\/revisions"}],"predecessor-version":[{"id":485,"href":"https:\/\/blog.cancaonova.com\/drnasser\/wp-json\/wp\/v2\/pages\/478\/revisions\/485"}],"wp:attachment":[{"href":"https:\/\/blog.cancaonova.com\/drnasser\/wp-json\/wp\/v2\/media?parent=478"}],"curies":[{"name":"wp","href":"https:\/\/api.w.org\/{rel}","templated":true}]}}