{"id":458,"date":"2022-08-30T10:50:53","date_gmt":"2022-08-30T13:50:53","guid":{"rendered":"http:\/\/blog.cancaonova.com\/evangelizadorperegrino\/"},"modified":"2022-08-30T16:52:54","modified_gmt":"2022-08-30T19:52:54","slug":"quem-somos","status":"publish","type":"page","link":"https:\/\/blog.cancaonova.com\/evangelizadorperegrino\/quem-somos\/","title":{"rendered":"Quem somos"},"content":{"rendered":"<h1>Sou evangelizador peregrino!<\/h1>\n<p>Cada um de n\u00f3s torna-se um evangelizador peregrino ao partilhar as experi\u00eancias de f\u00e9, quando come\u00e7a testemunhar o que viveu nos lugares Santos. Cada hist\u00f3ria \u00e9 uma vida transformada. Os primeiros peregrinos decidiam a percorrer o caminho em busca do encontro com o Sagrado, viviam suas experi\u00eancias nos lugares Santos e depois, compartilhavam tudo o que haviam vivido. Essa mesma for\u00e7a evangelizadora continua atual at\u00e9 os dias de hoje.<\/p>\n<h3>Mas como tudo isso come\u00e7ou?<\/h3>\n<p>Dois grandes homens de Deus, Monsenhor Jonas Abib, fundador da comunidade Can\u00e7\u00e3o Nova, juntamente com Gilberto Barbosa, fundador da comunidade Obra de Maria, perceberam que havia um chamado especial para eles: Se unirem para levar o maior numero de peregrinos aos lugares Sagrados, especialmente a Terra Santa. Uma inspira\u00e7\u00e3o ousada e desafiadora, entretanto, Deus n\u00e3o coloca nos cora\u00e7\u00f5es aquilo que Ele mesmo n\u00e3o deu condi\u00e7\u00f5es de realiza\u00e7\u00e3o.<\/p>\n<p>A decis\u00e3o foi tomada, surgiu uma parceria entre as duas comunidades. A Can\u00e7\u00e3o Nova, comunica pelo seus meios, a r\u00e1dio, a TV e a Internet, e alguns de seus mission\u00e1rios, sacerdotes e leigos, s\u00e3o escalados para conduzir a espiritualidade nos momentos de ora\u00e7\u00e3o e nas celebra\u00e7\u00f5es Eucar\u00edsticas. Por outro lado, a Obra de Maria cuida de toda a parte da infraestrutura para que o peregrino possa viver sua peregrina\u00e7\u00e3o da melhor forma poss\u00edvel.<\/p>\n<h3>O sonhador tornou-se peregrino.<\/h3>\n<p>H\u00e1 mais de 15 anos, aquilo que era uma inspira\u00e7\u00e3o, tornou-se uma realidade. Cat\u00f3licos, crist\u00e3os e mesmo pessoas comuns que tinham o sonho de conhecer os lugares santos, conseguiram pisar com os pr\u00f3prios p\u00e9s na terra do Santo dos Santos.<\/p>\n<p>Aqui voc\u00ea encontrar\u00e1 a divulga\u00e7\u00e3o dos roteiros, onde voc\u00ea poder\u00e1 perceber <a href=\"https:\/\/caminhandocommaria.com\/representacao\/cancao-nova-2023\">a melhor data e o destino para sua peregrina\u00e7\u00e3o,<\/a> poder\u00e1 ler diversos artigos relacionados aos lugares santos, com suas hist\u00f3rias, fatos, curiosidades, tudo o que poder\u00e1 deixar sua experi\u00eancia ainda mais incr\u00edvel e claro muitos testemunhos, o relato de peregrinos que viveram suas experi\u00eancias e fazem quest\u00e3o de partilhar com cada leitor, fazendo desta forma a evangeliza\u00e7\u00e3o mais eficaz.<\/p>\n<h3><strong>Quem sabe peregrino o pr\u00f3ximo testemunho ser\u00e1 o seu?<\/strong><\/h3>\n<div id=\"attachment_2411\" style=\"width: 458px\" class=\"wp-caption aligncenter\"><a href=\"https:\/\/blog.cancaonova.com\/evangelizadorperegrino\/files\/2014\/08\/DSC_0537.jpg\"><img loading=\"lazy\" decoding=\"async\" aria-describedby=\"caption-attachment-2411\" class=\"wp-image-2411 size-full\" title=\"JERUSAL\u00c9M\" src=\"https:\/\/blog.cancaonova.com\/evangelizadorperegrino\/files\/2014\/08\/DSC_0537.jpg\" alt=\"\" width=\"448\" height=\"300\" srcset=\"https:\/\/blog.cancaonova.com\/evangelizadorperegrino\/files\/2014\/08\/DSC_0537.jpg 448w, https:\/\/blog.cancaonova.com\/evangelizadorperegrino\/files\/2014\/08\/DSC_0537-300x200.jpg 300w\" sizes=\"(max-width: 448px) 100vw, 448px\" \/><\/a><p id=\"caption-attachment-2411\" class=\"wp-caption-text\">Jerusal\u00e9m<\/p><\/div>\n","protected":false},"excerpt":{"rendered":"<p>Sou evangelizador peregrino! Cada um de n\u00f3s torna-se um evangelizador peregrino ao partilhar as experi\u00eancias de f\u00e9, quando come\u00e7a testemunhar o que viveu nos lugares Santos. Cada hist\u00f3ria \u00e9 uma vida transformada. Os primeiros peregrinos decidiam a percorrer o caminho&#8230;<\/p>\n","protected":false},"author":4398,"featured_media":0,"parent":0,"menu_order":3,"comment_status":"closed","ping_status":"closed","template":"","meta":{"_mi_skip_tracking":false,"_monsterinsights_sitenote_active":false,"_monsterinsights_sitenote_note":"","_monsterinsights_sitenote_category":0,"footnotes":""},"_links":{"self":[{"href":"https:\/\/blog.cancaonova.com\/evangelizadorperegrino\/wp-json\/wp\/v2\/pages\/458"}],"collection":[{"href":"https:\/\/blog.cancaonova.com\/evangelizadorperegrino\/wp-json\/wp\/v2\/pages"}],"about":[{"href":"https:\/\/blog.cancaonova.com\/evangelizadorperegrino\/wp-json\/wp\/v2\/types\/page"}],"author":[{"embeddable":true,"href":"https:\/\/blog.cancaonova.com\/evangelizadorperegrino\/wp-json\/wp\/v2\/users\/4398"}],"replies":[{"embeddable":true,"href":"https:\/\/blog.cancaonova.com\/evangelizadorperegrino\/wp-json\/wp\/v2\/comments?post=458"}],"version-history":[{"count":26,"href":"https:\/\/blog.cancaonova.com\/evangelizadorperegrino\/wp-json\/wp\/v2\/pages\/458\/revisions"}],"predecessor-version":[{"id":3288,"href":"https:\/\/blog.cancaonova.com\/evangelizadorperegrino\/wp-json\/wp\/v2\/pages\/458\/revisions\/3288"}],"wp:attachment":[{"href":"https:\/\/blog.cancaonova.com\/evangelizadorperegrino\/wp-json\/wp\/v2\/media?parent=458"}],"curies":[{"name":"wp","href":"https:\/\/api.w.org\/{rel}","templated":true}]}}