{"id":77,"date":"2022-08-29T08:19:40","date_gmt":"2022-08-29T11:19:40","guid":{"rendered":"http:\/\/blog.cancaonova.com\/evangelizadorperegrino\/?page_id=77"},"modified":"2022-09-09T18:41:39","modified_gmt":"2022-09-09T21:41:39","slug":"agenda-peregrinacao_2023","status":"publish","type":"page","link":"https:\/\/blog.cancaonova.com\/evangelizadorperegrino\/agenda-peregrinacao_2023\/","title":{"rendered":"Agenda de Peregrina\u00e7\u00e3o 2023"},"content":{"rendered":"<p>Chegou a sua hora!<\/p>\n<p>Peregrinar no sentido religioso \u00e9 se colocar a caminho, com os p\u00e9s na terra e o cora\u00e7\u00e3o no alto, rumo a busca de Deus. Passo a passo, contemplando cada um dos lugares onde se revela a presen\u00e7a e a a\u00e7\u00e3o do Pai nesta terra, como sinal do seu amor.<\/p>\n<p>Ao conhecer os lugares santos voc\u00ea pode fazer a experi\u00eancia de renovar a f\u00e9, ser tocado pela gra\u00e7a e se tornar uma testemunha da a\u00e7\u00e3o e da presen\u00e7a de Deus em sua vida.<\/p>\n<p>Escolha a sua peregrina\u00e7\u00e3o e comece a transformar o seu sonho em uma realidade.<\/p>\n<p>&nbsp;<\/p>\n<p><a href=\"https:\/\/blog.cancaonova.com\/evangelizadorperegrino\/files\/2015\/11\/10355896_778550892212070_8781516233549256420_n.jpg\"><img loading=\"lazy\" decoding=\"async\" class=\"size-large wp-image-2692 aligncenter\" src=\"https:\/\/blog.cancaonova.com\/evangelizadorperegrino\/files\/2015\/11\/10355896_778550892212070_8781516233549256420_n-600x300.jpg\" alt=\"\" width=\"600\" height=\"300\" srcset=\"https:\/\/blog.cancaonova.com\/evangelizadorperegrino\/files\/2015\/11\/10355896_778550892212070_8781516233549256420_n-600x300.jpg 600w, https:\/\/blog.cancaonova.com\/evangelizadorperegrino\/files\/2015\/11\/10355896_778550892212070_8781516233549256420_n-300x150.jpg 300w, https:\/\/blog.cancaonova.com\/evangelizadorperegrino\/files\/2015\/11\/10355896_778550892212070_8781516233549256420_n-150x75.jpg 150w\" sizes=\"(max-width: 600px) 100vw, 600px\" \/><\/a><\/p>\n<p>&nbsp;<\/p>\n<p>&nbsp;<\/p>\n<p>&nbsp;<\/p>\n<blockquote>\n<h1 style=\"text-align: center\"><strong>Entre em contato conosco!<\/strong><\/h1>\n<p style=\"text-align: center\"><img loading=\"lazy\" decoding=\"async\" class=\"aligncenter size-medium wp-image-15907\" src=\"http:\/\/blog.cancaonova.com\/peregrinacoes\/files\/2018\/08\/Logo-Caminhando-com-Maria-01-300x108.png\" alt=\"\" width=\"300\" height=\"108\" \/><\/p>\n<p style=\"text-align: center\"><strong>Mais que viagens\u2026 encontros com Deus!<\/strong><\/p>\n<p style=\"text-align: center\"><strong>Contatos:<\/strong><\/p>\n<p style=\"text-align: center\">\u260e\u00a0(12) 3186-2055<br \/>\n\u2709\u00a0peregrinacoes@cancaonova.com<br \/>\n\ud83d\udcf1\u00a0Whatsapp \u2013 Atendimento Expresso:\u00a0<a href=\"https:\/\/abre.ai\/pacotesperegrinacoes2023\">+55 12 3186-2055<\/a><\/p>\n<p style=\"text-align: center\">Click\u00a0 no link para falar com um de nossos atendentes pelo whatsapp:\ud83d\udc49<a href=\"https:\/\/abre.ai\/pacotesperegrinacoes2023\" target=\"_blank\" rel=\"noopener\">\u00a0https:\/\/abre.ai\/pacotesperegrinacoes2023<\/a><\/p>\n<p style=\"text-align: center\"><strong>Mais que viagens\u2026 encontros com Deus!<\/strong><\/p>\n<p style=\"text-align: center\"><a href=\"http:\/\/blog.cancaonova.com\/peregrinacoes\/category\/cadastre-se-aqui\/\" target=\"_blank\" rel=\"noopener\">CADASTRE-SE<\/a><\/p>\n<p style=\"text-align: center\"><em>Deixe seu coment\u00e1rio e seu pedido de ora\u00e7\u00e3o que estaremos rezando nas suas inten\u00e7\u00f5es\u00a0pelos lugares santos\u2026<\/em><\/p>\n<\/blockquote>\n","protected":false},"excerpt":{"rendered":"<p>Chegou a sua hora! Peregrinar no sentido religioso \u00e9 se colocar a caminho, com os p\u00e9s na terra e o cora\u00e7\u00e3o no alto, rumo a busca de Deus. Passo a passo, contemplando cada um dos lugares onde se revela a&#8230;<\/p>\n","protected":false},"author":4398,"featured_media":0,"parent":0,"menu_order":1,"comment_status":"closed","ping_status":"closed","template":"","meta":{"_mi_skip_tracking":false,"_monsterinsights_sitenote_active":false,"_monsterinsights_sitenote_note":"","_monsterinsights_sitenote_category":0,"footnotes":""},"_links":{"self":[{"href":"https:\/\/blog.cancaonova.com\/evangelizadorperegrino\/wp-json\/wp\/v2\/pages\/77"}],"collection":[{"href":"https:\/\/blog.cancaonova.com\/evangelizadorperegrino\/wp-json\/wp\/v2\/pages"}],"about":[{"href":"https:\/\/blog.cancaonova.com\/evangelizadorperegrino\/wp-json\/wp\/v2\/types\/page"}],"author":[{"embeddable":true,"href":"https:\/\/blog.cancaonova.com\/evangelizadorperegrino\/wp-json\/wp\/v2\/users\/4398"}],"replies":[{"embeddable":true,"href":"https:\/\/blog.cancaonova.com\/evangelizadorperegrino\/wp-json\/wp\/v2\/comments?post=77"}],"version-history":[{"count":98,"href":"https:\/\/blog.cancaonova.com\/evangelizadorperegrino\/wp-json\/wp\/v2\/pages\/77\/revisions"}],"predecessor-version":[{"id":3326,"href":"https:\/\/blog.cancaonova.com\/evangelizadorperegrino\/wp-json\/wp\/v2\/pages\/77\/revisions\/3326"}],"wp:attachment":[{"href":"https:\/\/blog.cancaonova.com\/evangelizadorperegrino\/wp-json\/wp\/v2\/media?parent=77"}],"curies":[{"name":"wp","href":"https:\/\/api.w.org\/{rel}","templated":true}]}}