{"id":2,"date":"2023-10-12T00:35:21","date_gmt":"2023-10-12T03:35:21","guid":{"rendered":"http:\/\/blog.cancaonova.com\/evora\/?page_id=2"},"modified":"2023-10-12T00:49:12","modified_gmt":"2023-10-12T03:49:12","slug":"pagina-exemplo","status":"publish","type":"page","link":"https:\/\/blog.cancaonova.com\/evoraportugal\/pagina-exemplo\/","title":{"rendered":"Quem somos"},"content":{"rendered":"<p><img loading=\"lazy\" decoding=\"async\" class=\"aligncenter size-medium wp-image-13\" src=\"http:\/\/blog.cancaonova.com\/evora\/files\/2023\/10\/miss\u00e3o-300x219.jpeg\" alt=\"\" width=\"300\" height=\"219\" srcset=\"https:\/\/blog.cancaonova.com\/evoraportugal\/files\/2023\/10\/miss\u00e3o-300x219.jpeg 300w, https:\/\/blog.cancaonova.com\/evoraportugal\/files\/2023\/10\/miss\u00e3o-768x562.jpeg 768w, https:\/\/blog.cancaonova.com\/evoraportugal\/files\/2023\/10\/miss\u00e3o.jpeg 1600w\" sizes=\"(max-width: 300px) 100vw, 300px\" \/><\/p>\n<p style=\"text-align: center;\">A Comunidade Can\u00e7\u00e3o Nova est\u00e1 na cidade de \u00c9vora em Portugal desde 2019<br \/>\npor solicita\u00e7\u00e3o do senhor Arcebispo local, aprovada pelo Conselho da<br \/>\nComunidade na categoria de Imers\u00e3o da Comunidade Can\u00e7\u00e3o Nova a servi\u00e7o<br \/>\nda Arquidiocese na a\u00e9rea da comunica\u00e7\u00e3o, apoio a pastorais, cursilhos e<br \/>\ndemais servi\u00e7os.<\/p>\n","protected":false},"excerpt":{"rendered":"<p>A Comunidade Can\u00e7\u00e3o Nova est\u00e1 na cidade de \u00c9vora em Portugal desde 2019 por solicita\u00e7\u00e3o do senhor Arcebispo local, aprovada pelo Conselho da Comunidade na categoria de Imers\u00e3o da Comunidade Can\u00e7\u00e3o Nova a servi\u00e7o da Arquidiocese na a\u00e9rea da comunica\u00e7\u00e3o,&#8230;<\/p>\n","protected":false},"author":4775,"featured_media":0,"parent":0,"menu_order":0,"comment_status":"closed","ping_status":"open","template":"","meta":{"footnotes":""},"_links":{"self":[{"href":"https:\/\/blog.cancaonova.com\/evoraportugal\/wp-json\/wp\/v2\/pages\/2"}],"collection":[{"href":"https:\/\/blog.cancaonova.com\/evoraportugal\/wp-json\/wp\/v2\/pages"}],"about":[{"href":"https:\/\/blog.cancaonova.com\/evoraportugal\/wp-json\/wp\/v2\/types\/page"}],"author":[{"embeddable":true,"href":"https:\/\/blog.cancaonova.com\/evoraportugal\/wp-json\/wp\/v2\/users\/4775"}],"replies":[{"embeddable":true,"href":"https:\/\/blog.cancaonova.com\/evoraportugal\/wp-json\/wp\/v2\/comments?post=2"}],"version-history":[{"count":2,"href":"https:\/\/blog.cancaonova.com\/evoraportugal\/wp-json\/wp\/v2\/pages\/2\/revisions"}],"predecessor-version":[{"id":14,"href":"https:\/\/blog.cancaonova.com\/evoraportugal\/wp-json\/wp\/v2\/pages\/2\/revisions\/14"}],"wp:attachment":[{"href":"https:\/\/blog.cancaonova.com\/evoraportugal\/wp-json\/wp\/v2\/media?parent=2"}],"curies":[{"name":"wp","href":"https:\/\/api.w.org\/{rel}","templated":true}]}}